{"id":4653,"date":"2020-01-30T12:47:41","date_gmt":"2020-01-30T12:47:41","guid":{"rendered":"https:\/\/www.maestromio.org\/teaching-methodology\/"},"modified":"2021-02-10T15:36:14","modified_gmt":"2021-02-10T14:36:14","slug":"var-undervisningsmetod","status":"publish","type":"page","link":"https:\/\/maestromio.org\/sv\/var-undervisningsmetod\/","title":{"rendered":"V\u00e5r undervisningsmetod"},"content":{"rendered":"\t\t<div data-elementor-type=\"wp-post\" data-elementor-id=\"4653\" class=\"elementor elementor-4653 elementor-1298\" data-elementor-post-type=\"page\">\n\t\t\t\t\t\t<section class=\"elementor-section elementor-top-section elementor-element elementor-element-33e6e91 elementor-section-stretched elementor-section-height-min-height elementor-section-boxed elementor-section-height-default elementor-section-items-middle\" data-id=\"33e6e91\" data-element_type=\"section\" data-e-type=\"section\" data-settings=\"{&quot;stretch_section&quot;:&quot;section-stretched&quot;,&quot;background_background&quot;:&quot;classic&quot;}\">\n\t\t\t\t\t\t\t<div class=\"elementor-background-overlay\"><\/div>\n\t\t\t\t\t\t\t<div class=\"elementor-container elementor-column-gap-default\">\n\t\t\t\t\t<div class=\"elementor-column elementor-col-25 elementor-top-column elementor-element elementor-element-9e98644\" data-id=\"9e98644\" data-element_type=\"column\" data-e-type=\"column\">\n\t\t\t<div class=\"elementor-widget-wrap\">\n\t\t\t\t\t\t\t<\/div>\n\t\t<\/div>\n\t\t\t\t<div class=\"elementor-column elementor-col-50 elementor-top-column elementor-element elementor-element-abfe840\" data-id=\"abfe840\" data-element_type=\"column\" data-e-type=\"column\">\n\t\t\t<div class=\"elementor-widget-wrap elementor-element-populated\">\n\t\t\t\t\t\t<div class=\"elementor-element elementor-element-3178ae0 elementor-widget elementor-widget-heading\" data-id=\"3178ae0\" data-element_type=\"widget\" data-e-type=\"widget\" data-widget_type=\"heading.default\">\n\t\t\t\t<div class=\"elementor-widget-container\">\n\t\t\t\t\t<h2 class=\"elementor-heading-title elementor-size-default\">V\u00e5r undervisningsmetod<\/h2>\t\t\t\t<\/div>\n\t\t\t\t<\/div>\n\t\t\t\t<div class=\"elementor-element elementor-element-a7e1db0 elementor-widget elementor-widget-text-editor\" data-id=\"a7e1db0\" data-element_type=\"widget\" data-e-type=\"widget\" data-widget_type=\"text-editor.default\">\n\t\t\t\t<div class=\"elementor-widget-container\">\n\t\t\t\t\t\t\t\t\t<h4>P\u00e5 MaestroM\u00edo ligger fokus p\u00e5 att g\u00f6ra din upplevelse med oss of\u00f6rgl\u00f6mlig.\u00a0\u00a0<\/h4><h4>Vi fokuserar p\u00e5 att g\u00f6ra det m\u00f6jligt att kommunicera i verkliga situationer.<\/h4>\t\t\t\t\t\t\t\t<\/div>\n\t\t\t\t<\/div>\n\t\t\t\t\t<\/div>\n\t\t<\/div>\n\t\t\t\t<div class=\"elementor-column elementor-col-25 elementor-top-column elementor-element elementor-element-17ad577\" data-id=\"17ad577\" data-element_type=\"column\" data-e-type=\"column\">\n\t\t\t<div class=\"elementor-widget-wrap\">\n\t\t\t\t\t\t\t<\/div>\n\t\t<\/div>\n\t\t\t\t\t<\/div>\n\t\t<\/section>\n\t\t\t\t<section class=\"elementor-section elementor-top-section elementor-element elementor-element-66769b4 elementor-section-boxed elementor-section-height-default elementor-section-height-default\" data-id=\"66769b4\" data-element_type=\"section\" data-e-type=\"section\">\n\t\t\t\t\t\t<div class=\"elementor-container elementor-column-gap-default\">\n\t\t\t\t\t<div class=\"elementor-column elementor-col-50 elementor-top-column elementor-element elementor-element-cfd1250\" data-id=\"cfd1250\" data-element_type=\"column\" data-e-type=\"column\">\n\t\t\t<div class=\"elementor-widget-wrap elementor-element-populated\">\n\t\t\t\t\t\t<div class=\"elementor-element elementor-element-21f2c65 elementor-widget elementor-widget-heading\" data-id=\"21f2c65\" data-element_type=\"widget\" data-e-type=\"widget\" data-widget_type=\"heading.default\">\n\t\t\t\t<div class=\"elementor-widget-container\">\n\t\t\t\t\t<h2 class=\"elementor-heading-title elementor-size-default\">Vi skapar unika upplevelser<\/h2>\t\t\t\t<\/div>\n\t\t\t\t<\/div>\n\t\t\t\t<div class=\"elementor-element elementor-element-08e5edb elementor-widget elementor-widget-text-editor\" data-id=\"08e5edb\" data-element_type=\"widget\" data-e-type=\"widget\" data-widget_type=\"text-editor.default\">\n\t\t\t\t<div class=\"elementor-widget-container\">\n\t\t\t\t\t\t\t\t\t<p><span style=\"color: #202124; font-family: Arial, sans-serif; font-size: 11pt;\">\u00c5 ena sidan l\u00e4r vi dig spanska s<\/span><span style=\"color: #202124; font-family: Arial, sans-serif; font-size: 11pt;\">\u00e5 att din f\u00f6rm<\/span><span style=\"color: #202124; font-family: Arial, sans-serif; font-size: 11pt;\">\u00e5ga att kommunicera blir mer flytande och s<\/span><span style=\"color: #202124; font-family: Arial, sans-serif; font-size: 11pt;\">\u00e5 att du kan interagera med spansktalande i alla situationer,\u00a0<\/span><span style=\"color: #202124; font-family: Arial, sans-serif; font-size: 11pt;\">\u00e5 andra sidan vill vi att du upplever konceptet att leva i Spanien f\u00f6r p<\/span><span style=\"color: #202124; font-family: Arial, sans-serif; font-size: 11pt;\">\u00e5 det h\u00e4r s\u00e4ttet lyckas vi uttrycka en levande stund, d\u00e4r lektionerna och v<\/span><span style=\"color: #202124; font-family: Arial, sans-serif; font-size: 11pt;\">\u00e5ra<\/span><span style=\"color: #202124; font-family: Arial, sans-serif; font-size: 11pt;\">\u00a0fritidsaktiviteter varje dag \u00f6kar din f\u00f6rm<\/span><span style=\"color: #202124; font-family: Arial, sans-serif; font-size: 11pt;\">\u00e5ga att kommunicera.<\/span><\/p>\t\t\t\t\t\t\t\t<\/div>\n\t\t\t\t<\/div>\n\t\t\t\t\t<\/div>\n\t\t<\/div>\n\t\t\t\t<div class=\"elementor-column elementor-col-50 elementor-top-column elementor-element elementor-element-0e1ce01\" data-id=\"0e1ce01\" data-element_type=\"column\" data-e-type=\"column\">\n\t\t\t<div class=\"elementor-widget-wrap elementor-element-populated\">\n\t\t\t\t\t\t<div class=\"elementor-element elementor-element-f3d528d elementor-widget elementor-widget-image\" data-id=\"f3d528d\" data-element_type=\"widget\" data-e-type=\"widget\" data-widget_type=\"image.default\">\n\t\t\t\t<div class=\"elementor-widget-container\">\n\t\t\t\t\t\t\t\t\t\t\t\t\t\t\t<img fetchpriority=\"high\" decoding=\"async\" width=\"490\" height=\"326\" src=\"https:\/\/maestromio.org\/wp-content\/uploads\/tapas.jpg\" class=\"attachment-large size-large wp-image-4591\" alt=\"\" srcset=\"https:\/\/maestromio.org\/wp-content\/uploads\/tapas.jpg 490w, https:\/\/maestromio.org\/wp-content\/uploads\/tapas-300x200.jpg 300w\" sizes=\"(max-width: 490px) 100vw, 490px\" \/>\t\t\t\t\t\t\t\t\t\t\t\t\t\t\t<\/div>\n\t\t\t\t<\/div>\n\t\t\t\t\t<\/div>\n\t\t<\/div>\n\t\t\t\t\t<\/div>\n\t\t<\/section>\n\t\t\t\t<\/div>\n\t\t","protected":false},"excerpt":{"rendered":"<p>V\u00e5r undervisningsmetod P\u00e5 OnSpain ligger fokus p\u00e5 att g\u00f6ra din upplevelse med oss of\u00f6rgl\u00f6mlig.\u00a0\u00a0 Vi fokuserar p\u00e5 att g\u00f6ra det m\u00f6jligt att kommunicera i verkliga situationer. Vi skapar unika upplevelser \u00c5 ena sidan l\u00e4r vi dig spanska s\u00e5 att din f\u00f6rm\u00e5ga att kommunicera blir mer flytande och s\u00e5 att du kan interagera med spansktalande i &#8230; <a title=\"V\u00e5r undervisningsmetod\" class=\"read-more\" href=\"https:\/\/maestromio.org\/sv\/var-undervisningsmetod\/\" aria-label=\"L\u00e4s mer om V\u00e5r undervisningsmetod\">L\u00e4s mer<\/a><\/p>\n","protected":false},"author":1,"featured_media":0,"parent":0,"menu_order":0,"comment_status":"closed","ping_status":"closed","template":"","meta":{"inline_featured_image":false,"footnotes":""},"class_list":["post-4653","page","type-page","status-publish"],"yoast_head":"<!-- This site is optimized with the Yoast SEO plugin v27.4 - https:\/\/yoast.com\/product\/yoast-seo-wordpress\/ -->\n<title>V\u00e5r undervisningsmetod - Maestro m\u00edo - The language school<\/title>\n<meta name=\"robots\" content=\"index, follow, max-snippet:-1, max-image-preview:large, max-video-preview:-1\" \/>\n<link rel=\"canonical\" href=\"https:\/\/maestromio.org\/sv\/var-undervisningsmetod\/\" \/>\n<meta property=\"og:locale\" content=\"sv_SE\" \/>\n<meta property=\"og:type\" content=\"article\" \/>\n<meta property=\"og:title\" content=\"V\u00e5r undervisningsmetod - Maestro m\u00edo - The language school\" \/>\n<meta property=\"og:description\" content=\"V\u00e5r undervisningsmetod P\u00e5 OnSpain ligger fokus p\u00e5 att g\u00f6ra din upplevelse med oss of\u00f6rgl\u00f6mlig.\u00a0\u00a0 Vi fokuserar p\u00e5 att g\u00f6ra det m\u00f6jligt att kommunicera i verkliga situationer. Vi skapar unika upplevelser \u00c5 ena sidan l\u00e4r vi dig spanska s\u00e5 att din f\u00f6rm\u00e5ga att kommunicera blir mer flytande och s\u00e5 att du kan interagera med spansktalande i ... L\u00e4s mer\" \/>\n<meta property=\"og:url\" content=\"https:\/\/maestromio.org\/sv\/var-undervisningsmetod\/\" \/>\n<meta property=\"og:site_name\" content=\"Maestro m\u00edo - The language school\" \/>\n<meta property=\"article:publisher\" content=\"https:\/\/www.facebook.com\/MaestroMioMalaga\/\" \/>\n<meta property=\"article:modified_time\" content=\"2021-02-10T14:36:14+00:00\" \/>\n<meta property=\"og:image\" content=\"https:\/\/www.maestromio.org\/wp-content\/uploads\/tapas.jpg\" \/>\n<meta name=\"twitter:card\" content=\"summary_large_image\" \/>\n<meta name=\"twitter:site\" content=\"@MaestroMio_\" \/>\n<meta name=\"twitter:label1\" content=\"Ber\u00e4knad l\u00e4stid\" \/>\n\t<meta name=\"twitter:data1\" content=\"1 minut\" \/>\n<script type=\"application\/ld+json\" class=\"yoast-schema-graph\">{\"@context\":\"https:\\\/\\\/schema.org\",\"@graph\":[{\"@type\":\"WebPage\",\"@id\":\"https:\\\/\\\/maestromio.org\\\/sv\\\/var-undervisningsmetod\\\/\",\"url\":\"https:\\\/\\\/maestromio.org\\\/sv\\\/var-undervisningsmetod\\\/\",\"name\":\"V\u00e5r undervisningsmetod - Maestro m\u00edo - The language school\",\"isPartOf\":{\"@id\":\"https:\\\/\\\/maestromio.org\\\/sv\\\/#website\"},\"primaryImageOfPage\":{\"@id\":\"https:\\\/\\\/maestromio.org\\\/sv\\\/var-undervisningsmetod\\\/#primaryimage\"},\"image\":{\"@id\":\"https:\\\/\\\/maestromio.org\\\/sv\\\/var-undervisningsmetod\\\/#primaryimage\"},\"thumbnailUrl\":\"https:\\\/\\\/www.maestromio.org\\\/wp-content\\\/uploads\\\/tapas.jpg\",\"datePublished\":\"2020-01-30T12:47:41+00:00\",\"dateModified\":\"2021-02-10T14:36:14+00:00\",\"breadcrumb\":{\"@id\":\"https:\\\/\\\/maestromio.org\\\/sv\\\/var-undervisningsmetod\\\/#breadcrumb\"},\"inLanguage\":\"sv-SE\",\"potentialAction\":[{\"@type\":\"ReadAction\",\"target\":[\"https:\\\/\\\/maestromio.org\\\/sv\\\/var-undervisningsmetod\\\/\"]}]},{\"@type\":\"ImageObject\",\"inLanguage\":\"sv-SE\",\"@id\":\"https:\\\/\\\/maestromio.org\\\/sv\\\/var-undervisningsmetod\\\/#primaryimage\",\"url\":\"https:\\\/\\\/www.maestromio.org\\\/wp-content\\\/uploads\\\/tapas.jpg\",\"contentUrl\":\"https:\\\/\\\/www.maestromio.org\\\/wp-content\\\/uploads\\\/tapas.jpg\"},{\"@type\":\"BreadcrumbList\",\"@id\":\"https:\\\/\\\/maestromio.org\\\/sv\\\/var-undervisningsmetod\\\/#breadcrumb\",\"itemListElement\":[{\"@type\":\"ListItem\",\"position\":1,\"name\":\"Home\",\"item\":\"https:\\\/\\\/maestromio.org\\\/sv\\\/\"},{\"@type\":\"ListItem\",\"position\":2,\"name\":\"V\u00e5r undervisningsmetod\"}]},{\"@type\":\"WebSite\",\"@id\":\"https:\\\/\\\/maestromio.org\\\/sv\\\/#website\",\"url\":\"https:\\\/\\\/maestromio.org\\\/sv\\\/\",\"name\":\"MaestroM\u00edo - The Language School\",\"description\":\"Spanish Courses in Malaga\",\"publisher\":{\"@id\":\"https:\\\/\\\/maestromio.org\\\/sv\\\/#organization\"},\"alternateName\":\"MaestroM\u00edo\",\"potentialAction\":[{\"@type\":\"SearchAction\",\"target\":{\"@type\":\"EntryPoint\",\"urlTemplate\":\"https:\\\/\\\/maestromio.org\\\/sv\\\/?s={search_term_string}\"},\"query-input\":{\"@type\":\"PropertyValueSpecification\",\"valueRequired\":true,\"valueName\":\"search_term_string\"}}],\"inLanguage\":\"sv-SE\"},{\"@type\":\"Organization\",\"@id\":\"https:\\\/\\\/maestromio.org\\\/sv\\\/#organization\",\"name\":\"Maestro m\u00edo - The language school\",\"alternateName\":\"Maestromio\",\"url\":\"https:\\\/\\\/maestromio.org\\\/sv\\\/\",\"logo\":{\"@type\":\"ImageObject\",\"inLanguage\":\"sv-SE\",\"@id\":\"https:\\\/\\\/maestromio.org\\\/sv\\\/#\\\/schema\\\/logo\\\/image\\\/\",\"url\":\"https:\\\/\\\/maestromio.org\\\/wp-content\\\/uploads\\\/cropped-logo_maestromio.png\",\"contentUrl\":\"https:\\\/\\\/maestromio.org\\\/wp-content\\\/uploads\\\/cropped-logo_maestromio.png\",\"width\":165,\"height\":165,\"caption\":\"Maestro m\u00edo - The language school\"},\"image\":{\"@id\":\"https:\\\/\\\/maestromio.org\\\/sv\\\/#\\\/schema\\\/logo\\\/image\\\/\"},\"sameAs\":[\"https:\\\/\\\/www.facebook.com\\\/MaestroMioMalaga\\\/\",\"https:\\\/\\\/x.com\\\/MaestroMio_\",\"https:\\\/\\\/www.instagram.com\\\/maestromioschool\\\/\"]}]}<\/script>\n<!-- \/ Yoast SEO plugin. -->","yoast_head_json":{"title":"V\u00e5r undervisningsmetod - Maestro m\u00edo - The language school","robots":{"index":"index","follow":"follow","max-snippet":"max-snippet:-1","max-image-preview":"max-image-preview:large","max-video-preview":"max-video-preview:-1"},"canonical":"https:\/\/maestromio.org\/sv\/var-undervisningsmetod\/","og_locale":"sv_SE","og_type":"article","og_title":"V\u00e5r undervisningsmetod - Maestro m\u00edo - The language school","og_description":"V\u00e5r undervisningsmetod P\u00e5 OnSpain ligger fokus p\u00e5 att g\u00f6ra din upplevelse med oss of\u00f6rgl\u00f6mlig.\u00a0\u00a0 Vi fokuserar p\u00e5 att g\u00f6ra det m\u00f6jligt att kommunicera i verkliga situationer. Vi skapar unika upplevelser \u00c5 ena sidan l\u00e4r vi dig spanska s\u00e5 att din f\u00f6rm\u00e5ga att kommunicera blir mer flytande och s\u00e5 att du kan interagera med spansktalande i ... L\u00e4s mer","og_url":"https:\/\/maestromio.org\/sv\/var-undervisningsmetod\/","og_site_name":"Maestro m\u00edo - The language school","article_publisher":"https:\/\/www.facebook.com\/MaestroMioMalaga\/","article_modified_time":"2021-02-10T14:36:14+00:00","og_image":[{"url":"https:\/\/www.maestromio.org\/wp-content\/uploads\/tapas.jpg","type":"","width":"","height":""}],"twitter_card":"summary_large_image","twitter_site":"@MaestroMio_","twitter_misc":{"Ber\u00e4knad l\u00e4stid":"1 minut"},"schema":{"@context":"https:\/\/schema.org","@graph":[{"@type":"WebPage","@id":"https:\/\/maestromio.org\/sv\/var-undervisningsmetod\/","url":"https:\/\/maestromio.org\/sv\/var-undervisningsmetod\/","name":"V\u00e5r undervisningsmetod - Maestro m\u00edo - The language school","isPartOf":{"@id":"https:\/\/maestromio.org\/sv\/#website"},"primaryImageOfPage":{"@id":"https:\/\/maestromio.org\/sv\/var-undervisningsmetod\/#primaryimage"},"image":{"@id":"https:\/\/maestromio.org\/sv\/var-undervisningsmetod\/#primaryimage"},"thumbnailUrl":"https:\/\/www.maestromio.org\/wp-content\/uploads\/tapas.jpg","datePublished":"2020-01-30T12:47:41+00:00","dateModified":"2021-02-10T14:36:14+00:00","breadcrumb":{"@id":"https:\/\/maestromio.org\/sv\/var-undervisningsmetod\/#breadcrumb"},"inLanguage":"sv-SE","potentialAction":[{"@type":"ReadAction","target":["https:\/\/maestromio.org\/sv\/var-undervisningsmetod\/"]}]},{"@type":"ImageObject","inLanguage":"sv-SE","@id":"https:\/\/maestromio.org\/sv\/var-undervisningsmetod\/#primaryimage","url":"https:\/\/www.maestromio.org\/wp-content\/uploads\/tapas.jpg","contentUrl":"https:\/\/www.maestromio.org\/wp-content\/uploads\/tapas.jpg"},{"@type":"BreadcrumbList","@id":"https:\/\/maestromio.org\/sv\/var-undervisningsmetod\/#breadcrumb","itemListElement":[{"@type":"ListItem","position":1,"name":"Home","item":"https:\/\/maestromio.org\/sv\/"},{"@type":"ListItem","position":2,"name":"V\u00e5r undervisningsmetod"}]},{"@type":"WebSite","@id":"https:\/\/maestromio.org\/sv\/#website","url":"https:\/\/maestromio.org\/sv\/","name":"MaestroM\u00edo - The Language School","description":"Spanish Courses in Malaga","publisher":{"@id":"https:\/\/maestromio.org\/sv\/#organization"},"alternateName":"MaestroM\u00edo","potentialAction":[{"@type":"SearchAction","target":{"@type":"EntryPoint","urlTemplate":"https:\/\/maestromio.org\/sv\/?s={search_term_string}"},"query-input":{"@type":"PropertyValueSpecification","valueRequired":true,"valueName":"search_term_string"}}],"inLanguage":"sv-SE"},{"@type":"Organization","@id":"https:\/\/maestromio.org\/sv\/#organization","name":"Maestro m\u00edo - The language school","alternateName":"Maestromio","url":"https:\/\/maestromio.org\/sv\/","logo":{"@type":"ImageObject","inLanguage":"sv-SE","@id":"https:\/\/maestromio.org\/sv\/#\/schema\/logo\/image\/","url":"https:\/\/maestromio.org\/wp-content\/uploads\/cropped-logo_maestromio.png","contentUrl":"https:\/\/maestromio.org\/wp-content\/uploads\/cropped-logo_maestromio.png","width":165,"height":165,"caption":"Maestro m\u00edo - The language school"},"image":{"@id":"https:\/\/maestromio.org\/sv\/#\/schema\/logo\/image\/"},"sameAs":["https:\/\/www.facebook.com\/MaestroMioMalaga\/","https:\/\/x.com\/MaestroMio_","https:\/\/www.instagram.com\/maestromioschool\/"]}]}},"_links":{"self":[{"href":"https:\/\/maestromio.org\/sv\/wp-json\/wp\/v2\/pages\/4653","targetHints":{"allow":["GET"]}}],"collection":[{"href":"https:\/\/maestromio.org\/sv\/wp-json\/wp\/v2\/pages"}],"about":[{"href":"https:\/\/maestromio.org\/sv\/wp-json\/wp\/v2\/types\/page"}],"author":[{"embeddable":true,"href":"https:\/\/maestromio.org\/sv\/wp-json\/wp\/v2\/users\/1"}],"replies":[{"embeddable":true,"href":"https:\/\/maestromio.org\/sv\/wp-json\/wp\/v2\/comments?post=4653"}],"version-history":[{"count":4,"href":"https:\/\/maestromio.org\/sv\/wp-json\/wp\/v2\/pages\/4653\/revisions"}],"predecessor-version":[{"id":6320,"href":"https:\/\/maestromio.org\/sv\/wp-json\/wp\/v2\/pages\/4653\/revisions\/6320"}],"wp:attachment":[{"href":"https:\/\/maestromio.org\/sv\/wp-json\/wp\/v2\/media?parent=4653"}],"curies":[{"name":"wp","href":"https:\/\/api.w.org\/{rel}","templated":true}]}}