{"id":30421,"date":"2024-12-13T13:02:07","date_gmt":"2024-12-13T12:02:07","guid":{"rendered":"https:\/\/maestromio.org\/actividades-culturales-en-malaga\/"},"modified":"2025-03-11T13:02:39","modified_gmt":"2025-03-11T12:02:39","slug":"actividades-culturales-en-malaga","status":"publish","type":"page","link":"https:\/\/maestromio.org\/it\/actividades-culturales-en-malaga\/","title":{"rendered":"Attivit\u00e0 culturali a M\u00e1laga"},"content":{"rendered":"<p><strong>&#8220;La lingua \u00e8 la mappa di una cultura. Ti dice da dove viene la sua gente e dove sta andando.&#8221;<\/strong> \u2013 Rita Mae Brown<\/p>\n<p>A <strong>MaestroM\u00edo<\/strong> sappiamo che per imparare lo spagnolo \u00e8 essenziale comprendere la cultura spagnola, il suo patrimonio storico e le sue radici. Per questo, riteniamo fondamentale offrire ai nostri studenti esperienze culturali al di fuori dell\u2019aula.<\/p>\n<p>Le attivit\u00e0 extrascolastiche sono pensate per <strong>portare la lingua oltre la classe<\/strong>, esponendo gli studenti a situazioni reali. L&#8217;obiettivo principale \u00e8 creare ambienti stimolanti in cui possano esercitarsi, socializzare e immergersi nella cultura del paese in cui stanno studiando.<\/p>\n<h3><strong>Tipologie di attivit\u00e0 culturali<\/strong><\/h3>\n<p>\ud83d\udccc <strong>Attivit\u00e0 durante l\u2019orario delle lezioni<\/strong>: escursioni e visite guidate a luoghi storici e culturali.<br \/>\n\ud83d\udccc <strong>Attivit\u00e0 extracurricolari facoltative<\/strong>: conferenze culturali, eventi e laboratori.<\/p>\n<p>Tutte le attivit\u00e0 sono attentamente pianificate per garantire la partecipazione attiva degli studenti.<\/p>\n<h3><strong>Esperienze uniche a M\u00e1laga<\/strong><\/h3>\n<p>\ud83c\udfad <strong>Visite ai siti storici<\/strong>: scopri l&#8217;Alcazaba, il Castello di Gibralfaro e i musei pi\u00f9 emblematici, come il Pompidou o la Casa Natal di Picasso.<br \/>\n\ud83c\udf7d <strong>Esperienze gastronomiche<\/strong>: impara a cucinare piatti tipici spagnoli.<br \/>\n\ud83d\udc83 <strong>Lezioni di flamenco<\/strong>: vivi la passione della danza spagnola.<br \/>\n\u26bd <strong>Attivit\u00e0 sportive<\/strong>: pratica il tuo spagnolo mentre ti diverti.<\/p>\n<p>Un programma culturale <strong>ampio e variegato<\/strong>, ricco di opportunit\u00e0 per esplorare M\u00e1laga, la sua lingua e le sue tradizioni in modo coinvolgente e autentico.<\/p>\n","protected":false},"excerpt":{"rendered":"<p>&#8220;La lingua \u00e8 la mappa di una cultura. Ti dice da dove viene la sua gente e dove sta andando.&#8221; \u2013 Rita Mae Brown A MaestroM\u00edo sappiamo che per imparare lo spagnolo \u00e8 essenziale comprendere la cultura spagnola, il suo patrimonio storico e le sue radici. Per questo, riteniamo fondamentale offrire ai nostri studenti esperienze &#8230; <a title=\"Attivit\u00e0 culturali a M\u00e1laga\" class=\"read-more\" href=\"https:\/\/maestromio.org\/it\/actividades-culturales-en-malaga\/\" aria-label=\"Per saperne di pi\u00f9 su Attivit\u00e0 culturali a M\u00e1laga\">Leggi tutto<\/a><\/p>\n","protected":false},"author":2,"featured_media":27323,"parent":0,"menu_order":0,"comment_status":"closed","ping_status":"closed","template":"","meta":{"inline_featured_image":false,"footnotes":""},"class_list":["post-30421","page","type-page","status-publish","has-post-thumbnail"],"yoast_head":"<!-- This site is optimized with the Yoast SEO plugin v27.3 - https:\/\/yoast.com\/product\/yoast-seo-wordpress\/ -->\n<title>Attivit\u00e0 culturali a M\u00e1laga - Maestro m\u00edo - The language school<\/title>\n<meta name=\"robots\" content=\"index, follow, max-snippet:-1, max-image-preview:large, max-video-preview:-1\" \/>\n<link rel=\"canonical\" href=\"https:\/\/maestromio.org\/it\/actividades-culturales-en-malaga\/\" \/>\n<meta property=\"og:locale\" content=\"it_IT\" \/>\n<meta property=\"og:type\" content=\"article\" \/>\n<meta property=\"og:title\" content=\"Attivit\u00e0 culturali a M\u00e1laga - Maestro m\u00edo - The language school\" \/>\n<meta property=\"og:description\" content=\"&#8220;La lingua \u00e8 la mappa di una cultura. Ti dice da dove viene la sua gente e dove sta andando.&#8221; \u2013 Rita Mae Brown A MaestroM\u00edo sappiamo che per imparare lo spagnolo \u00e8 essenziale comprendere la cultura spagnola, il suo patrimonio storico e le sue radici. Per questo, riteniamo fondamentale offrire ai nostri studenti esperienze ... Leggi tutto\" \/>\n<meta property=\"og:url\" content=\"https:\/\/maestromio.org\/it\/actividades-culturales-en-malaga\/\" \/>\n<meta property=\"og:site_name\" content=\"Maestro m\u00edo - The language school\" \/>\n<meta property=\"article:publisher\" content=\"https:\/\/www.facebook.com\/MaestroMioMalaga\/\" \/>\n<meta property=\"article:modified_time\" content=\"2025-03-11T12:02:39+00:00\" \/>\n<meta property=\"og:image\" content=\"https:\/\/maestromio.org\/wp-content\/uploads\/3-1-1024x682.png\" \/>\n\t<meta property=\"og:image:width\" content=\"1024\" \/>\n\t<meta property=\"og:image:height\" content=\"682\" \/>\n\t<meta property=\"og:image:type\" content=\"image\/png\" \/>\n<meta name=\"twitter:card\" content=\"summary_large_image\" \/>\n<meta name=\"twitter:site\" content=\"@MaestroMio_\" \/>\n<meta name=\"twitter:label1\" content=\"Tempo di lettura stimato\" \/>\n\t<meta name=\"twitter:data1\" content=\"2 minuti\" \/>\n<script type=\"application\/ld+json\" class=\"yoast-schema-graph\">{\"@context\":\"https:\\\/\\\/schema.org\",\"@graph\":[{\"@type\":\"WebPage\",\"@id\":\"https:\\\/\\\/maestromio.org\\\/it\\\/actividades-culturales-en-malaga\\\/\",\"url\":\"https:\\\/\\\/maestromio.org\\\/it\\\/actividades-culturales-en-malaga\\\/\",\"name\":\"Attivit\u00e0 culturali a M\u00e1laga - Maestro m\u00edo - The language school\",\"isPartOf\":{\"@id\":\"https:\\\/\\\/maestromio.org\\\/it\\\/#website\"},\"primaryImageOfPage\":{\"@id\":\"https:\\\/\\\/maestromio.org\\\/it\\\/actividades-culturales-en-malaga\\\/#primaryimage\"},\"image\":{\"@id\":\"https:\\\/\\\/maestromio.org\\\/it\\\/actividades-culturales-en-malaga\\\/#primaryimage\"},\"thumbnailUrl\":\"https:\\\/\\\/maestromio.org\\\/wp-content\\\/uploads\\\/3-1.png\",\"datePublished\":\"2024-12-13T12:02:07+00:00\",\"dateModified\":\"2025-03-11T12:02:39+00:00\",\"breadcrumb\":{\"@id\":\"https:\\\/\\\/maestromio.org\\\/it\\\/actividades-culturales-en-malaga\\\/#breadcrumb\"},\"inLanguage\":\"it-IT\",\"potentialAction\":[{\"@type\":\"ReadAction\",\"target\":[\"https:\\\/\\\/maestromio.org\\\/it\\\/actividades-culturales-en-malaga\\\/\"]}]},{\"@type\":\"ImageObject\",\"inLanguage\":\"it-IT\",\"@id\":\"https:\\\/\\\/maestromio.org\\\/it\\\/actividades-culturales-en-malaga\\\/#primaryimage\",\"url\":\"https:\\\/\\\/maestromio.org\\\/wp-content\\\/uploads\\\/3-1.png\",\"contentUrl\":\"https:\\\/\\\/maestromio.org\\\/wp-content\\\/uploads\\\/3-1.png\",\"width\":1772,\"height\":1181},{\"@type\":\"BreadcrumbList\",\"@id\":\"https:\\\/\\\/maestromio.org\\\/it\\\/actividades-culturales-en-malaga\\\/#breadcrumb\",\"itemListElement\":[{\"@type\":\"ListItem\",\"position\":1,\"name\":\"Home\",\"item\":\"https:\\\/\\\/maestromio.org\\\/it\\\/\"},{\"@type\":\"ListItem\",\"position\":2,\"name\":\"Attivit\u00e0 culturali a M\u00e1laga\"}]},{\"@type\":\"WebSite\",\"@id\":\"https:\\\/\\\/maestromio.org\\\/it\\\/#website\",\"url\":\"https:\\\/\\\/maestromio.org\\\/it\\\/\",\"name\":\"MaestroM\u00edo - The Language School\",\"description\":\"Spanish Courses in Spain\",\"publisher\":{\"@id\":\"https:\\\/\\\/maestromio.org\\\/it\\\/#organization\"},\"alternateName\":\"MaestroM\u00edo\",\"potentialAction\":[{\"@type\":\"SearchAction\",\"target\":{\"@type\":\"EntryPoint\",\"urlTemplate\":\"https:\\\/\\\/maestromio.org\\\/it\\\/?s={search_term_string}\"},\"query-input\":{\"@type\":\"PropertyValueSpecification\",\"valueRequired\":true,\"valueName\":\"search_term_string\"}}],\"inLanguage\":\"it-IT\"},{\"@type\":\"Organization\",\"@id\":\"https:\\\/\\\/maestromio.org\\\/it\\\/#organization\",\"name\":\"Maestro m\u00edo - The language school\",\"alternateName\":\"Maestromio\",\"url\":\"https:\\\/\\\/maestromio.org\\\/it\\\/\",\"logo\":{\"@type\":\"ImageObject\",\"inLanguage\":\"it-IT\",\"@id\":\"https:\\\/\\\/maestromio.org\\\/it\\\/#\\\/schema\\\/logo\\\/image\\\/\",\"url\":\"https:\\\/\\\/maestromio.org\\\/wp-content\\\/uploads\\\/cropped-logo_maestromio.png\",\"contentUrl\":\"https:\\\/\\\/maestromio.org\\\/wp-content\\\/uploads\\\/cropped-logo_maestromio.png\",\"width\":165,\"height\":165,\"caption\":\"Maestro m\u00edo - The language school\"},\"image\":{\"@id\":\"https:\\\/\\\/maestromio.org\\\/it\\\/#\\\/schema\\\/logo\\\/image\\\/\"},\"sameAs\":[\"https:\\\/\\\/www.facebook.com\\\/MaestroMioMalaga\\\/\",\"https:\\\/\\\/x.com\\\/MaestroMio_\",\"https:\\\/\\\/www.instagram.com\\\/maestromioschool\\\/\"]}]}<\/script>\n<!-- \/ Yoast SEO plugin. -->","yoast_head_json":{"title":"Attivit\u00e0 culturali a M\u00e1laga - Maestro m\u00edo - The language school","robots":{"index":"index","follow":"follow","max-snippet":"max-snippet:-1","max-image-preview":"max-image-preview:large","max-video-preview":"max-video-preview:-1"},"canonical":"https:\/\/maestromio.org\/it\/actividades-culturales-en-malaga\/","og_locale":"it_IT","og_type":"article","og_title":"Attivit\u00e0 culturali a M\u00e1laga - Maestro m\u00edo - The language school","og_description":"&#8220;La lingua \u00e8 la mappa di una cultura. Ti dice da dove viene la sua gente e dove sta andando.&#8221; \u2013 Rita Mae Brown A MaestroM\u00edo sappiamo che per imparare lo spagnolo \u00e8 essenziale comprendere la cultura spagnola, il suo patrimonio storico e le sue radici. Per questo, riteniamo fondamentale offrire ai nostri studenti esperienze ... Leggi tutto","og_url":"https:\/\/maestromio.org\/it\/actividades-culturales-en-malaga\/","og_site_name":"Maestro m\u00edo - The language school","article_publisher":"https:\/\/www.facebook.com\/MaestroMioMalaga\/","article_modified_time":"2025-03-11T12:02:39+00:00","og_image":[{"width":1024,"height":682,"url":"https:\/\/maestromio.org\/wp-content\/uploads\/3-1-1024x682.png","type":"image\/png"}],"twitter_card":"summary_large_image","twitter_site":"@MaestroMio_","twitter_misc":{"Tempo di lettura stimato":"2 minuti"},"schema":{"@context":"https:\/\/schema.org","@graph":[{"@type":"WebPage","@id":"https:\/\/maestromio.org\/it\/actividades-culturales-en-malaga\/","url":"https:\/\/maestromio.org\/it\/actividades-culturales-en-malaga\/","name":"Attivit\u00e0 culturali a M\u00e1laga - Maestro m\u00edo - The language school","isPartOf":{"@id":"https:\/\/maestromio.org\/it\/#website"},"primaryImageOfPage":{"@id":"https:\/\/maestromio.org\/it\/actividades-culturales-en-malaga\/#primaryimage"},"image":{"@id":"https:\/\/maestromio.org\/it\/actividades-culturales-en-malaga\/#primaryimage"},"thumbnailUrl":"https:\/\/maestromio.org\/wp-content\/uploads\/3-1.png","datePublished":"2024-12-13T12:02:07+00:00","dateModified":"2025-03-11T12:02:39+00:00","breadcrumb":{"@id":"https:\/\/maestromio.org\/it\/actividades-culturales-en-malaga\/#breadcrumb"},"inLanguage":"it-IT","potentialAction":[{"@type":"ReadAction","target":["https:\/\/maestromio.org\/it\/actividades-culturales-en-malaga\/"]}]},{"@type":"ImageObject","inLanguage":"it-IT","@id":"https:\/\/maestromio.org\/it\/actividades-culturales-en-malaga\/#primaryimage","url":"https:\/\/maestromio.org\/wp-content\/uploads\/3-1.png","contentUrl":"https:\/\/maestromio.org\/wp-content\/uploads\/3-1.png","width":1772,"height":1181},{"@type":"BreadcrumbList","@id":"https:\/\/maestromio.org\/it\/actividades-culturales-en-malaga\/#breadcrumb","itemListElement":[{"@type":"ListItem","position":1,"name":"Home","item":"https:\/\/maestromio.org\/it\/"},{"@type":"ListItem","position":2,"name":"Attivit\u00e0 culturali a M\u00e1laga"}]},{"@type":"WebSite","@id":"https:\/\/maestromio.org\/it\/#website","url":"https:\/\/maestromio.org\/it\/","name":"MaestroM\u00edo - The Language School","description":"Spanish Courses in Spain","publisher":{"@id":"https:\/\/maestromio.org\/it\/#organization"},"alternateName":"MaestroM\u00edo","potentialAction":[{"@type":"SearchAction","target":{"@type":"EntryPoint","urlTemplate":"https:\/\/maestromio.org\/it\/?s={search_term_string}"},"query-input":{"@type":"PropertyValueSpecification","valueRequired":true,"valueName":"search_term_string"}}],"inLanguage":"it-IT"},{"@type":"Organization","@id":"https:\/\/maestromio.org\/it\/#organization","name":"Maestro m\u00edo - The language school","alternateName":"Maestromio","url":"https:\/\/maestromio.org\/it\/","logo":{"@type":"ImageObject","inLanguage":"it-IT","@id":"https:\/\/maestromio.org\/it\/#\/schema\/logo\/image\/","url":"https:\/\/maestromio.org\/wp-content\/uploads\/cropped-logo_maestromio.png","contentUrl":"https:\/\/maestromio.org\/wp-content\/uploads\/cropped-logo_maestromio.png","width":165,"height":165,"caption":"Maestro m\u00edo - The language school"},"image":{"@id":"https:\/\/maestromio.org\/it\/#\/schema\/logo\/image\/"},"sameAs":["https:\/\/www.facebook.com\/MaestroMioMalaga\/","https:\/\/x.com\/MaestroMio_","https:\/\/www.instagram.com\/maestromioschool\/"]}]}},"_links":{"self":[{"href":"https:\/\/maestromio.org\/it\/wp-json\/wp\/v2\/pages\/30421","targetHints":{"allow":["GET"]}}],"collection":[{"href":"https:\/\/maestromio.org\/it\/wp-json\/wp\/v2\/pages"}],"about":[{"href":"https:\/\/maestromio.org\/it\/wp-json\/wp\/v2\/types\/page"}],"author":[{"embeddable":true,"href":"https:\/\/maestromio.org\/it\/wp-json\/wp\/v2\/users\/2"}],"replies":[{"embeddable":true,"href":"https:\/\/maestromio.org\/it\/wp-json\/wp\/v2\/comments?post=30421"}],"version-history":[{"count":4,"href":"https:\/\/maestromio.org\/it\/wp-json\/wp\/v2\/pages\/30421\/revisions"}],"predecessor-version":[{"id":30478,"href":"https:\/\/maestromio.org\/it\/wp-json\/wp\/v2\/pages\/30421\/revisions\/30478"}],"wp:featuredmedia":[{"embeddable":true,"href":"https:\/\/maestromio.org\/it\/wp-json\/wp\/v2\/media\/27323"}],"wp:attachment":[{"href":"https:\/\/maestromio.org\/it\/wp-json\/wp\/v2\/media?parent=30421"}],"curies":[{"name":"wp","href":"https:\/\/api.w.org\/{rel}","templated":true}]}}