{"id":13428,"date":"2021-07-28T11:15:25","date_gmt":"2021-07-28T10:15:25","guid":{"rendered":"https:\/\/www.maestromio.org\/?page_id=13428"},"modified":"2023-05-30T19:56:38","modified_gmt":"2023-05-30T18:56:38","slug":"note-legali","status":"publish","type":"page","link":"https:\/\/maestromio.org\/it\/note-legali\/","title":{"rendered":"Note legali"},"content":{"rendered":"<p>Ai sensi dell&#8217;articolo 10 della legge 34\/2002 dell&#8217;11 luglio sui Servizi della societ\u00e0 d&#8217;informazione e del commercio elettronico, vengono resi disponibili i seguenti dati:<\/p>\n<p>Il proprietario del sito web <a href=\"https:\/\/www.maestromio.org\/\">maestromio.org<\/a> \u00e8 il soggetto SCHOOL BRIO, S.L., di seguito &#8220;MAESTROM\u00cdO&#8221;, con Cif: B93723443 e sede legale a Calle Mart\u00ednez 12, 1\u00ba C, 29005, Malaga (Spagna) e indirizzo e-mail <a href=\"mailto:protecciondedatos@maestromio.org\">protecciondedatos@maestromio.org<\/a><\/p>\n<p>MAESTROM\u00cdO informa gli utenti del sito web che \u00e8 conforme alla normativa spagnola vigente e, in particolare, con il REGOLAMENTO (UE) 2016\/679 DEL PARLAMENTO EUROPEO E DEL CONSIGLIO del 27 aprile 2016, sulla protezione dei dati personali e la legge organica sulla protezione dei dati personali (di seguito LOPD), e la legge 34\/2002 dell&#8217;11 luglio sui servizi della societ\u00e0 d&#8217;informazione e del commercio elettronico (di seguito LSSICE).<\/p>\n<p>Di conseguenza, informa l&#8217;Utente delle condizioni di accesso e utilizzo del sito web espresse in alto.<\/p>\n<p><strong>Norme generali<\/strong><\/p>\n<p>L&#8217;utilizzo di questo sito web implica l&#8217;attribuzione della condizione di &#8220;Utente&#8221; e, se del caso, la piena accettazione di tutte le disposizioni incluse nel presente &#8220;Avviso Legale&#8221; dal momento in cui si accede al sito web.<\/p>\n<p>Queste condizioni sono quelle in vigore dalla data del loro ultimo aggiornamento. MAESTROM\u00cdO si riserva il diritto di modificarli in qualsiasi momento e senza preavviso, nel qual caso entreranno in vigore dalla loro pubblicazione e saranno applicabili a tutti gli Utenti del portale a partire da tale data. Pertanto, MAESTROM\u00cdO consiglia agli utenti ogni volta che desiderano entrare e utilizzare il sito web leggere attentamente il contenuto della presente &#8220;Avviso legale&#8221;.<\/p>\n<p>Tutti i servizi relativi a questo sito web sono accessibili al pubblico e gratuiti, ad eccezione del costo di connessione attraverso la rete di telecomunicazioni fornita dal fornitore contratto da solo.<\/p>\n<p>L&#8217;accesso e\/o l&#8217;utilizzo del presente portale MAESTROM\u00cdO attribuisce la condizione di UTENTE, che accetta, da tale accesso e\/o utilizzo, le Condizioni Generali d&#8217;Uso qui espresse. Le suddette Condizioni saranno applicabili indipendentemente dalle Condizioni Generali del Contratto che potrebbero essere obbligatorie.<\/p>\n<p><strong>Informativa sulla privacy<\/strong><\/p>\n<p>Puoi consultare la nostra informativa sulla privacy all&#8217;: <a href=\"https:\/\/www.maestromio.org\/it\/informativa-sulla-privacy\/\">https:\/\/www.maestromio.org\/it\/informativa-sulla-privacy\/<\/a><\/p>\n<p><strong>E-mail commerciali<\/strong><\/p>\n<p>Secondo l&#8217;LSSICE, MAESTROM\u00cdO non esegue pratiche di spam, quindi non invia e-mail commerciali che non sono state precedentemente richieste o autorizzate dall&#8217;Utente. Di conseguenza, in ciascuno dei moduli del sito web, l&#8217;Utente ha la possibilit\u00e0 di dare il suo esplicito consenso a ricevere e-mail commerciali con informazioni su nuovi servizi, indipendentemente dalle informazioni commerciali prontamente richieste.<\/p>\n<p>Il consenso dato pu\u00f2 essere revocato in qualsiasi momento dall&#8217;Utente attraverso la procedura stabilita sul sito stesso.<\/p>\n<p><strong>Cookies e link<\/strong><\/p>\n<p>Questo sito web utilizza cookie per scopi statistici dell&#8217;uso dello stesso. Questi cookie registrano solo gli indirizzi IP dell&#8217;utente e mai le informazioni personali, come l&#8217;indirizzo e-mail stesso. D&#8217;altra parte, le informazioni contenute sul disco rigido non possono mai essere estratte attraverso un cookie. I cookie di solito hanno una durata temporanea e, se del caso, l&#8217;Utente pu\u00f2 configurare il proprio browser per accettare o meno i cookie che riceve e\/o comunicargli la loro ricezione. In questo caso, si prega di consultare il proprio fornitore.<\/p>\n<p>D&#8217;altra parte, MAESTROM\u00cdO non \u00e8 il proprietario degli altri siti web a cui \u00e8 possibile accedere attraverso l&#8217;uso di link o collegamenti ipertestuali. Di conseguenza, l&#8217;Utente acceder\u00e0 sotto la propria esclusiva responsabilit\u00e0 ai rispettivi contenuti e condizioni d&#8217;uso.<\/p>\n<p><strong>Propriet\u00e1 industriale e intellettuale<\/strong><\/p>\n<p>Marchi, nomi commerciali o segni distintivi sono di propriet\u00e0 di MAESTROM\u00cdO o, se del caso, di terzi. Allo stesso tempo, MAESTROM\u00cdO \u00e8 anche titolare di tutti i contenuti del sito web, salvo diversa indicazione, il che significa a titolo esemplificativo testi, grafica e icone, elementi video e \/ o audio, codici sorgente, ecc.<\/p>\n<p>Di conseguenza, l&#8217;accesso al sito web non conferisce all&#8217;Utente alcun diritto su di essi e il loro utilizzo e riproduzione, in tutto o in parte, senza l&#8217;esplicita autorizzazione di MAESTROM\u00cdO \u00e8 vietato.<\/p>\n<p>Tuttavia, l&#8217;Utente \u00e8 autorizzato a effettuare link che portano al sito web a condizione che: 1) L&#8217;identit\u00e0 del suo proprietario sia registrata. 2) Il link pu\u00f2 collegarsi solo alla home page principale o domestica, senza riprodurlo in alcun modo. 3) Non utilizzare il marchio MAESTROM\u00cdO o qualsiasi altro segno distintivo che possa confondere sulla propriet\u00e0 della pagina web che stabilisce il link. 4) Le pagine web o i siti attraverso i quali viene effettuato il link non devono violare la moralit\u00e0, l&#8217;ordine pubblico e le buone usanze e devono essere rispettosi dei principi di non discriminazione e rispetto della dignit\u00e0 della persona, della tutela dei giovani e dei bambini e, in generale, tutti quelli elencati all&#8217;articolo 8 della LSSICE.<\/p>\n<p>In ogni caso, \u00e8 vietata qualsiasi modifica del sito web che possa influire sul suo design e contenuto attuale.<\/p>\n<p>MAESTROM\u00cdO perseguir\u00e0 la violazione della presente &#8220;Nota legale&#8221;, nonch\u00e9 qualsiasi uso improprio della propriet\u00e0 industriale o intellettuale protetta.<\/p>\n<p><strong>Responsabilit\u00e1<\/strong><\/p>\n<p>MAESTROM\u00cdO non \u00e8 responsabile in nessun caso per i danni che possono derivare dall&#8217;uso illegale o improprio di questo sito web.<\/p>\n<p>Allo stesso tempo, MAESTROM\u00cdO \u00e8 esente da qualsiasi responsabilit\u00e0 per danni che possono essere causati dall&#8217;accesso, dalla riproduzione, dalla cattura e dalla trasmissione dei contenuti e dei servizi del sito web forniti da terzi.<\/p>\n<p>MAESTROM\u00cdO non garantisce l&#8217;idoneit\u00e0, la disponibilit\u00e0, la tempestivit\u00e0 o l&#8217;accuratezza delle informazioni contenute nel sito web e pu\u00f2 essere aggiornato, modificato o eliminato senza preavviso. In ogni caso, ricordiamo all&#8217;Utente di non utilizzare le informazioni fornite sul sito web per scopi particolari senza la consulenza o la supervisione di un professionista.<\/p>\n<p>L&#8217;UTENTE si assume la responsabilit\u00e0 dell&#8217;utilizzo del portale. Questa responsabilit\u00e0 si estende alla registrazione necessaria per accedere a determinati servizi. In questa registrazione, l&#8217;UTENTE sar\u00e0 responsabile di fornire informazioni veritiere e lecite. Come risultato di questa registrazione, all&#8217;UTENTE pu\u00f2 essere fornita una password di cui sar\u00e0 responsabile, impegnandosi a fare un uso diligente e confidenziale di essa. L&#8217;UTENTE si impegna a fare un uso appropriato dei contenuti e dei servizi (come servizi di chat, forum di discussione o newsgroup) che MAESTROM\u00cdO pu\u00f2 offrire attraverso il proprio portale e con carattere enunciativo ma non limitante, di non utilizzarli per (i) impegnarsi in attivit\u00e0 illecite, illegali o contrarie alla buona fede e all&#8217;ordine pubblico; (ii) diffondere contenuti o propaganda di natura razzista, xenofoba, pornografica-illegale, sostenendo il terrorismo o violando i diritti umani; (iii) causare danni ai sistemi fisici e logici di MAESTROM\u00cdO, dei suoi fornitori o di terzi, introdurre o diffondere virus informatici o qualsiasi altro sistema fisico o logico che possa causare il suddetto danno; (iv) cercare di accedere e, se del caso, utilizzare gli account di posta elettronica di altri utenti e modificare o manipolare i loro messaggi. MAESTROM\u00cdO si riserva il diritto di ritirare tutti i commenti e i contributi che violano il rispetto della dignit\u00e0 della persona, che sono discriminatori, xenofobi, razzisti, pornografici, che pregiudicano i giovani o l&#8217;infanzia, l&#8217;ordine o la sicurezza pubblica o che, a suo parere, non sono idonei alla pubblicazione. In ogni caso, MAESTROM\u00cdO non sar\u00e0 responsabile delle opinioni espresse dagli utenti attraverso forum, chat o altri strumenti di partecipazione.<\/p>\n<p>Nel caso in cui in <a href=\"https:\/\/www.maestromio.org\/\">maestromio.org<\/a> siano forniti link o collegamenti ipertestuali ad altri siti Internet, MAESTROM\u00cdO non eserciter\u00e0 alcun tipo di controllo su tali siti e contenuti. In nessun caso MAESTROM\u00cdO si assumer\u00e0 alcuna responsabilit\u00e0 per i contenuti di qualsiasi link appartenente a un sito web di terze parti, n\u00e9 garantir\u00e0 la disponibilit\u00e0 tecnica, la qualit\u00e0, l&#8217;affidabilit\u00e0, l&#8217;accuratezza, l&#8217;ampiezza, la veridicit\u00e0, la validit\u00e0 e la costituzionalit\u00e0 di qualsiasi materiale o informazione contenuta in uno di tali collegamenti ipertestuali o altri siti Internet. Allo stesso modo, l&#8217;inclusione di queste connessioni esterne non comporter\u00e0 alcun tipo di associazione, fusione o partecipazione con le entit\u00e0 collegate.<\/p>\n<p>MAESTROM\u00cdO si riserva infine il diritto di interrompere temporaneamente o definitivamente i servizi forniti attraverso il sito web, avvertendo, ove possibile, mediante un annuncio sul portale stesso.<\/p>\n<p><strong>Modifica delle normative<\/strong><\/p>\n<p>MAESTROM\u00cdO si riserva il diritto di modificare la presente &#8220;Informativa legale&#8221;, compresa la sua politica in materia di privacy e commerciale, al fine di adattarla agli sviluppi legislativi o giurisprudenziali.<\/p>\n<p><strong>Legislazione e giurisdizione competente <\/strong><\/p>\n<p>Queste condizioni di accesso e utilizzo del sito web sono soggette all&#8217;ordinamento giuridico spagnolo.<\/p>\n<p>Per la risoluzione di eventuali divergenze nell&#8217;interpretazione e\/o nel rispetto di queste condizioni di accesso e utilizzo del sito web, l&#8217;Utente e MAESTROM\u00cdO, rinunciando alla propria giurisdizione, si sottomettono alla giurisdizione e alla competenza dei Tribunali di Malaga, Spagna.<\/p>\n<p>&nbsp;<\/p>\n","protected":false},"excerpt":{"rendered":"<p>Ai sensi dell&#8217;articolo 10 della legge 34\/2002 dell&#8217;11 luglio sui Servizi della societ\u00e0 d&#8217;informazione e del commercio elettronico, vengono resi disponibili i seguenti dati: Il proprietario del sito web maestromio.org \u00e8 il soggetto SCHOOL BRIO, S.L., di seguito &#8220;MAESTROM\u00cdO&#8221;, con Cif: B93723443 e sede legale a Calle Mart\u00ednez 12, 1\u00ba C, 29005, Malaga (Spagna) e &#8230; <a title=\"Note legali\" class=\"read-more\" href=\"https:\/\/maestromio.org\/it\/note-legali\/\" aria-label=\"Per saperne di pi\u00f9 su Note legali\">Leggi tutto<\/a><\/p>\n","protected":false},"author":2,"featured_media":0,"parent":0,"menu_order":0,"comment_status":"closed","ping_status":"closed","template":"","meta":{"inline_featured_image":false,"footnotes":""},"class_list":["post-13428","page","type-page","status-publish"],"yoast_head":"<!-- This site is optimized with the Yoast SEO plugin v27.2 - https:\/\/yoast.com\/product\/yoast-seo-wordpress\/ -->\n<title>Note legali - Maestro m\u00edo - The language school<\/title>\n<meta name=\"robots\" content=\"index, follow, max-snippet:-1, max-image-preview:large, max-video-preview:-1\" \/>\n<link rel=\"canonical\" href=\"https:\/\/maestromio.org\/it\/note-legali\/\" \/>\n<meta property=\"og:locale\" content=\"it_IT\" \/>\n<meta property=\"og:type\" content=\"article\" \/>\n<meta property=\"og:title\" content=\"Note legali - Maestro m\u00edo - The language school\" \/>\n<meta property=\"og:description\" content=\"Ai sensi dell&#8217;articolo 10 della legge 34\/2002 dell&#8217;11 luglio sui Servizi della societ\u00e0 d&#8217;informazione e del commercio elettronico, vengono resi disponibili i seguenti dati: Il proprietario del sito web maestromio.org \u00e8 il soggetto SCHOOL BRIO, S.L., di seguito &#8220;MAESTROM\u00cdO&#8221;, con Cif: B93723443 e sede legale a Calle Mart\u00ednez 12, 1\u00ba C, 29005, Malaga (Spagna) e ... Leggi tutto\" \/>\n<meta property=\"og:url\" content=\"https:\/\/maestromio.org\/it\/note-legali\/\" \/>\n<meta property=\"og:site_name\" content=\"Maestro m\u00edo - The language school\" \/>\n<meta property=\"article:publisher\" content=\"https:\/\/www.facebook.com\/MaestroMioMalaga\/\" \/>\n<meta property=\"article:modified_time\" content=\"2023-05-30T18:56:38+00:00\" \/>\n<meta property=\"og:image\" content=\"https:\/\/maestromio.org\/wp-content\/uploads\/logo_maestromio.png\" \/>\n\t<meta property=\"og:image:width\" content=\"350\" \/>\n\t<meta property=\"og:image:height\" content=\"188\" \/>\n\t<meta property=\"og:image:type\" content=\"image\/png\" \/>\n<meta name=\"twitter:card\" content=\"summary_large_image\" \/>\n<meta name=\"twitter:site\" content=\"@MaestroMio_\" \/>\n<meta name=\"twitter:label1\" content=\"Tempo di lettura stimato\" \/>\n\t<meta name=\"twitter:data1\" content=\"7 minuti\" \/>\n<script type=\"application\/ld+json\" class=\"yoast-schema-graph\">{\"@context\":\"https:\/\/schema.org\",\"@graph\":[{\"@type\":\"WebPage\",\"@id\":\"https:\/\/maestromio.org\/it\/note-legali\/\",\"url\":\"https:\/\/maestromio.org\/it\/note-legali\/\",\"name\":\"Note legali - Maestro m\u00edo - The language school\",\"isPartOf\":{\"@id\":\"https:\/\/maestromio.org\/it\/#website\"},\"datePublished\":\"2021-07-28T10:15:25+00:00\",\"dateModified\":\"2023-05-30T18:56:38+00:00\",\"breadcrumb\":{\"@id\":\"https:\/\/maestromio.org\/it\/note-legali\/#breadcrumb\"},\"inLanguage\":\"it-IT\",\"potentialAction\":[{\"@type\":\"ReadAction\",\"target\":[\"https:\/\/maestromio.org\/it\/note-legali\/\"]}]},{\"@type\":\"BreadcrumbList\",\"@id\":\"https:\/\/maestromio.org\/it\/note-legali\/#breadcrumb\",\"itemListElement\":[{\"@type\":\"ListItem\",\"position\":1,\"name\":\"Home\",\"item\":\"https:\/\/maestromio.org\/it\/\"},{\"@type\":\"ListItem\",\"position\":2,\"name\":\"Note legali\"}]},{\"@type\":\"WebSite\",\"@id\":\"https:\/\/maestromio.org\/it\/#website\",\"url\":\"https:\/\/maestromio.org\/it\/\",\"name\":\"MaestroM\u00edo - The Language School\",\"description\":\"Spanish Courses in Spain\",\"publisher\":{\"@id\":\"https:\/\/maestromio.org\/it\/#organization\"},\"alternateName\":\"MaestroM\u00edo\",\"potentialAction\":[{\"@type\":\"SearchAction\",\"target\":{\"@type\":\"EntryPoint\",\"urlTemplate\":\"https:\/\/maestromio.org\/it\/?s={search_term_string}\"},\"query-input\":{\"@type\":\"PropertyValueSpecification\",\"valueRequired\":true,\"valueName\":\"search_term_string\"}}],\"inLanguage\":\"it-IT\"},{\"@type\":\"Organization\",\"@id\":\"https:\/\/maestromio.org\/it\/#organization\",\"name\":\"Maestro m\u00edo - The language school\",\"alternateName\":\"Maestromio\",\"url\":\"https:\/\/maestromio.org\/it\/\",\"logo\":{\"@type\":\"ImageObject\",\"inLanguage\":\"it-IT\",\"@id\":\"https:\/\/maestromio.org\/it\/#\/schema\/logo\/image\/\",\"url\":\"https:\/\/maestromio.org\/wp-content\/uploads\/cropped-logo_maestromio.png\",\"contentUrl\":\"https:\/\/maestromio.org\/wp-content\/uploads\/cropped-logo_maestromio.png\",\"width\":165,\"height\":165,\"caption\":\"Maestro m\u00edo - The language school\"},\"image\":{\"@id\":\"https:\/\/maestromio.org\/it\/#\/schema\/logo\/image\/\"},\"sameAs\":[\"https:\/\/www.facebook.com\/MaestroMioMalaga\/\",\"https:\/\/x.com\/MaestroMio_\",\"https:\/\/www.instagram.com\/maestromioschool\/\"]}]}<\/script>\n<!-- \/ Yoast SEO plugin. -->","yoast_head_json":{"title":"Note legali - Maestro m\u00edo - The language school","robots":{"index":"index","follow":"follow","max-snippet":"max-snippet:-1","max-image-preview":"max-image-preview:large","max-video-preview":"max-video-preview:-1"},"canonical":"https:\/\/maestromio.org\/it\/note-legali\/","og_locale":"it_IT","og_type":"article","og_title":"Note legali - Maestro m\u00edo - The language school","og_description":"Ai sensi dell&#8217;articolo 10 della legge 34\/2002 dell&#8217;11 luglio sui Servizi della societ\u00e0 d&#8217;informazione e del commercio elettronico, vengono resi disponibili i seguenti dati: Il proprietario del sito web maestromio.org \u00e8 il soggetto SCHOOL BRIO, S.L., di seguito &#8220;MAESTROM\u00cdO&#8221;, con Cif: B93723443 e sede legale a Calle Mart\u00ednez 12, 1\u00ba C, 29005, Malaga (Spagna) e ... Leggi tutto","og_url":"https:\/\/maestromio.org\/it\/note-legali\/","og_site_name":"Maestro m\u00edo - The language school","article_publisher":"https:\/\/www.facebook.com\/MaestroMioMalaga\/","article_modified_time":"2023-05-30T18:56:38+00:00","og_image":[{"width":350,"height":188,"url":"https:\/\/maestromio.org\/wp-content\/uploads\/logo_maestromio.png","type":"image\/png"}],"twitter_card":"summary_large_image","twitter_site":"@MaestroMio_","twitter_misc":{"Tempo di lettura stimato":"7 minuti"},"schema":{"@context":"https:\/\/schema.org","@graph":[{"@type":"WebPage","@id":"https:\/\/maestromio.org\/it\/note-legali\/","url":"https:\/\/maestromio.org\/it\/note-legali\/","name":"Note legali - Maestro m\u00edo - The language school","isPartOf":{"@id":"https:\/\/maestromio.org\/it\/#website"},"datePublished":"2021-07-28T10:15:25+00:00","dateModified":"2023-05-30T18:56:38+00:00","breadcrumb":{"@id":"https:\/\/maestromio.org\/it\/note-legali\/#breadcrumb"},"inLanguage":"it-IT","potentialAction":[{"@type":"ReadAction","target":["https:\/\/maestromio.org\/it\/note-legali\/"]}]},{"@type":"BreadcrumbList","@id":"https:\/\/maestromio.org\/it\/note-legali\/#breadcrumb","itemListElement":[{"@type":"ListItem","position":1,"name":"Home","item":"https:\/\/maestromio.org\/it\/"},{"@type":"ListItem","position":2,"name":"Note legali"}]},{"@type":"WebSite","@id":"https:\/\/maestromio.org\/it\/#website","url":"https:\/\/maestromio.org\/it\/","name":"MaestroM\u00edo - The Language School","description":"Spanish Courses in Spain","publisher":{"@id":"https:\/\/maestromio.org\/it\/#organization"},"alternateName":"MaestroM\u00edo","potentialAction":[{"@type":"SearchAction","target":{"@type":"EntryPoint","urlTemplate":"https:\/\/maestromio.org\/it\/?s={search_term_string}"},"query-input":{"@type":"PropertyValueSpecification","valueRequired":true,"valueName":"search_term_string"}}],"inLanguage":"it-IT"},{"@type":"Organization","@id":"https:\/\/maestromio.org\/it\/#organization","name":"Maestro m\u00edo - The language school","alternateName":"Maestromio","url":"https:\/\/maestromio.org\/it\/","logo":{"@type":"ImageObject","inLanguage":"it-IT","@id":"https:\/\/maestromio.org\/it\/#\/schema\/logo\/image\/","url":"https:\/\/maestromio.org\/wp-content\/uploads\/cropped-logo_maestromio.png","contentUrl":"https:\/\/maestromio.org\/wp-content\/uploads\/cropped-logo_maestromio.png","width":165,"height":165,"caption":"Maestro m\u00edo - The language school"},"image":{"@id":"https:\/\/maestromio.org\/it\/#\/schema\/logo\/image\/"},"sameAs":["https:\/\/www.facebook.com\/MaestroMioMalaga\/","https:\/\/x.com\/MaestroMio_","https:\/\/www.instagram.com\/maestromioschool\/"]}]}},"_links":{"self":[{"href":"https:\/\/maestromio.org\/it\/wp-json\/wp\/v2\/pages\/13428","targetHints":{"allow":["GET"]}}],"collection":[{"href":"https:\/\/maestromio.org\/it\/wp-json\/wp\/v2\/pages"}],"about":[{"href":"https:\/\/maestromio.org\/it\/wp-json\/wp\/v2\/types\/page"}],"author":[{"embeddable":true,"href":"https:\/\/maestromio.org\/it\/wp-json\/wp\/v2\/users\/2"}],"replies":[{"embeddable":true,"href":"https:\/\/maestromio.org\/it\/wp-json\/wp\/v2\/comments?post=13428"}],"version-history":[{"count":2,"href":"https:\/\/maestromio.org\/it\/wp-json\/wp\/v2\/pages\/13428\/revisions"}],"predecessor-version":[{"id":19205,"href":"https:\/\/maestromio.org\/it\/wp-json\/wp\/v2\/pages\/13428\/revisions\/19205"}],"wp:attachment":[{"href":"https:\/\/maestromio.org\/it\/wp-json\/wp\/v2\/media?parent=13428"}],"curies":[{"name":"wp","href":"https:\/\/api.w.org\/{rel}","templated":true}]}}