{"id":12788,"date":"2021-06-04T11:33:36","date_gmt":"2021-06-04T10:33:36","guid":{"rendered":"https:\/\/www.maestromio.org\/actividades-y-excursiones-en-espana\/"},"modified":"2021-06-04T12:57:32","modified_gmt":"2021-06-04T11:57:32","slug":"attivita-ed-escursioni-in-spagna","status":"publish","type":"page","link":"https:\/\/maestromio.org\/it\/attivita-ed-escursioni-in-spagna\/","title":{"rendered":"Attivit\u00e1 ed escursioni in Spagna"},"content":{"rendered":"\t\t<div data-elementor-type=\"wp-page\" data-elementor-id=\"12788\" class=\"elementor elementor-12788 elementor-12783\" data-elementor-post-type=\"page\">\n\t\t\t\t\t\t<section class=\"elementor-section elementor-top-section elementor-element elementor-element-4cc6202b elementor-section-height-min-height elementor-section-stretched elementor-section-boxed elementor-section-height-default elementor-section-items-middle\" data-id=\"4cc6202b\" data-element_type=\"section\" data-e-type=\"section\" data-settings=\"{&quot;background_background&quot;:&quot;classic&quot;,&quot;stretch_section&quot;:&quot;section-stretched&quot;}\">\n\t\t\t\t\t\t<div class=\"elementor-container elementor-column-gap-default\">\n\t\t\t\t\t<div class=\"elementor-column elementor-col-100 elementor-top-column elementor-element elementor-element-231f6ab4\" data-id=\"231f6ab4\" data-element_type=\"column\" data-e-type=\"column\">\n\t\t\t<div class=\"elementor-widget-wrap elementor-element-populated\">\n\t\t\t\t\t\t<div class=\"elementor-element elementor-element-58ca6713 elementor-widget elementor-widget-heading\" data-id=\"58ca6713\" data-element_type=\"widget\" data-e-type=\"widget\" data-widget_type=\"heading.default\">\n\t\t\t\t<div class=\"elementor-widget-container\">\n\t\t\t\t\t<h1 class=\"elementor-heading-title elementor-size-default\">Attivit\u00e1 ed escursioni in Spagna<\/h1>\t\t\t\t<\/div>\n\t\t\t\t<\/div>\n\t\t\t\t\t<\/div>\n\t\t<\/div>\n\t\t\t\t\t<\/div>\n\t\t<\/section>\n\t\t\t\t<section class=\"elementor-section elementor-top-section elementor-element elementor-element-16ba6c17 elementor-section-boxed elementor-section-height-default elementor-section-height-default\" data-id=\"16ba6c17\" data-element_type=\"section\" data-e-type=\"section\">\n\t\t\t\t\t\t<div class=\"elementor-container elementor-column-gap-default\">\n\t\t\t\t\t<div class=\"elementor-column elementor-col-100 elementor-top-column elementor-element elementor-element-3431963\" data-id=\"3431963\" data-element_type=\"column\" data-e-type=\"column\">\n\t\t\t<div class=\"elementor-widget-wrap elementor-element-populated\">\n\t\t\t\t\t\t<div class=\"elementor-element elementor-element-3281a5ea elementor-widget elementor-widget-text-editor\" data-id=\"3281a5ea\" data-element_type=\"widget\" data-e-type=\"widget\" data-widget_type=\"text-editor.default\">\n\t\t\t\t<div class=\"elementor-widget-container\">\n\t\t\t\t\t\t\t\t\t<p>Alla luce della situazione causata dal COVID-19, in questo momento non possiamo offrire il nostro normale programma culturale. Se desideri maggiori informazioni, scrivici al nostro indirizzo di posta elettronica <a href=\"mailto:hola@onspain.es\">hola@onspain.es<\/a> e ti terremo informato.<\/p>\t\t\t\t\t\t\t\t<\/div>\n\t\t\t\t<\/div>\n\t\t\t\t\t<\/div>\n\t\t<\/div>\n\t\t\t\t\t<\/div>\n\t\t<\/section>\n\t\t\t\t<\/div>\n\t\t","protected":false},"excerpt":{"rendered":"<p>Attivit\u00e1 ed escursioni in Spagna Alla luce della situazione causata dal COVID-19, in questo momento non possiamo offrire il nostro normale programma culturale. Se desideri maggiori informazioni, scrivici al nostro indirizzo di posta elettronica hola@onspain.es e ti terremo informato.<\/p>\n","protected":false},"author":2,"featured_media":0,"parent":0,"menu_order":0,"comment_status":"closed","ping_status":"closed","template":"","meta":{"inline_featured_image":false,"footnotes":""},"class_list":["post-12788","page","type-page","status-publish"],"yoast_head":"<!-- This site is optimized with the Yoast SEO plugin v27.4 - https:\/\/yoast.com\/product\/yoast-seo-wordpress\/ -->\n<title>Attivit\u00e1 ed escursioni in Spagna - Maestro m\u00edo - The language school<\/title>\n<meta name=\"robots\" content=\"index, follow, max-snippet:-1, max-image-preview:large, max-video-preview:-1\" \/>\n<link rel=\"canonical\" href=\"https:\/\/maestromio.org\/it\/attivita-ed-escursioni-in-spagna\/\" \/>\n<meta property=\"og:locale\" content=\"it_IT\" \/>\n<meta property=\"og:type\" content=\"article\" \/>\n<meta property=\"og:title\" content=\"Attivit\u00e1 ed escursioni in Spagna - Maestro m\u00edo - The language school\" \/>\n<meta property=\"og:description\" content=\"Attivit\u00e1 ed escursioni in Spagna Alla luce della situazione causata dal COVID-19, in questo momento non possiamo offrire il nostro normale programma culturale. Se desideri maggiori informazioni, scrivici al nostro indirizzo di posta elettronica hola@onspain.es e ti terremo informato.\" \/>\n<meta property=\"og:url\" content=\"https:\/\/maestromio.org\/it\/attivita-ed-escursioni-in-spagna\/\" \/>\n<meta property=\"og:site_name\" content=\"Maestro m\u00edo - The language school\" \/>\n<meta property=\"article:publisher\" content=\"https:\/\/www.facebook.com\/MaestroMioMalaga\/\" \/>\n<meta property=\"article:modified_time\" content=\"2021-06-04T11:57:32+00:00\" \/>\n<meta property=\"og:image\" content=\"https:\/\/maestromio.org\/wp-content\/uploads\/logo_maestromio.png\" \/>\n\t<meta property=\"og:image:width\" content=\"350\" \/>\n\t<meta property=\"og:image:height\" content=\"188\" \/>\n\t<meta property=\"og:image:type\" content=\"image\/png\" \/>\n<meta name=\"twitter:card\" content=\"summary_large_image\" \/>\n<meta name=\"twitter:site\" content=\"@MaestroMio_\" \/>\n<meta name=\"twitter:label1\" content=\"Tempo di lettura stimato\" \/>\n\t<meta name=\"twitter:data1\" content=\"1 minuto\" \/>\n<script type=\"application\/ld+json\" class=\"yoast-schema-graph\">{\"@context\":\"https:\\\/\\\/schema.org\",\"@graph\":[{\"@type\":\"WebPage\",\"@id\":\"https:\\\/\\\/maestromio.org\\\/it\\\/attivita-ed-escursioni-in-spagna\\\/\",\"url\":\"https:\\\/\\\/maestromio.org\\\/it\\\/attivita-ed-escursioni-in-spagna\\\/\",\"name\":\"Attivit\u00e1 ed escursioni in Spagna - Maestro m\u00edo - The language school\",\"isPartOf\":{\"@id\":\"https:\\\/\\\/maestromio.org\\\/it\\\/#website\"},\"datePublished\":\"2021-06-04T10:33:36+00:00\",\"dateModified\":\"2021-06-04T11:57:32+00:00\",\"breadcrumb\":{\"@id\":\"https:\\\/\\\/maestromio.org\\\/it\\\/attivita-ed-escursioni-in-spagna\\\/#breadcrumb\"},\"inLanguage\":\"it-IT\",\"potentialAction\":[{\"@type\":\"ReadAction\",\"target\":[\"https:\\\/\\\/maestromio.org\\\/it\\\/attivita-ed-escursioni-in-spagna\\\/\"]}]},{\"@type\":\"BreadcrumbList\",\"@id\":\"https:\\\/\\\/maestromio.org\\\/it\\\/attivita-ed-escursioni-in-spagna\\\/#breadcrumb\",\"itemListElement\":[{\"@type\":\"ListItem\",\"position\":1,\"name\":\"Home\",\"item\":\"https:\\\/\\\/maestromio.org\\\/it\\\/\"},{\"@type\":\"ListItem\",\"position\":2,\"name\":\"Attivit\u00e1 ed escursioni in Spagna\"}]},{\"@type\":\"WebSite\",\"@id\":\"https:\\\/\\\/maestromio.org\\\/it\\\/#website\",\"url\":\"https:\\\/\\\/maestromio.org\\\/it\\\/\",\"name\":\"MaestroM\u00edo - The Language School\",\"description\":\"Spanish Courses in Spain\",\"publisher\":{\"@id\":\"https:\\\/\\\/maestromio.org\\\/it\\\/#organization\"},\"alternateName\":\"MaestroM\u00edo\",\"potentialAction\":[{\"@type\":\"SearchAction\",\"target\":{\"@type\":\"EntryPoint\",\"urlTemplate\":\"https:\\\/\\\/maestromio.org\\\/it\\\/?s={search_term_string}\"},\"query-input\":{\"@type\":\"PropertyValueSpecification\",\"valueRequired\":true,\"valueName\":\"search_term_string\"}}],\"inLanguage\":\"it-IT\"},{\"@type\":\"Organization\",\"@id\":\"https:\\\/\\\/maestromio.org\\\/it\\\/#organization\",\"name\":\"Maestro m\u00edo - The language school\",\"alternateName\":\"Maestromio\",\"url\":\"https:\\\/\\\/maestromio.org\\\/it\\\/\",\"logo\":{\"@type\":\"ImageObject\",\"inLanguage\":\"it-IT\",\"@id\":\"https:\\\/\\\/maestromio.org\\\/it\\\/#\\\/schema\\\/logo\\\/image\\\/\",\"url\":\"https:\\\/\\\/maestromio.org\\\/wp-content\\\/uploads\\\/cropped-logo_maestromio.png\",\"contentUrl\":\"https:\\\/\\\/maestromio.org\\\/wp-content\\\/uploads\\\/cropped-logo_maestromio.png\",\"width\":165,\"height\":165,\"caption\":\"Maestro m\u00edo - The language school\"},\"image\":{\"@id\":\"https:\\\/\\\/maestromio.org\\\/it\\\/#\\\/schema\\\/logo\\\/image\\\/\"},\"sameAs\":[\"https:\\\/\\\/www.facebook.com\\\/MaestroMioMalaga\\\/\",\"https:\\\/\\\/x.com\\\/MaestroMio_\",\"https:\\\/\\\/www.instagram.com\\\/maestromioschool\\\/\"]}]}<\/script>\n<!-- \/ Yoast SEO plugin. -->","yoast_head_json":{"title":"Attivit\u00e1 ed escursioni in Spagna - Maestro m\u00edo - The language school","robots":{"index":"index","follow":"follow","max-snippet":"max-snippet:-1","max-image-preview":"max-image-preview:large","max-video-preview":"max-video-preview:-1"},"canonical":"https:\/\/maestromio.org\/it\/attivita-ed-escursioni-in-spagna\/","og_locale":"it_IT","og_type":"article","og_title":"Attivit\u00e1 ed escursioni in Spagna - Maestro m\u00edo - The language school","og_description":"Attivit\u00e1 ed escursioni in Spagna Alla luce della situazione causata dal COVID-19, in questo momento non possiamo offrire il nostro normale programma culturale. Se desideri maggiori informazioni, scrivici al nostro indirizzo di posta elettronica hola@onspain.es e ti terremo informato.","og_url":"https:\/\/maestromio.org\/it\/attivita-ed-escursioni-in-spagna\/","og_site_name":"Maestro m\u00edo - The language school","article_publisher":"https:\/\/www.facebook.com\/MaestroMioMalaga\/","article_modified_time":"2021-06-04T11:57:32+00:00","og_image":[{"width":350,"height":188,"url":"https:\/\/maestromio.org\/wp-content\/uploads\/logo_maestromio.png","type":"image\/png"}],"twitter_card":"summary_large_image","twitter_site":"@MaestroMio_","twitter_misc":{"Tempo di lettura stimato":"1 minuto"},"schema":{"@context":"https:\/\/schema.org","@graph":[{"@type":"WebPage","@id":"https:\/\/maestromio.org\/it\/attivita-ed-escursioni-in-spagna\/","url":"https:\/\/maestromio.org\/it\/attivita-ed-escursioni-in-spagna\/","name":"Attivit\u00e1 ed escursioni in Spagna - Maestro m\u00edo - The language school","isPartOf":{"@id":"https:\/\/maestromio.org\/it\/#website"},"datePublished":"2021-06-04T10:33:36+00:00","dateModified":"2021-06-04T11:57:32+00:00","breadcrumb":{"@id":"https:\/\/maestromio.org\/it\/attivita-ed-escursioni-in-spagna\/#breadcrumb"},"inLanguage":"it-IT","potentialAction":[{"@type":"ReadAction","target":["https:\/\/maestromio.org\/it\/attivita-ed-escursioni-in-spagna\/"]}]},{"@type":"BreadcrumbList","@id":"https:\/\/maestromio.org\/it\/attivita-ed-escursioni-in-spagna\/#breadcrumb","itemListElement":[{"@type":"ListItem","position":1,"name":"Home","item":"https:\/\/maestromio.org\/it\/"},{"@type":"ListItem","position":2,"name":"Attivit\u00e1 ed escursioni in Spagna"}]},{"@type":"WebSite","@id":"https:\/\/maestromio.org\/it\/#website","url":"https:\/\/maestromio.org\/it\/","name":"MaestroM\u00edo - The Language School","description":"Spanish Courses in Spain","publisher":{"@id":"https:\/\/maestromio.org\/it\/#organization"},"alternateName":"MaestroM\u00edo","potentialAction":[{"@type":"SearchAction","target":{"@type":"EntryPoint","urlTemplate":"https:\/\/maestromio.org\/it\/?s={search_term_string}"},"query-input":{"@type":"PropertyValueSpecification","valueRequired":true,"valueName":"search_term_string"}}],"inLanguage":"it-IT"},{"@type":"Organization","@id":"https:\/\/maestromio.org\/it\/#organization","name":"Maestro m\u00edo - The language school","alternateName":"Maestromio","url":"https:\/\/maestromio.org\/it\/","logo":{"@type":"ImageObject","inLanguage":"it-IT","@id":"https:\/\/maestromio.org\/it\/#\/schema\/logo\/image\/","url":"https:\/\/maestromio.org\/wp-content\/uploads\/cropped-logo_maestromio.png","contentUrl":"https:\/\/maestromio.org\/wp-content\/uploads\/cropped-logo_maestromio.png","width":165,"height":165,"caption":"Maestro m\u00edo - The language school"},"image":{"@id":"https:\/\/maestromio.org\/it\/#\/schema\/logo\/image\/"},"sameAs":["https:\/\/www.facebook.com\/MaestroMioMalaga\/","https:\/\/x.com\/MaestroMio_","https:\/\/www.instagram.com\/maestromioschool\/"]}]}},"_links":{"self":[{"href":"https:\/\/maestromio.org\/it\/wp-json\/wp\/v2\/pages\/12788","targetHints":{"allow":["GET"]}}],"collection":[{"href":"https:\/\/maestromio.org\/it\/wp-json\/wp\/v2\/pages"}],"about":[{"href":"https:\/\/maestromio.org\/it\/wp-json\/wp\/v2\/types\/page"}],"author":[{"embeddable":true,"href":"https:\/\/maestromio.org\/it\/wp-json\/wp\/v2\/users\/2"}],"replies":[{"embeddable":true,"href":"https:\/\/maestromio.org\/it\/wp-json\/wp\/v2\/comments?post=12788"}],"version-history":[{"count":5,"href":"https:\/\/maestromio.org\/it\/wp-json\/wp\/v2\/pages\/12788\/revisions"}],"predecessor-version":[{"id":12854,"href":"https:\/\/maestromio.org\/it\/wp-json\/wp\/v2\/pages\/12788\/revisions\/12854"}],"wp:attachment":[{"href":"https:\/\/maestromio.org\/it\/wp-json\/wp\/v2\/media?parent=12788"}],"curies":[{"name":"wp","href":"https:\/\/api.w.org\/{rel}","templated":true}]}}