{"id":12621,"date":"2021-05-24T12:29:26","date_gmt":"2021-05-24T11:29:26","guid":{"rendered":"https:\/\/www.maestromio.org\/la-filosofia-onspain-school\/"},"modified":"2024-09-05T11:18:35","modified_gmt":"2024-09-05T10:18:35","slug":"la-filosofia-maestromio","status":"publish","type":"page","link":"https:\/\/maestromio.org\/it\/la-filosofia-maestromio\/","title":{"rendered":"La filosofia MaestroM\u00edo"},"content":{"rendered":"<p>MMaestro M\u00edo \u00e9 un luogo in cui i tuoi sogni diventano realt\u00e1, perch\u00e9 per noi contano di pi\u00fa i fatti delle parole.<\/p>\n<p>Con Maestro M\u00eco non solo imparerai lo spagnolo, ma lo VIVRAI. La nostra filosofia \u00e8 quella di condividere con te il viaggio attraverso la tua formazione, rendendola un\u2019esperienza unica, perch\u00e8 per noi tu sei unico. Per questo, disponiamo di uno staff per cui il rapporto con lo studente \u00e8 la cosa pi\u00f9 importante, risponder\u00e1 in ogni momento alle tue necessit\u00e1.<\/p>\n<p>Faremo in modo che la tua immersione linguistica sia completa e che non ti aiuti solo ad approfondire e usare correttamente la lingua ma anche ad affezionarti alla nostra cultura, alla nostra gastronomia e alle nostre radici.<\/p>\n<p>A questo proposito, oltre alle lezioni, in cui avrai l\u2019opportunit\u00e1 di vivere tutto questo da vicino con esercizi pratici costanti, disponiamo di un programma di attivit\u00e1 molto ricco, in cui i nostri istruttori ti faranno\u00a0 scoprire le storie, i racconti, le abitudini e i luoghi\u2026 in modo piacevole e che non dimenticherai mai come un ricordo incancellabile.<\/p>\n<p><strong>Missione: <\/strong><\/p>\n<p>Siamo un gruppo internazionale, determinato, creativo e flessibile, e il nostro compito \u00e8 offrire ai nostri clienti un prodotto personalizzato e di qualit\u00e1, per potersi sentire parte integrante della nostra grande famiglia e vivere un soggiorno e una formazione linguistica professionale e divertente allo stesso tempo.<\/p>\n<p><strong>Visione:<\/strong><\/p>\n<p>Vogliamo essere un\u2019impresa di riferimento a livello internazionale, offrendo corsi di lingua per gruppi e individuali stranieri combinati con attivit\u00e1 creative in un ambiente familiare e divertente.<\/p>\n<p>Anche per l\u2019area amministrativa \u00e9 importante che si percepisca la filosofia dell\u2019impresa, fornendo un servizio totalmente personalizzato e soddisfacendo tutte le tue esigenze.<\/p>\n","protected":false},"excerpt":{"rendered":"<p>MMaestro M\u00edo \u00e9 un luogo in cui i tuoi sogni diventano realt\u00e1, perch\u00e9 per noi contano di pi\u00fa i fatti delle parole. Con Maestro M\u00eco non solo imparerai lo spagnolo, ma lo VIVRAI. La nostra filosofia \u00e8 quella di condividere con te il viaggio attraverso la tua formazione, rendendola un\u2019esperienza unica, perch\u00e8 per noi tu &#8230; <a title=\"La filosofia MaestroM\u00edo\" class=\"read-more\" href=\"https:\/\/maestromio.org\/it\/la-filosofia-maestromio\/\" aria-label=\"Per saperne di pi\u00f9 su La filosofia MaestroM\u00edo\">Leggi tutto<\/a><\/p>\n","protected":false},"author":2,"featured_media":0,"parent":0,"menu_order":0,"comment_status":"closed","ping_status":"closed","template":"","meta":{"inline_featured_image":false,"footnotes":""},"class_list":["post-12621","page","type-page","status-publish"],"yoast_head":"<!-- This site is optimized with the Yoast SEO plugin v27.4 - https:\/\/yoast.com\/product\/yoast-seo-wordpress\/ -->\n<title>La filosofia MaestroM\u00edo - Maestro m\u00edo - The language school<\/title>\n<meta name=\"robots\" content=\"index, follow, max-snippet:-1, max-image-preview:large, max-video-preview:-1\" \/>\n<link rel=\"canonical\" href=\"https:\/\/maestromio.org\/it\/la-filosofia-maestromio\/\" \/>\n<meta property=\"og:locale\" content=\"it_IT\" \/>\n<meta property=\"og:type\" content=\"article\" \/>\n<meta property=\"og:title\" content=\"La filosofia MaestroM\u00edo - Maestro m\u00edo - The language school\" \/>\n<meta property=\"og:description\" content=\"MMaestro M\u00edo \u00e9 un luogo in cui i tuoi sogni diventano realt\u00e1, perch\u00e9 per noi contano di pi\u00fa i fatti delle parole. Con Maestro M\u00eco non solo imparerai lo spagnolo, ma lo VIVRAI. La nostra filosofia \u00e8 quella di condividere con te il viaggio attraverso la tua formazione, rendendola un\u2019esperienza unica, perch\u00e8 per noi tu ... Leggi tutto\" \/>\n<meta property=\"og:url\" content=\"https:\/\/maestromio.org\/it\/la-filosofia-maestromio\/\" \/>\n<meta property=\"og:site_name\" content=\"Maestro m\u00edo - The language school\" \/>\n<meta property=\"article:publisher\" content=\"https:\/\/www.facebook.com\/MaestroMioMalaga\/\" \/>\n<meta property=\"article:modified_time\" content=\"2024-09-05T10:18:35+00:00\" \/>\n<meta property=\"og:image\" content=\"https:\/\/maestromio.org\/wp-content\/uploads\/logo_maestromio.png\" \/>\n\t<meta property=\"og:image:width\" content=\"350\" \/>\n\t<meta property=\"og:image:height\" content=\"188\" \/>\n\t<meta property=\"og:image:type\" content=\"image\/png\" \/>\n<meta name=\"twitter:card\" content=\"summary_large_image\" \/>\n<meta name=\"twitter:site\" content=\"@MaestroMio_\" \/>\n<meta name=\"twitter:label1\" content=\"Tempo di lettura stimato\" \/>\n\t<meta name=\"twitter:data1\" content=\"2 minuti\" \/>\n<script type=\"application\/ld+json\" class=\"yoast-schema-graph\">{\"@context\":\"https:\\\/\\\/schema.org\",\"@graph\":[{\"@type\":\"WebPage\",\"@id\":\"https:\\\/\\\/maestromio.org\\\/it\\\/la-filosofia-maestromio\\\/\",\"url\":\"https:\\\/\\\/maestromio.org\\\/it\\\/la-filosofia-maestromio\\\/\",\"name\":\"La filosofia MaestroM\u00edo - Maestro m\u00edo - The language school\",\"isPartOf\":{\"@id\":\"https:\\\/\\\/maestromio.org\\\/it\\\/#website\"},\"datePublished\":\"2021-05-24T11:29:26+00:00\",\"dateModified\":\"2024-09-05T10:18:35+00:00\",\"breadcrumb\":{\"@id\":\"https:\\\/\\\/maestromio.org\\\/it\\\/la-filosofia-maestromio\\\/#breadcrumb\"},\"inLanguage\":\"it-IT\",\"potentialAction\":[{\"@type\":\"ReadAction\",\"target\":[\"https:\\\/\\\/maestromio.org\\\/it\\\/la-filosofia-maestromio\\\/\"]}]},{\"@type\":\"BreadcrumbList\",\"@id\":\"https:\\\/\\\/maestromio.org\\\/it\\\/la-filosofia-maestromio\\\/#breadcrumb\",\"itemListElement\":[{\"@type\":\"ListItem\",\"position\":1,\"name\":\"Home\",\"item\":\"https:\\\/\\\/maestromio.org\\\/it\\\/\"},{\"@type\":\"ListItem\",\"position\":2,\"name\":\"La filosofia OnSpain School\"}]},{\"@type\":\"WebSite\",\"@id\":\"https:\\\/\\\/maestromio.org\\\/it\\\/#website\",\"url\":\"https:\\\/\\\/maestromio.org\\\/it\\\/\",\"name\":\"MaestroM\u00edo - The Language School\",\"description\":\"Spanish Courses in Spain\",\"publisher\":{\"@id\":\"https:\\\/\\\/maestromio.org\\\/it\\\/#organization\"},\"alternateName\":\"MaestroM\u00edo\",\"potentialAction\":[{\"@type\":\"SearchAction\",\"target\":{\"@type\":\"EntryPoint\",\"urlTemplate\":\"https:\\\/\\\/maestromio.org\\\/it\\\/?s={search_term_string}\"},\"query-input\":{\"@type\":\"PropertyValueSpecification\",\"valueRequired\":true,\"valueName\":\"search_term_string\"}}],\"inLanguage\":\"it-IT\"},{\"@type\":\"Organization\",\"@id\":\"https:\\\/\\\/maestromio.org\\\/it\\\/#organization\",\"name\":\"Maestro m\u00edo - The language school\",\"alternateName\":\"Maestromio\",\"url\":\"https:\\\/\\\/maestromio.org\\\/it\\\/\",\"logo\":{\"@type\":\"ImageObject\",\"inLanguage\":\"it-IT\",\"@id\":\"https:\\\/\\\/maestromio.org\\\/it\\\/#\\\/schema\\\/logo\\\/image\\\/\",\"url\":\"https:\\\/\\\/maestromio.org\\\/wp-content\\\/uploads\\\/cropped-logo_maestromio.png\",\"contentUrl\":\"https:\\\/\\\/maestromio.org\\\/wp-content\\\/uploads\\\/cropped-logo_maestromio.png\",\"width\":165,\"height\":165,\"caption\":\"Maestro m\u00edo - The language school\"},\"image\":{\"@id\":\"https:\\\/\\\/maestromio.org\\\/it\\\/#\\\/schema\\\/logo\\\/image\\\/\"},\"sameAs\":[\"https:\\\/\\\/www.facebook.com\\\/MaestroMioMalaga\\\/\",\"https:\\\/\\\/x.com\\\/MaestroMio_\",\"https:\\\/\\\/www.instagram.com\\\/maestromioschool\\\/\"]}]}<\/script>\n<!-- \/ Yoast SEO plugin. -->","yoast_head_json":{"title":"La filosofia MaestroM\u00edo - Maestro m\u00edo - The language school","robots":{"index":"index","follow":"follow","max-snippet":"max-snippet:-1","max-image-preview":"max-image-preview:large","max-video-preview":"max-video-preview:-1"},"canonical":"https:\/\/maestromio.org\/it\/la-filosofia-maestromio\/","og_locale":"it_IT","og_type":"article","og_title":"La filosofia MaestroM\u00edo - Maestro m\u00edo - The language school","og_description":"MMaestro M\u00edo \u00e9 un luogo in cui i tuoi sogni diventano realt\u00e1, perch\u00e9 per noi contano di pi\u00fa i fatti delle parole. Con Maestro M\u00eco non solo imparerai lo spagnolo, ma lo VIVRAI. La nostra filosofia \u00e8 quella di condividere con te il viaggio attraverso la tua formazione, rendendola un\u2019esperienza unica, perch\u00e8 per noi tu ... Leggi tutto","og_url":"https:\/\/maestromio.org\/it\/la-filosofia-maestromio\/","og_site_name":"Maestro m\u00edo - The language school","article_publisher":"https:\/\/www.facebook.com\/MaestroMioMalaga\/","article_modified_time":"2024-09-05T10:18:35+00:00","og_image":[{"width":350,"height":188,"url":"https:\/\/maestromio.org\/wp-content\/uploads\/logo_maestromio.png","type":"image\/png"}],"twitter_card":"summary_large_image","twitter_site":"@MaestroMio_","twitter_misc":{"Tempo di lettura stimato":"2 minuti"},"schema":{"@context":"https:\/\/schema.org","@graph":[{"@type":"WebPage","@id":"https:\/\/maestromio.org\/it\/la-filosofia-maestromio\/","url":"https:\/\/maestromio.org\/it\/la-filosofia-maestromio\/","name":"La filosofia MaestroM\u00edo - Maestro m\u00edo - The language school","isPartOf":{"@id":"https:\/\/maestromio.org\/it\/#website"},"datePublished":"2021-05-24T11:29:26+00:00","dateModified":"2024-09-05T10:18:35+00:00","breadcrumb":{"@id":"https:\/\/maestromio.org\/it\/la-filosofia-maestromio\/#breadcrumb"},"inLanguage":"it-IT","potentialAction":[{"@type":"ReadAction","target":["https:\/\/maestromio.org\/it\/la-filosofia-maestromio\/"]}]},{"@type":"BreadcrumbList","@id":"https:\/\/maestromio.org\/it\/la-filosofia-maestromio\/#breadcrumb","itemListElement":[{"@type":"ListItem","position":1,"name":"Home","item":"https:\/\/maestromio.org\/it\/"},{"@type":"ListItem","position":2,"name":"La filosofia OnSpain School"}]},{"@type":"WebSite","@id":"https:\/\/maestromio.org\/it\/#website","url":"https:\/\/maestromio.org\/it\/","name":"MaestroM\u00edo - The Language School","description":"Spanish Courses in Spain","publisher":{"@id":"https:\/\/maestromio.org\/it\/#organization"},"alternateName":"MaestroM\u00edo","potentialAction":[{"@type":"SearchAction","target":{"@type":"EntryPoint","urlTemplate":"https:\/\/maestromio.org\/it\/?s={search_term_string}"},"query-input":{"@type":"PropertyValueSpecification","valueRequired":true,"valueName":"search_term_string"}}],"inLanguage":"it-IT"},{"@type":"Organization","@id":"https:\/\/maestromio.org\/it\/#organization","name":"Maestro m\u00edo - The language school","alternateName":"Maestromio","url":"https:\/\/maestromio.org\/it\/","logo":{"@type":"ImageObject","inLanguage":"it-IT","@id":"https:\/\/maestromio.org\/it\/#\/schema\/logo\/image\/","url":"https:\/\/maestromio.org\/wp-content\/uploads\/cropped-logo_maestromio.png","contentUrl":"https:\/\/maestromio.org\/wp-content\/uploads\/cropped-logo_maestromio.png","width":165,"height":165,"caption":"Maestro m\u00edo - The language school"},"image":{"@id":"https:\/\/maestromio.org\/it\/#\/schema\/logo\/image\/"},"sameAs":["https:\/\/www.facebook.com\/MaestroMioMalaga\/","https:\/\/x.com\/MaestroMio_","https:\/\/www.instagram.com\/maestromioschool\/"]}]}},"_links":{"self":[{"href":"https:\/\/maestromio.org\/it\/wp-json\/wp\/v2\/pages\/12621","targetHints":{"allow":["GET"]}}],"collection":[{"href":"https:\/\/maestromio.org\/it\/wp-json\/wp\/v2\/pages"}],"about":[{"href":"https:\/\/maestromio.org\/it\/wp-json\/wp\/v2\/types\/page"}],"author":[{"embeddable":true,"href":"https:\/\/maestromio.org\/it\/wp-json\/wp\/v2\/users\/2"}],"replies":[{"embeddable":true,"href":"https:\/\/maestromio.org\/it\/wp-json\/wp\/v2\/comments?post=12621"}],"version-history":[{"count":5,"href":"https:\/\/maestromio.org\/it\/wp-json\/wp\/v2\/pages\/12621\/revisions"}],"predecessor-version":[{"id":24467,"href":"https:\/\/maestromio.org\/it\/wp-json\/wp\/v2\/pages\/12621\/revisions\/24467"}],"wp:attachment":[{"href":"https:\/\/maestromio.org\/it\/wp-json\/wp\/v2\/media?parent=12621"}],"curies":[{"name":"wp","href":"https:\/\/api.w.org\/{rel}","templated":true}]}}