{"id":10466,"date":"2020-11-16T14:01:39","date_gmt":"2020-11-16T13:01:39","guid":{"rendered":"https:\/\/www.maestromio.org\/politica-de-privacidad\/"},"modified":"2023-05-30T19:42:06","modified_gmt":"2023-05-30T18:42:06","slug":"informativa-sulla-privacy","status":"publish","type":"page","link":"https:\/\/maestromio.org\/it\/informativa-sulla-privacy\/","title":{"rendered":"Informativa sulla privacy"},"content":{"rendered":"<p>L&#8217;Utente che desidera fornire i propri dati personali attraverso questo sito web deve essere maggiorenne.<\/p>\n<p>Ai fini della LOPD, gli Utenti sono informati che i dati ottenuti attraverso il completamento delle diverse forme del sito web saranno sottoposti a trattamento automatizzato e incorporati in un file automatizzato debitamente registrato nel Registro Generale della Protezione dei Dati, il cui responsabile e destinatario \u00e8 SCHOOL BRIO, S.L., en adelante \u201cMAESTROM\u00cdO\u201d, con CIF: B93723443 e sede sociale in Calle Mart\u00ednez, 12, 1\u00ba C, 29005, M\u00e1laga (Spagna) e indirizzo di posta elettronica <a href=\"mailto:protecciondedatos@maestromio.org\">protecciondedatos@maestromio.org<\/a>.<\/p>\n<p>Lo scopo del trattamento dipender\u00e0 dal tipo di modulo compilato. In ogni caso, sussistono sono attualmente i seguenti scopi:<\/p>\n<ol>\n<li>Ottenere i dati necessari dell&#8217;Utente per l&#8217;invio di informazioni relative ai servizi richiesti dagli utentiI dati raccolti nei <strong>formulari di contatto<\/strong> sono il nome del richiedente, l&#8217;e-mail di contatto, la nazionalit\u00e0 e i dati forniti per poter informare sul servizio consultato.<\/li>\n<li>Ottenere i dati necessari dell&#8217;Utente per l&#8217;iscrizione ai nostri corsi e ad altri servizi.I dati raccolti nel <strong>form di registrazione<\/strong> e nella <strong>calcolatrice<\/strong> sono nome e cognome del richiedente, email e recapito telefonico e i dati forniti per poter informare sul servizio consultato e riservato.<\/li>\n<\/ol>\n<p>L&#8217;Utente dar\u00e0 il proprio consenso espresso a MAESTROM\u00cdO al trattamento dei propri dati personali, secondo le condizioni descritte in questa sezione, cliccando su &#8220;Accetto&#8221; il modulo e, successivamente, procedendo ad &#8220;Invia&#8221;.<\/p>\n<p><strong>TRASFERIMENTO DEI DATI<\/strong><\/p>\n<p>Non vengono effettuati trasferimenti dei dati ottenuti in questi moduli<\/p>\n<p><strong>PER QUANTO TEMPO MANTERREMO I SUOI DATI PERSONALI?<\/strong><\/p>\n<p>Conserveremo i tuoi dati finch\u00e9 viene mantenuto lo scopo per il quale sono stati raccolti e non ne richiedi la cancellazione dai nostri archivi. Quando non \u00e8 pi\u00f9 necessario a tale scopo o ci chiedi di cancellarli, conserveremo i dati che potrebbero essere necessari bloccati durante le scadenze legalmente stabilite per rispondere a qualsiasi domanda relativa al tuo trattamento, fino a un massimo di 1 anno. Decorsi i termini di legge, i dati personali saranno cancellati adottando le opportune misure di sicurezza che ne garantiscano la totale distruzione.<\/p>\n<p><strong>MISURE DI SICUREZZA<\/strong><\/p>\n<p>Il responsabile del file ha adottato i livelli di sicurezza di protezione dei Dati Personali legalmente richiesti e ha installato tutti i mezzi e le misure tecniche disponibili in base allo stato della tecnologia per evitare la perdita, l&#8217;uso improprio, l&#8217;alterazione, l&#8217;accesso non autorizzato e il furto dei Dati Personali forniti.<\/p>\n<p><strong>QUALI SONO I DIRITTI SUI DATI PERSONALI E COME POSSONO ESSERE ESERCITATI?<\/strong><\/p>\n<p>Oltre al diritto di essere informato sul modo in cui lo stiamo facendo in questa clausola, hai i seguenti diritti:<\/p>\n<ul>\n<li>Diritti di accesso per conoscere quali sono i tuoi dati trattati, per quali finalit\u00e0, l&#8217;origine degli stessi e se li comunichiamo o li abbiamo comunicati a terzi<\/li>\n<li>Diritto di modificare i tuoi dati quando sono incompleti o inesatti;<\/li>\n<li>Diritto alla cancellazione dei tuoi dati qualora sia venuta meno la finalit\u00e0 per la quale li hai forniti, il trattamento non sia lecito, o la revoca del consenso e negli altri casi previsti dalla legge<\/li>\n<li>Diritto di opposizione per impedirci di trattare i tuoi dati per determinate finalit\u00e0, o chiederci di interromperlo, sebbene sia possibile solo nei casi previsti dalla legge<\/li>\n<li>Diritto di richiedere la limitazione del trattamento mentre \u00e8 verificata la contestazione dell&#8217;esattezza dello stesso, o comprende che il trattamento \u00e8 illecito e si oppone alla cancellazione dei dati, oppure MAESTROM\u00cdO non ha pi\u00f9 bisogno dei dati ma ne ha bisogno per la formulazione, esercizio o difesa di pretese, ovvero si sia opposto al loro trattamento per il soddisfacimento di un legittimo interesse verificando la sussistenza del predetto interesse e la sua prevalenza sul Vostro<\/li>\n<li>Diritto alla portabilit\u00e0 per ricevere i propri dati in un formato elettronico strutturato e di uso comune e poterli trasmettere ad altro responsabile<\/li>\n<li>Diritto di non essere soggetto a decisioni individuali automatizzate in modo da non prendere una decisione su di te basata solo sul trattamento dei tuoi dati che produce effetti legali nella tua sfera personale o ti riguarda in modo simile.<\/li>\n<\/ul>\n<p>Per esercitare uno di questi diritti, puoi scrivere o inviare un&#8217;e-mail all&#8217;indirizzo MAESTROM\u00cdO indicato nella sezione &#8220;Note legali&#8221;.<\/p>\n<p>&nbsp;<\/p>\n","protected":false},"excerpt":{"rendered":"<p>L&#8217;Utente che desidera fornire i propri dati personali attraverso questo sito web deve essere maggiorenne. Ai fini della LOPD, gli Utenti sono informati che i dati ottenuti attraverso il completamento delle diverse forme del sito web saranno sottoposti a trattamento automatizzato e incorporati in un file automatizzato debitamente registrato nel Registro Generale della Protezione dei &#8230; <a title=\"Informativa sulla privacy\" class=\"read-more\" href=\"https:\/\/maestromio.org\/it\/informativa-sulla-privacy\/\" aria-label=\"Per saperne di pi\u00f9 su Informativa sulla privacy\">Leggi tutto<\/a><\/p>\n","protected":false},"author":2,"featured_media":0,"parent":0,"menu_order":0,"comment_status":"closed","ping_status":"closed","template":"","meta":{"inline_featured_image":false,"footnotes":""},"class_list":["post-10466","page","type-page","status-publish"],"yoast_head":"<!-- This site is optimized with the Yoast SEO plugin v27.4 - https:\/\/yoast.com\/product\/yoast-seo-wordpress\/ -->\n<title>Informativa sulla privacy - Maestro m\u00edo - The language school<\/title>\n<meta name=\"robots\" content=\"index, follow, max-snippet:-1, max-image-preview:large, max-video-preview:-1\" \/>\n<link rel=\"canonical\" href=\"https:\/\/maestromio.org\/it\/informativa-sulla-privacy\/\" \/>\n<meta property=\"og:locale\" content=\"it_IT\" \/>\n<meta property=\"og:type\" content=\"article\" \/>\n<meta property=\"og:title\" content=\"Informativa sulla privacy - Maestro m\u00edo - The language school\" \/>\n<meta property=\"og:description\" content=\"L&#8217;Utente che desidera fornire i propri dati personali attraverso questo sito web deve essere maggiorenne. Ai fini della LOPD, gli Utenti sono informati che i dati ottenuti attraverso il completamento delle diverse forme del sito web saranno sottoposti a trattamento automatizzato e incorporati in un file automatizzato debitamente registrato nel Registro Generale della Protezione dei ... Leggi tutto\" \/>\n<meta property=\"og:url\" content=\"https:\/\/maestromio.org\/it\/informativa-sulla-privacy\/\" \/>\n<meta property=\"og:site_name\" content=\"Maestro m\u00edo - The language school\" \/>\n<meta property=\"article:publisher\" content=\"https:\/\/www.facebook.com\/MaestroMioMalaga\/\" \/>\n<meta property=\"article:modified_time\" content=\"2023-05-30T18:42:06+00:00\" \/>\n<meta property=\"og:image\" content=\"https:\/\/maestromio.org\/wp-content\/uploads\/logo_maestromio.png\" \/>\n\t<meta property=\"og:image:width\" content=\"350\" \/>\n\t<meta property=\"og:image:height\" content=\"188\" \/>\n\t<meta property=\"og:image:type\" content=\"image\/png\" \/>\n<meta name=\"twitter:card\" content=\"summary_large_image\" \/>\n<meta name=\"twitter:site\" content=\"@MaestroMio_\" \/>\n<meta name=\"twitter:label1\" content=\"Tempo di lettura stimato\" \/>\n\t<meta name=\"twitter:data1\" content=\"4 minuti\" \/>\n<script type=\"application\/ld+json\" class=\"yoast-schema-graph\">{\"@context\":\"https:\\\/\\\/schema.org\",\"@graph\":[{\"@type\":\"WebPage\",\"@id\":\"https:\\\/\\\/maestromio.org\\\/it\\\/informativa-sulla-privacy\\\/\",\"url\":\"https:\\\/\\\/maestromio.org\\\/it\\\/informativa-sulla-privacy\\\/\",\"name\":\"Informativa sulla privacy - Maestro m\u00edo - The language school\",\"isPartOf\":{\"@id\":\"https:\\\/\\\/maestromio.org\\\/it\\\/#website\"},\"datePublished\":\"2020-11-16T13:01:39+00:00\",\"dateModified\":\"2023-05-30T18:42:06+00:00\",\"breadcrumb\":{\"@id\":\"https:\\\/\\\/maestromio.org\\\/it\\\/informativa-sulla-privacy\\\/#breadcrumb\"},\"inLanguage\":\"it-IT\",\"potentialAction\":[{\"@type\":\"ReadAction\",\"target\":[\"https:\\\/\\\/maestromio.org\\\/it\\\/informativa-sulla-privacy\\\/\"]}]},{\"@type\":\"BreadcrumbList\",\"@id\":\"https:\\\/\\\/maestromio.org\\\/it\\\/informativa-sulla-privacy\\\/#breadcrumb\",\"itemListElement\":[{\"@type\":\"ListItem\",\"position\":1,\"name\":\"Home\",\"item\":\"https:\\\/\\\/maestromio.org\\\/it\\\/\"},{\"@type\":\"ListItem\",\"position\":2,\"name\":\"Informativa sulla privacy\"}]},{\"@type\":\"WebSite\",\"@id\":\"https:\\\/\\\/maestromio.org\\\/it\\\/#website\",\"url\":\"https:\\\/\\\/maestromio.org\\\/it\\\/\",\"name\":\"MaestroM\u00edo - The Language School\",\"description\":\"Spanish Courses in Spain\",\"publisher\":{\"@id\":\"https:\\\/\\\/maestromio.org\\\/it\\\/#organization\"},\"alternateName\":\"MaestroM\u00edo\",\"potentialAction\":[{\"@type\":\"SearchAction\",\"target\":{\"@type\":\"EntryPoint\",\"urlTemplate\":\"https:\\\/\\\/maestromio.org\\\/it\\\/?s={search_term_string}\"},\"query-input\":{\"@type\":\"PropertyValueSpecification\",\"valueRequired\":true,\"valueName\":\"search_term_string\"}}],\"inLanguage\":\"it-IT\"},{\"@type\":\"Organization\",\"@id\":\"https:\\\/\\\/maestromio.org\\\/it\\\/#organization\",\"name\":\"Maestro m\u00edo - The language school\",\"alternateName\":\"Maestromio\",\"url\":\"https:\\\/\\\/maestromio.org\\\/it\\\/\",\"logo\":{\"@type\":\"ImageObject\",\"inLanguage\":\"it-IT\",\"@id\":\"https:\\\/\\\/maestromio.org\\\/it\\\/#\\\/schema\\\/logo\\\/image\\\/\",\"url\":\"https:\\\/\\\/maestromio.org\\\/wp-content\\\/uploads\\\/cropped-logo_maestromio.png\",\"contentUrl\":\"https:\\\/\\\/maestromio.org\\\/wp-content\\\/uploads\\\/cropped-logo_maestromio.png\",\"width\":165,\"height\":165,\"caption\":\"Maestro m\u00edo - The language school\"},\"image\":{\"@id\":\"https:\\\/\\\/maestromio.org\\\/it\\\/#\\\/schema\\\/logo\\\/image\\\/\"},\"sameAs\":[\"https:\\\/\\\/www.facebook.com\\\/MaestroMioMalaga\\\/\",\"https:\\\/\\\/x.com\\\/MaestroMio_\",\"https:\\\/\\\/www.instagram.com\\\/maestromioschool\\\/\"]}]}<\/script>\n<!-- \/ Yoast SEO plugin. -->","yoast_head_json":{"title":"Informativa sulla privacy - Maestro m\u00edo - The language school","robots":{"index":"index","follow":"follow","max-snippet":"max-snippet:-1","max-image-preview":"max-image-preview:large","max-video-preview":"max-video-preview:-1"},"canonical":"https:\/\/maestromio.org\/it\/informativa-sulla-privacy\/","og_locale":"it_IT","og_type":"article","og_title":"Informativa sulla privacy - Maestro m\u00edo - The language school","og_description":"L&#8217;Utente che desidera fornire i propri dati personali attraverso questo sito web deve essere maggiorenne. Ai fini della LOPD, gli Utenti sono informati che i dati ottenuti attraverso il completamento delle diverse forme del sito web saranno sottoposti a trattamento automatizzato e incorporati in un file automatizzato debitamente registrato nel Registro Generale della Protezione dei ... Leggi tutto","og_url":"https:\/\/maestromio.org\/it\/informativa-sulla-privacy\/","og_site_name":"Maestro m\u00edo - The language school","article_publisher":"https:\/\/www.facebook.com\/MaestroMioMalaga\/","article_modified_time":"2023-05-30T18:42:06+00:00","og_image":[{"width":350,"height":188,"url":"https:\/\/maestromio.org\/wp-content\/uploads\/logo_maestromio.png","type":"image\/png"}],"twitter_card":"summary_large_image","twitter_site":"@MaestroMio_","twitter_misc":{"Tempo di lettura stimato":"4 minuti"},"schema":{"@context":"https:\/\/schema.org","@graph":[{"@type":"WebPage","@id":"https:\/\/maestromio.org\/it\/informativa-sulla-privacy\/","url":"https:\/\/maestromio.org\/it\/informativa-sulla-privacy\/","name":"Informativa sulla privacy - Maestro m\u00edo - The language school","isPartOf":{"@id":"https:\/\/maestromio.org\/it\/#website"},"datePublished":"2020-11-16T13:01:39+00:00","dateModified":"2023-05-30T18:42:06+00:00","breadcrumb":{"@id":"https:\/\/maestromio.org\/it\/informativa-sulla-privacy\/#breadcrumb"},"inLanguage":"it-IT","potentialAction":[{"@type":"ReadAction","target":["https:\/\/maestromio.org\/it\/informativa-sulla-privacy\/"]}]},{"@type":"BreadcrumbList","@id":"https:\/\/maestromio.org\/it\/informativa-sulla-privacy\/#breadcrumb","itemListElement":[{"@type":"ListItem","position":1,"name":"Home","item":"https:\/\/maestromio.org\/it\/"},{"@type":"ListItem","position":2,"name":"Informativa sulla privacy"}]},{"@type":"WebSite","@id":"https:\/\/maestromio.org\/it\/#website","url":"https:\/\/maestromio.org\/it\/","name":"MaestroM\u00edo - The Language School","description":"Spanish Courses in Spain","publisher":{"@id":"https:\/\/maestromio.org\/it\/#organization"},"alternateName":"MaestroM\u00edo","potentialAction":[{"@type":"SearchAction","target":{"@type":"EntryPoint","urlTemplate":"https:\/\/maestromio.org\/it\/?s={search_term_string}"},"query-input":{"@type":"PropertyValueSpecification","valueRequired":true,"valueName":"search_term_string"}}],"inLanguage":"it-IT"},{"@type":"Organization","@id":"https:\/\/maestromio.org\/it\/#organization","name":"Maestro m\u00edo - The language school","alternateName":"Maestromio","url":"https:\/\/maestromio.org\/it\/","logo":{"@type":"ImageObject","inLanguage":"it-IT","@id":"https:\/\/maestromio.org\/it\/#\/schema\/logo\/image\/","url":"https:\/\/maestromio.org\/wp-content\/uploads\/cropped-logo_maestromio.png","contentUrl":"https:\/\/maestromio.org\/wp-content\/uploads\/cropped-logo_maestromio.png","width":165,"height":165,"caption":"Maestro m\u00edo - The language school"},"image":{"@id":"https:\/\/maestromio.org\/it\/#\/schema\/logo\/image\/"},"sameAs":["https:\/\/www.facebook.com\/MaestroMioMalaga\/","https:\/\/x.com\/MaestroMio_","https:\/\/www.instagram.com\/maestromioschool\/"]}]}},"_links":{"self":[{"href":"https:\/\/maestromio.org\/it\/wp-json\/wp\/v2\/pages\/10466","targetHints":{"allow":["GET"]}}],"collection":[{"href":"https:\/\/maestromio.org\/it\/wp-json\/wp\/v2\/pages"}],"about":[{"href":"https:\/\/maestromio.org\/it\/wp-json\/wp\/v2\/types\/page"}],"author":[{"embeddable":true,"href":"https:\/\/maestromio.org\/it\/wp-json\/wp\/v2\/users\/2"}],"replies":[{"embeddable":true,"href":"https:\/\/maestromio.org\/it\/wp-json\/wp\/v2\/comments?post=10466"}],"version-history":[{"count":5,"href":"https:\/\/maestromio.org\/it\/wp-json\/wp\/v2\/pages\/10466\/revisions"}],"predecessor-version":[{"id":19197,"href":"https:\/\/maestromio.org\/it\/wp-json\/wp\/v2\/pages\/10466\/revisions\/19197"}],"wp:attachment":[{"href":"https:\/\/maestromio.org\/it\/wp-json\/wp\/v2\/media?parent=10466"}],"curies":[{"name":"wp","href":"https:\/\/api.w.org\/{rel}","templated":true}]}}