{"id":31991,"date":"2024-12-13T13:02:07","date_gmt":"2024-12-13T12:02:07","guid":{"rendered":"https:\/\/maestromio.org\/actividades-culturales-en-malaga\/"},"modified":"2025-11-25T12:41:29","modified_gmt":"2025-11-25T11:41:29","slug":"actividades-culturales-en-malaga","status":"publish","type":"page","link":"https:\/\/maestromio.org\/fr\/actividades-culturales-en-malaga\/","title":{"rendered":"Activit\u00e9s culturelles \u00e0 Malaga"},"content":{"rendered":"<p><b><i>\u00ab Le langage est la carte d\u2019une culture. Il vous dit d\u2019o\u00f9 vient un peuple et o\u00f9 il va. \u00bb <\/i><\/b><b>\u2014 Rita Mae Brown<\/b><\/p>\n<p>Chez MaestroM\u00edo, nous pensons qu\u2019il est essentiel, pour apprendre l\u2019espagnol, de comprendre la culture espagnole, son h\u00e9ritage historique et ses racines. C\u2019est pourquoi il nous tient particuli\u00e8rement \u00e0 c\u0153ur de proposer \u00e0 nos \u00e9tudiants des exp\u00e9riences culturelles en dehors de la salle de classe.<\/p>\n<p>Nos activit\u00e9s extra-scolaires visent \u00e0 \u00e9tendre l\u2019apprentissage de la langue au-del\u00e0 des cours et \u00e0 exposer les \u00e9l\u00e8ves \u00e0 des situations vari\u00e9es. L\u2019objectif principal est de cr\u00e9er des environnements propices \u00e0 la pratique de l\u2019espagnol, \u00e0 la socialisation, et \u00e0 la d\u00e9couverte des aspects socioculturels du pays dans lequel ils sont immerg\u00e9s.<\/p>\n<p>\u00c0 cet effet, nous organisons deux types d\u2019activit\u00e9s culturelles :<\/p>\n<p><img fetchpriority=\"high\" decoding=\"async\" src=\"https:\/\/maestromio.org\/wp-content\/uploads\/6-300x200.png\" alt=\"\" width=\"300\" height=\"200\" \/><\/p>\n<p>Les premi\u00e8res ont lieu pendant les heures de cours et consistent principalement en excursions et visites ; Les secondes, organis\u00e9es en dehors du planning de classe habituel (et sur la base du volontariat), sont ax\u00e9es sur des conf\u00e9rences culturelles. Toutes nos activit\u00e9s sont soigneusement structur\u00e9es et planifi\u00e9es pour garantir l\u2019implication active des \u00e9l\u00e8ves.<\/p>\n<p>Parmi nos sorties, nous proposons des visites de lieux historiques embl\u00e9matiques de M\u00e1laga, comme l\u2019Alcazaba, le ch\u00e2teau de Gibralfaro, ou encore des mus\u00e9es renomm\u00e9s tels que le Centre Pompidou ou la maison natale de Picasso. Ces activit\u00e9s permettent de mieux comprendre l\u2019espagnol parl\u00e9 dans la rue, de vivre la langue, de d\u00e9couvrir la culture, la gastronomie, les traditions, la musique et l\u2019histoire de l\u2019Espagne. Les \u00e9tudiants se familiarisent ainsi avec la ville, tout en utilisant la langue dans des situations r\u00e9elles, en interaction avec les autres participants et les locaux.<\/p>\n<p><img decoding=\"async\" src=\"https:\/\/maestromio.org\/wp-content\/uploads\/excursion_madrid4-300x101.jpg\" alt=\"\" width=\"300\" height=\"101\" \/><\/p>\n<p>Et bien s\u00fbr, nous proposons aussi des activit\u00e9s plus ludiques, toujours orient\u00e9es vers la pratique de l\u2019espagnol en contexte r\u00e9el et la d\u00e9couverte de la culture, comme des cours de cuisine espagnole, des initiations au flamenco, ou encore des activit\u00e9s sportives.<\/p>\n<p><b>En r\u00e9sum\u00e9, une programmation culturelle riche et vari\u00e9e, \u00e0 l\u2019image de la ville de Malaga : infinie et pleine de vie.<\/b><\/p>\n<p>\u00a0<\/p>\n","protected":false},"excerpt":{"rendered":"<p>\u00ab Le langage est la carte d\u2019une culture. Il vous dit d\u2019o\u00f9 vient un peuple et o\u00f9 il va. \u00bb \u2014 Rita Mae Brown Chez MaestroM\u00edo, nous pensons qu\u2019il est essentiel, pour apprendre l\u2019espagnol, de comprendre la culture espagnole, son h\u00e9ritage historique et ses racines. C\u2019est pourquoi il nous tient particuli\u00e8rement \u00e0 c\u0153ur de proposer &#8230; <a title=\"Activit\u00e9s culturelles \u00e0 Malaga\" class=\"read-more\" href=\"https:\/\/maestromio.org\/fr\/actividades-culturales-en-malaga\/\" aria-label=\"En savoir plus sur Activit\u00e9s culturelles \u00e0 Malaga\">Lire la suite<\/a><\/p>\n","protected":false},"author":2,"featured_media":27321,"parent":0,"menu_order":0,"comment_status":"closed","ping_status":"closed","template":"","meta":{"inline_featured_image":false,"footnotes":""},"class_list":["post-31991","page","type-page","status-publish","has-post-thumbnail"],"yoast_head":"<!-- This site is optimized with the Yoast SEO plugin v27.3 - https:\/\/yoast.com\/product\/yoast-seo-wordpress\/ -->\n<title>Activit\u00e9s culturelles \u00e0 Malaga - Maestro m\u00edo - The language school<\/title>\n<meta name=\"robots\" content=\"index, follow, max-snippet:-1, max-image-preview:large, max-video-preview:-1\" \/>\n<link rel=\"canonical\" href=\"https:\/\/maestromio.org\/fr\/actividades-culturales-en-malaga\/\" \/>\n<meta property=\"og:locale\" content=\"fr_FR\" \/>\n<meta property=\"og:type\" content=\"article\" \/>\n<meta property=\"og:title\" content=\"Activit\u00e9s culturelles \u00e0 Malaga - Maestro m\u00edo - The language school\" \/>\n<meta property=\"og:description\" content=\"\u00ab Le langage est la carte d\u2019une culture. Il vous dit d\u2019o\u00f9 vient un peuple et o\u00f9 il va. \u00bb \u2014 Rita Mae Brown Chez MaestroM\u00edo, nous pensons qu\u2019il est essentiel, pour apprendre l\u2019espagnol, de comprendre la culture espagnole, son h\u00e9ritage historique et ses racines. C\u2019est pourquoi il nous tient particuli\u00e8rement \u00e0 c\u0153ur de proposer ... Lire la suite\" \/>\n<meta property=\"og:url\" content=\"https:\/\/maestromio.org\/fr\/actividades-culturales-en-malaga\/\" \/>\n<meta property=\"og:site_name\" content=\"Maestro m\u00edo - The language school\" \/>\n<meta property=\"article:publisher\" content=\"https:\/\/www.facebook.com\/MaestroMioMalaga\/\" \/>\n<meta property=\"article:modified_time\" content=\"2025-11-25T11:41:29+00:00\" \/>\n<meta property=\"og:image\" content=\"https:\/\/maestromio.org\/wp-content\/uploads\/3-1-1024x682.png\" \/>\n\t<meta property=\"og:image:width\" content=\"1024\" \/>\n\t<meta property=\"og:image:height\" content=\"682\" \/>\n\t<meta property=\"og:image:type\" content=\"image\/png\" \/>\n<meta name=\"twitter:card\" content=\"summary_large_image\" \/>\n<meta name=\"twitter:site\" content=\"@MaestroMio_\" \/>\n<meta name=\"twitter:label1\" content=\"Dur\u00e9e de lecture estim\u00e9e\" \/>\n\t<meta name=\"twitter:data1\" content=\"3 minutes\" \/>\n<script type=\"application\/ld+json\" class=\"yoast-schema-graph\">{\"@context\":\"https:\\\/\\\/schema.org\",\"@graph\":[{\"@type\":\"WebPage\",\"@id\":\"https:\\\/\\\/maestromio.org\\\/fr\\\/actividades-culturales-en-malaga\\\/\",\"url\":\"https:\\\/\\\/maestromio.org\\\/fr\\\/actividades-culturales-en-malaga\\\/\",\"name\":\"Activit\u00e9s culturelles \u00e0 Malaga - Maestro m\u00edo - The language school\",\"isPartOf\":{\"@id\":\"https:\\\/\\\/maestromio.org\\\/fr\\\/#website\"},\"primaryImageOfPage\":{\"@id\":\"https:\\\/\\\/maestromio.org\\\/fr\\\/actividades-culturales-en-malaga\\\/#primaryimage\"},\"image\":{\"@id\":\"https:\\\/\\\/maestromio.org\\\/fr\\\/actividades-culturales-en-malaga\\\/#primaryimage\"},\"thumbnailUrl\":\"https:\\\/\\\/maestromio.org\\\/wp-content\\\/uploads\\\/3-1.png\",\"datePublished\":\"2024-12-13T12:02:07+00:00\",\"dateModified\":\"2025-11-25T11:41:29+00:00\",\"breadcrumb\":{\"@id\":\"https:\\\/\\\/maestromio.org\\\/fr\\\/actividades-culturales-en-malaga\\\/#breadcrumb\"},\"inLanguage\":\"fr-FR\",\"potentialAction\":[{\"@type\":\"ReadAction\",\"target\":[\"https:\\\/\\\/maestromio.org\\\/fr\\\/actividades-culturales-en-malaga\\\/\"]}]},{\"@type\":\"ImageObject\",\"inLanguage\":\"fr-FR\",\"@id\":\"https:\\\/\\\/maestromio.org\\\/fr\\\/actividades-culturales-en-malaga\\\/#primaryimage\",\"url\":\"https:\\\/\\\/maestromio.org\\\/wp-content\\\/uploads\\\/3-1.png\",\"contentUrl\":\"https:\\\/\\\/maestromio.org\\\/wp-content\\\/uploads\\\/3-1.png\",\"width\":1772,\"height\":1181},{\"@type\":\"BreadcrumbList\",\"@id\":\"https:\\\/\\\/maestromio.org\\\/fr\\\/actividades-culturales-en-malaga\\\/#breadcrumb\",\"itemListElement\":[{\"@type\":\"ListItem\",\"position\":1,\"name\":\"Home\",\"item\":\"https:\\\/\\\/maestromio.org\\\/fr\\\/\"},{\"@type\":\"ListItem\",\"position\":2,\"name\":\"Activit\u00e9s culturelles \u00e0 Malaga\"}]},{\"@type\":\"WebSite\",\"@id\":\"https:\\\/\\\/maestromio.org\\\/fr\\\/#website\",\"url\":\"https:\\\/\\\/maestromio.org\\\/fr\\\/\",\"name\":\"MaestroM\u00edo - The Language School\",\"description\":\"Spanish Courses in Malaga\",\"alternateName\":\"MaestroM\u00edo\",\"potentialAction\":[{\"@type\":\"SearchAction\",\"target\":{\"@type\":\"EntryPoint\",\"urlTemplate\":\"https:\\\/\\\/maestromio.org\\\/fr\\\/?s={search_term_string}\"},\"query-input\":{\"@type\":\"PropertyValueSpecification\",\"valueRequired\":true,\"valueName\":\"search_term_string\"}}],\"inLanguage\":\"fr-FR\"}]}<\/script>\n<!-- \/ Yoast SEO plugin. -->","yoast_head_json":{"title":"Activit\u00e9s culturelles \u00e0 Malaga - Maestro m\u00edo - The language school","robots":{"index":"index","follow":"follow","max-snippet":"max-snippet:-1","max-image-preview":"max-image-preview:large","max-video-preview":"max-video-preview:-1"},"canonical":"https:\/\/maestromio.org\/fr\/actividades-culturales-en-malaga\/","og_locale":"fr_FR","og_type":"article","og_title":"Activit\u00e9s culturelles \u00e0 Malaga - Maestro m\u00edo - The language school","og_description":"\u00ab Le langage est la carte d\u2019une culture. Il vous dit d\u2019o\u00f9 vient un peuple et o\u00f9 il va. \u00bb \u2014 Rita Mae Brown Chez MaestroM\u00edo, nous pensons qu\u2019il est essentiel, pour apprendre l\u2019espagnol, de comprendre la culture espagnole, son h\u00e9ritage historique et ses racines. C\u2019est pourquoi il nous tient particuli\u00e8rement \u00e0 c\u0153ur de proposer ... Lire la suite","og_url":"https:\/\/maestromio.org\/fr\/actividades-culturales-en-malaga\/","og_site_name":"Maestro m\u00edo - The language school","article_publisher":"https:\/\/www.facebook.com\/MaestroMioMalaga\/","article_modified_time":"2025-11-25T11:41:29+00:00","og_image":[{"width":1024,"height":682,"url":"https:\/\/maestromio.org\/wp-content\/uploads\/3-1-1024x682.png","type":"image\/png"}],"twitter_card":"summary_large_image","twitter_site":"@MaestroMio_","twitter_misc":{"Dur\u00e9e de lecture estim\u00e9e":"3 minutes"},"schema":{"@context":"https:\/\/schema.org","@graph":[{"@type":"WebPage","@id":"https:\/\/maestromio.org\/fr\/actividades-culturales-en-malaga\/","url":"https:\/\/maestromio.org\/fr\/actividades-culturales-en-malaga\/","name":"Activit\u00e9s culturelles \u00e0 Malaga - Maestro m\u00edo - The language school","isPartOf":{"@id":"https:\/\/maestromio.org\/fr\/#website"},"primaryImageOfPage":{"@id":"https:\/\/maestromio.org\/fr\/actividades-culturales-en-malaga\/#primaryimage"},"image":{"@id":"https:\/\/maestromio.org\/fr\/actividades-culturales-en-malaga\/#primaryimage"},"thumbnailUrl":"https:\/\/maestromio.org\/wp-content\/uploads\/3-1.png","datePublished":"2024-12-13T12:02:07+00:00","dateModified":"2025-11-25T11:41:29+00:00","breadcrumb":{"@id":"https:\/\/maestromio.org\/fr\/actividades-culturales-en-malaga\/#breadcrumb"},"inLanguage":"fr-FR","potentialAction":[{"@type":"ReadAction","target":["https:\/\/maestromio.org\/fr\/actividades-culturales-en-malaga\/"]}]},{"@type":"ImageObject","inLanguage":"fr-FR","@id":"https:\/\/maestromio.org\/fr\/actividades-culturales-en-malaga\/#primaryimage","url":"https:\/\/maestromio.org\/wp-content\/uploads\/3-1.png","contentUrl":"https:\/\/maestromio.org\/wp-content\/uploads\/3-1.png","width":1772,"height":1181},{"@type":"BreadcrumbList","@id":"https:\/\/maestromio.org\/fr\/actividades-culturales-en-malaga\/#breadcrumb","itemListElement":[{"@type":"ListItem","position":1,"name":"Home","item":"https:\/\/maestromio.org\/fr\/"},{"@type":"ListItem","position":2,"name":"Activit\u00e9s culturelles \u00e0 Malaga"}]},{"@type":"WebSite","@id":"https:\/\/maestromio.org\/fr\/#website","url":"https:\/\/maestromio.org\/fr\/","name":"MaestroM\u00edo - The Language School","description":"Spanish Courses in Malaga","alternateName":"MaestroM\u00edo","potentialAction":[{"@type":"SearchAction","target":{"@type":"EntryPoint","urlTemplate":"https:\/\/maestromio.org\/fr\/?s={search_term_string}"},"query-input":{"@type":"PropertyValueSpecification","valueRequired":true,"valueName":"search_term_string"}}],"inLanguage":"fr-FR"}]}},"_links":{"self":[{"href":"https:\/\/maestromio.org\/fr\/wp-json\/wp\/v2\/pages\/31991","targetHints":{"allow":["GET"]}}],"collection":[{"href":"https:\/\/maestromio.org\/fr\/wp-json\/wp\/v2\/pages"}],"about":[{"href":"https:\/\/maestromio.org\/fr\/wp-json\/wp\/v2\/types\/page"}],"author":[{"embeddable":true,"href":"https:\/\/maestromio.org\/fr\/wp-json\/wp\/v2\/users\/2"}],"replies":[{"embeddable":true,"href":"https:\/\/maestromio.org\/fr\/wp-json\/wp\/v2\/comments?post=31991"}],"version-history":[{"count":6,"href":"https:\/\/maestromio.org\/fr\/wp-json\/wp\/v2\/pages\/31991\/revisions"}],"predecessor-version":[{"id":40671,"href":"https:\/\/maestromio.org\/fr\/wp-json\/wp\/v2\/pages\/31991\/revisions\/40671"}],"wp:featuredmedia":[{"embeddable":true,"href":"https:\/\/maestromio.org\/fr\/wp-json\/wp\/v2\/media\/27321"}],"wp:attachment":[{"href":"https:\/\/maestromio.org\/fr\/wp-json\/wp\/v2\/media?parent=31991"}],"curies":[{"name":"wp","href":"https:\/\/api.w.org\/{rel}","templated":true}]}}