{"id":31937,"date":"2024-12-27T16:04:57","date_gmt":"2024-12-27T15:04:57","guid":{"rendered":"https:\/\/maestromio.org\/equipo-malaga\/"},"modified":"2025-11-27T11:03:18","modified_gmt":"2025-11-27T10:03:18","slug":"equipo-malaga","status":"publish","type":"page","link":"https:\/\/maestromio.org\/fr\/equipo-malaga\/","title":{"rendered":"L&rsquo;\u00e9quipe de M\u00e1laga"},"content":{"rendered":"\t\t<div data-elementor-type=\"wp-post\" data-elementor-id=\"31937\" class=\"elementor elementor-31937 elementor-27492\" data-elementor-post-type=\"page\">\n\t\t\t\t\t\t<section class=\"elementor-section elementor-top-section elementor-element elementor-element-33e6e91 elementor-section-stretched elementor-section-height-min-height elementor-section-boxed elementor-section-height-default elementor-section-items-middle\" data-id=\"33e6e91\" data-element_type=\"section\" data-e-type=\"section\" data-settings=\"{&quot;stretch_section&quot;:&quot;section-stretched&quot;,&quot;background_background&quot;:&quot;classic&quot;}\">\n\t\t\t\t\t\t\t<div class=\"elementor-background-overlay\"><\/div>\n\t\t\t\t\t\t\t<div class=\"elementor-container elementor-column-gap-default\">\n\t\t\t\t\t<div class=\"elementor-column elementor-col-25 elementor-top-column elementor-element elementor-element-9e98644\" data-id=\"9e98644\" data-element_type=\"column\" data-e-type=\"column\">\n\t\t\t<div class=\"elementor-widget-wrap\">\n\t\t\t\t\t\t\t<\/div>\n\t\t<\/div>\n\t\t\t\t<div class=\"elementor-column elementor-col-50 elementor-top-column elementor-element elementor-element-abfe840\" data-id=\"abfe840\" data-element_type=\"column\" data-e-type=\"column\">\n\t\t\t<div class=\"elementor-widget-wrap elementor-element-populated\">\n\t\t\t\t\t\t<div class=\"elementor-element elementor-element-3178ae0 elementor-widget elementor-widget-heading\" data-id=\"3178ae0\" data-element_type=\"widget\" data-e-type=\"widget\" data-widget_type=\"heading.default\">\n\t\t\t\t<div class=\"elementor-widget-container\">\n\t\t\t\t\t<h2 class=\"elementor-heading-title elementor-size-default\">L'\u00e9quipe de M\u00e1laga<\/h2>\t\t\t\t<\/div>\n\t\t\t\t<\/div>\n\t\t\t\t\t<\/div>\n\t\t<\/div>\n\t\t\t\t<div class=\"elementor-column elementor-col-25 elementor-top-column elementor-element elementor-element-17ad577\" data-id=\"17ad577\" data-element_type=\"column\" data-e-type=\"column\">\n\t\t\t<div class=\"elementor-widget-wrap\">\n\t\t\t\t\t\t\t<\/div>\n\t\t<\/div>\n\t\t\t\t\t<\/div>\n\t\t<\/section>\n\t\t\t\t<section class=\"elementor-section elementor-top-section elementor-element elementor-element-37a569e elementor-section-boxed elementor-section-height-default elementor-section-height-default\" data-id=\"37a569e\" data-element_type=\"section\" data-e-type=\"section\">\n\t\t\t\t\t\t<div class=\"elementor-container elementor-column-gap-default\">\n\t\t\t\t\t<div class=\"elementor-column elementor-col-100 elementor-top-column elementor-element elementor-element-6825b15\" data-id=\"6825b15\" data-element_type=\"column\" data-e-type=\"column\">\n\t\t\t<div class=\"elementor-widget-wrap elementor-element-populated\">\n\t\t\t\t\t\t<div class=\"elementor-element elementor-element-06f9836 elementor-align-left elementor-widget elementor-widget-breadcrumbs\" data-id=\"06f9836\" data-element_type=\"widget\" data-e-type=\"widget\" data-widget_type=\"breadcrumbs.default\">\n\t\t\t\t<div class=\"elementor-widget-container\">\n\t\t\t\t\t<p id=\"breadcrumbs\"><span><span><a href=\"https:\/\/maestromio.org\/fr\/\">Home<\/a><\/span><\/span><\/p>\t\t\t\t<\/div>\n\t\t\t\t<\/div>\n\t\t\t\t\t<\/div>\n\t\t<\/div>\n\t\t\t\t\t<\/div>\n\t\t<\/section>\n\t\t\t\t<\/div>\n\t\t","protected":false},"excerpt":{"rendered":"<p>L&rsquo;\u00e9quipe de M\u00e1laga<\/p>\n","protected":false},"author":2,"featured_media":24629,"parent":0,"menu_order":0,"comment_status":"closed","ping_status":"closed","template":"","meta":{"inline_featured_image":false,"footnotes":""},"class_list":["post-31937","page","type-page","status-publish","has-post-thumbnail"],"yoast_head":"<!-- This site is optimized with the Yoast SEO plugin v27.3 - https:\/\/yoast.com\/product\/yoast-seo-wordpress\/ -->\n<title>L&#039;\u00e9quipe de M\u00e1laga - Maestro m\u00edo - The language school<\/title>\n<meta name=\"robots\" content=\"index, follow, max-snippet:-1, max-image-preview:large, max-video-preview:-1\" \/>\n<link rel=\"canonical\" href=\"https:\/\/maestromio.org\/fr\/equipo-malaga\/\" \/>\n<meta property=\"og:locale\" content=\"fr_FR\" \/>\n<meta property=\"og:type\" content=\"article\" \/>\n<meta property=\"og:title\" content=\"L&#039;\u00e9quipe de M\u00e1laga - Maestro m\u00edo - The language school\" \/>\n<meta property=\"og:description\" content=\"L&rsquo;\u00e9quipe de M\u00e1laga\" \/>\n<meta property=\"og:url\" content=\"https:\/\/maestromio.org\/fr\/equipo-malaga\/\" \/>\n<meta property=\"og:site_name\" content=\"Maestro m\u00edo - The language school\" \/>\n<meta property=\"article:publisher\" content=\"https:\/\/www.facebook.com\/MaestroMioMalaga\/\" \/>\n<meta property=\"article:modified_time\" content=\"2025-11-27T10:03:18+00:00\" \/>\n<meta property=\"og:image\" content=\"https:\/\/maestromio.org\/wp-content\/uploads\/89c87f45-city-5309-163ef64517d.jpg\" \/>\n\t<meta property=\"og:image:width\" content=\"1366\" \/>\n\t<meta property=\"og:image:height\" content=\"768\" \/>\n\t<meta property=\"og:image:type\" content=\"image\/jpeg\" \/>\n<meta name=\"twitter:card\" content=\"summary_large_image\" \/>\n<meta name=\"twitter:site\" content=\"@MaestroMio_\" \/>\n<meta name=\"twitter:label1\" content=\"Dur\u00e9e de lecture estim\u00e9e\" \/>\n\t<meta name=\"twitter:data1\" content=\"6 minutes\" \/>\n<script type=\"application\/ld+json\" class=\"yoast-schema-graph\">{\"@context\":\"https:\\\/\\\/schema.org\",\"@graph\":[{\"@type\":\"WebPage\",\"@id\":\"https:\\\/\\\/maestromio.org\\\/fr\\\/equipo-malaga\\\/\",\"url\":\"https:\\\/\\\/maestromio.org\\\/fr\\\/equipo-malaga\\\/\",\"name\":\"L'\u00e9quipe de M\u00e1laga - Maestro m\u00edo - The language school\",\"isPartOf\":{\"@id\":\"https:\\\/\\\/maestromio.org\\\/fr\\\/#website\"},\"primaryImageOfPage\":{\"@id\":\"https:\\\/\\\/maestromio.org\\\/fr\\\/equipo-malaga\\\/#primaryimage\"},\"image\":{\"@id\":\"https:\\\/\\\/maestromio.org\\\/fr\\\/equipo-malaga\\\/#primaryimage\"},\"thumbnailUrl\":\"https:\\\/\\\/maestromio.org\\\/wp-content\\\/uploads\\\/89c87f45-city-5309-163ef64517d.jpg\",\"datePublished\":\"2024-12-27T15:04:57+00:00\",\"dateModified\":\"2025-11-27T10:03:18+00:00\",\"breadcrumb\":{\"@id\":\"https:\\\/\\\/maestromio.org\\\/fr\\\/equipo-malaga\\\/#breadcrumb\"},\"inLanguage\":\"fr-FR\",\"potentialAction\":[{\"@type\":\"ReadAction\",\"target\":[\"https:\\\/\\\/maestromio.org\\\/fr\\\/equipo-malaga\\\/\"]}]},{\"@type\":\"ImageObject\",\"inLanguage\":\"fr-FR\",\"@id\":\"https:\\\/\\\/maestromio.org\\\/fr\\\/equipo-malaga\\\/#primaryimage\",\"url\":\"https:\\\/\\\/maestromio.org\\\/wp-content\\\/uploads\\\/89c87f45-city-5309-163ef64517d.jpg\",\"contentUrl\":\"https:\\\/\\\/maestromio.org\\\/wp-content\\\/uploads\\\/89c87f45-city-5309-163ef64517d.jpg\",\"width\":1366,\"height\":768},{\"@type\":\"BreadcrumbList\",\"@id\":\"https:\\\/\\\/maestromio.org\\\/fr\\\/equipo-malaga\\\/#breadcrumb\",\"itemListElement\":[{\"@type\":\"ListItem\",\"position\":1,\"name\":\"Home\",\"item\":\"https:\\\/\\\/maestromio.org\\\/fr\\\/\"},{\"@type\":\"ListItem\",\"position\":2,\"name\":\"L&#8217;\u00e9quipe de M\u00e1laga\"}]},{\"@type\":\"WebSite\",\"@id\":\"https:\\\/\\\/maestromio.org\\\/fr\\\/#website\",\"url\":\"https:\\\/\\\/maestromio.org\\\/fr\\\/\",\"name\":\"MaestroM\u00edo - The Language School\",\"description\":\"Spanish Courses in Malaga\",\"alternateName\":\"MaestroM\u00edo\",\"potentialAction\":[{\"@type\":\"SearchAction\",\"target\":{\"@type\":\"EntryPoint\",\"urlTemplate\":\"https:\\\/\\\/maestromio.org\\\/fr\\\/?s={search_term_string}\"},\"query-input\":{\"@type\":\"PropertyValueSpecification\",\"valueRequired\":true,\"valueName\":\"search_term_string\"}}],\"inLanguage\":\"fr-FR\"}]}<\/script>\n<!-- \/ Yoast SEO plugin. -->","yoast_head_json":{"title":"L'\u00e9quipe de M\u00e1laga - Maestro m\u00edo - The language school","robots":{"index":"index","follow":"follow","max-snippet":"max-snippet:-1","max-image-preview":"max-image-preview:large","max-video-preview":"max-video-preview:-1"},"canonical":"https:\/\/maestromio.org\/fr\/equipo-malaga\/","og_locale":"fr_FR","og_type":"article","og_title":"L'\u00e9quipe de M\u00e1laga - Maestro m\u00edo - The language school","og_description":"L&rsquo;\u00e9quipe de M\u00e1laga","og_url":"https:\/\/maestromio.org\/fr\/equipo-malaga\/","og_site_name":"Maestro m\u00edo - The language school","article_publisher":"https:\/\/www.facebook.com\/MaestroMioMalaga\/","article_modified_time":"2025-11-27T10:03:18+00:00","og_image":[{"width":1366,"height":768,"url":"https:\/\/maestromio.org\/wp-content\/uploads\/89c87f45-city-5309-163ef64517d.jpg","type":"image\/jpeg"}],"twitter_card":"summary_large_image","twitter_site":"@MaestroMio_","twitter_misc":{"Dur\u00e9e de lecture estim\u00e9e":"6 minutes"},"schema":{"@context":"https:\/\/schema.org","@graph":[{"@type":"WebPage","@id":"https:\/\/maestromio.org\/fr\/equipo-malaga\/","url":"https:\/\/maestromio.org\/fr\/equipo-malaga\/","name":"L'\u00e9quipe de M\u00e1laga - Maestro m\u00edo - The language school","isPartOf":{"@id":"https:\/\/maestromio.org\/fr\/#website"},"primaryImageOfPage":{"@id":"https:\/\/maestromio.org\/fr\/equipo-malaga\/#primaryimage"},"image":{"@id":"https:\/\/maestromio.org\/fr\/equipo-malaga\/#primaryimage"},"thumbnailUrl":"https:\/\/maestromio.org\/wp-content\/uploads\/89c87f45-city-5309-163ef64517d.jpg","datePublished":"2024-12-27T15:04:57+00:00","dateModified":"2025-11-27T10:03:18+00:00","breadcrumb":{"@id":"https:\/\/maestromio.org\/fr\/equipo-malaga\/#breadcrumb"},"inLanguage":"fr-FR","potentialAction":[{"@type":"ReadAction","target":["https:\/\/maestromio.org\/fr\/equipo-malaga\/"]}]},{"@type":"ImageObject","inLanguage":"fr-FR","@id":"https:\/\/maestromio.org\/fr\/equipo-malaga\/#primaryimage","url":"https:\/\/maestromio.org\/wp-content\/uploads\/89c87f45-city-5309-163ef64517d.jpg","contentUrl":"https:\/\/maestromio.org\/wp-content\/uploads\/89c87f45-city-5309-163ef64517d.jpg","width":1366,"height":768},{"@type":"BreadcrumbList","@id":"https:\/\/maestromio.org\/fr\/equipo-malaga\/#breadcrumb","itemListElement":[{"@type":"ListItem","position":1,"name":"Home","item":"https:\/\/maestromio.org\/fr\/"},{"@type":"ListItem","position":2,"name":"L&#8217;\u00e9quipe de M\u00e1laga"}]},{"@type":"WebSite","@id":"https:\/\/maestromio.org\/fr\/#website","url":"https:\/\/maestromio.org\/fr\/","name":"MaestroM\u00edo - The Language School","description":"Spanish Courses in Malaga","alternateName":"MaestroM\u00edo","potentialAction":[{"@type":"SearchAction","target":{"@type":"EntryPoint","urlTemplate":"https:\/\/maestromio.org\/fr\/?s={search_term_string}"},"query-input":{"@type":"PropertyValueSpecification","valueRequired":true,"valueName":"search_term_string"}}],"inLanguage":"fr-FR"}]}},"_links":{"self":[{"href":"https:\/\/maestromio.org\/fr\/wp-json\/wp\/v2\/pages\/31937","targetHints":{"allow":["GET"]}}],"collection":[{"href":"https:\/\/maestromio.org\/fr\/wp-json\/wp\/v2\/pages"}],"about":[{"href":"https:\/\/maestromio.org\/fr\/wp-json\/wp\/v2\/types\/page"}],"author":[{"embeddable":true,"href":"https:\/\/maestromio.org\/fr\/wp-json\/wp\/v2\/users\/2"}],"replies":[{"embeddable":true,"href":"https:\/\/maestromio.org\/fr\/wp-json\/wp\/v2\/comments?post=31937"}],"version-history":[{"count":10,"href":"https:\/\/maestromio.org\/fr\/wp-json\/wp\/v2\/pages\/31937\/revisions"}],"predecessor-version":[{"id":40877,"href":"https:\/\/maestromio.org\/fr\/wp-json\/wp\/v2\/pages\/31937\/revisions\/40877"}],"wp:featuredmedia":[{"embeddable":true,"href":"https:\/\/maestromio.org\/fr\/wp-json\/wp\/v2\/media\/24629"}],"wp:attachment":[{"href":"https:\/\/maestromio.org\/fr\/wp-json\/wp\/v2\/media?parent=31937"}],"curies":[{"name":"wp","href":"https:\/\/api.w.org\/{rel}","templated":true}]}}