{"id":22134,"date":"2023-06-07T15:56:01","date_gmt":"2023-06-07T14:56:01","guid":{"rendered":"https:\/\/maestromio.org\/internshipmio\/"},"modified":"2025-07-18T15:48:43","modified_gmt":"2025-07-18T14:48:43","slug":"internshipmio","status":"publish","type":"page","link":"https:\/\/maestromio.org\/fr\/internshipmio\/","title":{"rendered":"InternshipM\u00edo"},"content":{"rendered":"<h3 data-start=\"144\" data-end=\"194\"><strong data-start=\"148\" data-end=\"194\">Stages\u00a0<\/strong><\/h3>\n<p data-start=\"196\" data-end=\"404\">Nous proposons \u00e0 la fois des stages Erasmus+ et des stages internationaux pour les \u00e9tudiants souhaitant acqu\u00e9rir une exp\u00e9rience professionnelle enrichissante au sein d\u2019entreprises bas\u00e9es \u00e0 M\u00e1laga.<\/p>\n<p data-start=\"406\" data-end=\"566\">Forts de notre exp\u00e9rience, nous accompagnons les \u00e9tudiants qui souhaitent booster leur employabilit\u00e9 en travaillant dans des secteurs en lien avec leurs \u00e9tudes.<\/p>\n<p data-start=\"568\" data-end=\"790\">Nous s\u00e9lectionnons soigneusement les entreprises partenaires de notre r\u00e9seau et prenons le temps de comprendre les besoins de chaque \u00e9tudiant afin d\u2019assurer une correspondance id\u00e9ale entre le stagiaire et l\u2019entreprise.<\/p>\n<p data-start=\"792\" data-end=\"950\">Nous assurons un suivi tout au long du stage, puis effectuons un bilan \u00e0 la fin afin de garantir que les attentes de chacun soient pleinement satisfaites.<\/p>\n<p data-start=\"952\" data-end=\"1166\">Pour compl\u00e9ter cette exp\u00e9rience, nous proposons diff\u00e9rentes options d\u2019h\u00e9bergement ainsi que des activit\u00e9s sportives, culturelles et des excursions, pour faire de chaque stage une exp\u00e9rience inoubliable.<\/p>\n<h3 data-start=\"1173\" data-end=\"1213\"><strong data-start=\"1177\" data-end=\"1213\">Projets Erasmus+ de courte dur\u00e9e<\/strong><\/h3>\n<p data-start=\"1215\" data-end=\"1339\">Nous organisons des projets de groupe Erasmus+ sur mesure, d\u2019une dur\u00e9e de 5 \u00e0 21 jours.<br data-start=\"1310\" data-end=\"1313\" \/>Le programme type inclut :<\/p>\n<ul data-start=\"1341\" data-end=\"1543\">\n<li data-start=\"1341\" data-end=\"1398\">\n<p data-start=\"1343\" data-end=\"1398\">Cours de langue espagnole et\/ou anglaise le matin<\/p>\n<\/li>\n<li data-start=\"1341\" data-end=\"1398\">\n<p data-start=\"1343\" data-end=\"1398\">Stage ou projet en entreprise espagnole l\u2019apr\u00e8s-midi<\/p>\n<\/li>\n<li data-start=\"1460\" data-end=\"1489\">\n<p data-start=\"1462\" data-end=\"1489\">Activit\u00e9s culturelles<\/p>\n<\/li>\n<li data-start=\"1490\" data-end=\"1509\">\n<p data-start=\"1492\" data-end=\"1509\">H\u00e9bergement<\/p>\n<\/li>\n<li data-start=\"1510\" data-end=\"1543\">\n<p data-start=\"1512\" data-end=\"1543\">Transfert depuis l\u2019a\u00e9roport<\/p>\n<\/li>\n<\/ul>\n<h3 data-start=\"1550\" data-end=\"1583\"><strong data-start=\"1554\" data-end=\"1583\">Pourquoi choisir M\u00e1laga ?<\/strong><\/h3>\n<p data-start=\"1585\" data-end=\"1784\">M\u00e1laga est une destination id\u00e9ale pour effectuer un stage : la ville accueille de nombreuses entreprises locales et internationales pr\u00eates \u00e0 collaborer avec des \u00e9tudiants venus de toute l\u2019Europe.<\/p>\n<p data-start=\"1786\" data-end=\"1941\">Les secteurs d\u2019accueil sont vari\u00e9s : tourisme, h\u00f4tellerie, informatique, commerce, administration, loisirs, export, marketing, et bien d\u2019autres encore.<\/p>\n<p data-start=\"1943\" data-end=\"2048\">Contactez-nous \u00e0 : <a style=\"color: #2d64ad;\" href=\"mailto:hola@maestromio.org\">hola@maestromio.org<\/a>\u00a0pour plus d\u2019informations.<\/p>\n","protected":false},"excerpt":{"rendered":"<p>Stages\u00a0 Nous proposons \u00e0 la fois des stages Erasmus+ et des stages internationaux pour les \u00e9tudiants souhaitant acqu\u00e9rir une exp\u00e9rience professionnelle enrichissante au sein d\u2019entreprises bas\u00e9es \u00e0 M\u00e1laga. Forts de notre exp\u00e9rience, nous accompagnons les \u00e9tudiants qui souhaitent booster leur employabilit\u00e9 en travaillant dans des secteurs en lien avec leurs \u00e9tudes. Nous s\u00e9lectionnons soigneusement les &#8230; <a title=\"InternshipM\u00edo\" class=\"read-more\" href=\"https:\/\/maestromio.org\/fr\/internshipmio\/\" aria-label=\"En savoir plus sur InternshipM\u00edo\">Lire la suite<\/a><\/p>\n","protected":false},"author":2,"featured_media":0,"parent":0,"menu_order":0,"comment_status":"closed","ping_status":"closed","template":"","meta":{"inline_featured_image":false,"footnotes":""},"class_list":["post-22134","page","type-page","status-publish"],"yoast_head":"<!-- This site is optimized with the Yoast SEO plugin v27.3 - https:\/\/yoast.com\/product\/yoast-seo-wordpress\/ -->\n<title>InternshipM\u00edo - Maestro m\u00edo - The language school<\/title>\n<meta name=\"robots\" content=\"index, follow, max-snippet:-1, max-image-preview:large, max-video-preview:-1\" \/>\n<link rel=\"canonical\" href=\"https:\/\/maestromio.org\/fr\/internshipmio\/\" \/>\n<meta property=\"og:locale\" content=\"fr_FR\" \/>\n<meta property=\"og:type\" content=\"article\" \/>\n<meta property=\"og:title\" content=\"InternshipM\u00edo - Maestro m\u00edo - The language school\" \/>\n<meta property=\"og:description\" content=\"Stages\u00a0 Nous proposons \u00e0 la fois des stages Erasmus+ et des stages internationaux pour les \u00e9tudiants souhaitant acqu\u00e9rir une exp\u00e9rience professionnelle enrichissante au sein d\u2019entreprises bas\u00e9es \u00e0 M\u00e1laga. Forts de notre exp\u00e9rience, nous accompagnons les \u00e9tudiants qui souhaitent booster leur employabilit\u00e9 en travaillant dans des secteurs en lien avec leurs \u00e9tudes. Nous s\u00e9lectionnons soigneusement les ... Lire la suite\" \/>\n<meta property=\"og:url\" content=\"https:\/\/maestromio.org\/fr\/internshipmio\/\" \/>\n<meta property=\"og:site_name\" content=\"Maestro m\u00edo - The language school\" \/>\n<meta property=\"article:publisher\" content=\"https:\/\/www.facebook.com\/MaestroMioMalaga\/\" \/>\n<meta property=\"article:modified_time\" content=\"2025-07-18T14:48:43+00:00\" \/>\n<meta property=\"og:image\" content=\"https:\/\/maestromio.org\/wp-content\/uploads\/logo_maestromio.png\" \/>\n\t<meta property=\"og:image:width\" content=\"350\" \/>\n\t<meta property=\"og:image:height\" content=\"188\" \/>\n\t<meta property=\"og:image:type\" content=\"image\/png\" \/>\n<meta name=\"twitter:card\" content=\"summary_large_image\" \/>\n<meta name=\"twitter:site\" content=\"@MaestroMio_\" \/>\n<meta name=\"twitter:label1\" content=\"Dur\u00e9e de lecture estim\u00e9e\" \/>\n\t<meta name=\"twitter:data1\" content=\"2 minutes\" \/>\n<script type=\"application\/ld+json\" class=\"yoast-schema-graph\">{\"@context\":\"https:\\\/\\\/schema.org\",\"@graph\":[{\"@type\":\"WebPage\",\"@id\":\"https:\\\/\\\/maestromio.org\\\/fr\\\/internshipmio\\\/\",\"url\":\"https:\\\/\\\/maestromio.org\\\/fr\\\/internshipmio\\\/\",\"name\":\"InternshipM\u00edo - Maestro m\u00edo - The language school\",\"isPartOf\":{\"@id\":\"https:\\\/\\\/maestromio.org\\\/fr\\\/#website\"},\"datePublished\":\"2023-06-07T14:56:01+00:00\",\"dateModified\":\"2025-07-18T14:48:43+00:00\",\"breadcrumb\":{\"@id\":\"https:\\\/\\\/maestromio.org\\\/fr\\\/internshipmio\\\/#breadcrumb\"},\"inLanguage\":\"fr-FR\",\"potentialAction\":[{\"@type\":\"ReadAction\",\"target\":[\"https:\\\/\\\/maestromio.org\\\/fr\\\/internshipmio\\\/\"]}]},{\"@type\":\"BreadcrumbList\",\"@id\":\"https:\\\/\\\/maestromio.org\\\/fr\\\/internshipmio\\\/#breadcrumb\",\"itemListElement\":[{\"@type\":\"ListItem\",\"position\":1,\"name\":\"Home\",\"item\":\"https:\\\/\\\/maestromio.org\\\/fr\\\/\"},{\"@type\":\"ListItem\",\"position\":2,\"name\":\"InternshipM\u00edo\"}]},{\"@type\":\"WebSite\",\"@id\":\"https:\\\/\\\/maestromio.org\\\/fr\\\/#website\",\"url\":\"https:\\\/\\\/maestromio.org\\\/fr\\\/\",\"name\":\"MaestroM\u00edo - The Language School\",\"description\":\"Spanish Courses in Malaga\",\"alternateName\":\"MaestroM\u00edo\",\"potentialAction\":[{\"@type\":\"SearchAction\",\"target\":{\"@type\":\"EntryPoint\",\"urlTemplate\":\"https:\\\/\\\/maestromio.org\\\/fr\\\/?s={search_term_string}\"},\"query-input\":{\"@type\":\"PropertyValueSpecification\",\"valueRequired\":true,\"valueName\":\"search_term_string\"}}],\"inLanguage\":\"fr-FR\"}]}<\/script>\n<!-- \/ Yoast SEO plugin. -->","yoast_head_json":{"title":"InternshipM\u00edo - Maestro m\u00edo - The language school","robots":{"index":"index","follow":"follow","max-snippet":"max-snippet:-1","max-image-preview":"max-image-preview:large","max-video-preview":"max-video-preview:-1"},"canonical":"https:\/\/maestromio.org\/fr\/internshipmio\/","og_locale":"fr_FR","og_type":"article","og_title":"InternshipM\u00edo - Maestro m\u00edo - The language school","og_description":"Stages\u00a0 Nous proposons \u00e0 la fois des stages Erasmus+ et des stages internationaux pour les \u00e9tudiants souhaitant acqu\u00e9rir une exp\u00e9rience professionnelle enrichissante au sein d\u2019entreprises bas\u00e9es \u00e0 M\u00e1laga. Forts de notre exp\u00e9rience, nous accompagnons les \u00e9tudiants qui souhaitent booster leur employabilit\u00e9 en travaillant dans des secteurs en lien avec leurs \u00e9tudes. Nous s\u00e9lectionnons soigneusement les ... Lire la suite","og_url":"https:\/\/maestromio.org\/fr\/internshipmio\/","og_site_name":"Maestro m\u00edo - The language school","article_publisher":"https:\/\/www.facebook.com\/MaestroMioMalaga\/","article_modified_time":"2025-07-18T14:48:43+00:00","og_image":[{"width":350,"height":188,"url":"https:\/\/maestromio.org\/wp-content\/uploads\/logo_maestromio.png","type":"image\/png"}],"twitter_card":"summary_large_image","twitter_site":"@MaestroMio_","twitter_misc":{"Dur\u00e9e de lecture estim\u00e9e":"2 minutes"},"schema":{"@context":"https:\/\/schema.org","@graph":[{"@type":"WebPage","@id":"https:\/\/maestromio.org\/fr\/internshipmio\/","url":"https:\/\/maestromio.org\/fr\/internshipmio\/","name":"InternshipM\u00edo - Maestro m\u00edo - The language school","isPartOf":{"@id":"https:\/\/maestromio.org\/fr\/#website"},"datePublished":"2023-06-07T14:56:01+00:00","dateModified":"2025-07-18T14:48:43+00:00","breadcrumb":{"@id":"https:\/\/maestromio.org\/fr\/internshipmio\/#breadcrumb"},"inLanguage":"fr-FR","potentialAction":[{"@type":"ReadAction","target":["https:\/\/maestromio.org\/fr\/internshipmio\/"]}]},{"@type":"BreadcrumbList","@id":"https:\/\/maestromio.org\/fr\/internshipmio\/#breadcrumb","itemListElement":[{"@type":"ListItem","position":1,"name":"Home","item":"https:\/\/maestromio.org\/fr\/"},{"@type":"ListItem","position":2,"name":"InternshipM\u00edo"}]},{"@type":"WebSite","@id":"https:\/\/maestromio.org\/fr\/#website","url":"https:\/\/maestromio.org\/fr\/","name":"MaestroM\u00edo - The Language School","description":"Spanish Courses in Malaga","alternateName":"MaestroM\u00edo","potentialAction":[{"@type":"SearchAction","target":{"@type":"EntryPoint","urlTemplate":"https:\/\/maestromio.org\/fr\/?s={search_term_string}"},"query-input":{"@type":"PropertyValueSpecification","valueRequired":true,"valueName":"search_term_string"}}],"inLanguage":"fr-FR"}]}},"_links":{"self":[{"href":"https:\/\/maestromio.org\/fr\/wp-json\/wp\/v2\/pages\/22134","targetHints":{"allow":["GET"]}}],"collection":[{"href":"https:\/\/maestromio.org\/fr\/wp-json\/wp\/v2\/pages"}],"about":[{"href":"https:\/\/maestromio.org\/fr\/wp-json\/wp\/v2\/types\/page"}],"author":[{"embeddable":true,"href":"https:\/\/maestromio.org\/fr\/wp-json\/wp\/v2\/users\/2"}],"replies":[{"embeddable":true,"href":"https:\/\/maestromio.org\/fr\/wp-json\/wp\/v2\/comments?post=22134"}],"version-history":[{"count":3,"href":"https:\/\/maestromio.org\/fr\/wp-json\/wp\/v2\/pages\/22134\/revisions"}],"predecessor-version":[{"id":36088,"href":"https:\/\/maestromio.org\/fr\/wp-json\/wp\/v2\/pages\/22134\/revisions\/36088"}],"wp:attachment":[{"href":"https:\/\/maestromio.org\/fr\/wp-json\/wp\/v2\/media?parent=22134"}],"curies":[{"name":"wp","href":"https:\/\/api.w.org\/{rel}","templated":true}]}}