{"id":21849,"date":"2023-09-06T15:39:50","date_gmt":"2023-09-06T14:39:50","guid":{"rendered":"https:\/\/maestromio.org\/school-groups\/"},"modified":"2026-03-23T16:33:06","modified_gmt":"2026-03-23T15:33:06","slug":"groupe-scolaires","status":"publish","type":"page","link":"https:\/\/maestromio.org\/fr\/groupe-scolaires\/","title":{"rendered":"Groupe scolaires"},"content":{"rendered":"<p style=\"font-weight: 400;\">MaestroMio est une \u00e9cole de langue ind\u00e9pendante situ\u00e9e \u00e0 M\u00e1laga. Nous proposons des programmes d&rsquo;immersion sur mesure pour les groupes d&rsquo;\u00e9l\u00e8ves de l&rsquo;enseignement secondaire. Pour les \u00e9tudiants de sixi\u00e8me ann\u00e9e, nous pouvons proposer une combinaison de cours d&rsquo;espagnol et d&rsquo;exp\u00e9rience professionnelle sur une base individuelle ou en groupe. Cela fait 40 ans que nous enseignons l\u2019espagnol \u00e0 Malaga et nos r\u00e9sultats sont excellents.<\/p>\n<p style=\"font-weight: 400;\">M\u00e1laga est une destination id\u00e9ale pour les jeunes \u00e9tudiants afin de se m\u00ealer \u00e0 la culture stimule leur int\u00e9r\u00eat pour la langue et le pays. Avec une population d\u2019environ 600 000 habitants, la ville \u00e0 une taille id\u00e9ale pour un programme d\u2019immersion. Avec son climat m\u00e9diterran\u00e9en et ses plages fabuleuses, la localisation de l\u2019\u00e9cole offre de nombreuses possibilit\u00e9s d\u2019activit\u00e9s aussi bien culturelles que r\u00e9cr\u00e9atives. De plus nous pouvons proposer des voyages d\u2019une journ\u00e9e dans d\u2019autres villes c\u00e9l\u00e8bres d\u2019Andalousie Ronda, Granada, Cordoba and S\u00e9ville.<\/p>\n<p style=\"font-weight: 400;\">Notre \u00e9cole est situ\u00e9e dans le centre historique de la ville de M\u00e1laga, pr\u00e8s de la rue Larios. Nos locaux sont \u00e9quip\u00e9s de 10 classes prouvant accueil au total 100 \u00e9tudiants. Le corps enseignant de notre \u00e9cole est qualifi\u00e9 et exp\u00e9riment\u00e9, ce sont des locaux n\u00e9s en Espagne ayant un dipl\u00f4me universitaire. L\u2019\u00e9cole est accr\u00e9dit\u00e9e par l\u2019institut Cervantes ce qui est un gage de qualit\u00e9. Les logements propos\u00e9s sont : les familles d\u2019accueil, des logements \u00e9tudiants dans des r\u00e9sidences \u00e9tudiantes, des auberges de jeunesse et des h\u00f4tels situ\u00e9s \u00e0 une distance raisonnable de l\u2019\u00e9cole de langues.<\/p>\n<p style=\"font-weight: 400;\">Pour plus d\u2019informations merci de nous contacter par mail\u00a0: <a href=\"mailto:hola@maestromio.org\">hola@maestromio.org<\/a><\/p>\n<p>&nbsp;<\/p>\n","protected":false},"excerpt":{"rendered":"<p>MaestroMio est une \u00e9cole de langue ind\u00e9pendante situ\u00e9e \u00e0 M\u00e1laga. Nous proposons des programmes d&rsquo;immersion sur mesure pour les groupes d&rsquo;\u00e9l\u00e8ves de l&rsquo;enseignement secondaire. Pour les \u00e9tudiants de sixi\u00e8me ann\u00e9e, nous pouvons proposer une combinaison de cours d&rsquo;espagnol et d&rsquo;exp\u00e9rience professionnelle sur une base individuelle ou en groupe. Cela fait 40 ans que nous enseignons &#8230; <a title=\"Groupe scolaires\" class=\"read-more\" href=\"https:\/\/maestromio.org\/fr\/groupe-scolaires\/\" aria-label=\"En savoir plus sur Groupe scolaires\">Lire la suite<\/a><\/p>\n","protected":false},"author":2,"featured_media":0,"parent":0,"menu_order":0,"comment_status":"closed","ping_status":"closed","template":"","meta":{"inline_featured_image":false,"footnotes":""},"class_list":["post-21849","page","type-page","status-publish"],"yoast_head":"<!-- This site is optimized with the Yoast SEO plugin v27.3 - https:\/\/yoast.com\/product\/yoast-seo-wordpress\/ -->\n<title>Groupe scolaires - Maestro m\u00edo - The language school<\/title>\n<meta name=\"robots\" content=\"index, follow, max-snippet:-1, max-image-preview:large, max-video-preview:-1\" \/>\n<link rel=\"canonical\" href=\"https:\/\/maestromio.org\/fr\/groupe-scolaires\/\" \/>\n<meta property=\"og:locale\" content=\"fr_FR\" \/>\n<meta property=\"og:type\" content=\"article\" \/>\n<meta property=\"og:title\" content=\"Groupe scolaires - Maestro m\u00edo - The language school\" \/>\n<meta property=\"og:description\" content=\"MaestroMio est une \u00e9cole de langue ind\u00e9pendante situ\u00e9e \u00e0 M\u00e1laga. Nous proposons des programmes d&rsquo;immersion sur mesure pour les groupes d&rsquo;\u00e9l\u00e8ves de l&rsquo;enseignement secondaire. Pour les \u00e9tudiants de sixi\u00e8me ann\u00e9e, nous pouvons proposer une combinaison de cours d&rsquo;espagnol et d&rsquo;exp\u00e9rience professionnelle sur une base individuelle ou en groupe. Cela fait 40 ans que nous enseignons ... Lire la suite\" \/>\n<meta property=\"og:url\" content=\"https:\/\/maestromio.org\/fr\/groupe-scolaires\/\" \/>\n<meta property=\"og:site_name\" content=\"Maestro m\u00edo - The language school\" \/>\n<meta property=\"article:publisher\" content=\"https:\/\/www.facebook.com\/MaestroMioMalaga\/\" \/>\n<meta property=\"article:modified_time\" content=\"2026-03-23T15:33:06+00:00\" \/>\n<meta property=\"og:image\" content=\"https:\/\/maestromio.org\/wp-content\/uploads\/logo_maestromio.png\" \/>\n\t<meta property=\"og:image:width\" content=\"350\" \/>\n\t<meta property=\"og:image:height\" content=\"188\" \/>\n\t<meta property=\"og:image:type\" content=\"image\/png\" \/>\n<meta name=\"twitter:card\" content=\"summary_large_image\" \/>\n<meta name=\"twitter:site\" content=\"@MaestroMio_\" \/>\n<meta name=\"twitter:label1\" content=\"Dur\u00e9e de lecture estim\u00e9e\" \/>\n\t<meta name=\"twitter:data1\" content=\"2 minutes\" \/>\n<script type=\"application\/ld+json\" class=\"yoast-schema-graph\">{\"@context\":\"https:\\\/\\\/schema.org\",\"@graph\":[{\"@type\":\"WebPage\",\"@id\":\"https:\\\/\\\/maestromio.org\\\/fr\\\/groupe-scolaires\\\/\",\"url\":\"https:\\\/\\\/maestromio.org\\\/fr\\\/groupe-scolaires\\\/\",\"name\":\"Groupe scolaires - Maestro m\u00edo - The language school\",\"isPartOf\":{\"@id\":\"https:\\\/\\\/maestromio.org\\\/fr\\\/#website\"},\"datePublished\":\"2023-09-06T14:39:50+00:00\",\"dateModified\":\"2026-03-23T15:33:06+00:00\",\"breadcrumb\":{\"@id\":\"https:\\\/\\\/maestromio.org\\\/fr\\\/groupe-scolaires\\\/#breadcrumb\"},\"inLanguage\":\"fr-FR\",\"potentialAction\":[{\"@type\":\"ReadAction\",\"target\":[\"https:\\\/\\\/maestromio.org\\\/fr\\\/groupe-scolaires\\\/\"]}]},{\"@type\":\"BreadcrumbList\",\"@id\":\"https:\\\/\\\/maestromio.org\\\/fr\\\/groupe-scolaires\\\/#breadcrumb\",\"itemListElement\":[{\"@type\":\"ListItem\",\"position\":1,\"name\":\"Home\",\"item\":\"https:\\\/\\\/maestromio.org\\\/fr\\\/\"},{\"@type\":\"ListItem\",\"position\":2,\"name\":\"Groupe scolaires\"}]},{\"@type\":\"WebSite\",\"@id\":\"https:\\\/\\\/maestromio.org\\\/fr\\\/#website\",\"url\":\"https:\\\/\\\/maestromio.org\\\/fr\\\/\",\"name\":\"MaestroM\u00edo - The Language School\",\"description\":\"Spanish Courses in Malaga\",\"alternateName\":\"MaestroM\u00edo\",\"potentialAction\":[{\"@type\":\"SearchAction\",\"target\":{\"@type\":\"EntryPoint\",\"urlTemplate\":\"https:\\\/\\\/maestromio.org\\\/fr\\\/?s={search_term_string}\"},\"query-input\":{\"@type\":\"PropertyValueSpecification\",\"valueRequired\":true,\"valueName\":\"search_term_string\"}}],\"inLanguage\":\"fr-FR\"}]}<\/script>\n<!-- \/ Yoast SEO plugin. -->","yoast_head_json":{"title":"Groupe scolaires - Maestro m\u00edo - The language school","robots":{"index":"index","follow":"follow","max-snippet":"max-snippet:-1","max-image-preview":"max-image-preview:large","max-video-preview":"max-video-preview:-1"},"canonical":"https:\/\/maestromio.org\/fr\/groupe-scolaires\/","og_locale":"fr_FR","og_type":"article","og_title":"Groupe scolaires - Maestro m\u00edo - The language school","og_description":"MaestroMio est une \u00e9cole de langue ind\u00e9pendante situ\u00e9e \u00e0 M\u00e1laga. Nous proposons des programmes d&rsquo;immersion sur mesure pour les groupes d&rsquo;\u00e9l\u00e8ves de l&rsquo;enseignement secondaire. Pour les \u00e9tudiants de sixi\u00e8me ann\u00e9e, nous pouvons proposer une combinaison de cours d&rsquo;espagnol et d&rsquo;exp\u00e9rience professionnelle sur une base individuelle ou en groupe. Cela fait 40 ans que nous enseignons ... Lire la suite","og_url":"https:\/\/maestromio.org\/fr\/groupe-scolaires\/","og_site_name":"Maestro m\u00edo - The language school","article_publisher":"https:\/\/www.facebook.com\/MaestroMioMalaga\/","article_modified_time":"2026-03-23T15:33:06+00:00","og_image":[{"width":350,"height":188,"url":"https:\/\/maestromio.org\/wp-content\/uploads\/logo_maestromio.png","type":"image\/png"}],"twitter_card":"summary_large_image","twitter_site":"@MaestroMio_","twitter_misc":{"Dur\u00e9e de lecture estim\u00e9e":"2 minutes"},"schema":{"@context":"https:\/\/schema.org","@graph":[{"@type":"WebPage","@id":"https:\/\/maestromio.org\/fr\/groupe-scolaires\/","url":"https:\/\/maestromio.org\/fr\/groupe-scolaires\/","name":"Groupe scolaires - Maestro m\u00edo - The language school","isPartOf":{"@id":"https:\/\/maestromio.org\/fr\/#website"},"datePublished":"2023-09-06T14:39:50+00:00","dateModified":"2026-03-23T15:33:06+00:00","breadcrumb":{"@id":"https:\/\/maestromio.org\/fr\/groupe-scolaires\/#breadcrumb"},"inLanguage":"fr-FR","potentialAction":[{"@type":"ReadAction","target":["https:\/\/maestromio.org\/fr\/groupe-scolaires\/"]}]},{"@type":"BreadcrumbList","@id":"https:\/\/maestromio.org\/fr\/groupe-scolaires\/#breadcrumb","itemListElement":[{"@type":"ListItem","position":1,"name":"Home","item":"https:\/\/maestromio.org\/fr\/"},{"@type":"ListItem","position":2,"name":"Groupe scolaires"}]},{"@type":"WebSite","@id":"https:\/\/maestromio.org\/fr\/#website","url":"https:\/\/maestromio.org\/fr\/","name":"MaestroM\u00edo - The Language School","description":"Spanish Courses in Malaga","alternateName":"MaestroM\u00edo","potentialAction":[{"@type":"SearchAction","target":{"@type":"EntryPoint","urlTemplate":"https:\/\/maestromio.org\/fr\/?s={search_term_string}"},"query-input":{"@type":"PropertyValueSpecification","valueRequired":true,"valueName":"search_term_string"}}],"inLanguage":"fr-FR"}]}},"_links":{"self":[{"href":"https:\/\/maestromio.org\/fr\/wp-json\/wp\/v2\/pages\/21849","targetHints":{"allow":["GET"]}}],"collection":[{"href":"https:\/\/maestromio.org\/fr\/wp-json\/wp\/v2\/pages"}],"about":[{"href":"https:\/\/maestromio.org\/fr\/wp-json\/wp\/v2\/types\/page"}],"author":[{"embeddable":true,"href":"https:\/\/maestromio.org\/fr\/wp-json\/wp\/v2\/users\/2"}],"replies":[{"embeddable":true,"href":"https:\/\/maestromio.org\/fr\/wp-json\/wp\/v2\/comments?post=21849"}],"version-history":[{"count":6,"href":"https:\/\/maestromio.org\/fr\/wp-json\/wp\/v2\/pages\/21849\/revisions"}],"predecessor-version":[{"id":43520,"href":"https:\/\/maestromio.org\/fr\/wp-json\/wp\/v2\/pages\/21849\/revisions\/43520"}],"wp:attachment":[{"href":"https:\/\/maestromio.org\/fr\/wp-json\/wp\/v2\/media?parent=21849"}],"curies":[{"name":"wp","href":"https:\/\/api.w.org\/{rel}","templated":true}]}}