{"id":21790,"date":"2021-05-27T12:50:57","date_gmt":"2021-05-27T11:50:57","guid":{"rendered":"https:\/\/maestromio.org\/the-philosophy-of-maestromio\/"},"modified":"2026-03-02T10:43:17","modified_gmt":"2026-03-02T09:43:17","slug":"la-philosophie-de-maestromio","status":"publish","type":"page","link":"https:\/\/maestromio.org\/fr\/la-philosophie-de-maestromio\/","title":{"rendered":"La philosophie de MaestroMio"},"content":{"rendered":"<p>MaestroMio est l\u2019endroit o\u00f9 vos r\u00eaves deviennent r\u00e9alit\u00e9, pour nous les actions en disent plus que les mots.<\/p>\n<p>\u00c0 \u00a0Maestro Mio on n\u2019apprend pas l\u2019espagnol, on le VIE. Notre philosophie est de partager avec vous des exp\u00e9riences uniques et inoubliables. Pour cette raison, nous avons recrut\u00e9 une \u00e9quipe enseignante dont la r\u00e9ussite et le bien-\u00eatre de nos \u00e9tudiants sont une priorit\u00e9. Nous tenons \u00e0 ce que nos \u00e9tudiants aient un suivi individuel de la part de notre \u00e9quipe. MaestroMio propose une exp\u00e9rience immersive dans la langue espagnole, en passant de la gastronomie aux racines culturelles de l\u2019Espagne.<\/p>\n<p>En plus des cours de langues nous avons un calendrier d\u2019activit\u00e9s tr\u00e8s vari\u00e9 dans lequel nos moniteurs vous feront d\u00e9couvrir l\u2019histoire, les anecdotes, les coutumes, les lieux \u2026sous une forme tellement accueillante qu\u2019elle restera \u00e0 vie grav\u00e9e dans vos m\u00e9moires.<\/p>\n<p>Missions\u00a0:<\/p>\n<p>Nous sommes une \u00e9quipe internationale motiv\u00e9e, cr\u00e9ative et flexible. Notre mission est d\u2019offrir \u00e0 nos clients des prestations personnalis\u00e9es et de qualit\u00e9, pour que vous vous sentiez partie int\u00e9grante de notre grande famille. Nous souhaitons que vous puissiez apprendre tout en vous amusant.<\/p>\n<p>Vision\u00a0:<\/p>\n<p>Nous souhaitons \u00eatre une entreprise de r\u00e9f\u00e9rence pour l\u2019enseignement des langues \u00e0 l\u2019international. Avec des cours en groupe ou individuels combin\u00e9s \u00e0 des activit\u00e9s cr\u00e9atives et un environnement familial et ludique.<\/p>\n<p>Votre bien-\u00eatre est aussi important pour notre p\u00f4le administratif, qui suit \u00e9galement la philosophie de l\u2019entreprise avec un traitement personnalis\u00e9 de vos demandes, des \u00a0appels et une aide personnalis\u00e9e.<\/p>\n","protected":false},"excerpt":{"rendered":"<p>MaestroMio est l\u2019endroit o\u00f9 vos r\u00eaves deviennent r\u00e9alit\u00e9, pour nous les actions en disent plus que les mots. \u00c0 \u00a0Maestro Mio on n\u2019apprend pas l\u2019espagnol, on le VIE. Notre philosophie est de partager avec vous des exp\u00e9riences uniques et inoubliables. Pour cette raison, nous avons recrut\u00e9 une \u00e9quipe enseignante dont la r\u00e9ussite et le bien-\u00eatre &#8230; <a title=\"La philosophie de MaestroMio\" class=\"read-more\" href=\"https:\/\/maestromio.org\/fr\/la-philosophie-de-maestromio\/\" aria-label=\"En savoir plus sur La philosophie de MaestroMio\">Lire la suite<\/a><\/p>\n","protected":false},"author":2,"featured_media":0,"parent":0,"menu_order":0,"comment_status":"closed","ping_status":"closed","template":"","meta":{"inline_featured_image":false,"footnotes":""},"class_list":["post-21790","page","type-page","status-publish"],"yoast_head":"<!-- This site is optimized with the Yoast SEO plugin v27.3 - https:\/\/yoast.com\/product\/yoast-seo-wordpress\/ -->\n<title>La philosophie de MaestroMio - Maestro m\u00edo - The language school<\/title>\n<meta name=\"robots\" content=\"index, follow, max-snippet:-1, max-image-preview:large, max-video-preview:-1\" \/>\n<link rel=\"canonical\" href=\"https:\/\/maestromio.org\/fr\/la-philosophie-de-maestromio\/\" \/>\n<meta property=\"og:locale\" content=\"fr_FR\" \/>\n<meta property=\"og:type\" content=\"article\" \/>\n<meta property=\"og:title\" content=\"La philosophie de MaestroMio - Maestro m\u00edo - The language school\" \/>\n<meta property=\"og:description\" content=\"MaestroMio est l\u2019endroit o\u00f9 vos r\u00eaves deviennent r\u00e9alit\u00e9, pour nous les actions en disent plus que les mots. \u00c0 \u00a0Maestro Mio on n\u2019apprend pas l\u2019espagnol, on le VIE. Notre philosophie est de partager avec vous des exp\u00e9riences uniques et inoubliables. Pour cette raison, nous avons recrut\u00e9 une \u00e9quipe enseignante dont la r\u00e9ussite et le bien-\u00eatre ... Lire la suite\" \/>\n<meta property=\"og:url\" content=\"https:\/\/maestromio.org\/fr\/la-philosophie-de-maestromio\/\" \/>\n<meta property=\"og:site_name\" content=\"Maestro m\u00edo - The language school\" \/>\n<meta property=\"article:publisher\" content=\"https:\/\/www.facebook.com\/MaestroMioMalaga\/\" \/>\n<meta property=\"article:modified_time\" content=\"2026-03-02T09:43:17+00:00\" \/>\n<meta property=\"og:image\" content=\"https:\/\/maestromio.org\/wp-content\/uploads\/logo_maestromio.png\" \/>\n\t<meta property=\"og:image:width\" content=\"350\" \/>\n\t<meta property=\"og:image:height\" content=\"188\" \/>\n\t<meta property=\"og:image:type\" content=\"image\/png\" \/>\n<meta name=\"twitter:card\" content=\"summary_large_image\" \/>\n<meta name=\"twitter:site\" content=\"@MaestroMio_\" \/>\n<meta name=\"twitter:label1\" content=\"Dur\u00e9e de lecture estim\u00e9e\" \/>\n\t<meta name=\"twitter:data1\" content=\"2 minutes\" \/>\n<script type=\"application\/ld+json\" class=\"yoast-schema-graph\">{\"@context\":\"https:\\\/\\\/schema.org\",\"@graph\":[{\"@type\":\"WebPage\",\"@id\":\"https:\\\/\\\/maestromio.org\\\/fr\\\/la-philosophie-de-maestromio\\\/\",\"url\":\"https:\\\/\\\/maestromio.org\\\/fr\\\/la-philosophie-de-maestromio\\\/\",\"name\":\"La philosophie de MaestroMio - Maestro m\u00edo - The language school\",\"isPartOf\":{\"@id\":\"https:\\\/\\\/maestromio.org\\\/fr\\\/#website\"},\"datePublished\":\"2021-05-27T11:50:57+00:00\",\"dateModified\":\"2026-03-02T09:43:17+00:00\",\"breadcrumb\":{\"@id\":\"https:\\\/\\\/maestromio.org\\\/fr\\\/la-philosophie-de-maestromio\\\/#breadcrumb\"},\"inLanguage\":\"fr-FR\",\"potentialAction\":[{\"@type\":\"ReadAction\",\"target\":[\"https:\\\/\\\/maestromio.org\\\/fr\\\/la-philosophie-de-maestromio\\\/\"]}]},{\"@type\":\"BreadcrumbList\",\"@id\":\"https:\\\/\\\/maestromio.org\\\/fr\\\/la-philosophie-de-maestromio\\\/#breadcrumb\",\"itemListElement\":[{\"@type\":\"ListItem\",\"position\":1,\"name\":\"Home\",\"item\":\"https:\\\/\\\/maestromio.org\\\/fr\\\/\"},{\"@type\":\"ListItem\",\"position\":2,\"name\":\"La philosophie de MaestroMio\"}]},{\"@type\":\"WebSite\",\"@id\":\"https:\\\/\\\/maestromio.org\\\/fr\\\/#website\",\"url\":\"https:\\\/\\\/maestromio.org\\\/fr\\\/\",\"name\":\"MaestroM\u00edo - The Language School\",\"description\":\"Spanish Courses in Malaga\",\"alternateName\":\"MaestroM\u00edo\",\"potentialAction\":[{\"@type\":\"SearchAction\",\"target\":{\"@type\":\"EntryPoint\",\"urlTemplate\":\"https:\\\/\\\/maestromio.org\\\/fr\\\/?s={search_term_string}\"},\"query-input\":{\"@type\":\"PropertyValueSpecification\",\"valueRequired\":true,\"valueName\":\"search_term_string\"}}],\"inLanguage\":\"fr-FR\"}]}<\/script>\n<!-- \/ Yoast SEO plugin. -->","yoast_head_json":{"title":"La philosophie de MaestroMio - Maestro m\u00edo - The language school","robots":{"index":"index","follow":"follow","max-snippet":"max-snippet:-1","max-image-preview":"max-image-preview:large","max-video-preview":"max-video-preview:-1"},"canonical":"https:\/\/maestromio.org\/fr\/la-philosophie-de-maestromio\/","og_locale":"fr_FR","og_type":"article","og_title":"La philosophie de MaestroMio - Maestro m\u00edo - The language school","og_description":"MaestroMio est l\u2019endroit o\u00f9 vos r\u00eaves deviennent r\u00e9alit\u00e9, pour nous les actions en disent plus que les mots. \u00c0 \u00a0Maestro Mio on n\u2019apprend pas l\u2019espagnol, on le VIE. Notre philosophie est de partager avec vous des exp\u00e9riences uniques et inoubliables. Pour cette raison, nous avons recrut\u00e9 une \u00e9quipe enseignante dont la r\u00e9ussite et le bien-\u00eatre ... Lire la suite","og_url":"https:\/\/maestromio.org\/fr\/la-philosophie-de-maestromio\/","og_site_name":"Maestro m\u00edo - The language school","article_publisher":"https:\/\/www.facebook.com\/MaestroMioMalaga\/","article_modified_time":"2026-03-02T09:43:17+00:00","og_image":[{"width":350,"height":188,"url":"https:\/\/maestromio.org\/wp-content\/uploads\/logo_maestromio.png","type":"image\/png"}],"twitter_card":"summary_large_image","twitter_site":"@MaestroMio_","twitter_misc":{"Dur\u00e9e de lecture estim\u00e9e":"2 minutes"},"schema":{"@context":"https:\/\/schema.org","@graph":[{"@type":"WebPage","@id":"https:\/\/maestromio.org\/fr\/la-philosophie-de-maestromio\/","url":"https:\/\/maestromio.org\/fr\/la-philosophie-de-maestromio\/","name":"La philosophie de MaestroMio - Maestro m\u00edo - The language school","isPartOf":{"@id":"https:\/\/maestromio.org\/fr\/#website"},"datePublished":"2021-05-27T11:50:57+00:00","dateModified":"2026-03-02T09:43:17+00:00","breadcrumb":{"@id":"https:\/\/maestromio.org\/fr\/la-philosophie-de-maestromio\/#breadcrumb"},"inLanguage":"fr-FR","potentialAction":[{"@type":"ReadAction","target":["https:\/\/maestromio.org\/fr\/la-philosophie-de-maestromio\/"]}]},{"@type":"BreadcrumbList","@id":"https:\/\/maestromio.org\/fr\/la-philosophie-de-maestromio\/#breadcrumb","itemListElement":[{"@type":"ListItem","position":1,"name":"Home","item":"https:\/\/maestromio.org\/fr\/"},{"@type":"ListItem","position":2,"name":"La philosophie de MaestroMio"}]},{"@type":"WebSite","@id":"https:\/\/maestromio.org\/fr\/#website","url":"https:\/\/maestromio.org\/fr\/","name":"MaestroM\u00edo - The Language School","description":"Spanish Courses in Malaga","alternateName":"MaestroM\u00edo","potentialAction":[{"@type":"SearchAction","target":{"@type":"EntryPoint","urlTemplate":"https:\/\/maestromio.org\/fr\/?s={search_term_string}"},"query-input":{"@type":"PropertyValueSpecification","valueRequired":true,"valueName":"search_term_string"}}],"inLanguage":"fr-FR"}]}},"_links":{"self":[{"href":"https:\/\/maestromio.org\/fr\/wp-json\/wp\/v2\/pages\/21790","targetHints":{"allow":["GET"]}}],"collection":[{"href":"https:\/\/maestromio.org\/fr\/wp-json\/wp\/v2\/pages"}],"about":[{"href":"https:\/\/maestromio.org\/fr\/wp-json\/wp\/v2\/types\/page"}],"author":[{"embeddable":true,"href":"https:\/\/maestromio.org\/fr\/wp-json\/wp\/v2\/users\/2"}],"replies":[{"embeddable":true,"href":"https:\/\/maestromio.org\/fr\/wp-json\/wp\/v2\/comments?post=21790"}],"version-history":[{"count":6,"href":"https:\/\/maestromio.org\/fr\/wp-json\/wp\/v2\/pages\/21790\/revisions"}],"predecessor-version":[{"id":42749,"href":"https:\/\/maestromio.org\/fr\/wp-json\/wp\/v2\/pages\/21790\/revisions\/42749"}],"wp:attachment":[{"href":"https:\/\/maestromio.org\/fr\/wp-json\/wp\/v2\/media?parent=21790"}],"curies":[{"name":"wp","href":"https:\/\/api.w.org\/{rel}","templated":true}]}}