{"id":21689,"date":"2020-01-30T12:47:41","date_gmt":"2020-01-30T12:47:41","guid":{"rendered":"https:\/\/maestromio.org\/teaching-methodology\/"},"modified":"2026-03-02T10:39:38","modified_gmt":"2026-03-02T09:39:38","slug":"notre-methode-pedagogique","status":"publish","type":"page","link":"https:\/\/maestromio.org\/fr\/notre-methode-pedagogique\/","title":{"rendered":"Notre m\u00e9thode p\u00e9dagogique"},"content":{"rendered":"\t\t<div data-elementor-type=\"wp-post\" data-elementor-id=\"21689\" class=\"elementor elementor-21689 elementor-1298\" data-elementor-post-type=\"page\">\n\t\t\t\t\t\t<section class=\"elementor-section elementor-top-section elementor-element elementor-element-33e6e91 elementor-section-stretched elementor-section-height-min-height elementor-section-boxed elementor-section-height-default elementor-section-items-middle\" data-id=\"33e6e91\" data-element_type=\"section\" data-e-type=\"section\" data-settings=\"{&quot;stretch_section&quot;:&quot;section-stretched&quot;,&quot;background_background&quot;:&quot;classic&quot;}\">\n\t\t\t\t\t\t\t<div class=\"elementor-background-overlay\"><\/div>\n\t\t\t\t\t\t\t<div class=\"elementor-container elementor-column-gap-default\">\n\t\t\t\t\t<div class=\"elementor-column elementor-col-25 elementor-top-column elementor-element elementor-element-9e98644\" data-id=\"9e98644\" data-element_type=\"column\" data-e-type=\"column\">\n\t\t\t<div class=\"elementor-widget-wrap\">\n\t\t\t\t\t\t\t<\/div>\n\t\t<\/div>\n\t\t\t\t<div class=\"elementor-column elementor-col-50 elementor-top-column elementor-element elementor-element-abfe840\" data-id=\"abfe840\" data-element_type=\"column\" data-e-type=\"column\">\n\t\t\t<div class=\"elementor-widget-wrap elementor-element-populated\">\n\t\t\t\t\t\t<div class=\"elementor-element elementor-element-3178ae0 elementor-widget elementor-widget-heading\" data-id=\"3178ae0\" data-element_type=\"widget\" data-e-type=\"widget\" data-widget_type=\"heading.default\">\n\t\t\t\t<div class=\"elementor-widget-container\">\n\t\t\t\t\t<h2 class=\"elementor-heading-title elementor-size-default\"><p style=\"margin-bottom:0cm;line-height:normal\"><span lang=\"FR\">Nos m\u00e9thodes d\u2019enseignement<\/span><\/p><\/h2>\t\t\t\t<\/div>\n\t\t\t\t<\/div>\n\t\t\t\t<div class=\"elementor-element elementor-element-a7e1db0 elementor-widget elementor-widget-text-editor\" data-id=\"a7e1db0\" data-element_type=\"widget\" data-e-type=\"widget\" data-widget_type=\"text-editor.default\">\n\t\t\t\t<div class=\"elementor-widget-container\">\n\t\t\t\t\t\t\t\t\t<p>\u00c0 maestro mio notre objectif est de rendre votre exp\u00e9rience inoubliable.<\/p>\t\t\t\t\t\t\t\t<\/div>\n\t\t\t\t<\/div>\n\t\t\t\t\t<\/div>\n\t\t<\/div>\n\t\t\t\t<div class=\"elementor-column elementor-col-25 elementor-top-column elementor-element elementor-element-17ad577\" data-id=\"17ad577\" data-element_type=\"column\" data-e-type=\"column\">\n\t\t\t<div class=\"elementor-widget-wrap\">\n\t\t\t\t\t\t\t<\/div>\n\t\t<\/div>\n\t\t\t\t\t<\/div>\n\t\t<\/section>\n\t\t\t\t<section class=\"elementor-section elementor-top-section elementor-element elementor-element-66769b4 elementor-section-boxed elementor-section-height-default elementor-section-height-default\" data-id=\"66769b4\" data-element_type=\"section\" data-e-type=\"section\">\n\t\t\t\t\t\t<div class=\"elementor-container elementor-column-gap-default\">\n\t\t\t\t\t<div class=\"elementor-column elementor-col-50 elementor-top-column elementor-element elementor-element-cfd1250\" data-id=\"cfd1250\" data-element_type=\"column\" data-e-type=\"column\">\n\t\t\t<div class=\"elementor-widget-wrap elementor-element-populated\">\n\t\t\t\t\t\t<div class=\"elementor-element elementor-element-21f2c65 elementor-widget elementor-widget-heading\" data-id=\"21f2c65\" data-element_type=\"widget\" data-e-type=\"widget\" data-widget_type=\"heading.default\">\n\t\t\t\t<div class=\"elementor-widget-container\">\n\t\t\t\t\t<h2 class=\"elementor-heading-title elementor-size-default\"><p style=\"margin-bottom:0cm;line-height:normal\"><span lang=\"FR\">Nous fabriquons des exp\u00e9riences uniques<\/span><\/p><\/h2>\t\t\t\t<\/div>\n\t\t\t\t<\/div>\n\t\t\t\t<div class=\"elementor-element elementor-element-08e5edb elementor-widget elementor-widget-text-editor\" data-id=\"08e5edb\" data-element_type=\"widget\" data-e-type=\"widget\" data-widget_type=\"text-editor.default\">\n\t\t\t\t<div class=\"elementor-widget-container\">\n\t\t\t\t\t\t\t\t\t<div class=\"js-comment-text tb-comment-text\"><div><div><p>D\u2019une part, nous vous apprenons la langue espagnole afin que vous puissiez communiquer avec fluidit\u00e9 et int\u00e9ragir avec des hispanophones sur des sujets divers, et d\u2019une autre, nous vous enseignons les usages et coutumes espagnoles afin de d\u00e9velopper au mieux votre exp\u00e9rience culturelle.<\/p><\/div><\/div><\/div>\t\t\t\t\t\t\t\t<\/div>\n\t\t\t\t<\/div>\n\t\t\t\t\t<\/div>\n\t\t<\/div>\n\t\t\t\t<div class=\"elementor-column elementor-col-50 elementor-top-column elementor-element elementor-element-0e1ce01\" data-id=\"0e1ce01\" data-element_type=\"column\" data-e-type=\"column\">\n\t\t\t<div class=\"elementor-widget-wrap elementor-element-populated\">\n\t\t\t\t\t\t<div class=\"elementor-element elementor-element-f3d528d elementor-widget elementor-widget-image\" data-id=\"f3d528d\" data-element_type=\"widget\" data-e-type=\"widget\" data-widget_type=\"image.default\">\n\t\t\t\t<div class=\"elementor-widget-container\">\n\t\t\t\t\t\t\t\t\t\t\t\t\t\t\t<img fetchpriority=\"high\" decoding=\"async\" width=\"490\" height=\"326\" src=\"https:\/\/maestromio.org\/wp-content\/uploads\/tapas.jpg\" class=\"attachment-large size-large wp-image-21886\" alt=\"\" srcset=\"https:\/\/maestromio.org\/wp-content\/uploads\/tapas.jpg 490w, https:\/\/maestromio.org\/wp-content\/uploads\/tapas-300x200.jpg 300w\" sizes=\"(max-width: 490px) 100vw, 490px\" \/>\t\t\t\t\t\t\t\t\t\t\t\t\t\t\t<\/div>\n\t\t\t\t<\/div>\n\t\t\t\t\t<\/div>\n\t\t<\/div>\n\t\t\t\t\t<\/div>\n\t\t<\/section>\n\t\t\t\t<\/div>\n\t\t","protected":false},"excerpt":{"rendered":"<p>Nos m\u00e9thodes d\u2019enseignement \u00c0 maestro mio notre objectif est de rendre votre exp\u00e9rience inoubliable. Nous fabriquons des exp\u00e9riences uniques D\u2019une part, nous vous apprenons la langue espagnole afin que vous puissiez communiquer avec fluidit\u00e9 et int\u00e9ragir avec des hispanophones sur des sujets divers, et d\u2019une autre, nous vous enseignons les usages et coutumes espagnoles afin &#8230; <a title=\"Notre m\u00e9thode p\u00e9dagogique\" class=\"read-more\" href=\"https:\/\/maestromio.org\/fr\/notre-methode-pedagogique\/\" aria-label=\"En savoir plus sur Notre m\u00e9thode p\u00e9dagogique\">Lire la suite<\/a><\/p>\n","protected":false},"author":1,"featured_media":0,"parent":0,"menu_order":0,"comment_status":"closed","ping_status":"closed","template":"","meta":{"inline_featured_image":false,"footnotes":""},"class_list":["post-21689","page","type-page","status-publish"],"yoast_head":"<!-- This site is optimized with the Yoast SEO plugin v27.3 - https:\/\/yoast.com\/product\/yoast-seo-wordpress\/ -->\n<title>Notre m\u00e9thode p\u00e9dagogique - Maestro m\u00edo - The language school<\/title>\n<meta name=\"robots\" content=\"index, follow, max-snippet:-1, max-image-preview:large, max-video-preview:-1\" \/>\n<link rel=\"canonical\" href=\"https:\/\/maestromio.org\/fr\/notre-methode-pedagogique\/\" \/>\n<meta property=\"og:locale\" content=\"fr_FR\" \/>\n<meta property=\"og:type\" content=\"article\" \/>\n<meta property=\"og:title\" content=\"Notre m\u00e9thode p\u00e9dagogique - Maestro m\u00edo - The language school\" \/>\n<meta property=\"og:description\" content=\"Nos m\u00e9thodes d\u2019enseignement \u00c0 maestro mio notre objectif est de rendre votre exp\u00e9rience inoubliable. Nous fabriquons des exp\u00e9riences uniques D\u2019une part, nous vous apprenons la langue espagnole afin que vous puissiez communiquer avec fluidit\u00e9 et int\u00e9ragir avec des hispanophones sur des sujets divers, et d\u2019une autre, nous vous enseignons les usages et coutumes espagnoles afin ... Lire la suite\" \/>\n<meta property=\"og:url\" content=\"https:\/\/maestromio.org\/fr\/notre-methode-pedagogique\/\" \/>\n<meta property=\"og:site_name\" content=\"Maestro m\u00edo - The language school\" \/>\n<meta property=\"article:publisher\" content=\"https:\/\/www.facebook.com\/MaestroMioMalaga\/\" \/>\n<meta property=\"article:modified_time\" content=\"2026-03-02T09:39:38+00:00\" \/>\n<meta property=\"og:image\" content=\"https:\/\/maestromio.org\/wp-content\/uploads\/tapas.jpg\" \/>\n\t<meta property=\"og:image:width\" content=\"490\" \/>\n\t<meta property=\"og:image:height\" content=\"326\" \/>\n\t<meta property=\"og:image:type\" content=\"image\/jpeg\" \/>\n<meta name=\"twitter:card\" content=\"summary_large_image\" \/>\n<meta name=\"twitter:site\" content=\"@MaestroMio_\" \/>\n<meta name=\"twitter:label1\" content=\"Dur\u00e9e de lecture estim\u00e9e\" \/>\n\t<meta name=\"twitter:data1\" content=\"1 minute\" \/>\n<script type=\"application\/ld+json\" class=\"yoast-schema-graph\">{\"@context\":\"https:\\\/\\\/schema.org\",\"@graph\":[{\"@type\":\"WebPage\",\"@id\":\"https:\\\/\\\/maestromio.org\\\/fr\\\/notre-methode-pedagogique\\\/\",\"url\":\"https:\\\/\\\/maestromio.org\\\/fr\\\/notre-methode-pedagogique\\\/\",\"name\":\"Notre m\u00e9thode p\u00e9dagogique - Maestro m\u00edo - The language school\",\"isPartOf\":{\"@id\":\"https:\\\/\\\/maestromio.org\\\/fr\\\/#website\"},\"primaryImageOfPage\":{\"@id\":\"https:\\\/\\\/maestromio.org\\\/fr\\\/notre-methode-pedagogique\\\/#primaryimage\"},\"image\":{\"@id\":\"https:\\\/\\\/maestromio.org\\\/fr\\\/notre-methode-pedagogique\\\/#primaryimage\"},\"thumbnailUrl\":\"https:\\\/\\\/maestromio.org\\\/wp-content\\\/uploads\\\/tapas.jpg\",\"datePublished\":\"2020-01-30T12:47:41+00:00\",\"dateModified\":\"2026-03-02T09:39:38+00:00\",\"breadcrumb\":{\"@id\":\"https:\\\/\\\/maestromio.org\\\/fr\\\/notre-methode-pedagogique\\\/#breadcrumb\"},\"inLanguage\":\"fr-FR\",\"potentialAction\":[{\"@type\":\"ReadAction\",\"target\":[\"https:\\\/\\\/maestromio.org\\\/fr\\\/notre-methode-pedagogique\\\/\"]}]},{\"@type\":\"ImageObject\",\"inLanguage\":\"fr-FR\",\"@id\":\"https:\\\/\\\/maestromio.org\\\/fr\\\/notre-methode-pedagogique\\\/#primaryimage\",\"url\":\"https:\\\/\\\/maestromio.org\\\/wp-content\\\/uploads\\\/tapas.jpg\",\"contentUrl\":\"https:\\\/\\\/maestromio.org\\\/wp-content\\\/uploads\\\/tapas.jpg\"},{\"@type\":\"BreadcrumbList\",\"@id\":\"https:\\\/\\\/maestromio.org\\\/fr\\\/notre-methode-pedagogique\\\/#breadcrumb\",\"itemListElement\":[{\"@type\":\"ListItem\",\"position\":1,\"name\":\"Home\",\"item\":\"https:\\\/\\\/maestromio.org\\\/fr\\\/\"},{\"@type\":\"ListItem\",\"position\":2,\"name\":\"Notre m\u00e9thode p\u00e9dagogique\"}]},{\"@type\":\"WebSite\",\"@id\":\"https:\\\/\\\/maestromio.org\\\/fr\\\/#website\",\"url\":\"https:\\\/\\\/maestromio.org\\\/fr\\\/\",\"name\":\"MaestroM\u00edo - The Language School\",\"description\":\"Spanish Courses in Malaga\",\"alternateName\":\"MaestroM\u00edo\",\"potentialAction\":[{\"@type\":\"SearchAction\",\"target\":{\"@type\":\"EntryPoint\",\"urlTemplate\":\"https:\\\/\\\/maestromio.org\\\/fr\\\/?s={search_term_string}\"},\"query-input\":{\"@type\":\"PropertyValueSpecification\",\"valueRequired\":true,\"valueName\":\"search_term_string\"}}],\"inLanguage\":\"fr-FR\"}]}<\/script>\n<!-- \/ Yoast SEO plugin. -->","yoast_head_json":{"title":"Notre m\u00e9thode p\u00e9dagogique - Maestro m\u00edo - The language school","robots":{"index":"index","follow":"follow","max-snippet":"max-snippet:-1","max-image-preview":"max-image-preview:large","max-video-preview":"max-video-preview:-1"},"canonical":"https:\/\/maestromio.org\/fr\/notre-methode-pedagogique\/","og_locale":"fr_FR","og_type":"article","og_title":"Notre m\u00e9thode p\u00e9dagogique - Maestro m\u00edo - The language school","og_description":"Nos m\u00e9thodes d\u2019enseignement \u00c0 maestro mio notre objectif est de rendre votre exp\u00e9rience inoubliable. Nous fabriquons des exp\u00e9riences uniques D\u2019une part, nous vous apprenons la langue espagnole afin que vous puissiez communiquer avec fluidit\u00e9 et int\u00e9ragir avec des hispanophones sur des sujets divers, et d\u2019une autre, nous vous enseignons les usages et coutumes espagnoles afin ... Lire la suite","og_url":"https:\/\/maestromio.org\/fr\/notre-methode-pedagogique\/","og_site_name":"Maestro m\u00edo - The language school","article_publisher":"https:\/\/www.facebook.com\/MaestroMioMalaga\/","article_modified_time":"2026-03-02T09:39:38+00:00","og_image":[{"width":490,"height":326,"url":"https:\/\/maestromio.org\/wp-content\/uploads\/tapas.jpg","type":"image\/jpeg"}],"twitter_card":"summary_large_image","twitter_site":"@MaestroMio_","twitter_misc":{"Dur\u00e9e de lecture estim\u00e9e":"1 minute"},"schema":{"@context":"https:\/\/schema.org","@graph":[{"@type":"WebPage","@id":"https:\/\/maestromio.org\/fr\/notre-methode-pedagogique\/","url":"https:\/\/maestromio.org\/fr\/notre-methode-pedagogique\/","name":"Notre m\u00e9thode p\u00e9dagogique - Maestro m\u00edo - The language school","isPartOf":{"@id":"https:\/\/maestromio.org\/fr\/#website"},"primaryImageOfPage":{"@id":"https:\/\/maestromio.org\/fr\/notre-methode-pedagogique\/#primaryimage"},"image":{"@id":"https:\/\/maestromio.org\/fr\/notre-methode-pedagogique\/#primaryimage"},"thumbnailUrl":"https:\/\/maestromio.org\/wp-content\/uploads\/tapas.jpg","datePublished":"2020-01-30T12:47:41+00:00","dateModified":"2026-03-02T09:39:38+00:00","breadcrumb":{"@id":"https:\/\/maestromio.org\/fr\/notre-methode-pedagogique\/#breadcrumb"},"inLanguage":"fr-FR","potentialAction":[{"@type":"ReadAction","target":["https:\/\/maestromio.org\/fr\/notre-methode-pedagogique\/"]}]},{"@type":"ImageObject","inLanguage":"fr-FR","@id":"https:\/\/maestromio.org\/fr\/notre-methode-pedagogique\/#primaryimage","url":"https:\/\/maestromio.org\/wp-content\/uploads\/tapas.jpg","contentUrl":"https:\/\/maestromio.org\/wp-content\/uploads\/tapas.jpg"},{"@type":"BreadcrumbList","@id":"https:\/\/maestromio.org\/fr\/notre-methode-pedagogique\/#breadcrumb","itemListElement":[{"@type":"ListItem","position":1,"name":"Home","item":"https:\/\/maestromio.org\/fr\/"},{"@type":"ListItem","position":2,"name":"Notre m\u00e9thode p\u00e9dagogique"}]},{"@type":"WebSite","@id":"https:\/\/maestromio.org\/fr\/#website","url":"https:\/\/maestromio.org\/fr\/","name":"MaestroM\u00edo - The Language School","description":"Spanish Courses in Malaga","alternateName":"MaestroM\u00edo","potentialAction":[{"@type":"SearchAction","target":{"@type":"EntryPoint","urlTemplate":"https:\/\/maestromio.org\/fr\/?s={search_term_string}"},"query-input":{"@type":"PropertyValueSpecification","valueRequired":true,"valueName":"search_term_string"}}],"inLanguage":"fr-FR"}]}},"_links":{"self":[{"href":"https:\/\/maestromio.org\/fr\/wp-json\/wp\/v2\/pages\/21689","targetHints":{"allow":["GET"]}}],"collection":[{"href":"https:\/\/maestromio.org\/fr\/wp-json\/wp\/v2\/pages"}],"about":[{"href":"https:\/\/maestromio.org\/fr\/wp-json\/wp\/v2\/types\/page"}],"author":[{"embeddable":true,"href":"https:\/\/maestromio.org\/fr\/wp-json\/wp\/v2\/users\/1"}],"replies":[{"embeddable":true,"href":"https:\/\/maestromio.org\/fr\/wp-json\/wp\/v2\/comments?post=21689"}],"version-history":[{"count":8,"href":"https:\/\/maestromio.org\/fr\/wp-json\/wp\/v2\/pages\/21689\/revisions"}],"predecessor-version":[{"id":42747,"href":"https:\/\/maestromio.org\/fr\/wp-json\/wp\/v2\/pages\/21689\/revisions\/42747"}],"wp:attachment":[{"href":"https:\/\/maestromio.org\/fr\/wp-json\/wp\/v2\/media?parent=21689"}],"curies":[{"name":"wp","href":"https:\/\/api.w.org\/{rel}","templated":true}]}}