{"id":42718,"date":"2026-02-25T10:03:44","date_gmt":"2026-02-25T09:03:44","guid":{"rendered":"https:\/\/maestromio.org\/?page_id=42718"},"modified":"2026-02-25T10:03:44","modified_gmt":"2026-02-25T09:03:44","slug":"test-de-nivel","status":"publish","type":"page","link":"https:\/\/maestromio.org\/es\/test-de-nivel\/","title":{"rendered":"Test de nivel"},"content":{"rendered":"<div>\n<p>\u00bfQuieres aprender espa\u00f1ol con nosotros?<br \/>\nTe invitamos a realizar este breve test de nivel. Nos ayudar\u00e1 a conocer mejor tus conocimientos actuales y a recomendarte el curso m\u00e1s adecuado para ti.<\/p>\n<p>El test es r\u00e1pido, sencillo y sin compromiso. No te preocupes si no sabes todas las respuestas. \u00a1Lo importante es que podamos evaluar tu nivel real para ofrecerte la mejor experiencia de aprendizaje!<\/p>\n<p>\u00bfEmpezamos? <img decoding=\"async\" class=\"an1 alignnone\" draggable=\"false\" src=\"https:\/\/fonts.gstatic.com\/s\/e\/notoemoji\/17.0\/1f609\/72.png\" alt=\"\ud83d\ude09\" width=\"23\" height=\"23\" data-emoji=\"\ud83d\ude09\" aria-label=\"\ud83d\ude09\" \/><\/p>\n<\/div>\n<div><\/div>\n<div style=\"text-align: center;\"><iframe src=\"https:\/\/docs.google.com\/forms\/d\/e\/1FAIpQLSesoNyMcOSgrRyv48Sm4-HoImLVckKkxWQo9NzOpoaJLxdmZg\/viewform?embedded=true\" width=\"640\" height=\"2000\" frameborder=\"0\" marginwidth=\"0\" marginheight=\"0\" data-mce-fragment=\"1\">Cargando\u2026<\/iframe><\/div>\n","protected":false},"excerpt":{"rendered":"<p>\u00bfQuieres aprender espa\u00f1ol con nosotros? Te invitamos a realizar este breve test de nivel. Nos ayudar\u00e1 a conocer mejor tus conocimientos actuales y a recomendarte el curso m\u00e1s adecuado para ti. El test es r\u00e1pido, sencillo y sin compromiso. No te preocupes si no sabes todas las respuestas. \u00a1Lo importante es que podamos evaluar tu &#8230; <a title=\"Test de nivel\" class=\"read-more\" href=\"https:\/\/maestromio.org\/es\/test-de-nivel\/\" aria-label=\"Leer m\u00e1s sobre Test de nivel\">Leer m\u00e1s<\/a><\/p>\n","protected":false},"author":23,"featured_media":0,"parent":0,"menu_order":0,"comment_status":"closed","ping_status":"closed","template":"","meta":{"inline_featured_image":false,"footnotes":""},"class_list":["post-42718","page","type-page","status-publish"],"yoast_head":"<!-- This site is optimized with the Yoast SEO plugin v27.3 - https:\/\/yoast.com\/product\/yoast-seo-wordpress\/ -->\n<title>Test de nivel - Maestro m\u00edo - The language school<\/title>\n<meta name=\"robots\" content=\"index, follow, max-snippet:-1, max-image-preview:large, max-video-preview:-1\" \/>\n<link rel=\"canonical\" href=\"https:\/\/maestromio.org\/es\/test-de-nivel\/\" \/>\n<meta property=\"og:locale\" content=\"es_ES\" \/>\n<meta property=\"og:type\" content=\"article\" \/>\n<meta property=\"og:title\" content=\"Test de nivel - Maestro m\u00edo - The language school\" \/>\n<meta property=\"og:description\" content=\"\u00bfQuieres aprender espa\u00f1ol con nosotros? Te invitamos a realizar este breve test de nivel. Nos ayudar\u00e1 a conocer mejor tus conocimientos actuales y a recomendarte el curso m\u00e1s adecuado para ti. El test es r\u00e1pido, sencillo y sin compromiso. No te preocupes si no sabes todas las respuestas. \u00a1Lo importante es que podamos evaluar tu ... Leer m\u00e1s\" \/>\n<meta property=\"og:url\" content=\"https:\/\/maestromio.org\/es\/test-de-nivel\/\" \/>\n<meta property=\"og:site_name\" content=\"Maestro m\u00edo - The language school\" \/>\n<meta property=\"article:publisher\" content=\"https:\/\/www.facebook.com\/MaestroMioMalaga\/\" \/>\n<meta property=\"og:image\" content=\"https:\/\/fonts.gstatic.com\/s\/e\/notoemoji\/17.0\/1f609\/72.png\" \/>\n<meta name=\"twitter:card\" content=\"summary_large_image\" \/>\n<meta name=\"twitter:site\" content=\"@MaestroMio_\" \/>\n<meta name=\"twitter:label1\" content=\"Tiempo de lectura\" \/>\n\t<meta name=\"twitter:data1\" content=\"1 minuto\" \/>\n<script type=\"application\/ld+json\" class=\"yoast-schema-graph\">{\"@context\":\"https:\\\/\\\/schema.org\",\"@graph\":[{\"@type\":\"WebPage\",\"@id\":\"https:\\\/\\\/maestromio.org\\\/es\\\/test-de-nivel\\\/\",\"url\":\"https:\\\/\\\/maestromio.org\\\/es\\\/test-de-nivel\\\/\",\"name\":\"Test de nivel - Maestro m\u00edo - The language school\",\"isPartOf\":{\"@id\":\"https:\\\/\\\/maestromio.org\\\/es\\\/#website\"},\"primaryImageOfPage\":{\"@id\":\"https:\\\/\\\/maestromio.org\\\/es\\\/test-de-nivel\\\/#primaryimage\"},\"image\":{\"@id\":\"https:\\\/\\\/maestromio.org\\\/es\\\/test-de-nivel\\\/#primaryimage\"},\"thumbnailUrl\":\"https:\\\/\\\/fonts.gstatic.com\\\/s\\\/e\\\/notoemoji\\\/17.0\\\/1f609\\\/72.png\",\"datePublished\":\"2026-02-25T09:03:44+00:00\",\"breadcrumb\":{\"@id\":\"https:\\\/\\\/maestromio.org\\\/es\\\/test-de-nivel\\\/#breadcrumb\"},\"inLanguage\":\"es\",\"potentialAction\":[{\"@type\":\"ReadAction\",\"target\":[\"https:\\\/\\\/maestromio.org\\\/es\\\/test-de-nivel\\\/\"]}]},{\"@type\":\"ImageObject\",\"inLanguage\":\"es\",\"@id\":\"https:\\\/\\\/maestromio.org\\\/es\\\/test-de-nivel\\\/#primaryimage\",\"url\":\"https:\\\/\\\/fonts.gstatic.com\\\/s\\\/e\\\/notoemoji\\\/17.0\\\/1f609\\\/72.png\",\"contentUrl\":\"https:\\\/\\\/fonts.gstatic.com\\\/s\\\/e\\\/notoemoji\\\/17.0\\\/1f609\\\/72.png\"},{\"@type\":\"BreadcrumbList\",\"@id\":\"https:\\\/\\\/maestromio.org\\\/es\\\/test-de-nivel\\\/#breadcrumb\",\"itemListElement\":[{\"@type\":\"ListItem\",\"position\":1,\"name\":\"Home\",\"item\":\"https:\\\/\\\/maestromio.org\\\/es\\\/\"},{\"@type\":\"ListItem\",\"position\":2,\"name\":\"Test de nivel\"}]},{\"@type\":\"WebSite\",\"@id\":\"https:\\\/\\\/maestromio.org\\\/es\\\/#website\",\"url\":\"https:\\\/\\\/maestromio.org\\\/es\\\/\",\"name\":\"MaestroM\u00edo - The Language School\",\"description\":\"Spanish Courses in Malaga\",\"publisher\":{\"@id\":\"https:\\\/\\\/maestromio.org\\\/es\\\/#organization\"},\"alternateName\":\"MaestroM\u00edo\",\"potentialAction\":[{\"@type\":\"SearchAction\",\"target\":{\"@type\":\"EntryPoint\",\"urlTemplate\":\"https:\\\/\\\/maestromio.org\\\/es\\\/?s={search_term_string}\"},\"query-input\":{\"@type\":\"PropertyValueSpecification\",\"valueRequired\":true,\"valueName\":\"search_term_string\"}}],\"inLanguage\":\"es\"},{\"@type\":\"Organization\",\"@id\":\"https:\\\/\\\/maestromio.org\\\/es\\\/#organization\",\"name\":\"Maestro m\u00edo - The language school\",\"alternateName\":\"Maestromio\",\"url\":\"https:\\\/\\\/maestromio.org\\\/es\\\/\",\"logo\":{\"@type\":\"ImageObject\",\"inLanguage\":\"es\",\"@id\":\"https:\\\/\\\/maestromio.org\\\/es\\\/#\\\/schema\\\/logo\\\/image\\\/\",\"url\":\"https:\\\/\\\/maestromio.org\\\/wp-content\\\/uploads\\\/cropped-logo_maestromio.png\",\"contentUrl\":\"https:\\\/\\\/maestromio.org\\\/wp-content\\\/uploads\\\/cropped-logo_maestromio.png\",\"width\":165,\"height\":165,\"caption\":\"Maestro m\u00edo - The language school\"},\"image\":{\"@id\":\"https:\\\/\\\/maestromio.org\\\/es\\\/#\\\/schema\\\/logo\\\/image\\\/\"},\"sameAs\":[\"https:\\\/\\\/www.facebook.com\\\/MaestroMioMalaga\\\/\",\"https:\\\/\\\/x.com\\\/MaestroMio_\",\"https:\\\/\\\/www.instagram.com\\\/maestromioschool\\\/\"]}]}<\/script>\n<!-- \/ Yoast SEO plugin. -->","yoast_head_json":{"title":"Test de nivel - Maestro m\u00edo - The language school","robots":{"index":"index","follow":"follow","max-snippet":"max-snippet:-1","max-image-preview":"max-image-preview:large","max-video-preview":"max-video-preview:-1"},"canonical":"https:\/\/maestromio.org\/es\/test-de-nivel\/","og_locale":"es_ES","og_type":"article","og_title":"Test de nivel - Maestro m\u00edo - The language school","og_description":"\u00bfQuieres aprender espa\u00f1ol con nosotros? Te invitamos a realizar este breve test de nivel. Nos ayudar\u00e1 a conocer mejor tus conocimientos actuales y a recomendarte el curso m\u00e1s adecuado para ti. El test es r\u00e1pido, sencillo y sin compromiso. No te preocupes si no sabes todas las respuestas. \u00a1Lo importante es que podamos evaluar tu ... Leer m\u00e1s","og_url":"https:\/\/maestromio.org\/es\/test-de-nivel\/","og_site_name":"Maestro m\u00edo - The language school","article_publisher":"https:\/\/www.facebook.com\/MaestroMioMalaga\/","og_image":[{"url":"https:\/\/fonts.gstatic.com\/s\/e\/notoemoji\/17.0\/1f609\/72.png","type":"","width":"","height":""}],"twitter_card":"summary_large_image","twitter_site":"@MaestroMio_","twitter_misc":{"Tiempo de lectura":"1 minuto"},"schema":{"@context":"https:\/\/schema.org","@graph":[{"@type":"WebPage","@id":"https:\/\/maestromio.org\/es\/test-de-nivel\/","url":"https:\/\/maestromio.org\/es\/test-de-nivel\/","name":"Test de nivel - Maestro m\u00edo - The language school","isPartOf":{"@id":"https:\/\/maestromio.org\/es\/#website"},"primaryImageOfPage":{"@id":"https:\/\/maestromio.org\/es\/test-de-nivel\/#primaryimage"},"image":{"@id":"https:\/\/maestromio.org\/es\/test-de-nivel\/#primaryimage"},"thumbnailUrl":"https:\/\/fonts.gstatic.com\/s\/e\/notoemoji\/17.0\/1f609\/72.png","datePublished":"2026-02-25T09:03:44+00:00","breadcrumb":{"@id":"https:\/\/maestromio.org\/es\/test-de-nivel\/#breadcrumb"},"inLanguage":"es","potentialAction":[{"@type":"ReadAction","target":["https:\/\/maestromio.org\/es\/test-de-nivel\/"]}]},{"@type":"ImageObject","inLanguage":"es","@id":"https:\/\/maestromio.org\/es\/test-de-nivel\/#primaryimage","url":"https:\/\/fonts.gstatic.com\/s\/e\/notoemoji\/17.0\/1f609\/72.png","contentUrl":"https:\/\/fonts.gstatic.com\/s\/e\/notoemoji\/17.0\/1f609\/72.png"},{"@type":"BreadcrumbList","@id":"https:\/\/maestromio.org\/es\/test-de-nivel\/#breadcrumb","itemListElement":[{"@type":"ListItem","position":1,"name":"Home","item":"https:\/\/maestromio.org\/es\/"},{"@type":"ListItem","position":2,"name":"Test de nivel"}]},{"@type":"WebSite","@id":"https:\/\/maestromio.org\/es\/#website","url":"https:\/\/maestromio.org\/es\/","name":"MaestroM\u00edo - The Language School","description":"Spanish Courses in Malaga","publisher":{"@id":"https:\/\/maestromio.org\/es\/#organization"},"alternateName":"MaestroM\u00edo","potentialAction":[{"@type":"SearchAction","target":{"@type":"EntryPoint","urlTemplate":"https:\/\/maestromio.org\/es\/?s={search_term_string}"},"query-input":{"@type":"PropertyValueSpecification","valueRequired":true,"valueName":"search_term_string"}}],"inLanguage":"es"},{"@type":"Organization","@id":"https:\/\/maestromio.org\/es\/#organization","name":"Maestro m\u00edo - The language school","alternateName":"Maestromio","url":"https:\/\/maestromio.org\/es\/","logo":{"@type":"ImageObject","inLanguage":"es","@id":"https:\/\/maestromio.org\/es\/#\/schema\/logo\/image\/","url":"https:\/\/maestromio.org\/wp-content\/uploads\/cropped-logo_maestromio.png","contentUrl":"https:\/\/maestromio.org\/wp-content\/uploads\/cropped-logo_maestromio.png","width":165,"height":165,"caption":"Maestro m\u00edo - The language school"},"image":{"@id":"https:\/\/maestromio.org\/es\/#\/schema\/logo\/image\/"},"sameAs":["https:\/\/www.facebook.com\/MaestroMioMalaga\/","https:\/\/x.com\/MaestroMio_","https:\/\/www.instagram.com\/maestromioschool\/"]}]}},"_links":{"self":[{"href":"https:\/\/maestromio.org\/es\/wp-json\/wp\/v2\/pages\/42718","targetHints":{"allow":["GET"]}}],"collection":[{"href":"https:\/\/maestromio.org\/es\/wp-json\/wp\/v2\/pages"}],"about":[{"href":"https:\/\/maestromio.org\/es\/wp-json\/wp\/v2\/types\/page"}],"author":[{"embeddable":true,"href":"https:\/\/maestromio.org\/es\/wp-json\/wp\/v2\/users\/23"}],"replies":[{"embeddable":true,"href":"https:\/\/maestromio.org\/es\/wp-json\/wp\/v2\/comments?post=42718"}],"version-history":[{"count":1,"href":"https:\/\/maestromio.org\/es\/wp-json\/wp\/v2\/pages\/42718\/revisions"}],"predecessor-version":[{"id":42719,"href":"https:\/\/maestromio.org\/es\/wp-json\/wp\/v2\/pages\/42718\/revisions\/42719"}],"wp:attachment":[{"href":"https:\/\/maestromio.org\/es\/wp-json\/wp\/v2\/media?parent=42718"}],"curies":[{"name":"wp","href":"https:\/\/api.w.org\/{rel}","templated":true}]}}