{"id":4231,"date":"2020-11-16T14:01:39","date_gmt":"2020-11-16T13:01:39","guid":{"rendered":"https:\/\/www.maestromio.org\/?page_id=4231"},"modified":"2023-05-30T19:40:10","modified_gmt":"2023-05-30T18:40:10","slug":"politica-de-privacidad","status":"publish","type":"page","link":"https:\/\/maestromio.org\/es\/politica-de-privacidad\/","title":{"rendered":"Pol\u00edtica de privacidad"},"content":{"rendered":"<p>El Usuario que quiera facilitar sus datos de car\u00e1cter personal a trav\u00e9s de esta p\u00e1gina Web debe ser mayor de edad.<\/p>\n<p>A los efectos de la LOPD, se informa a los Usuarios que los datos obtenidos a trav\u00e9s de la cumplimentaci\u00f3n de los distintos formularios de la p\u00e1gina Web ser\u00e1n objeto de tratamiento automatizado e incorporados en un fichero automatizado debidamente inscrito en el Registro General de Protecci\u00f3n de Datos, cuyo responsable y destinatario es SCHOOL BRIO, S.L., en adelante \u201cMAESTROM\u00cdO\u201d, con CIF: B93723443 y domicilio social en Calle Mart\u00ednez, 12, 1\u00ba C, 29001, M\u00e1laga (Espa\u00f1a) y direcci\u00f3n de correo electr\u00f3nico <a href=\"mailto:protecciondedatos@maestromio.org\">protecciondedatos@maestromio.org<\/a>.<\/p>\n<p>La finalidad del tratamiento depender\u00e1 del tipo de formulario cumplimentado. En todo caso, en la actualidad existen las siguientes finalidades:<\/p>\n<ol>\n<li>Obtenci\u00f3n de los datos necesarios del Usuario para el env\u00edo de informaci\u00f3n respecto a servicios solicitados por los usuarios.Los datos recogidos en los <strong>formularios de contacto<\/strong> son el nombre del solicitante, email de contacto, nacionalidad y los datos que se faciliten para poder dar la informaci\u00f3n sobre el servicio consultado.<\/li>\n<li>Obtenci\u00f3n de los datos necesarios del Usuario para la inscripci\u00f3n en nuestros cursos y otros servicios.Los datos recogidos en el <strong>formulario de inscripci\u00f3n<\/strong> y en la <strong>calculadora<\/strong> son el nombre y apellidos del solicitante, email y tel\u00e9fono de contacto y los datos que se faciliten para poder dar la informaci\u00f3n sobre el servicio consultado y reservado.<\/li>\n<\/ol>\n<p>El Usuario dar\u00e1 su consentimiento expreso para que MAESTROM\u00cdO pueda tratar sus datos de car\u00e1cter personal, de acuerdo con las condiciones descritas en este apartado, cuando haga clic en el \u201cAcepto\u201d del formulario y, posteriormente, proceda a \u201cEnviar\u201d el mismo.<\/p>\n<p><strong>CESI\u00d3N DE DATOS<\/strong><\/p>\n<p>No se realizan cesiones de los datos obtenidos en estos formularios.<\/p>\n<p><strong>\u00bfCU\u00c1NTO TIEMPO MANTENDREMOS SUS DATOS PERSONALES?<\/strong><\/p>\n<p>Conservaremos sus datos mientras se mantenga la finalidad para la que han sido recabados y no solicite la cancelaci\u00f3n de los mismos de nuestros ficheros. Cuando ya no sea necesario para tal fin o nos solicite la cancelaci\u00f3n de los mismos, mantendremos bloqueados aquellos datos que puedan resultar necesarios durante los plazos legalmente establecidos para atender cualquier cuesti\u00f3n relativa a su tratamiento, hasta un m\u00e1ximo de 1 a\u00f1o. Transcurridos los plazos legales, se suprimir\u00e1n los datos personales adoptando las medidas de seguridad adecuadas que\u00a0 garanticen la destrucci\u00f3n total de los mismos.<\/p>\n<p><strong>MEDIDAS DE SEGURIDAD<\/strong><\/p>\n<p>El responsable del fichero ha adoptado los niveles de seguridad de protecci\u00f3n de los Datos Personales legalmente requeridos, y ha instalado\u00a0 todos los medios y medidas t\u00e9cnicas a disposici\u00f3n seg\u00fan el estado de la tecnolog\u00eda para evitar la p\u00e9rdida, mal uso, alteraci\u00f3n, acceso no\u00a0 autorizado y robo de los Datos Personales facilitados.<\/p>\n<p><strong>\u00bfQU\u00c9 DERECHOS TIENE SUS DATOS Y COMO PUEDE EJERCERLOS?<\/strong><\/p>\n<p>Junto al derecho a ser informado de la forma en la que lo estamos haciendo en esta cl\u00e1usula, tiene los siguientes derechos:<\/p>\n<ul>\n<li>Derechos de acceso para conocer qu\u00e9 datos suyos est\u00e1n siendo tratados, con qu\u00e9 finalidades, el origen de los mismos y si los comunicamos o hemos comunicado a terceros<\/li>\n<li>Derecho de modificaci\u00f3n de sus datos cuando los mismos est\u00e9n incompletos o sean inexactos;<\/li>\n<li>Derecho de supresi\u00f3n de sus datos si ha desaparecido el fin para el que los facilitaste, el tratamiento no es l\u00edcito, o revocar su consentimiento y dem\u00e1s supuestos previstos en la ley<\/li>\n<li>Derecho de oposici\u00f3n para evitar que tratemos sus datos con determinadas finalidades, o solicitar que dejemos de hacerlo aunque s\u00f3lo es posible en los casos que establece la ley<\/li>\n<li>Derecho a solicitar la limitaci\u00f3n del tratamiento mientras se comprueba la impugnaci\u00f3n de la exactitud de los mismos, o entiende que el tratamiento es il\u00edcito y se opone a la supresi\u00f3n de los datos, o MAESTROM\u00cdO ya no necesita los datos pero los necesita para la formulaci\u00f3n, ejercicio o defensa de reclamaciones, o se ha opuesto al tratamiento de los mismos para la satisfacci\u00f3n de un inter\u00e9s leg\u00edtimo mientras se verifica la existencia del citado inter\u00e9s y su prevalencia sobre los suyos<\/li>\n<li>Derecho a la portabilidad para recibir sus datos en un formato electr\u00f3nico estructurado y de uso habitual y poder transmitirlos a otro responsable<\/li>\n<li>Derecho a no ser objeto de decisiones individuales automatizadas con el fin de que no tomemos una decisi\u00f3n sobre usted basada solo en el tratamiento de tus datos que produzca efectos jur\u00eddicos en tu esfera personal o te afecte de forma similar.<\/li>\n<\/ul>\n<p>Para el ejercicio de cualquier de estos derechos puede dirigirse por carta o email dirigido a la direcci\u00f3n de MAESTROM\u00cdO que consta en el apartado de \u201cAviso legal\u201d.<\/p>\n<p>&nbsp;<\/p>\n","protected":false},"excerpt":{"rendered":"<p>El Usuario que quiera facilitar sus datos de car\u00e1cter personal a trav\u00e9s de esta p\u00e1gina Web debe ser mayor de edad. A los efectos de la LOPD, se informa a los Usuarios que los datos obtenidos a trav\u00e9s de la cumplimentaci\u00f3n de los distintos formularios de la p\u00e1gina Web ser\u00e1n objeto de tratamiento automatizado e &#8230; <a title=\"Pol\u00edtica de privacidad\" class=\"read-more\" href=\"https:\/\/maestromio.org\/es\/politica-de-privacidad\/\" aria-label=\"Leer m\u00e1s sobre Pol\u00edtica de privacidad\">Leer m\u00e1s<\/a><\/p>\n","protected":false},"author":2,"featured_media":0,"parent":0,"menu_order":0,"comment_status":"closed","ping_status":"closed","template":"","meta":{"inline_featured_image":false,"footnotes":""},"class_list":["post-4231","page","type-page","status-publish"],"yoast_head":"<!-- This site is optimized with the Yoast SEO plugin v27.3 - https:\/\/yoast.com\/product\/yoast-seo-wordpress\/ -->\n<title>Pol\u00edtica de privacidad - Maestro m\u00edo - The language school<\/title>\n<meta name=\"robots\" content=\"index, follow, max-snippet:-1, max-image-preview:large, max-video-preview:-1\" \/>\n<link rel=\"canonical\" href=\"https:\/\/maestromio.org\/es\/politica-de-privacidad\/\" \/>\n<meta property=\"og:locale\" content=\"es_ES\" \/>\n<meta property=\"og:type\" content=\"article\" \/>\n<meta property=\"og:title\" content=\"Pol\u00edtica de privacidad - Maestro m\u00edo - The language school\" \/>\n<meta property=\"og:description\" content=\"El Usuario que quiera facilitar sus datos de car\u00e1cter personal a trav\u00e9s de esta p\u00e1gina Web debe ser mayor de edad. A los efectos de la LOPD, se informa a los Usuarios que los datos obtenidos a trav\u00e9s de la cumplimentaci\u00f3n de los distintos formularios de la p\u00e1gina Web ser\u00e1n objeto de tratamiento automatizado e ... Leer m\u00e1s\" \/>\n<meta property=\"og:url\" content=\"https:\/\/maestromio.org\/es\/politica-de-privacidad\/\" \/>\n<meta property=\"og:site_name\" content=\"Maestro m\u00edo - The language school\" \/>\n<meta property=\"article:publisher\" content=\"https:\/\/www.facebook.com\/MaestroMioMalaga\/\" \/>\n<meta property=\"article:modified_time\" content=\"2023-05-30T18:40:10+00:00\" \/>\n<meta property=\"og:image\" content=\"https:\/\/maestromio.org\/wp-content\/uploads\/logo_maestromio.png\" \/>\n\t<meta property=\"og:image:width\" content=\"350\" \/>\n\t<meta property=\"og:image:height\" content=\"188\" \/>\n\t<meta property=\"og:image:type\" content=\"image\/png\" \/>\n<meta name=\"twitter:card\" content=\"summary_large_image\" \/>\n<meta name=\"twitter:site\" content=\"@MaestroMio_\" \/>\n<meta name=\"twitter:label1\" content=\"Tiempo de lectura\" \/>\n\t<meta name=\"twitter:data1\" content=\"4 minutos\" \/>\n<script type=\"application\/ld+json\" class=\"yoast-schema-graph\">{\"@context\":\"https:\\\/\\\/schema.org\",\"@graph\":[{\"@type\":\"WebPage\",\"@id\":\"https:\\\/\\\/maestromio.org\\\/es\\\/politica-de-privacidad\\\/\",\"url\":\"https:\\\/\\\/maestromio.org\\\/es\\\/politica-de-privacidad\\\/\",\"name\":\"Pol\u00edtica de privacidad - Maestro m\u00edo - The language school\",\"isPartOf\":{\"@id\":\"https:\\\/\\\/maestromio.org\\\/es\\\/#website\"},\"datePublished\":\"2020-11-16T13:01:39+00:00\",\"dateModified\":\"2023-05-30T18:40:10+00:00\",\"breadcrumb\":{\"@id\":\"https:\\\/\\\/maestromio.org\\\/es\\\/politica-de-privacidad\\\/#breadcrumb\"},\"inLanguage\":\"es\",\"potentialAction\":[{\"@type\":\"ReadAction\",\"target\":[\"https:\\\/\\\/maestromio.org\\\/es\\\/politica-de-privacidad\\\/\"]}]},{\"@type\":\"BreadcrumbList\",\"@id\":\"https:\\\/\\\/maestromio.org\\\/es\\\/politica-de-privacidad\\\/#breadcrumb\",\"itemListElement\":[{\"@type\":\"ListItem\",\"position\":1,\"name\":\"Home\",\"item\":\"https:\\\/\\\/maestromio.org\\\/es\\\/\"},{\"@type\":\"ListItem\",\"position\":2,\"name\":\"Pol\u00edtica de privacidad\"}]},{\"@type\":\"WebSite\",\"@id\":\"https:\\\/\\\/maestromio.org\\\/es\\\/#website\",\"url\":\"https:\\\/\\\/maestromio.org\\\/es\\\/\",\"name\":\"MaestroM\u00edo - The Language School\",\"description\":\"Spanish Courses in Malaga\",\"publisher\":{\"@id\":\"https:\\\/\\\/maestromio.org\\\/es\\\/#organization\"},\"alternateName\":\"MaestroM\u00edo\",\"potentialAction\":[{\"@type\":\"SearchAction\",\"target\":{\"@type\":\"EntryPoint\",\"urlTemplate\":\"https:\\\/\\\/maestromio.org\\\/es\\\/?s={search_term_string}\"},\"query-input\":{\"@type\":\"PropertyValueSpecification\",\"valueRequired\":true,\"valueName\":\"search_term_string\"}}],\"inLanguage\":\"es\"},{\"@type\":\"Organization\",\"@id\":\"https:\\\/\\\/maestromio.org\\\/es\\\/#organization\",\"name\":\"Maestro m\u00edo - The language school\",\"alternateName\":\"Maestromio\",\"url\":\"https:\\\/\\\/maestromio.org\\\/es\\\/\",\"logo\":{\"@type\":\"ImageObject\",\"inLanguage\":\"es\",\"@id\":\"https:\\\/\\\/maestromio.org\\\/es\\\/#\\\/schema\\\/logo\\\/image\\\/\",\"url\":\"https:\\\/\\\/maestromio.org\\\/wp-content\\\/uploads\\\/cropped-logo_maestromio.png\",\"contentUrl\":\"https:\\\/\\\/maestromio.org\\\/wp-content\\\/uploads\\\/cropped-logo_maestromio.png\",\"width\":165,\"height\":165,\"caption\":\"Maestro m\u00edo - The language school\"},\"image\":{\"@id\":\"https:\\\/\\\/maestromio.org\\\/es\\\/#\\\/schema\\\/logo\\\/image\\\/\"},\"sameAs\":[\"https:\\\/\\\/www.facebook.com\\\/MaestroMioMalaga\\\/\",\"https:\\\/\\\/x.com\\\/MaestroMio_\",\"https:\\\/\\\/www.instagram.com\\\/maestromioschool\\\/\"]}]}<\/script>\n<!-- \/ Yoast SEO plugin. -->","yoast_head_json":{"title":"Pol\u00edtica de privacidad - Maestro m\u00edo - The language school","robots":{"index":"index","follow":"follow","max-snippet":"max-snippet:-1","max-image-preview":"max-image-preview:large","max-video-preview":"max-video-preview:-1"},"canonical":"https:\/\/maestromio.org\/es\/politica-de-privacidad\/","og_locale":"es_ES","og_type":"article","og_title":"Pol\u00edtica de privacidad - Maestro m\u00edo - The language school","og_description":"El Usuario que quiera facilitar sus datos de car\u00e1cter personal a trav\u00e9s de esta p\u00e1gina Web debe ser mayor de edad. A los efectos de la LOPD, se informa a los Usuarios que los datos obtenidos a trav\u00e9s de la cumplimentaci\u00f3n de los distintos formularios de la p\u00e1gina Web ser\u00e1n objeto de tratamiento automatizado e ... Leer m\u00e1s","og_url":"https:\/\/maestromio.org\/es\/politica-de-privacidad\/","og_site_name":"Maestro m\u00edo - The language school","article_publisher":"https:\/\/www.facebook.com\/MaestroMioMalaga\/","article_modified_time":"2023-05-30T18:40:10+00:00","og_image":[{"width":350,"height":188,"url":"https:\/\/maestromio.org\/wp-content\/uploads\/logo_maestromio.png","type":"image\/png"}],"twitter_card":"summary_large_image","twitter_site":"@MaestroMio_","twitter_misc":{"Tiempo de lectura":"4 minutos"},"schema":{"@context":"https:\/\/schema.org","@graph":[{"@type":"WebPage","@id":"https:\/\/maestromio.org\/es\/politica-de-privacidad\/","url":"https:\/\/maestromio.org\/es\/politica-de-privacidad\/","name":"Pol\u00edtica de privacidad - Maestro m\u00edo - The language school","isPartOf":{"@id":"https:\/\/maestromio.org\/es\/#website"},"datePublished":"2020-11-16T13:01:39+00:00","dateModified":"2023-05-30T18:40:10+00:00","breadcrumb":{"@id":"https:\/\/maestromio.org\/es\/politica-de-privacidad\/#breadcrumb"},"inLanguage":"es","potentialAction":[{"@type":"ReadAction","target":["https:\/\/maestromio.org\/es\/politica-de-privacidad\/"]}]},{"@type":"BreadcrumbList","@id":"https:\/\/maestromio.org\/es\/politica-de-privacidad\/#breadcrumb","itemListElement":[{"@type":"ListItem","position":1,"name":"Home","item":"https:\/\/maestromio.org\/es\/"},{"@type":"ListItem","position":2,"name":"Pol\u00edtica de privacidad"}]},{"@type":"WebSite","@id":"https:\/\/maestromio.org\/es\/#website","url":"https:\/\/maestromio.org\/es\/","name":"MaestroM\u00edo - The Language School","description":"Spanish Courses in Malaga","publisher":{"@id":"https:\/\/maestromio.org\/es\/#organization"},"alternateName":"MaestroM\u00edo","potentialAction":[{"@type":"SearchAction","target":{"@type":"EntryPoint","urlTemplate":"https:\/\/maestromio.org\/es\/?s={search_term_string}"},"query-input":{"@type":"PropertyValueSpecification","valueRequired":true,"valueName":"search_term_string"}}],"inLanguage":"es"},{"@type":"Organization","@id":"https:\/\/maestromio.org\/es\/#organization","name":"Maestro m\u00edo - The language school","alternateName":"Maestromio","url":"https:\/\/maestromio.org\/es\/","logo":{"@type":"ImageObject","inLanguage":"es","@id":"https:\/\/maestromio.org\/es\/#\/schema\/logo\/image\/","url":"https:\/\/maestromio.org\/wp-content\/uploads\/cropped-logo_maestromio.png","contentUrl":"https:\/\/maestromio.org\/wp-content\/uploads\/cropped-logo_maestromio.png","width":165,"height":165,"caption":"Maestro m\u00edo - The language school"},"image":{"@id":"https:\/\/maestromio.org\/es\/#\/schema\/logo\/image\/"},"sameAs":["https:\/\/www.facebook.com\/MaestroMioMalaga\/","https:\/\/x.com\/MaestroMio_","https:\/\/www.instagram.com\/maestromioschool\/"]}]}},"_links":{"self":[{"href":"https:\/\/maestromio.org\/es\/wp-json\/wp\/v2\/pages\/4231","targetHints":{"allow":["GET"]}}],"collection":[{"href":"https:\/\/maestromio.org\/es\/wp-json\/wp\/v2\/pages"}],"about":[{"href":"https:\/\/maestromio.org\/es\/wp-json\/wp\/v2\/types\/page"}],"author":[{"embeddable":true,"href":"https:\/\/maestromio.org\/es\/wp-json\/wp\/v2\/users\/2"}],"replies":[{"embeddable":true,"href":"https:\/\/maestromio.org\/es\/wp-json\/wp\/v2\/comments?post=4231"}],"version-history":[{"count":5,"href":"https:\/\/maestromio.org\/es\/wp-json\/wp\/v2\/pages\/4231\/revisions"}],"predecessor-version":[{"id":19195,"href":"https:\/\/maestromio.org\/es\/wp-json\/wp\/v2\/pages\/4231\/revisions\/19195"}],"wp:attachment":[{"href":"https:\/\/maestromio.org\/es\/wp-json\/wp\/v2\/media?parent=4231"}],"curies":[{"name":"wp","href":"https:\/\/api.w.org\/{rel}","templated":true}]}}