{"id":37547,"date":"2024-03-07T17:28:49","date_gmt":"2024-03-07T16:28:49","guid":{"rendered":"https:\/\/maestromio.org\/pathway-course\/"},"modified":"2025-08-08T13:44:34","modified_gmt":"2025-08-08T11:44:34","slug":"programas-de-carrera","status":"publish","type":"page","link":"https:\/\/maestromio.org\/es\/programas-de-carrera\/","title":{"rendered":"Programas de carrera"},"content":{"rendered":"<p><img fetchpriority=\"high\" decoding=\"async\" class=\"alignnone wp-image-20645 size-full\" src=\"https:\/\/maestromio.org\/wp-content\/uploads\/PATHWAY-COURSE-1.png\" alt=\"\" width=\"1366\" height=\"300\" srcset=\"https:\/\/maestromio.org\/wp-content\/uploads\/PATHWAY-COURSE-1.png 1366w, https:\/\/maestromio.org\/wp-content\/uploads\/PATHWAY-COURSE-1-300x66.png 300w, https:\/\/maestromio.org\/wp-content\/uploads\/PATHWAY-COURSE-1-1024x225.png 1024w, https:\/\/maestromio.org\/wp-content\/uploads\/PATHWAY-COURSE-1-768x169.png 768w\" sizes=\"(max-width: 1366px) 100vw, 1366px\" \/><\/p>\n<p>\u00bfTe interesa estudiar en una universidad p\u00fablica espa\u00f1ola? Las universidades espa\u00f1olas se encuentran entre las mejor valoradas de Europa y las tasas de matr\u00edcula de las universidades p\u00fablicas, en particular, son muy competitivas. Ofrecemos un curso puente para acceder al sistema universitario espa\u00f1ol.<\/p>\n<p>Para ser admitidos en los programas de grado de las universidades p\u00fablicas espa\u00f1olas, los estudiantes internacionales suelen tener que realizar una prueba de acceso conocida coloquialmente como la Selectividad. Hay dos tipos de Selectividad, conocidas por sus siglas PCE y EBAU. Podemos facilitar el acceso a ambas.<\/p>\n<p>Nuestro curso de grado es un programa de 34 semanas que consta de 14 semanas de ense\u00f1anza del espa\u00f1ol seguidas de 20 semanas de preparaci\u00f3n para la Selectividad. El curso es muy intensivo, pero ha dado excelentes resultados a nuestros estudiantes. El curso incluye asistencia personalizada para elegir las asignaturas adecuadas para ti y, a continuaci\u00f3n, dise\u00f1ar un programa de estudios individualizado que se adapte a tus necesidades.<\/p>\n<p>Nuestro curso de m\u00e1ster es un programa de 32 semanas de ense\u00f1anza del espa\u00f1ol que permite a los estudiantes alcanzar el nivel B2 que suelen exigir las universidades p\u00fablicas espa\u00f1olas para matricularse en sus cursos.<\/p>\n<p>Los precios del curso pueden variar en funci\u00f3n de las caracter\u00edsticas espec\u00edficas del curso que m\u00e1s te convenga, pero estar\u00e1n disponibles bajo petici\u00f3n.<\/p>\n<p><img decoding=\"async\" class=\"alignnone size-medium wp-image-20562\" src=\"https:\/\/maestromio.org\/wp-content\/uploads\/UNEDasiss_logo_color_entidades-300x201.png\" alt=\"\" width=\"300\" height=\"201\" srcset=\"https:\/\/maestromio.org\/wp-content\/uploads\/UNEDasiss_logo_color_entidades-300x201.png 300w, https:\/\/maestromio.org\/wp-content\/uploads\/UNEDasiss_logo_color_entidades-1024x688.png 1024w, https:\/\/maestromio.org\/wp-content\/uploads\/UNEDasiss_logo_color_entidades-768x516.png 768w, https:\/\/maestromio.org\/wp-content\/uploads\/UNEDasiss_logo_color_entidades-1536x1031.png 1536w, https:\/\/maestromio.org\/wp-content\/uploads\/UNEDasiss_logo_color_entidades-2048x1375.png 2048w\" sizes=\"(max-width: 300px) 100vw, 300px\" \/><\/p>\n<p>&nbsp;<\/p>\n","protected":false},"excerpt":{"rendered":"<p>\u00bfTe interesa estudiar en una universidad p\u00fablica espa\u00f1ola? Las universidades espa\u00f1olas se encuentran entre las mejor valoradas de Europa y las tasas de matr\u00edcula de las universidades p\u00fablicas, en particular, son muy competitivas. Ofrecemos un curso puente para acceder al sistema universitario espa\u00f1ol. Para ser admitidos en los programas de grado de las universidades p\u00fablicas &#8230; <a title=\"Programas de carrera\" class=\"read-more\" href=\"https:\/\/maestromio.org\/es\/programas-de-carrera\/\" aria-label=\"Leer m\u00e1s sobre Programas de carrera\">Leer m\u00e1s<\/a><\/p>\n","protected":false},"author":2,"featured_media":0,"parent":0,"menu_order":0,"comment_status":"closed","ping_status":"closed","template":"","meta":{"inline_featured_image":false,"footnotes":""},"class_list":["post-37547","page","type-page","status-publish"],"yoast_head":"<!-- This site is optimized with the Yoast SEO plugin v27.3 - https:\/\/yoast.com\/product\/yoast-seo-wordpress\/ -->\n<title>Programas de carrera - Maestro m\u00edo - The language school<\/title>\n<meta name=\"robots\" content=\"index, follow, max-snippet:-1, max-image-preview:large, max-video-preview:-1\" \/>\n<link rel=\"canonical\" href=\"https:\/\/maestromio.org\/es\/programas-de-carrera\/\" \/>\n<meta property=\"og:locale\" content=\"es_ES\" \/>\n<meta property=\"og:type\" content=\"article\" \/>\n<meta property=\"og:title\" content=\"Programas de carrera - Maestro m\u00edo - The language school\" \/>\n<meta property=\"og:description\" content=\"\u00bfTe interesa estudiar en una universidad p\u00fablica espa\u00f1ola? Las universidades espa\u00f1olas se encuentran entre las mejor valoradas de Europa y las tasas de matr\u00edcula de las universidades p\u00fablicas, en particular, son muy competitivas. Ofrecemos un curso puente para acceder al sistema universitario espa\u00f1ol. Para ser admitidos en los programas de grado de las universidades p\u00fablicas ... Leer m\u00e1s\" \/>\n<meta property=\"og:url\" content=\"https:\/\/maestromio.org\/es\/programas-de-carrera\/\" \/>\n<meta property=\"og:site_name\" content=\"Maestro m\u00edo - The language school\" \/>\n<meta property=\"article:publisher\" content=\"https:\/\/www.facebook.com\/MaestroMioMalaga\/\" \/>\n<meta property=\"article:modified_time\" content=\"2025-08-08T11:44:34+00:00\" \/>\n<meta property=\"og:image\" content=\"https:\/\/maestromio.org\/wp-content\/uploads\/PATHWAY-COURSE-1.png\" \/>\n\t<meta property=\"og:image:width\" content=\"1366\" \/>\n\t<meta property=\"og:image:height\" content=\"300\" \/>\n\t<meta property=\"og:image:type\" content=\"image\/png\" \/>\n<meta name=\"twitter:card\" content=\"summary_large_image\" \/>\n<meta name=\"twitter:site\" content=\"@MaestroMio_\" \/>\n<meta name=\"twitter:label1\" content=\"Tiempo de lectura\" \/>\n\t<meta name=\"twitter:data1\" content=\"2 minutos\" \/>\n<script type=\"application\/ld+json\" class=\"yoast-schema-graph\">{\"@context\":\"https:\\\/\\\/schema.org\",\"@graph\":[{\"@type\":\"WebPage\",\"@id\":\"https:\\\/\\\/maestromio.org\\\/es\\\/programas-de-carrera\\\/\",\"url\":\"https:\\\/\\\/maestromio.org\\\/es\\\/programas-de-carrera\\\/\",\"name\":\"Programas de carrera - Maestro m\u00edo - The language school\",\"isPartOf\":{\"@id\":\"https:\\\/\\\/maestromio.org\\\/es\\\/#website\"},\"primaryImageOfPage\":{\"@id\":\"https:\\\/\\\/maestromio.org\\\/es\\\/programas-de-carrera\\\/#primaryimage\"},\"image\":{\"@id\":\"https:\\\/\\\/maestromio.org\\\/es\\\/programas-de-carrera\\\/#primaryimage\"},\"thumbnailUrl\":\"https:\\\/\\\/maestromio.org\\\/wp-content\\\/uploads\\\/PATHWAY-COURSE-1.png\",\"datePublished\":\"2024-03-07T16:28:49+00:00\",\"dateModified\":\"2025-08-08T11:44:34+00:00\",\"breadcrumb\":{\"@id\":\"https:\\\/\\\/maestromio.org\\\/es\\\/programas-de-carrera\\\/#breadcrumb\"},\"inLanguage\":\"es\",\"potentialAction\":[{\"@type\":\"ReadAction\",\"target\":[\"https:\\\/\\\/maestromio.org\\\/es\\\/programas-de-carrera\\\/\"]}]},{\"@type\":\"ImageObject\",\"inLanguage\":\"es\",\"@id\":\"https:\\\/\\\/maestromio.org\\\/es\\\/programas-de-carrera\\\/#primaryimage\",\"url\":\"https:\\\/\\\/maestromio.org\\\/wp-content\\\/uploads\\\/PATHWAY-COURSE-1.png\",\"contentUrl\":\"https:\\\/\\\/maestromio.org\\\/wp-content\\\/uploads\\\/PATHWAY-COURSE-1.png\"},{\"@type\":\"BreadcrumbList\",\"@id\":\"https:\\\/\\\/maestromio.org\\\/es\\\/programas-de-carrera\\\/#breadcrumb\",\"itemListElement\":[{\"@type\":\"ListItem\",\"position\":1,\"name\":\"Home\",\"item\":\"https:\\\/\\\/maestromio.org\\\/es\\\/\"},{\"@type\":\"ListItem\",\"position\":2,\"name\":\"Programas de carrera\"}]},{\"@type\":\"WebSite\",\"@id\":\"https:\\\/\\\/maestromio.org\\\/es\\\/#website\",\"url\":\"https:\\\/\\\/maestromio.org\\\/es\\\/\",\"name\":\"MaestroM\u00edo - The Language School\",\"description\":\"Spanish Courses in Malaga\",\"publisher\":{\"@id\":\"https:\\\/\\\/maestromio.org\\\/es\\\/#organization\"},\"alternateName\":\"MaestroM\u00edo\",\"potentialAction\":[{\"@type\":\"SearchAction\",\"target\":{\"@type\":\"EntryPoint\",\"urlTemplate\":\"https:\\\/\\\/maestromio.org\\\/es\\\/?s={search_term_string}\"},\"query-input\":{\"@type\":\"PropertyValueSpecification\",\"valueRequired\":true,\"valueName\":\"search_term_string\"}}],\"inLanguage\":\"es\"},{\"@type\":\"Organization\",\"@id\":\"https:\\\/\\\/maestromio.org\\\/es\\\/#organization\",\"name\":\"Maestro m\u00edo - The language school\",\"alternateName\":\"Maestromio\",\"url\":\"https:\\\/\\\/maestromio.org\\\/es\\\/\",\"logo\":{\"@type\":\"ImageObject\",\"inLanguage\":\"es\",\"@id\":\"https:\\\/\\\/maestromio.org\\\/es\\\/#\\\/schema\\\/logo\\\/image\\\/\",\"url\":\"https:\\\/\\\/maestromio.org\\\/wp-content\\\/uploads\\\/cropped-logo_maestromio.png\",\"contentUrl\":\"https:\\\/\\\/maestromio.org\\\/wp-content\\\/uploads\\\/cropped-logo_maestromio.png\",\"width\":165,\"height\":165,\"caption\":\"Maestro m\u00edo - The language school\"},\"image\":{\"@id\":\"https:\\\/\\\/maestromio.org\\\/es\\\/#\\\/schema\\\/logo\\\/image\\\/\"},\"sameAs\":[\"https:\\\/\\\/www.facebook.com\\\/MaestroMioMalaga\\\/\",\"https:\\\/\\\/x.com\\\/MaestroMio_\",\"https:\\\/\\\/www.instagram.com\\\/maestromioschool\\\/\"]}]}<\/script>\n<!-- \/ Yoast SEO plugin. -->","yoast_head_json":{"title":"Programas de carrera - Maestro m\u00edo - The language school","robots":{"index":"index","follow":"follow","max-snippet":"max-snippet:-1","max-image-preview":"max-image-preview:large","max-video-preview":"max-video-preview:-1"},"canonical":"https:\/\/maestromio.org\/es\/programas-de-carrera\/","og_locale":"es_ES","og_type":"article","og_title":"Programas de carrera - Maestro m\u00edo - The language school","og_description":"\u00bfTe interesa estudiar en una universidad p\u00fablica espa\u00f1ola? Las universidades espa\u00f1olas se encuentran entre las mejor valoradas de Europa y las tasas de matr\u00edcula de las universidades p\u00fablicas, en particular, son muy competitivas. Ofrecemos un curso puente para acceder al sistema universitario espa\u00f1ol. Para ser admitidos en los programas de grado de las universidades p\u00fablicas ... Leer m\u00e1s","og_url":"https:\/\/maestromio.org\/es\/programas-de-carrera\/","og_site_name":"Maestro m\u00edo - The language school","article_publisher":"https:\/\/www.facebook.com\/MaestroMioMalaga\/","article_modified_time":"2025-08-08T11:44:34+00:00","og_image":[{"width":1366,"height":300,"url":"https:\/\/maestromio.org\/wp-content\/uploads\/PATHWAY-COURSE-1.png","type":"image\/png"}],"twitter_card":"summary_large_image","twitter_site":"@MaestroMio_","twitter_misc":{"Tiempo de lectura":"2 minutos"},"schema":{"@context":"https:\/\/schema.org","@graph":[{"@type":"WebPage","@id":"https:\/\/maestromio.org\/es\/programas-de-carrera\/","url":"https:\/\/maestromio.org\/es\/programas-de-carrera\/","name":"Programas de carrera - Maestro m\u00edo - The language school","isPartOf":{"@id":"https:\/\/maestromio.org\/es\/#website"},"primaryImageOfPage":{"@id":"https:\/\/maestromio.org\/es\/programas-de-carrera\/#primaryimage"},"image":{"@id":"https:\/\/maestromio.org\/es\/programas-de-carrera\/#primaryimage"},"thumbnailUrl":"https:\/\/maestromio.org\/wp-content\/uploads\/PATHWAY-COURSE-1.png","datePublished":"2024-03-07T16:28:49+00:00","dateModified":"2025-08-08T11:44:34+00:00","breadcrumb":{"@id":"https:\/\/maestromio.org\/es\/programas-de-carrera\/#breadcrumb"},"inLanguage":"es","potentialAction":[{"@type":"ReadAction","target":["https:\/\/maestromio.org\/es\/programas-de-carrera\/"]}]},{"@type":"ImageObject","inLanguage":"es","@id":"https:\/\/maestromio.org\/es\/programas-de-carrera\/#primaryimage","url":"https:\/\/maestromio.org\/wp-content\/uploads\/PATHWAY-COURSE-1.png","contentUrl":"https:\/\/maestromio.org\/wp-content\/uploads\/PATHWAY-COURSE-1.png"},{"@type":"BreadcrumbList","@id":"https:\/\/maestromio.org\/es\/programas-de-carrera\/#breadcrumb","itemListElement":[{"@type":"ListItem","position":1,"name":"Home","item":"https:\/\/maestromio.org\/es\/"},{"@type":"ListItem","position":2,"name":"Programas de carrera"}]},{"@type":"WebSite","@id":"https:\/\/maestromio.org\/es\/#website","url":"https:\/\/maestromio.org\/es\/","name":"MaestroM\u00edo - The Language School","description":"Spanish Courses in Malaga","publisher":{"@id":"https:\/\/maestromio.org\/es\/#organization"},"alternateName":"MaestroM\u00edo","potentialAction":[{"@type":"SearchAction","target":{"@type":"EntryPoint","urlTemplate":"https:\/\/maestromio.org\/es\/?s={search_term_string}"},"query-input":{"@type":"PropertyValueSpecification","valueRequired":true,"valueName":"search_term_string"}}],"inLanguage":"es"},{"@type":"Organization","@id":"https:\/\/maestromio.org\/es\/#organization","name":"Maestro m\u00edo - The language school","alternateName":"Maestromio","url":"https:\/\/maestromio.org\/es\/","logo":{"@type":"ImageObject","inLanguage":"es","@id":"https:\/\/maestromio.org\/es\/#\/schema\/logo\/image\/","url":"https:\/\/maestromio.org\/wp-content\/uploads\/cropped-logo_maestromio.png","contentUrl":"https:\/\/maestromio.org\/wp-content\/uploads\/cropped-logo_maestromio.png","width":165,"height":165,"caption":"Maestro m\u00edo - The language school"},"image":{"@id":"https:\/\/maestromio.org\/es\/#\/schema\/logo\/image\/"},"sameAs":["https:\/\/www.facebook.com\/MaestroMioMalaga\/","https:\/\/x.com\/MaestroMio_","https:\/\/www.instagram.com\/maestromioschool\/"]}]}},"_links":{"self":[{"href":"https:\/\/maestromio.org\/es\/wp-json\/wp\/v2\/pages\/37547","targetHints":{"allow":["GET"]}}],"collection":[{"href":"https:\/\/maestromio.org\/es\/wp-json\/wp\/v2\/pages"}],"about":[{"href":"https:\/\/maestromio.org\/es\/wp-json\/wp\/v2\/types\/page"}],"author":[{"embeddable":true,"href":"https:\/\/maestromio.org\/es\/wp-json\/wp\/v2\/users\/2"}],"replies":[{"embeddable":true,"href":"https:\/\/maestromio.org\/es\/wp-json\/wp\/v2\/comments?post=37547"}],"version-history":[{"count":2,"href":"https:\/\/maestromio.org\/es\/wp-json\/wp\/v2\/pages\/37547\/revisions"}],"predecessor-version":[{"id":37549,"href":"https:\/\/maestromio.org\/es\/wp-json\/wp\/v2\/pages\/37547\/revisions\/37549"}],"wp:attachment":[{"href":"https:\/\/maestromio.org\/es\/wp-json\/wp\/v2\/media?parent=37547"}],"curies":[{"name":"wp","href":"https:\/\/api.w.org\/{rel}","templated":true}]}}