{"id":3448,"date":"2020-10-05T12:48:45","date_gmt":"2020-10-05T11:48:45","guid":{"rendered":"https:\/\/www.maestromio.org\/?page_id=3448"},"modified":"2024-12-08T20:39:33","modified_gmt":"2024-12-08T19:39:33","slug":"calculadora-old","status":"publish","type":"page","link":"https:\/\/maestromio.org\/es\/calculadora-old\/","title":{"rendered":"Calculadora"},"content":{"rendered":"\t\t<div data-elementor-type=\"wp-page\" data-elementor-id=\"3448\" class=\"elementor elementor-3448\" data-elementor-post-type=\"page\">\n\t\t\t\t\t\t<section class=\"elementor-section elementor-top-section elementor-element elementor-element-8bca7b8 elementor-section-boxed elementor-section-height-default elementor-section-height-default\" data-id=\"8bca7b8\" data-element_type=\"section\" data-e-type=\"section\" data-settings=\"{&quot;background_background&quot;:&quot;classic&quot;}\">\n\t\t\t\t\t\t\t<div class=\"elementor-background-overlay\"><\/div>\n\t\t\t\t\t\t\t<div class=\"elementor-container elementor-column-gap-default\">\n\t\t\t\t\t<div class=\"elementor-column elementor-col-50 elementor-top-column elementor-element elementor-element-acf8bb7\" data-id=\"acf8bb7\" data-element_type=\"column\" data-e-type=\"column\">\n\t\t\t<div class=\"elementor-widget-wrap elementor-element-populated\">\n\t\t\t\t\t\t<div class=\"elementor-element elementor-element-c8f1228 elementor-widget elementor-widget-spacer\" data-id=\"c8f1228\" data-element_type=\"widget\" data-e-type=\"widget\" data-widget_type=\"spacer.default\">\n\t\t\t\t<div class=\"elementor-widget-container\">\n\t\t\t\t\t\t\t<div class=\"elementor-spacer\">\n\t\t\t<div class=\"elementor-spacer-inner\"><\/div>\n\t\t<\/div>\n\t\t\t\t\t\t<\/div>\n\t\t\t\t<\/div>\n\t\t\t\t<div class=\"elementor-element elementor-element-98c17c5 elementor-widget elementor-widget-theme-post-title elementor-page-title elementor-widget-heading\" data-id=\"98c17c5\" data-element_type=\"widget\" data-e-type=\"widget\" data-widget_type=\"theme-post-title.default\">\n\t\t\t\t<div class=\"elementor-widget-container\">\n\t\t\t\t\t<h2 class=\"elementor-heading-title elementor-size-default\">Calculadora<\/h2>\t\t\t\t<\/div>\n\t\t\t\t<\/div>\n\t\t\t\t<div class=\"elementor-element elementor-element-6a1035b elementor-widget elementor-widget-spacer\" data-id=\"6a1035b\" data-element_type=\"widget\" data-e-type=\"widget\" data-widget_type=\"spacer.default\">\n\t\t\t\t<div class=\"elementor-widget-container\">\n\t\t\t\t\t\t\t<div class=\"elementor-spacer\">\n\t\t\t<div class=\"elementor-spacer-inner\"><\/div>\n\t\t<\/div>\n\t\t\t\t\t\t<\/div>\n\t\t\t\t<\/div>\n\t\t\t\t\t<\/div>\n\t\t<\/div>\n\t\t\t\t<div class=\"elementor-column elementor-col-50 elementor-top-column elementor-element elementor-element-772a70b\" data-id=\"772a70b\" data-element_type=\"column\" data-e-type=\"column\">\n\t\t\t<div class=\"elementor-widget-wrap\">\n\t\t\t\t\t\t\t<\/div>\n\t\t<\/div>\n\t\t\t\t\t<\/div>\n\t\t<\/section>\n\t\t\t\t<section class=\"elementor-section elementor-top-section elementor-element elementor-element-c76c598 elementor-section-boxed elementor-section-height-default elementor-section-height-default\" data-id=\"c76c598\" data-element_type=\"section\" data-e-type=\"section\">\n\t\t\t\t\t\t<div class=\"elementor-container elementor-column-gap-default\">\n\t\t\t\t\t<div class=\"elementor-column elementor-col-100 elementor-top-column elementor-element elementor-element-71a57b5\" data-id=\"71a57b5\" data-element_type=\"column\" data-e-type=\"column\">\n\t\t\t<div class=\"elementor-widget-wrap elementor-element-populated\">\n\t\t\t\t\t\t<div class=\"elementor-element elementor-element-bc85f8d elementor-button-align-center elementor-widget elementor-widget-form\" data-id=\"bc85f8d\" data-element_type=\"widget\" data-e-type=\"widget\" data-settings=\"{&quot;step_next_label&quot;:&quot;Next&quot;,&quot;step_previous_label&quot;:&quot;Previous&quot;,&quot;button_width&quot;:&quot;100&quot;,&quot;step_type&quot;:&quot;number_text&quot;,&quot;step_icon_shape&quot;:&quot;circle&quot;}\" data-widget_type=\"form.default\">\n\t\t\t\t<div class=\"elementor-widget-container\">\n\t\t\t\t\t\t\t<form class=\"elementor-form\" method=\"post\" name=\"calculadora\" aria-label=\"calculadora\">\n\t\t\t<input type=\"hidden\" name=\"post_id\" value=\"3448\"\/>\n\t\t\t<input type=\"hidden\" name=\"form_id\" value=\"bc85f8d\"\/>\n\t\t\t<input type=\"hidden\" name=\"referer_title\" value=\"Calculadora - Maestro m\u00edo - The language school\" \/>\n\n\t\t\t\t\t\t\t<input type=\"hidden\" name=\"queried_id\" value=\"3448\"\/>\n\t\t\t\n\t\t\t<div class=\"elementor-form-fields-wrapper elementor-labels-above\">\n\t\t\t\t\t\t\t\t<div class=\"elementor-field-type-select elementor-field-group elementor-column elementor-field-group-course elementor-col-50 elementor-field-required\">\n\t\t\t\t\t\t\t\t\t\t\t\t<label for=\"form-field-course\" class=\"elementor-field-label\">\n\t\t\t\t\t\t\t\tElige el curso: *\t\t\t\t\t\t\t<\/label>\n\t\t\t\t\t\t\t\t<div class=\"elementor-field elementor-select-wrapper remove-before \">\n\t\t\t<div class=\"select-caret-down-wrapper\">\n\t\t\t\t<i aria-hidden=\"true\" class=\"eicon-caret-down\"><\/i>\t\t\t<\/div>\n\t\t\t<select name=\"form_fields[course]\" id=\"form-field-course\" class=\"elementor-field-textual elementor-size-sm\" required=\"required\">\n\t\t\t\t\t\t\t\t\t<option value=\"Elige el curso\">Elige el curso<\/option>\n\t\t\t\t\t\t\t<\/select>\n\t\t<\/div>\n\t\t\t\t\t\t<\/div>\n\t\t\t\t\t\t\t\t<div class=\"elementor-field-type-date elementor-field-group elementor-column elementor-field-group-course_start_date elementor-col-25 elementor-field-required\">\n\t\t\t\t\t\t\t\t\t\t\t\t<label for=\"form-field-course_start_date\" class=\"elementor-field-label\">\n\t\t\t\t\t\t\t\tFecha de inicio del curso: *\t\t\t\t\t\t\t<\/label>\n\t\t\t\t\t\t\n\t\t<input type=\"date\" name=\"form_fields[course_start_date]\" id=\"form-field-course_start_date\" class=\"elementor-field elementor-size-sm  elementor-field-textual elementor-date-field\" placeholder=\"Fecha de inicio del curso\" required=\"required\" pattern=\"[0-9]{4}-[0-9]{2}-[0-9]{2}\">\n\t\t\t\t\t\t<\/div>\n\t\t\t\t\t\t\t\t<div class=\"elementor-field-type-number elementor-field-group elementor-column elementor-field-group-course_weeks elementor-col-25 elementor-field-required\">\n\t\t\t\t\t\t\t\t\t\t\t\t<label for=\"form-field-course_weeks\" class=\"elementor-field-label\">\n\t\t\t\t\t\t\t\tN\u00famero de semanas del curso: *\t\t\t\t\t\t\t<\/label>\n\t\t\t\t\t\t\t\t\t<input type=\"number\" name=\"form_fields[course_weeks]\" id=\"form-field-course_weeks\" class=\"elementor-field elementor-size-sm  elementor-field-textual\" placeholder=\"N\u00famero de semanas del curso\" required=\"required\" min=\"1\" max=\"52\" >\n\t\t\t\t\t\t<\/div>\n\t\t\t\t\t\t\t\t<div class=\"elementor-field-type-select elementor-field-group elementor-column elementor-field-group-accomm elementor-col-50 elementor-field-required\">\n\t\t\t\t\t\t\t\t\t\t\t\t<label for=\"form-field-accomm\" class=\"elementor-field-label\">\n\t\t\t\t\t\t\t\tElige el alojamiento: *\t\t\t\t\t\t\t<\/label>\n\t\t\t\t\t\t\t\t<div class=\"elementor-field elementor-select-wrapper remove-before \">\n\t\t\t<div class=\"select-caret-down-wrapper\">\n\t\t\t\t<i aria-hidden=\"true\" class=\"eicon-caret-down\"><\/i>\t\t\t<\/div>\n\t\t\t<select name=\"form_fields[accomm]\" id=\"form-field-accomm\" class=\"elementor-field-textual elementor-size-sm\" required=\"required\">\n\t\t\t\t\t\t\t\t\t<option value=\"Elige el alojamiento\">Elige el alojamiento<\/option>\n\t\t\t\t\t\t\t<\/select>\n\t\t<\/div>\n\t\t\t\t\t\t<\/div>\n\t\t\t\t\t\t\t\t<div class=\"elementor-field-type-date elementor-field-group elementor-column elementor-field-group-arrival_date elementor-col-25\">\n\t\t\t\t\t\t\t\t\t\t\t\t<label for=\"form-field-arrival_date\" class=\"elementor-field-label\">\n\t\t\t\t\t\t\t\tFecha de llegada:\t\t\t\t\t\t\t<\/label>\n\t\t\t\t\t\t\n\t\t<input type=\"date\" name=\"form_fields[arrival_date]\" id=\"form-field-arrival_date\" class=\"elementor-field elementor-size-sm  elementor-field-textual elementor-date-field\" placeholder=\"Fecha de llegada\" pattern=\"[0-9]{4}-[0-9]{2}-[0-9]{2}\">\n\t\t\t\t\t\t<\/div>\n\t\t\t\t\t\t\t\t<div class=\"elementor-field-type-date elementor-field-group elementor-column elementor-field-group-leaving_date elementor-col-25\">\n\t\t\t\t\t\t\t\t\t\t\t\t<label for=\"form-field-leaving_date\" class=\"elementor-field-label\">\n\t\t\t\t\t\t\t\tFecha de salida:\t\t\t\t\t\t\t<\/label>\n\t\t\t\t\t\t\n\t\t<input type=\"date\" name=\"form_fields[leaving_date]\" id=\"form-field-leaving_date\" class=\"elementor-field elementor-size-sm  elementor-field-textual elementor-date-field\" placeholder=\"Fecha de salida\" pattern=\"[0-9]{4}-[0-9]{2}-[0-9]{2}\">\n\t\t\t\t\t\t<\/div>\n\t\t\t\t\t\t\t\t<div class=\"elementor-field-type-select elementor-field-group elementor-column elementor-field-group-transfer_calc elementor-col-50\">\n\t\t\t\t\t\t\t\t\t\t\t\t<label for=\"form-field-transfer_calc\" class=\"elementor-field-label\">\n\t\t\t\t\t\t\t\t\u00bfNecesitas servicio de transporte?\t\t\t\t\t\t\t<\/label>\n\t\t\t\t\t\t\t\t<div class=\"elementor-field elementor-select-wrapper remove-before \">\n\t\t\t<div class=\"select-caret-down-wrapper\">\n\t\t\t\t<i aria-hidden=\"true\" class=\"eicon-caret-down\"><\/i>\t\t\t<\/div>\n\t\t\t<select name=\"form_fields[transfer_calc]\" id=\"form-field-transfer_calc\" class=\"elementor-field-textual elementor-size-sm\">\n\t\t\t\t\t\t\t\t\t<option value=\"No\">No necesito transporte<\/option>\n\t\t\t\t\t\t\t\t\t<option value=\"Recogida\">Recogida<\/option>\n\t\t\t\t\t\t\t\t\t<option value=\"Ida y vuelta\">Ida y vuelta<\/option>\n\t\t\t\t\t\t\t<\/select>\n\t\t<\/div>\n\t\t\t\t\t\t<\/div>\n\t\t\t\t\t\t\t\t<div class=\"elementor-field-type-select elementor-field-group elementor-column elementor-field-group-medical_insurance elementor-col-50\">\n\t\t\t\t\t\t\t\t\t\t\t\t<label for=\"form-field-medical_insurance\" class=\"elementor-field-label\">\n\t\t\t\t\t\t\t\t\u00bfNecesitas seguro m\u00e9dico?\t\t\t\t\t\t\t<\/label>\n\t\t\t\t\t\t\t\t<div class=\"elementor-field elementor-select-wrapper remove-before \">\n\t\t\t<div class=\"select-caret-down-wrapper\">\n\t\t\t\t<i aria-hidden=\"true\" class=\"eicon-caret-down\"><\/i>\t\t\t<\/div>\n\t\t\t<select name=\"form_fields[medical_insurance]\" id=\"form-field-medical_insurance\" class=\"elementor-field-textual elementor-size-sm\">\n\t\t\t\t\t\t\t\t\t<option value=\"No\">No<\/option>\n\t\t\t\t\t\t\t\t\t<option value=\"Si\">S\u00ed<\/option>\n\t\t\t\t\t\t\t<\/select>\n\t\t<\/div>\n\t\t\t\t\t\t<\/div>\n\t\t\t\t\t\t\t\t<div class=\"elementor-field-type-text elementor-field-group elementor-column elementor-field-group-name elementor-col-50 elementor-field-required\">\n\t\t\t\t\t\t\t\t\t\t\t\t<label for=\"form-field-name\" class=\"elementor-field-label\">\n\t\t\t\t\t\t\t\tNombre\t\t\t\t\t\t\t<\/label>\n\t\t\t\t\t\t\t\t\t\t\t\t\t\t<input size=\"1\" type=\"text\" name=\"form_fields[name]\" id=\"form-field-name\" class=\"elementor-field elementor-size-sm  elementor-field-textual\" placeholder=\"Introduce tu nombre: *\" required=\"required\">\n\t\t\t\t\t\t\t\t\t\t\t<\/div>\n\t\t\t\t\t\t\t\t<div class=\"elementor-field-type-email elementor-field-group elementor-column elementor-field-group-email elementor-col-25 elementor-field-required\">\n\t\t\t\t\t\t\t\t\t\t\t\t<label for=\"form-field-email\" class=\"elementor-field-label\">\n\t\t\t\t\t\t\t\tEmail\t\t\t\t\t\t\t<\/label>\n\t\t\t\t\t\t\t\t\t\t\t\t\t\t<input size=\"1\" type=\"email\" name=\"form_fields[email]\" id=\"form-field-email\" class=\"elementor-field elementor-size-sm  elementor-field-textual\" placeholder=\"Introduce tu email: *\" required=\"required\">\n\t\t\t\t\t\t\t\t\t\t\t<\/div>\n\t\t\t\t\t\t\t\t<div class=\"elementor-field-type-text elementor-field-group elementor-column elementor-field-group-phone elementor-col-25 elementor-field-required\">\n\t\t\t\t\t\t\t\t\t\t\t\t<label for=\"form-field-phone\" class=\"elementor-field-label\">\n\t\t\t\t\t\t\t\tTelefono *\t\t\t\t\t\t\t<\/label>\n\t\t\t\t\t\t\t\t\t\t\t\t\t\t<input size=\"1\" type=\"text\" name=\"form_fields[phone]\" id=\"form-field-phone\" class=\"elementor-field elementor-size-sm  elementor-field-textual\" placeholder=\"Introduce tu tel\u00e9fono\" required=\"required\">\n\t\t\t\t\t\t\t\t\t\t\t<\/div>\n\t\t\t\t\t\t\t\t<div class=\"elementor-field-type-html elementor-field-group elementor-column elementor-field-group-field_b4601ce elementor-col-100\">\n\t\t\t\t\t<h2 style=\"color: #d12422; margin-top: 20px;\"> Aviso Legal<\/h2>\n\nEn cumplimiento con la Ley 15\/1999 del 13 de Diciembre sobre Protecci\u00f3n de Datos Personales, le informamos que al rellenar este formulario, tus datos personales ser\u00e1n almacenados en un archivo perteneciente a SCHOOL BRIO, S.L., con el objetivo de tratar su petici\u00f3n.\n\nAdem\u00e1s, a no ser que exprese lo contario, usaremos sus datos personales para mantelerle informado de noticias sobre nuestros servicios.\n\nTambi\u00e9n le informamos que puede ejercer su derecho de acceso, rectificaci\u00f3n, cancelaci\u00f3n y oposici\u00f3n al tratamiento de sus datos personales envi\u00e1ndonos un email a hola@onspain.es o una carta a la atenci\u00f3n de SCHOOL BRIO, S.L., CALLE TRINIDAD GRUND 7, 1 D, 29001 M\u00c1LAGA, junto con una copia de su carnet de identificaci\u00f3n o pasaporte.\t\t\t\t<\/div>\n\t\t\t\t\t\t\t\t<div class=\"elementor-field-type-acceptance elementor-field-group elementor-column elementor-field-group-field_26619c7 elementor-col-100 elementor-field-required\">\n\t\t\t\t\t\t\t<div class=\"elementor-field-subgroup\">\n\t\t\t<span class=\"elementor-field-option\">\n\t\t\t\t<input type=\"checkbox\" name=\"form_fields[field_26619c7]\" id=\"form-field-field_26619c7\" class=\"elementor-field elementor-size-sm  elementor-acceptance-field\" required=\"required\">\n\t\t\t\t<label for=\"form-field-field_26619c7\">He le\u00eddo y acepto las Condiciones Generales de MaestroM\u00edo School.<\/label>\t\t\t<\/span>\n\t\t<\/div>\n\t\t\t\t\t\t<\/div>\n\t\t\t\t\t\t\t\t<div class=\"elementor-field-group elementor-column elementor-field-type-submit elementor-col-100 e-form__buttons\">\n\t\t\t\t\t<button class=\"elementor-button elementor-size-sm\" type=\"submit\">\n\t\t\t\t\t\t<span class=\"elementor-button-content-wrapper\">\n\t\t\t\t\t\t\t\t\t\t\t\t\t\t\t\t\t\t\t\t\t\t<span class=\"elementor-button-text\">Calcular<\/span>\n\t\t\t\t\t\t\t\t\t\t\t\t\t<\/span>\n\t\t\t\t\t<\/button>\n\t\t\t\t<\/div>\n\t\t\t<\/div>\n\t\t<\/form>\n\t\t\t\t\t\t<\/div>\n\t\t\t\t<\/div>\n\t\t\t\t\t<\/div>\n\t\t<\/div>\n\t\t\t\t\t<\/div>\n\t\t<\/section>\n\t\t\t\t<\/div>\n\t\t","protected":false},"excerpt":{"rendered":"","protected":false},"author":2,"featured_media":0,"parent":0,"menu_order":0,"comment_status":"closed","ping_status":"closed","template":"","meta":{"inline_featured_image":false,"footnotes":""},"class_list":["post-3448","page","type-page","status-publish"],"yoast_head":"<!-- This site is optimized with the Yoast SEO plugin v27.2 - https:\/\/yoast.com\/product\/yoast-seo-wordpress\/ -->\n<title>Calculadora - Maestro m\u00edo - The language school<\/title>\n<meta name=\"robots\" content=\"noindex, follow\" \/>\n<meta property=\"og:locale\" content=\"es_ES\" \/>\n<meta property=\"og:type\" content=\"article\" \/>\n<meta property=\"og:title\" content=\"Calculadora - Maestro m\u00edo - The language school\" \/>\n<meta property=\"og:url\" content=\"https:\/\/maestromio.org\/es\/calculadora-old\/\" \/>\n<meta property=\"og:site_name\" content=\"Maestro m\u00edo - The language school\" \/>\n<meta property=\"article:publisher\" content=\"https:\/\/www.facebook.com\/MaestroMioMalaga\/\" \/>\n<meta property=\"article:modified_time\" content=\"2024-12-08T19:39:33+00:00\" \/>\n<meta property=\"og:image\" content=\"https:\/\/maestromio.org\/wp-content\/uploads\/logo_maestromio.png\" \/>\n\t<meta property=\"og:image:width\" content=\"350\" \/>\n\t<meta property=\"og:image:height\" content=\"188\" \/>\n\t<meta property=\"og:image:type\" content=\"image\/png\" \/>\n<meta name=\"twitter:card\" content=\"summary_large_image\" \/>\n<meta name=\"twitter:site\" content=\"@MaestroMio_\" \/>\n<script type=\"application\/ld+json\" class=\"yoast-schema-graph\">{\"@context\":\"https:\/\/schema.org\",\"@graph\":[{\"@type\":\"WebPage\",\"@id\":\"https:\/\/maestromio.org\/es\/calculadora-old\/\",\"url\":\"https:\/\/maestromio.org\/es\/calculadora-old\/\",\"name\":\"Calculadora - Maestro m\u00edo - The language school\",\"isPartOf\":{\"@id\":\"https:\/\/maestromio.org\/es\/#website\"},\"datePublished\":\"2020-10-05T11:48:45+00:00\",\"dateModified\":\"2024-12-08T19:39:33+00:00\",\"breadcrumb\":{\"@id\":\"https:\/\/maestromio.org\/es\/calculadora-old\/#breadcrumb\"},\"inLanguage\":\"es\",\"potentialAction\":[{\"@type\":\"ReadAction\",\"target\":[\"https:\/\/maestromio.org\/es\/calculadora-old\/\"]}]},{\"@type\":\"BreadcrumbList\",\"@id\":\"https:\/\/maestromio.org\/es\/calculadora-old\/#breadcrumb\",\"itemListElement\":[{\"@type\":\"ListItem\",\"position\":1,\"name\":\"Home\",\"item\":\"https:\/\/maestromio.org\/es\/\"},{\"@type\":\"ListItem\",\"position\":2,\"name\":\"Calculadora\"}]},{\"@type\":\"WebSite\",\"@id\":\"https:\/\/maestromio.org\/es\/#website\",\"url\":\"https:\/\/maestromio.org\/es\/\",\"name\":\"MaestroM\u00edo - The Language School\",\"description\":\"Spanish Courses in Malaga\",\"publisher\":{\"@id\":\"https:\/\/maestromio.org\/es\/#organization\"},\"alternateName\":\"MaestroM\u00edo\",\"potentialAction\":[{\"@type\":\"SearchAction\",\"target\":{\"@type\":\"EntryPoint\",\"urlTemplate\":\"https:\/\/maestromio.org\/es\/?s={search_term_string}\"},\"query-input\":{\"@type\":\"PropertyValueSpecification\",\"valueRequired\":true,\"valueName\":\"search_term_string\"}}],\"inLanguage\":\"es\"},{\"@type\":\"Organization\",\"@id\":\"https:\/\/maestromio.org\/es\/#organization\",\"name\":\"Maestro m\u00edo - The language school\",\"alternateName\":\"Maestromio\",\"url\":\"https:\/\/maestromio.org\/es\/\",\"logo\":{\"@type\":\"ImageObject\",\"inLanguage\":\"es\",\"@id\":\"https:\/\/maestromio.org\/es\/#\/schema\/logo\/image\/\",\"url\":\"https:\/\/maestromio.org\/wp-content\/uploads\/cropped-logo_maestromio.png\",\"contentUrl\":\"https:\/\/maestromio.org\/wp-content\/uploads\/cropped-logo_maestromio.png\",\"width\":165,\"height\":165,\"caption\":\"Maestro m\u00edo - The language school\"},\"image\":{\"@id\":\"https:\/\/maestromio.org\/es\/#\/schema\/logo\/image\/\"},\"sameAs\":[\"https:\/\/www.facebook.com\/MaestroMioMalaga\/\",\"https:\/\/x.com\/MaestroMio_\",\"https:\/\/www.instagram.com\/maestromioschool\/\"]}]}<\/script>\n<!-- \/ Yoast SEO plugin. -->","yoast_head_json":{"title":"Calculadora - Maestro m\u00edo - The language school","robots":{"index":"noindex","follow":"follow"},"og_locale":"es_ES","og_type":"article","og_title":"Calculadora - Maestro m\u00edo - The language school","og_url":"https:\/\/maestromio.org\/es\/calculadora-old\/","og_site_name":"Maestro m\u00edo - The language school","article_publisher":"https:\/\/www.facebook.com\/MaestroMioMalaga\/","article_modified_time":"2024-12-08T19:39:33+00:00","og_image":[{"width":350,"height":188,"url":"https:\/\/maestromio.org\/wp-content\/uploads\/logo_maestromio.png","type":"image\/png"}],"twitter_card":"summary_large_image","twitter_site":"@MaestroMio_","schema":{"@context":"https:\/\/schema.org","@graph":[{"@type":"WebPage","@id":"https:\/\/maestromio.org\/es\/calculadora-old\/","url":"https:\/\/maestromio.org\/es\/calculadora-old\/","name":"Calculadora - Maestro m\u00edo - The language school","isPartOf":{"@id":"https:\/\/maestromio.org\/es\/#website"},"datePublished":"2020-10-05T11:48:45+00:00","dateModified":"2024-12-08T19:39:33+00:00","breadcrumb":{"@id":"https:\/\/maestromio.org\/es\/calculadora-old\/#breadcrumb"},"inLanguage":"es","potentialAction":[{"@type":"ReadAction","target":["https:\/\/maestromio.org\/es\/calculadora-old\/"]}]},{"@type":"BreadcrumbList","@id":"https:\/\/maestromio.org\/es\/calculadora-old\/#breadcrumb","itemListElement":[{"@type":"ListItem","position":1,"name":"Home","item":"https:\/\/maestromio.org\/es\/"},{"@type":"ListItem","position":2,"name":"Calculadora"}]},{"@type":"WebSite","@id":"https:\/\/maestromio.org\/es\/#website","url":"https:\/\/maestromio.org\/es\/","name":"MaestroM\u00edo - The Language School","description":"Spanish Courses in Malaga","publisher":{"@id":"https:\/\/maestromio.org\/es\/#organization"},"alternateName":"MaestroM\u00edo","potentialAction":[{"@type":"SearchAction","target":{"@type":"EntryPoint","urlTemplate":"https:\/\/maestromio.org\/es\/?s={search_term_string}"},"query-input":{"@type":"PropertyValueSpecification","valueRequired":true,"valueName":"search_term_string"}}],"inLanguage":"es"},{"@type":"Organization","@id":"https:\/\/maestromio.org\/es\/#organization","name":"Maestro m\u00edo - The language school","alternateName":"Maestromio","url":"https:\/\/maestromio.org\/es\/","logo":{"@type":"ImageObject","inLanguage":"es","@id":"https:\/\/maestromio.org\/es\/#\/schema\/logo\/image\/","url":"https:\/\/maestromio.org\/wp-content\/uploads\/cropped-logo_maestromio.png","contentUrl":"https:\/\/maestromio.org\/wp-content\/uploads\/cropped-logo_maestromio.png","width":165,"height":165,"caption":"Maestro m\u00edo - The language school"},"image":{"@id":"https:\/\/maestromio.org\/es\/#\/schema\/logo\/image\/"},"sameAs":["https:\/\/www.facebook.com\/MaestroMioMalaga\/","https:\/\/x.com\/MaestroMio_","https:\/\/www.instagram.com\/maestromioschool\/"]}]}},"_links":{"self":[{"href":"https:\/\/maestromio.org\/es\/wp-json\/wp\/v2\/pages\/3448","targetHints":{"allow":["GET"]}}],"collection":[{"href":"https:\/\/maestromio.org\/es\/wp-json\/wp\/v2\/pages"}],"about":[{"href":"https:\/\/maestromio.org\/es\/wp-json\/wp\/v2\/types\/page"}],"author":[{"embeddable":true,"href":"https:\/\/maestromio.org\/es\/wp-json\/wp\/v2\/users\/2"}],"replies":[{"embeddable":true,"href":"https:\/\/maestromio.org\/es\/wp-json\/wp\/v2\/comments?post=3448"}],"version-history":[{"count":5,"href":"https:\/\/maestromio.org\/es\/wp-json\/wp\/v2\/pages\/3448\/revisions"}],"predecessor-version":[{"id":3532,"href":"https:\/\/maestromio.org\/es\/wp-json\/wp\/v2\/pages\/3448\/revisions\/3532"}],"wp:attachment":[{"href":"https:\/\/maestromio.org\/es\/wp-json\/wp\/v2\/media?parent=3448"}],"curies":[{"name":"wp","href":"https:\/\/api.w.org\/{rel}","templated":true}]}}