{"id":27290,"date":"2024-12-13T13:02:07","date_gmt":"2024-12-13T12:02:07","guid":{"rendered":"https:\/\/maestromio.org\/?page_id=27290"},"modified":"2026-03-25T13:22:07","modified_gmt":"2026-03-25T12:22:07","slug":"actividades-culturales-en-malaga","status":"publish","type":"page","link":"https:\/\/maestromio.org\/es\/actividades-culturales-en-malaga\/","title":{"rendered":"Actividades culturales en M\u00e1laga"},"content":{"rendered":"<p><strong><em>El lenguaje es el mapa de una cultura. Te dice de d\u00f3nde viene su gente y a d\u00f3nde se dirigen. Rita Mae Brown<\/em><\/strong><\/p>\n<p>En MaestroM\u00edo entendemos que es fundamental para aprender el espa\u00f1ol entender la cultura espa\u00f1ola, su legado hist\u00f3rico, sus ra\u00edces. Por eso para nosotros es muy importante compartir con nuestros estudiantes experiencias culturales fuera del aula.<\/p>\n<p>Por lo tanto, las actividades fuera de la escuela se centran en extender el idioma m\u00e1s all\u00e1 de la clase y exponer al estudiantado a situaciones diversas. El prop\u00f3sito principal es establecer ambientes apropiados donde se proporcionen las condiciones ideales para ejercitar el idioma, socializar y, adem\u00e1s, familiarizar a los alumnos con aspectos socioculturales del pa\u00eds donde se encuentran en inmersi\u00f3n.<\/p>\n<p>Por tanto en nuestra escuela realizamos dos tipos de actividades culturales:<\/p>\n<p><img fetchpriority=\"high\" decoding=\"async\" class=\"wp-image-27329 size-medium alignleft\" src=\"https:\/\/maestromio.org\/wp-content\/uploads\/6-300x200.png\" alt=\"\" width=\"300\" height=\"200\" srcset=\"https:\/\/maestromio.org\/wp-content\/uploads\/6-300x200.png 300w, https:\/\/maestromio.org\/wp-content\/uploads\/6-1024x682.png 1024w, https:\/\/maestromio.org\/wp-content\/uploads\/6-768x512.png 768w, https:\/\/maestromio.org\/wp-content\/uploads\/6-1536x1024.png 1536w, https:\/\/maestromio.org\/wp-content\/uploads\/6.png 1772w\" sizes=\"(max-width: 300px) 100vw, 300px\" \/>Las primeras se llevan a cabo en horario lectivo; las segundas, fuera de la agenda habitual, siendo voluntaria la asistencia y participaci\u00f3n en ellas, se basan en visitas y excursiones. Todas las actividades han sido estructuradas y planificadas previamente para asegurar la participaci\u00f3n activa del alumnado en ellas.<\/p>\n<p>Realizamos excursiones y visitas a lugares hist\u00f3ricos de M\u00e1laga, como la visita a la Alcazaba y al Castillo de Gibralfaro o a los reconocidos museos de la ciudad, como el Thyssen o la Casa Natal de Picasso. Este es el listado de actividades y sus precios para el a\u00f1o 2026 (disponibilidad seg\u00fan la \u00e9poca del a\u00f1o, consultar para m\u00e1s informaci\u00f3n):<\/p>\n<ul>\n<li>Alcazaba: 7 \u20ac<\/li>\n<li>Castillo de Gibralfaro: 7 \u20ac<\/li>\n<li>Museo de Artes Populares: 6 \u20ac<\/li>\n<li>Casa Natal de Picasso: 7 \u20ac<\/li>\n<li>Catedral: 10 \u20ac<\/li>\n<li>Museo de M\u00e1laga: 6 \u20ac<\/li>\n<li>Museo Thyssen: 8 \u20ac<\/li>\n<li>Museo del Vidrio: 9 \u20ac<\/li>\n<li>Noche del Pesca\u00edto: 22 \u20ac<\/li>\n<li>Ba\u00f1os \u00e1rabes: 36 \u20ac sin masaje \/ 40 \u20ac con masaje<\/li>\n<li>Clase de flamenco en la playa al atardecer: 7 \u20ac<\/li>\n<li>Clase de salsa en el centro: 7 \u20ac<\/li>\n<li>Yoga en la playa: 9 \u20ac<\/li>\n<li>Paseo en barco por la bah\u00eda de M\u00e1laga: 15 \u20ac<\/li>\n<li>Espect\u00e1culo flamenco: 25 \u20ac<\/li>\n<li>Clase de navegaci\u00f3n a vela: 18 \u20ac<\/li>\n<li>Kajak o Paddle Surf en El Palo: 15 \u20ac<\/li>\n<li>Ruta de Senderismo por el paraje natural de la desembocadura del r\u00edo Guadalhorce: 15 \u20ac<\/li>\n<li>Excursi\u00f3n a Sevilla: 50 \u20ac<\/li>\n<li>Excursi\u00f3n a Ronda y Setenil de las Bodegas: 50 \u20ac<\/li>\n<li>Excursi\u00f3n a C\u00f3rdoba: 50 \u20ac<\/li>\n<li>Excursi\u00f3n a Nerja, Cuevas de Nerja, Frigiliana y Benagalb\u00f3n: 50 \u20ac<\/li>\n<li>Excursi\u00f3n a C\u00f3rdoba: 50 \u20ac<\/li>\n<li>Excursi\u00f3n al Caminito del Rey: 50 \u20ac<\/li>\n<li>Excursi\u00f3n a Mijas, Marbella, Puerto Ban\u00fas y Puerto Marina: 40 \u20ac<\/li>\n<li>Excursi\u00f3n a Antequera, El Torcal y D\u00f3lmenes: 40 \u20ac<\/li>\n<li>Excursi\u00f3n a Tarifa y Bolonia: 45 \u20ac<\/li>\n<\/ul>\n<p>Estas actividades sirven para entender el espa\u00f1ol que se habla en la calle, disfrutar del idioma, la cultura, la gastronom\u00eda, las costumbres, la m\u00fasica y la historia de Espa\u00f1a. As\u00ed, los estudiantes se familiarizan con la ciudad y usan el idioma en situaciones reales con m\u00e1s compa\u00f1eros y personas de la calle.<\/p>\n<p><img decoding=\"async\" class=\"size-medium wp-image-27255 alignright\" src=\"https:\/\/maestromio.org\/wp-content\/uploads\/excursion_madrid4-300x101.jpg\" alt=\"\" width=\"300\" height=\"101\" srcset=\"https:\/\/maestromio.org\/wp-content\/uploads\/excursion_madrid4-300x101.jpg 300w, https:\/\/maestromio.org\/wp-content\/uploads\/excursion_madrid4.jpg 512w\" sizes=\"(max-width: 300px) 100vw, 300px\" \/><\/p>\n<p>Y, por supuesto, actividades m\u00e1s l\u00fadicas pero siempre enfocadas a que se practique espa\u00f1ol fuera del aula y se aprenda de nuestra cultura, como son clases de cocina espa\u00f1ola, clases de flamenco y actividades deportivas.<\/p>\n<p><strong>En definitiva, una amplia y variada programaci\u00f3n cultural tan infinita como la ciudad de M\u00e1laga.<\/strong><\/p>\n<p>&nbsp;<\/p>\n","protected":false},"excerpt":{"rendered":"<p>El lenguaje es el mapa de una cultura. Te dice de d\u00f3nde viene su gente y a d\u00f3nde se dirigen. Rita Mae Brown En MaestroM\u00edo entendemos que es fundamental para aprender el espa\u00f1ol entender la cultura espa\u00f1ola, su legado hist\u00f3rico, sus ra\u00edces. Por eso para nosotros es muy importante compartir con nuestros estudiantes experiencias culturales &#8230; <a title=\"Actividades culturales en M\u00e1laga\" class=\"read-more\" href=\"https:\/\/maestromio.org\/es\/actividades-culturales-en-malaga\/\" aria-label=\"Leer m\u00e1s sobre Actividades culturales en M\u00e1laga\">Leer m\u00e1s<\/a><\/p>\n","protected":false},"author":2,"featured_media":27326,"parent":0,"menu_order":0,"comment_status":"closed","ping_status":"closed","template":"","meta":{"inline_featured_image":false,"footnotes":""},"class_list":["post-27290","page","type-page","status-publish","has-post-thumbnail"],"yoast_head":"<!-- This site is optimized with the Yoast SEO plugin v27.2 - https:\/\/yoast.com\/product\/yoast-seo-wordpress\/ -->\n<title>Actividades culturales en M\u00e1laga - Maestro m\u00edo - The language school<\/title>\n<meta name=\"robots\" content=\"index, follow, max-snippet:-1, max-image-preview:large, max-video-preview:-1\" \/>\n<link rel=\"canonical\" href=\"https:\/\/maestromio.org\/es\/actividades-culturales-en-malaga\/\" \/>\n<meta property=\"og:locale\" content=\"es_ES\" \/>\n<meta property=\"og:type\" content=\"article\" \/>\n<meta property=\"og:title\" content=\"Actividades culturales en M\u00e1laga - Maestro m\u00edo - The language school\" \/>\n<meta property=\"og:description\" content=\"El lenguaje es el mapa de una cultura. Te dice de d\u00f3nde viene su gente y a d\u00f3nde se dirigen. Rita Mae Brown En MaestroM\u00edo entendemos que es fundamental para aprender el espa\u00f1ol entender la cultura espa\u00f1ola, su legado hist\u00f3rico, sus ra\u00edces. Por eso para nosotros es muy importante compartir con nuestros estudiantes experiencias culturales ... Leer m\u00e1s\" \/>\n<meta property=\"og:url\" content=\"https:\/\/maestromio.org\/es\/actividades-culturales-en-malaga\/\" \/>\n<meta property=\"og:site_name\" content=\"Maestro m\u00edo - The language school\" \/>\n<meta property=\"article:publisher\" content=\"https:\/\/www.facebook.com\/MaestroMioMalaga\/\" \/>\n<meta property=\"article:modified_time\" content=\"2026-03-25T12:22:07+00:00\" \/>\n<meta property=\"og:image\" content=\"https:\/\/maestromio.org\/wp-content\/uploads\/3-1-1024x682.png\" \/>\n\t<meta property=\"og:image:width\" content=\"1024\" \/>\n\t<meta property=\"og:image:height\" content=\"682\" \/>\n\t<meta property=\"og:image:type\" content=\"image\/png\" \/>\n<meta name=\"twitter:card\" content=\"summary_large_image\" \/>\n<meta name=\"twitter:site\" content=\"@MaestroMio_\" \/>\n<meta name=\"twitter:label1\" content=\"Tiempo de lectura\" \/>\n\t<meta name=\"twitter:data1\" content=\"4 minutos\" \/>\n<script type=\"application\/ld+json\" class=\"yoast-schema-graph\">{\"@context\":\"https:\/\/schema.org\",\"@graph\":[{\"@type\":\"WebPage\",\"@id\":\"https:\/\/maestromio.org\/es\/actividades-culturales-en-malaga\/\",\"url\":\"https:\/\/maestromio.org\/es\/actividades-culturales-en-malaga\/\",\"name\":\"Actividades culturales en M\u00e1laga - Maestro m\u00edo - The language school\",\"isPartOf\":{\"@id\":\"https:\/\/maestromio.org\/es\/#website\"},\"primaryImageOfPage\":{\"@id\":\"https:\/\/maestromio.org\/es\/actividades-culturales-en-malaga\/#primaryimage\"},\"image\":{\"@id\":\"https:\/\/maestromio.org\/es\/actividades-culturales-en-malaga\/#primaryimage\"},\"thumbnailUrl\":\"https:\/\/maestromio.org\/wp-content\/uploads\/3-1.png\",\"datePublished\":\"2024-12-13T12:02:07+00:00\",\"dateModified\":\"2026-03-25T12:22:07+00:00\",\"breadcrumb\":{\"@id\":\"https:\/\/maestromio.org\/es\/actividades-culturales-en-malaga\/#breadcrumb\"},\"inLanguage\":\"es\",\"potentialAction\":[{\"@type\":\"ReadAction\",\"target\":[\"https:\/\/maestromio.org\/es\/actividades-culturales-en-malaga\/\"]}]},{\"@type\":\"ImageObject\",\"inLanguage\":\"es\",\"@id\":\"https:\/\/maestromio.org\/es\/actividades-culturales-en-malaga\/#primaryimage\",\"url\":\"https:\/\/maestromio.org\/wp-content\/uploads\/3-1.png\",\"contentUrl\":\"https:\/\/maestromio.org\/wp-content\/uploads\/3-1.png\",\"width\":1772,\"height\":1181},{\"@type\":\"BreadcrumbList\",\"@id\":\"https:\/\/maestromio.org\/es\/actividades-culturales-en-malaga\/#breadcrumb\",\"itemListElement\":[{\"@type\":\"ListItem\",\"position\":1,\"name\":\"Home\",\"item\":\"https:\/\/maestromio.org\/es\/\"},{\"@type\":\"ListItem\",\"position\":2,\"name\":\"Actividades culturales en M\u00e1laga\"}]},{\"@type\":\"WebSite\",\"@id\":\"https:\/\/maestromio.org\/es\/#website\",\"url\":\"https:\/\/maestromio.org\/es\/\",\"name\":\"MaestroM\u00edo - The Language School\",\"description\":\"Spanish Courses in Malaga\",\"publisher\":{\"@id\":\"https:\/\/maestromio.org\/es\/#organization\"},\"alternateName\":\"MaestroM\u00edo\",\"potentialAction\":[{\"@type\":\"SearchAction\",\"target\":{\"@type\":\"EntryPoint\",\"urlTemplate\":\"https:\/\/maestromio.org\/es\/?s={search_term_string}\"},\"query-input\":{\"@type\":\"PropertyValueSpecification\",\"valueRequired\":true,\"valueName\":\"search_term_string\"}}],\"inLanguage\":\"es\"},{\"@type\":\"Organization\",\"@id\":\"https:\/\/maestromio.org\/es\/#organization\",\"name\":\"Maestro m\u00edo - The language school\",\"alternateName\":\"Maestromio\",\"url\":\"https:\/\/maestromio.org\/es\/\",\"logo\":{\"@type\":\"ImageObject\",\"inLanguage\":\"es\",\"@id\":\"https:\/\/maestromio.org\/es\/#\/schema\/logo\/image\/\",\"url\":\"https:\/\/maestromio.org\/wp-content\/uploads\/cropped-logo_maestromio.png\",\"contentUrl\":\"https:\/\/maestromio.org\/wp-content\/uploads\/cropped-logo_maestromio.png\",\"width\":165,\"height\":165,\"caption\":\"Maestro m\u00edo - The language school\"},\"image\":{\"@id\":\"https:\/\/maestromio.org\/es\/#\/schema\/logo\/image\/\"},\"sameAs\":[\"https:\/\/www.facebook.com\/MaestroMioMalaga\/\",\"https:\/\/x.com\/MaestroMio_\",\"https:\/\/www.instagram.com\/maestromioschool\/\"]}]}<\/script>\n<!-- \/ Yoast SEO plugin. -->","yoast_head_json":{"title":"Actividades culturales en M\u00e1laga - Maestro m\u00edo - The language school","robots":{"index":"index","follow":"follow","max-snippet":"max-snippet:-1","max-image-preview":"max-image-preview:large","max-video-preview":"max-video-preview:-1"},"canonical":"https:\/\/maestromio.org\/es\/actividades-culturales-en-malaga\/","og_locale":"es_ES","og_type":"article","og_title":"Actividades culturales en M\u00e1laga - Maestro m\u00edo - The language school","og_description":"El lenguaje es el mapa de una cultura. Te dice de d\u00f3nde viene su gente y a d\u00f3nde se dirigen. Rita Mae Brown En MaestroM\u00edo entendemos que es fundamental para aprender el espa\u00f1ol entender la cultura espa\u00f1ola, su legado hist\u00f3rico, sus ra\u00edces. Por eso para nosotros es muy importante compartir con nuestros estudiantes experiencias culturales ... Leer m\u00e1s","og_url":"https:\/\/maestromio.org\/es\/actividades-culturales-en-malaga\/","og_site_name":"Maestro m\u00edo - The language school","article_publisher":"https:\/\/www.facebook.com\/MaestroMioMalaga\/","article_modified_time":"2026-03-25T12:22:07+00:00","og_image":[{"width":1024,"height":682,"url":"https:\/\/maestromio.org\/wp-content\/uploads\/3-1-1024x682.png","type":"image\/png"}],"twitter_card":"summary_large_image","twitter_site":"@MaestroMio_","twitter_misc":{"Tiempo de lectura":"4 minutos"},"schema":{"@context":"https:\/\/schema.org","@graph":[{"@type":"WebPage","@id":"https:\/\/maestromio.org\/es\/actividades-culturales-en-malaga\/","url":"https:\/\/maestromio.org\/es\/actividades-culturales-en-malaga\/","name":"Actividades culturales en M\u00e1laga - Maestro m\u00edo - The language school","isPartOf":{"@id":"https:\/\/maestromio.org\/es\/#website"},"primaryImageOfPage":{"@id":"https:\/\/maestromio.org\/es\/actividades-culturales-en-malaga\/#primaryimage"},"image":{"@id":"https:\/\/maestromio.org\/es\/actividades-culturales-en-malaga\/#primaryimage"},"thumbnailUrl":"https:\/\/maestromio.org\/wp-content\/uploads\/3-1.png","datePublished":"2024-12-13T12:02:07+00:00","dateModified":"2026-03-25T12:22:07+00:00","breadcrumb":{"@id":"https:\/\/maestromio.org\/es\/actividades-culturales-en-malaga\/#breadcrumb"},"inLanguage":"es","potentialAction":[{"@type":"ReadAction","target":["https:\/\/maestromio.org\/es\/actividades-culturales-en-malaga\/"]}]},{"@type":"ImageObject","inLanguage":"es","@id":"https:\/\/maestromio.org\/es\/actividades-culturales-en-malaga\/#primaryimage","url":"https:\/\/maestromio.org\/wp-content\/uploads\/3-1.png","contentUrl":"https:\/\/maestromio.org\/wp-content\/uploads\/3-1.png","width":1772,"height":1181},{"@type":"BreadcrumbList","@id":"https:\/\/maestromio.org\/es\/actividades-culturales-en-malaga\/#breadcrumb","itemListElement":[{"@type":"ListItem","position":1,"name":"Home","item":"https:\/\/maestromio.org\/es\/"},{"@type":"ListItem","position":2,"name":"Actividades culturales en M\u00e1laga"}]},{"@type":"WebSite","@id":"https:\/\/maestromio.org\/es\/#website","url":"https:\/\/maestromio.org\/es\/","name":"MaestroM\u00edo - The Language School","description":"Spanish Courses in Malaga","publisher":{"@id":"https:\/\/maestromio.org\/es\/#organization"},"alternateName":"MaestroM\u00edo","potentialAction":[{"@type":"SearchAction","target":{"@type":"EntryPoint","urlTemplate":"https:\/\/maestromio.org\/es\/?s={search_term_string}"},"query-input":{"@type":"PropertyValueSpecification","valueRequired":true,"valueName":"search_term_string"}}],"inLanguage":"es"},{"@type":"Organization","@id":"https:\/\/maestromio.org\/es\/#organization","name":"Maestro m\u00edo - The language school","alternateName":"Maestromio","url":"https:\/\/maestromio.org\/es\/","logo":{"@type":"ImageObject","inLanguage":"es","@id":"https:\/\/maestromio.org\/es\/#\/schema\/logo\/image\/","url":"https:\/\/maestromio.org\/wp-content\/uploads\/cropped-logo_maestromio.png","contentUrl":"https:\/\/maestromio.org\/wp-content\/uploads\/cropped-logo_maestromio.png","width":165,"height":165,"caption":"Maestro m\u00edo - The language school"},"image":{"@id":"https:\/\/maestromio.org\/es\/#\/schema\/logo\/image\/"},"sameAs":["https:\/\/www.facebook.com\/MaestroMioMalaga\/","https:\/\/x.com\/MaestroMio_","https:\/\/www.instagram.com\/maestromioschool\/"]}]}},"_links":{"self":[{"href":"https:\/\/maestromio.org\/es\/wp-json\/wp\/v2\/pages\/27290","targetHints":{"allow":["GET"]}}],"collection":[{"href":"https:\/\/maestromio.org\/es\/wp-json\/wp\/v2\/pages"}],"about":[{"href":"https:\/\/maestromio.org\/es\/wp-json\/wp\/v2\/types\/page"}],"author":[{"embeddable":true,"href":"https:\/\/maestromio.org\/es\/wp-json\/wp\/v2\/users\/2"}],"replies":[{"embeddable":true,"href":"https:\/\/maestromio.org\/es\/wp-json\/wp\/v2\/comments?post=27290"}],"version-history":[{"count":5,"href":"https:\/\/maestromio.org\/es\/wp-json\/wp\/v2\/pages\/27290\/revisions"}],"predecessor-version":[{"id":43554,"href":"https:\/\/maestromio.org\/es\/wp-json\/wp\/v2\/pages\/27290\/revisions\/43554"}],"wp:featuredmedia":[{"embeddable":true,"href":"https:\/\/maestromio.org\/es\/wp-json\/wp\/v2\/media\/27326"}],"wp:attachment":[{"href":"https:\/\/maestromio.org\/es\/wp-json\/wp\/v2\/media?parent=27290"}],"curies":[{"name":"wp","href":"https:\/\/api.w.org\/{rel}","templated":true}]}}