{"id":18687,"date":"2023-03-22T13:56:44","date_gmt":"2023-03-22T12:56:44","guid":{"rendered":"https:\/\/www.maestromio.org\/summer-camp-2023\/"},"modified":"2025-08-08T11:13:03","modified_gmt":"2025-08-08T09:13:03","slug":"campamento-de-verano-2025","status":"publish","type":"page","link":"https:\/\/maestromio.org\/es\/campamento-de-verano-2025\/","title":{"rendered":"Campamento de Verano 2025"},"content":{"rendered":"<p style=\"text-align: left;\"><img fetchpriority=\"high\" decoding=\"async\" class=\"size-medium wp-image-37399 alignleft\" src=\"https:\/\/maestromio.org\/wp-content\/uploads\/image-300x200.png\" alt=\"\" width=\"300\" height=\"200\" srcset=\"https:\/\/maestromio.org\/wp-content\/uploads\/image-300x200.png 300w, https:\/\/maestromio.org\/wp-content\/uploads\/image.png 669w\" sizes=\"(max-width: 300px) 100vw, 300px\" \/><\/p>\n<p>El Campamento de Verano Internacional 2025 ofrece a j\u00f3venes de entre 13 y 17 a\u00f1os la oportunidad de divertirse y aprender espa\u00f1ol.<\/p>\n<p>Con la llegada del verano, muchos padres buscan un campamento en Espa\u00f1a para evitar la dif\u00edcil tarea de mantener a sus hijos ocupados durante las largas vacaciones o, simplemente, para que disfruten de unas vacaciones m\u00e1s divertidas con sus amigos. Teniendo esto en cuenta, ofrecemos el Campamento de Verano 2025 en M\u00e1laga y Madrid, con clases de espa\u00f1ol y un mont\u00f3n de actividades, mientras conocen las fant\u00e1sticas ciudades de M\u00e1laga o Madrid y sus hermosos alrededores.<\/p>\n<p>Los estudiantes disfrutar\u00e1n de unas vacaciones especiales en un contexto internacional y conocer\u00e1n la cultura espa\u00f1ola mientras intercambian ideas y hacen amigos.<\/p>\n<p><strong>Fechas: del 29 de junio al 12 de julio.<\/strong><br \/>\n<strong>Duraci\u00f3n: 2 semanas.<\/strong><br \/>\n<strong>Precio: 1495 euros.<\/strong><\/p>\n<p style=\"text-align: left;\"><img decoding=\"async\" class=\"size-medium wp-image-37412 alignright\" src=\"https:\/\/maestromio.org\/wp-content\/uploads\/image-1-300x200.png\" alt=\"\" width=\"300\" height=\"200\" srcset=\"https:\/\/maestromio.org\/wp-content\/uploads\/image-1-300x200.png 300w, https:\/\/maestromio.org\/wp-content\/uploads\/image-1.png 450w\" sizes=\"(max-width: 300px) 100vw, 300px\" \/><\/p>\n<p>Servicios incluidos: alojamiento en habitaci\u00f3n doble o triple en una residencia de estudiantes, 20 clases de espa\u00f1ol a la semana, material did\u00e1ctico, actividades supervisadas por las tardes, una excursi\u00f3n de d\u00eda completo, traslado desde y hacia el aeropuerto.<\/p>\n<p>Requisitos previos: Ninguno. Todos los participantes realizar\u00e1n una prueba de nivel el primer d\u00eda del curso y se les asignar\u00e1 un grupo en funci\u00f3n de su nivel de espa\u00f1ol.<br \/>\nN\u00famero m\u00e1ximo de alumnos por clase: 15.<\/p>\n<p>&nbsp;<\/p>\n","protected":false},"excerpt":{"rendered":"<p>El Campamento de Verano Internacional 2025 ofrece a j\u00f3venes de entre 13 y 17 a\u00f1os la oportunidad de divertirse y aprender espa\u00f1ol. Con la llegada del verano, muchos padres buscan un campamento en Espa\u00f1a para evitar la dif\u00edcil tarea de mantener a sus hijos ocupados durante las largas vacaciones o, simplemente, para que disfruten de &#8230; <a title=\"Campamento de Verano 2025\" class=\"read-more\" href=\"https:\/\/maestromio.org\/es\/campamento-de-verano-2025\/\" aria-label=\"Leer m\u00e1s sobre Campamento de Verano 2025\">Leer m\u00e1s<\/a><\/p>\n","protected":false},"author":1,"featured_media":0,"parent":0,"menu_order":0,"comment_status":"closed","ping_status":"closed","template":"","meta":{"inline_featured_image":false,"footnotes":""},"class_list":["post-18687","page","type-page","status-publish"],"yoast_head":"<!-- This site is optimized with the Yoast SEO plugin v27.3 - https:\/\/yoast.com\/product\/yoast-seo-wordpress\/ -->\n<title>Campamento de Verano 2025 - Maestro m\u00edo - The language school<\/title>\n<meta name=\"description\" content=\"All inclusive summer camp in Spain, Malaga 2023 for teenagers with Spanish and tennis instructions! Learn spanish and enjoy activities!\" \/>\n<meta name=\"robots\" content=\"index, follow, max-snippet:-1, max-image-preview:large, max-video-preview:-1\" \/>\n<link rel=\"canonical\" href=\"https:\/\/maestromio.org\/es\/campamento-de-verano-2025\/\" \/>\n<meta property=\"og:locale\" content=\"es_ES\" \/>\n<meta property=\"og:type\" content=\"article\" \/>\n<meta property=\"og:title\" content=\"Campamento de Verano 2025 - Maestro m\u00edo - The language school\" \/>\n<meta property=\"og:description\" content=\"All inclusive summer camp in Spain, Malaga 2023 for teenagers with Spanish and tennis instructions! Learn spanish and enjoy activities!\" \/>\n<meta property=\"og:url\" content=\"https:\/\/maestromio.org\/es\/campamento-de-verano-2025\/\" \/>\n<meta property=\"og:site_name\" content=\"Maestro m\u00edo - The language school\" \/>\n<meta property=\"article:publisher\" content=\"https:\/\/www.facebook.com\/MaestroMioMalaga\/\" \/>\n<meta property=\"article:modified_time\" content=\"2025-08-08T09:13:03+00:00\" \/>\n<meta property=\"og:image\" content=\"https:\/\/maestromio.org\/wp-content\/uploads\/image.png\" \/>\n\t<meta property=\"og:image:width\" content=\"669\" \/>\n\t<meta property=\"og:image:height\" content=\"446\" \/>\n\t<meta property=\"og:image:type\" content=\"image\/png\" \/>\n<meta name=\"twitter:card\" content=\"summary_large_image\" \/>\n<meta name=\"twitter:site\" content=\"@MaestroMio_\" \/>\n<meta name=\"twitter:label1\" content=\"Tiempo de lectura\" \/>\n\t<meta name=\"twitter:data1\" content=\"2 minutos\" \/>\n<script type=\"application\/ld+json\" class=\"yoast-schema-graph\">{\"@context\":\"https:\\\/\\\/schema.org\",\"@graph\":[{\"@type\":\"WebPage\",\"@id\":\"https:\\\/\\\/maestromio.org\\\/es\\\/campamento-de-verano-2025\\\/\",\"url\":\"https:\\\/\\\/maestromio.org\\\/es\\\/campamento-de-verano-2025\\\/\",\"name\":\"Campamento de Verano 2025 - Maestro m\u00edo - The language school\",\"isPartOf\":{\"@id\":\"https:\\\/\\\/maestromio.org\\\/es\\\/#website\"},\"primaryImageOfPage\":{\"@id\":\"https:\\\/\\\/maestromio.org\\\/es\\\/campamento-de-verano-2025\\\/#primaryimage\"},\"image\":{\"@id\":\"https:\\\/\\\/maestromio.org\\\/es\\\/campamento-de-verano-2025\\\/#primaryimage\"},\"thumbnailUrl\":\"https:\\\/\\\/maestromio.org\\\/wp-content\\\/uploads\\\/image-300x200.png\",\"datePublished\":\"2023-03-22T12:56:44+00:00\",\"dateModified\":\"2025-08-08T09:13:03+00:00\",\"description\":\"All inclusive summer camp in Spain, Malaga 2023 for teenagers with Spanish and tennis instructions! Learn spanish and enjoy activities!\",\"breadcrumb\":{\"@id\":\"https:\\\/\\\/maestromio.org\\\/es\\\/campamento-de-verano-2025\\\/#breadcrumb\"},\"inLanguage\":\"es\",\"potentialAction\":[{\"@type\":\"ReadAction\",\"target\":[\"https:\\\/\\\/maestromio.org\\\/es\\\/campamento-de-verano-2025\\\/\"]}]},{\"@type\":\"ImageObject\",\"inLanguage\":\"es\",\"@id\":\"https:\\\/\\\/maestromio.org\\\/es\\\/campamento-de-verano-2025\\\/#primaryimage\",\"url\":\"https:\\\/\\\/maestromio.org\\\/wp-content\\\/uploads\\\/image-300x200.png\",\"contentUrl\":\"https:\\\/\\\/maestromio.org\\\/wp-content\\\/uploads\\\/image-300x200.png\"},{\"@type\":\"BreadcrumbList\",\"@id\":\"https:\\\/\\\/maestromio.org\\\/es\\\/campamento-de-verano-2025\\\/#breadcrumb\",\"itemListElement\":[{\"@type\":\"ListItem\",\"position\":1,\"name\":\"Home\",\"item\":\"https:\\\/\\\/maestromio.org\\\/es\\\/\"},{\"@type\":\"ListItem\",\"position\":2,\"name\":\"Campamento de Verano 2025\"}]},{\"@type\":\"WebSite\",\"@id\":\"https:\\\/\\\/maestromio.org\\\/es\\\/#website\",\"url\":\"https:\\\/\\\/maestromio.org\\\/es\\\/\",\"name\":\"MaestroM\u00edo - The Language School\",\"description\":\"Spanish Courses in Malaga\",\"publisher\":{\"@id\":\"https:\\\/\\\/maestromio.org\\\/es\\\/#organization\"},\"alternateName\":\"MaestroM\u00edo\",\"potentialAction\":[{\"@type\":\"SearchAction\",\"target\":{\"@type\":\"EntryPoint\",\"urlTemplate\":\"https:\\\/\\\/maestromio.org\\\/es\\\/?s={search_term_string}\"},\"query-input\":{\"@type\":\"PropertyValueSpecification\",\"valueRequired\":true,\"valueName\":\"search_term_string\"}}],\"inLanguage\":\"es\"},{\"@type\":\"Organization\",\"@id\":\"https:\\\/\\\/maestromio.org\\\/es\\\/#organization\",\"name\":\"Maestro m\u00edo - The language school\",\"alternateName\":\"Maestromio\",\"url\":\"https:\\\/\\\/maestromio.org\\\/es\\\/\",\"logo\":{\"@type\":\"ImageObject\",\"inLanguage\":\"es\",\"@id\":\"https:\\\/\\\/maestromio.org\\\/es\\\/#\\\/schema\\\/logo\\\/image\\\/\",\"url\":\"https:\\\/\\\/maestromio.org\\\/wp-content\\\/uploads\\\/cropped-logo_maestromio.png\",\"contentUrl\":\"https:\\\/\\\/maestromio.org\\\/wp-content\\\/uploads\\\/cropped-logo_maestromio.png\",\"width\":165,\"height\":165,\"caption\":\"Maestro m\u00edo - The language school\"},\"image\":{\"@id\":\"https:\\\/\\\/maestromio.org\\\/es\\\/#\\\/schema\\\/logo\\\/image\\\/\"},\"sameAs\":[\"https:\\\/\\\/www.facebook.com\\\/MaestroMioMalaga\\\/\",\"https:\\\/\\\/x.com\\\/MaestroMio_\",\"https:\\\/\\\/www.instagram.com\\\/maestromioschool\\\/\"]}]}<\/script>\n<!-- \/ Yoast SEO plugin. -->","yoast_head_json":{"title":"Campamento de Verano 2025 - Maestro m\u00edo - The language school","description":"All inclusive summer camp in Spain, Malaga 2023 for teenagers with Spanish and tennis instructions! Learn spanish and enjoy activities!","robots":{"index":"index","follow":"follow","max-snippet":"max-snippet:-1","max-image-preview":"max-image-preview:large","max-video-preview":"max-video-preview:-1"},"canonical":"https:\/\/maestromio.org\/es\/campamento-de-verano-2025\/","og_locale":"es_ES","og_type":"article","og_title":"Campamento de Verano 2025 - Maestro m\u00edo - The language school","og_description":"All inclusive summer camp in Spain, Malaga 2023 for teenagers with Spanish and tennis instructions! Learn spanish and enjoy activities!","og_url":"https:\/\/maestromio.org\/es\/campamento-de-verano-2025\/","og_site_name":"Maestro m\u00edo - The language school","article_publisher":"https:\/\/www.facebook.com\/MaestroMioMalaga\/","article_modified_time":"2025-08-08T09:13:03+00:00","og_image":[{"width":669,"height":446,"url":"https:\/\/maestromio.org\/wp-content\/uploads\/image.png","type":"image\/png"}],"twitter_card":"summary_large_image","twitter_site":"@MaestroMio_","twitter_misc":{"Tiempo de lectura":"2 minutos"},"schema":{"@context":"https:\/\/schema.org","@graph":[{"@type":"WebPage","@id":"https:\/\/maestromio.org\/es\/campamento-de-verano-2025\/","url":"https:\/\/maestromio.org\/es\/campamento-de-verano-2025\/","name":"Campamento de Verano 2025 - Maestro m\u00edo - The language school","isPartOf":{"@id":"https:\/\/maestromio.org\/es\/#website"},"primaryImageOfPage":{"@id":"https:\/\/maestromio.org\/es\/campamento-de-verano-2025\/#primaryimage"},"image":{"@id":"https:\/\/maestromio.org\/es\/campamento-de-verano-2025\/#primaryimage"},"thumbnailUrl":"https:\/\/maestromio.org\/wp-content\/uploads\/image-300x200.png","datePublished":"2023-03-22T12:56:44+00:00","dateModified":"2025-08-08T09:13:03+00:00","description":"All inclusive summer camp in Spain, Malaga 2023 for teenagers with Spanish and tennis instructions! Learn spanish and enjoy activities!","breadcrumb":{"@id":"https:\/\/maestromio.org\/es\/campamento-de-verano-2025\/#breadcrumb"},"inLanguage":"es","potentialAction":[{"@type":"ReadAction","target":["https:\/\/maestromio.org\/es\/campamento-de-verano-2025\/"]}]},{"@type":"ImageObject","inLanguage":"es","@id":"https:\/\/maestromio.org\/es\/campamento-de-verano-2025\/#primaryimage","url":"https:\/\/maestromio.org\/wp-content\/uploads\/image-300x200.png","contentUrl":"https:\/\/maestromio.org\/wp-content\/uploads\/image-300x200.png"},{"@type":"BreadcrumbList","@id":"https:\/\/maestromio.org\/es\/campamento-de-verano-2025\/#breadcrumb","itemListElement":[{"@type":"ListItem","position":1,"name":"Home","item":"https:\/\/maestromio.org\/es\/"},{"@type":"ListItem","position":2,"name":"Campamento de Verano 2025"}]},{"@type":"WebSite","@id":"https:\/\/maestromio.org\/es\/#website","url":"https:\/\/maestromio.org\/es\/","name":"MaestroM\u00edo - The Language School","description":"Spanish Courses in Malaga","publisher":{"@id":"https:\/\/maestromio.org\/es\/#organization"},"alternateName":"MaestroM\u00edo","potentialAction":[{"@type":"SearchAction","target":{"@type":"EntryPoint","urlTemplate":"https:\/\/maestromio.org\/es\/?s={search_term_string}"},"query-input":{"@type":"PropertyValueSpecification","valueRequired":true,"valueName":"search_term_string"}}],"inLanguage":"es"},{"@type":"Organization","@id":"https:\/\/maestromio.org\/es\/#organization","name":"Maestro m\u00edo - The language school","alternateName":"Maestromio","url":"https:\/\/maestromio.org\/es\/","logo":{"@type":"ImageObject","inLanguage":"es","@id":"https:\/\/maestromio.org\/es\/#\/schema\/logo\/image\/","url":"https:\/\/maestromio.org\/wp-content\/uploads\/cropped-logo_maestromio.png","contentUrl":"https:\/\/maestromio.org\/wp-content\/uploads\/cropped-logo_maestromio.png","width":165,"height":165,"caption":"Maestro m\u00edo - The language school"},"image":{"@id":"https:\/\/maestromio.org\/es\/#\/schema\/logo\/image\/"},"sameAs":["https:\/\/www.facebook.com\/MaestroMioMalaga\/","https:\/\/x.com\/MaestroMio_","https:\/\/www.instagram.com\/maestromioschool\/"]}]}},"_links":{"self":[{"href":"https:\/\/maestromio.org\/es\/wp-json\/wp\/v2\/pages\/18687","targetHints":{"allow":["GET"]}}],"collection":[{"href":"https:\/\/maestromio.org\/es\/wp-json\/wp\/v2\/pages"}],"about":[{"href":"https:\/\/maestromio.org\/es\/wp-json\/wp\/v2\/types\/page"}],"author":[{"embeddable":true,"href":"https:\/\/maestromio.org\/es\/wp-json\/wp\/v2\/users\/1"}],"replies":[{"embeddable":true,"href":"https:\/\/maestromio.org\/es\/wp-json\/wp\/v2\/comments?post=18687"}],"version-history":[{"count":5,"href":"https:\/\/maestromio.org\/es\/wp-json\/wp\/v2\/pages\/18687\/revisions"}],"predecessor-version":[{"id":37432,"href":"https:\/\/maestromio.org\/es\/wp-json\/wp\/v2\/pages\/18687\/revisions\/37432"}],"wp:attachment":[{"href":"https:\/\/maestromio.org\/es\/wp-json\/wp\/v2\/media?parent=18687"}],"curies":[{"name":"wp","href":"https:\/\/api.w.org\/{rel}","templated":true}]}}