{"id":13431,"date":"2021-07-28T11:18:59","date_gmt":"2021-07-28T10:18:59","guid":{"rendered":"https:\/\/www.maestromio.org\/?page_id=13431"},"modified":"2023-05-30T19:54:51","modified_gmt":"2023-05-30T18:54:51","slug":"aviso-legal","status":"publish","type":"page","link":"https:\/\/maestromio.org\/es\/aviso-legal\/","title":{"rendered":"Aviso legal"},"content":{"rendered":"<p>De acuerdo con el Art. 10 de la Ley 34\/2002 de 11 de julio de Servicios de la Sociedad de la Informaci\u00f3n y de Comercio Electr\u00f3nico, ponemos a disposici\u00f3n los siguientes datos:<\/p>\n<p>El titular de la p\u00e1gina web <a href=\"https:\/\/www.maestromio.org\/\">maestromio.org<\/a> es la Entidad SCHOOL BRIO, S.L., en adelante \u201cMAESTROM\u00cdO\u201d, con Cif: B93723443 y domicilio social en Calle Mart\u00ednez, 12, 1\u00ba C, 29005, M\u00e1laga (Espa\u00f1a) y direcci\u00f3n de correo electr\u00f3nico <a href=\"mailto:protecciondedatos@maestromio.org\">protecciondedatos@maestromio.org<\/a><\/p>\n<p><strong>MAESTROM\u00cdO <\/strong>informa a los usuarios de la p\u00e1gina web que cumple con la vigente legislaci\u00f3n espa\u00f1ola y, en especial, con el REGLAMENTO (UE) 2016\/679 DEL PARLAMENTO EUROPEO Y DEL CONSEJO de 27 de abril de 2016, de Protecci\u00f3n de Datos de Car\u00e1cter Personal y la Ley Org\u00e1nica de Protecci\u00f3n de Datos de Car\u00e1cter Personal (en adelante, LOPD), y la Ley 34\/2002 de 11 de julio de Servicios de la Sociedad de la Informaci\u00f3n y del Comercio Electr\u00f3nico (en adelante, LSSICE).<\/p>\n<p>En consecuencia, pone en conocimiento del Usuario las condiciones de acceso y uso de la p\u00e1gina web reflejadas en la parte superior.<\/p>\n<p><strong>Reglas generales<\/strong><\/p>\n<p>La utilizaci\u00f3n de esta p\u00e1gina web implica la atribuci\u00f3n de la condici\u00f3n de \u201cUsuario\u201d y, en su caso, la aceptaci\u00f3n plena de todas las disposiciones incluidas en este \u201cAviso Legal\u201d desde el mismo momento en que se accede a la p\u00e1gina web.<\/p>\n<p>Las presentes condiciones son las vigentes desde la fecha de su \u00faltima actualizaci\u00f3n. MAESTROM\u00cdO se reserva el derecho a modificarlas en cualquier momento y sin preaviso, en cuyo caso entrar\u00e1n en vigor desde su publicaci\u00f3n y ser\u00e1n aplicables a todos los Usuarios del portal desde esa fecha. Por ello, MAESTROM\u00cdO recomienda a los Usuarios que cada vez que quieran entrar y hacer uso de la p\u00e1gina web lean detenidamente el contenido del presente \u201cAviso Legal\u201d.<\/p>\n<p>Todos los servicios relacionados con esta Web son de acceso p\u00fablico y gratuito, excepto el coste de la conexi\u00f3n a trav\u00e9s de la red de telecomunicaciones suministrado por el proveedor contratado por su cuenta.<\/p>\n<p>El acceso y\/o uso\u00a0de\u00a0este\u00a0portal\u00a0de\u00a0MAESTROM\u00cdO atribuye la condici\u00f3n de USUARIO, que acepta, desde dicho acceso y\/ o uso, las Condiciones Generales de Uso aqu\u00ed reflejadas. Las citadas Condiciones ser\u00e1n de aplicaci\u00f3n independientemente de las Condiciones Generales de Contrataci\u00f3n que en su caso resulten de obligado cumplimiento.<\/p>\n<p><strong>Pol\u00edtica de privacidad<\/strong><\/p>\n<p>Puede consultar nuestra pol\u00edtica de privacidad en: <a href=\"https:\/\/www.maestromio.org\/es\/politica-de-privacidad\/\">https:\/\/www.maestromio.org\/es\/politica-de-privacidad\/<\/a><\/p>\n<p><strong>Correos comerciales<\/strong><\/p>\n<p>De acuerdo con la LSSICE, MAESTROM\u00cdO no realiza pr\u00e1cticas de spam, por lo que no env\u00eda correos comerciales por v\u00eda electr\u00f3nica que no hayan sido previamente solicitados o autorizados por el Usuario. En consecuencia, en cada uno de los formularios habidos en la p\u00e1gina web, el Usuario tiene la posibilidad de dar su consentimiento expreso para recibir correos comerciales con informaci\u00f3n de nuevos servicios, con independencia de la informaci\u00f3n comercial puntualmente solicitada.<\/p>\n<p>El consentimiento dado podr\u00e1 ser revocado en cualquier momento por el Usuario mediante el procedimiento establecido en la propia p\u00e1gina web.<\/p>\n<p><strong>Cookies y links<\/strong><\/p>\n<p>Esta p\u00e1gina web utiliza cookies con finalidades estad\u00edsticas de la utilizaci\u00f3n de la misma. Estas cookies tan s\u00f3lo registran las direcciones IP del Usuario y nunca informaci\u00f3n personal, como la propia direcci\u00f3n del correo electr\u00f3nico. Por otro lado, nunca a trav\u00e9s de una cookie se puede extraer la informaci\u00f3n contenida en el disco duro. Las cookies suelen tener una duraci\u00f3n temporal y, en su caso, el Usuario puede configurar su navegador para aceptar o no las cookies que recibe y\/o avisarle de su recepci\u00f3n. En \u00e9ste caso, le rogamos consulte con su proveedor.<\/p>\n<p>Por otro lado, MAESTROM\u00cdO no es el titular de los otros sitios de la Red a los que se pueda acceder mediante la utilizaci\u00f3n de links o hiperv\u00ednculos. En consecuencia, el Usuario acceder\u00e1 bajo su exclusiva responsabilidad a sus respectivos contenidos y condiciones de uso.<\/p>\n<p><strong>Propiedad industrial e intelectual<\/strong><\/p>\n<p>Las marcas, nombres comerciales o signos distintivos son propiedad de MAESTROM\u00cdO o, en su caso, de terceros. Al mismo tiempo, MAESTROM\u00cdO tambi\u00e9n es titular de todos los contenidos de la p\u00e1gina web, excepto que se especifique lo contrario, entendiendo por \u00e9stos a modo meramente enunciativo los textos, gr\u00e1ficos e iconos, elementos de video y\/o audio, c\u00f3digos fuente, etc.<\/p>\n<p>En consecuencia, el acceso a la p\u00e1gina web no confiere al Usuario ning\u00fan derecho sobre los mismos y se proh\u00edbe su uso y reproducci\u00f3n, total o parcial, sin el permiso expl\u00edcito de MAESTROM\u00cdO<\/p>\n<p>No obstante, se autoriza al Usuario a realizar enlaces o links que conduzcan a la p\u00e1gina web siempre y cuando: 1) Quede constancia de la identidad de su propietario. 2) El link \u00fanicamente podr\u00e1 vincular a la p\u00e1gina principal o de inicio, sin reproducirla en modo alguno. 3) No se utilice la marca MAESTROM\u00cdO o cualquier otro signo distintivo que pueda confundir sobre la propiedad de la p\u00e1gina web que establezca el link. 4) Las p\u00e1ginas o sitios de la Red a trav\u00e9s de los cuales se realice el enlace no deben atentar a la moral, al orden p\u00fablico y las buenas costumbres y han de ser respetuosos con los principios de no discriminaci\u00f3n y el respeto a la dignidad de la persona, la protecci\u00f3n a la juventud y la infancia y, en general, todos aquellos recogidos en el art\u00edculo 8 de la LSSICE.<\/p>\n<p>En cualquier caso, queda prohibida cualquier alteraci\u00f3n de la p\u00e1gina web que pueda afectar a su actual dise\u00f1o y contenido.<\/p>\n<p>MAESTROM\u00cdO perseguir\u00e1 el incumplimiento del presente \u201cAviso Legal\u201d, as\u00ed como cualquier utilizaci\u00f3n indebida de la propiedad industrial o intelectual protegida.<\/p>\n<p><strong>Responsabilidad<\/strong><\/p>\n<p>MAESTROM\u00cdO no se hace responsable bajo ning\u00fan concepto de los da\u00f1os que pudieran dimanar del uso ilegal o indebido de la presente p\u00e1gina web.<\/p>\n<p>Al mismo tiempo, MAESTROM\u00cdO queda eximida de cualquier responsabilidad por los da\u00f1os y perjuicios que se pudieran ocasionar como consecuencia del acceso, reproducci\u00f3n, captaci\u00f3n y transmisi\u00f3n de los contenidos y servicios de la p\u00e1gina web facilitados por terceros.<\/p>\n<p>MAESTROM\u00cdO no garantiza la idoneidad, disponibilidad, oportunidad o exactitud de la informaci\u00f3n contenida en la p\u00e1gina web y podr\u00e1 actualizarse, modificarse o eliminarse sin previo aviso. En todo caso, recordamos al Usuario que no utilice la informaci\u00f3n habida en la p\u00e1gina web con fines particulares sin el asesoramiento o supervisi\u00f3n de un profesional.<\/p>\n<p>El USUARIO asume la responsabilidad del uso del portal. Dicha responsabilidad se extiende al registro que fuese necesario para acceder a determinados servicios. En dicho registro, el USUARIO ser\u00e1 responsable de aportar informaci\u00f3n veraz y l\u00edcita. Como consecuencia de este registro, al USUARIO se le puede proporcionar una contrase\u00f1a de la que ser\u00e1 responsable, comprometi\u00e9ndose a hacer un uso diligente y confidencial de la misma. El USUARIO se compromete a hacer un uso adecuado de los contenidos y servicios (como por ejemplo servicios de chat, foros de discusi\u00f3n o grupos de noticias) que MAESTROM\u00cdO<strong>\u00a0<\/strong>puede ofrecer a trav\u00e9s de su portal y con car\u00e1cter enunciativo pero no limitativo, a no emplearlos para (i) incurrir en actividades il\u00edcitas, ilegales o contrarias a la buena fe y\u00a0al\u00a0orden p\u00fablico; (ii) difundir contenidos o propaganda de car\u00e1cter racista, xen\u00f3fobo, pornogr\u00e1fico-ilegal, de apolog\u00eda del terrorismo o atentatorio contra los derechos humanos; (iii) provocar da\u00f1os en los sistemas f\u00edsicos y l\u00f3gicos de MAESTROM\u00cdO, de sus proveedores o de terceras personas, introducir o difundir en la red virus inform\u00e1ticos o cualesquiera otros sistemas f\u00edsicos o l\u00f3gicos que sean susceptibles de provocar los da\u00f1os anteriormente mencionados; (iv) intentar acceder y, en su caso, utilizar las cuentas de correo electr\u00f3nico de otros usuarios y modificar o manipular sus mensajes. MAESTROM\u00cdO<strong>\u00a0<\/strong>se reserva el derecho de retirar todos aquellos comentarios y aportaciones que vulneren el respeto a la dignidad de la persona, que sean discriminatorios, xen\u00f3fobos, racistas, pornogr\u00e1ficos, que atenten contra la juventud o la infancia, el orden o la seguridad p\u00fablica o que, a su juicio, no resultaran adecuados para su publicaci\u00f3n. En cualquier caso, MAESTROM\u00cdO<strong>\u00a0<\/strong>no ser\u00e1 responsable de las opiniones vertidas por los usuarios a trav\u00e9s de los foros, chats, u otras herramientas de participaci\u00f3n.<\/p>\n<p>En el caso de que en <a href=\"https:\/\/www.maestromio.org\/\">maestromio.org<\/a> se dispusiesen enlaces o hiperv\u00ednculos hac\u00eda otros sitios de Internet, MAESTROM\u00cdO no ejercer\u00e1 ning\u00fan tipo de control sobre dichos sitios y contenidos. En ning\u00fan caso, MAESTROM\u00cdO<strong>\u00a0<\/strong>asumir\u00e1 responsabilidad alguna por los contenidos de alg\u00fan enlace perteneciente a un sitio web ajeno, ni garantizar\u00e1 la disponibilidad t\u00e9cnica, calidad, fiabilidad, exactitud, amplitud, veracidad, validez y constitucionalidad de cualquier material o informaci\u00f3n contenida en ninguno de dichos hiperv\u00ednculos u otros sitios de Internet. Igualmente la inclusi\u00f3n de estas conexiones externas no implicar\u00e1 ning\u00fan tipo de asociaci\u00f3n, fusi\u00f3n o participaci\u00f3n con las entidades conectadas.<\/p>\n<p>Finalmente, MAESTROM\u00cdO se reserva el derecho a interrumpir de forma temporal o definitiva los servicios facilitados a trav\u00e9s de la p\u00e1gina web, advirti\u00e9ndolo, cuando as\u00ed sea posible, mediante un anuncio en el propio portal.<\/p>\n<p><strong>Cambio de normativa<\/strong><\/p>\n<p>MAESTROM\u00cdO se reserva el derecho de modificar el presente \u201cAviso Legal\u201d, incluida su pol\u00edtica de privacidad y comercial, con el objeto de adaptarla a las novedades legislativas o jurisprudenciales.<\/p>\n<p><strong>Legislaci\u00f3n y jurisdicci\u00f3n aplicable<\/strong><\/p>\n<p>Las presentes condiciones de acceso y uso de la p\u00e1gina web quedan sujetos al Ordenamiento jur\u00eddico espa\u00f1ol.<\/p>\n<p>Para la resoluci\u00f3n de cualquier divergencia en la interpretaci\u00f3n y\/o cumplimiento de las presentes condiciones de acceso y uso de la p\u00e1gina web, el Usuario y MAESTROM\u00cdO, con renuncia a su fuero propio, se someten a la jurisdicci\u00f3n y competencia de los Juzgados y Tribunales de M\u00e1laga, Espa\u00f1a.<\/p>\n<p>&nbsp;<\/p>\n","protected":false},"excerpt":{"rendered":"<p>De acuerdo con el Art. 10 de la Ley 34\/2002 de 11 de julio de Servicios de la Sociedad de la Informaci\u00f3n y de Comercio Electr\u00f3nico, ponemos a disposici\u00f3n los siguientes datos: El titular de la p\u00e1gina web maestromio.org es la Entidad SCHOOL BRIO, S.L., en adelante \u201cMAESTROM\u00cdO\u201d, con Cif: B93723443 y domicilio social en &#8230; <a title=\"Aviso legal\" class=\"read-more\" href=\"https:\/\/maestromio.org\/es\/aviso-legal\/\" aria-label=\"Leer m\u00e1s sobre Aviso legal\">Leer m\u00e1s<\/a><\/p>\n","protected":false},"author":2,"featured_media":0,"parent":0,"menu_order":0,"comment_status":"closed","ping_status":"closed","template":"","meta":{"inline_featured_image":false,"footnotes":""},"class_list":["post-13431","page","type-page","status-publish"],"yoast_head":"<!-- This site is optimized with the Yoast SEO plugin v27.3 - https:\/\/yoast.com\/product\/yoast-seo-wordpress\/ -->\n<title>Aviso legal - Maestro m\u00edo - The language school<\/title>\n<meta name=\"robots\" content=\"index, follow, max-snippet:-1, max-image-preview:large, max-video-preview:-1\" \/>\n<link rel=\"canonical\" href=\"https:\/\/maestromio.org\/es\/aviso-legal\/\" \/>\n<meta property=\"og:locale\" content=\"es_ES\" \/>\n<meta property=\"og:type\" content=\"article\" \/>\n<meta property=\"og:title\" content=\"Aviso legal - Maestro m\u00edo - The language school\" \/>\n<meta property=\"og:description\" content=\"De acuerdo con el Art. 10 de la Ley 34\/2002 de 11 de julio de Servicios de la Sociedad de la Informaci\u00f3n y de Comercio Electr\u00f3nico, ponemos a disposici\u00f3n los siguientes datos: El titular de la p\u00e1gina web maestromio.org es la Entidad SCHOOL BRIO, S.L., en adelante \u201cMAESTROM\u00cdO\u201d, con Cif: B93723443 y domicilio social en ... Leer m\u00e1s\" \/>\n<meta property=\"og:url\" content=\"https:\/\/maestromio.org\/es\/aviso-legal\/\" \/>\n<meta property=\"og:site_name\" content=\"Maestro m\u00edo - The language school\" \/>\n<meta property=\"article:publisher\" content=\"https:\/\/www.facebook.com\/MaestroMioMalaga\/\" \/>\n<meta property=\"article:modified_time\" content=\"2023-05-30T18:54:51+00:00\" \/>\n<meta property=\"og:image\" content=\"https:\/\/maestromio.org\/wp-content\/uploads\/logo_maestromio.png\" \/>\n\t<meta property=\"og:image:width\" content=\"350\" \/>\n\t<meta property=\"og:image:height\" content=\"188\" \/>\n\t<meta property=\"og:image:type\" content=\"image\/png\" \/>\n<meta name=\"twitter:card\" content=\"summary_large_image\" \/>\n<meta name=\"twitter:site\" content=\"@MaestroMio_\" \/>\n<meta name=\"twitter:label1\" content=\"Tiempo de lectura\" \/>\n\t<meta name=\"twitter:data1\" content=\"8 minutos\" \/>\n<script type=\"application\/ld+json\" class=\"yoast-schema-graph\">{\"@context\":\"https:\\\/\\\/schema.org\",\"@graph\":[{\"@type\":\"WebPage\",\"@id\":\"https:\\\/\\\/maestromio.org\\\/es\\\/aviso-legal\\\/\",\"url\":\"https:\\\/\\\/maestromio.org\\\/es\\\/aviso-legal\\\/\",\"name\":\"Aviso legal - Maestro m\u00edo - The language school\",\"isPartOf\":{\"@id\":\"https:\\\/\\\/maestromio.org\\\/es\\\/#website\"},\"datePublished\":\"2021-07-28T10:18:59+00:00\",\"dateModified\":\"2023-05-30T18:54:51+00:00\",\"breadcrumb\":{\"@id\":\"https:\\\/\\\/maestromio.org\\\/es\\\/aviso-legal\\\/#breadcrumb\"},\"inLanguage\":\"es\",\"potentialAction\":[{\"@type\":\"ReadAction\",\"target\":[\"https:\\\/\\\/maestromio.org\\\/es\\\/aviso-legal\\\/\"]}]},{\"@type\":\"BreadcrumbList\",\"@id\":\"https:\\\/\\\/maestromio.org\\\/es\\\/aviso-legal\\\/#breadcrumb\",\"itemListElement\":[{\"@type\":\"ListItem\",\"position\":1,\"name\":\"Home\",\"item\":\"https:\\\/\\\/maestromio.org\\\/es\\\/\"},{\"@type\":\"ListItem\",\"position\":2,\"name\":\"Aviso legal\"}]},{\"@type\":\"WebSite\",\"@id\":\"https:\\\/\\\/maestromio.org\\\/es\\\/#website\",\"url\":\"https:\\\/\\\/maestromio.org\\\/es\\\/\",\"name\":\"MaestroM\u00edo - The Language School\",\"description\":\"Spanish Courses in Malaga\",\"publisher\":{\"@id\":\"https:\\\/\\\/maestromio.org\\\/es\\\/#organization\"},\"alternateName\":\"MaestroM\u00edo\",\"potentialAction\":[{\"@type\":\"SearchAction\",\"target\":{\"@type\":\"EntryPoint\",\"urlTemplate\":\"https:\\\/\\\/maestromio.org\\\/es\\\/?s={search_term_string}\"},\"query-input\":{\"@type\":\"PropertyValueSpecification\",\"valueRequired\":true,\"valueName\":\"search_term_string\"}}],\"inLanguage\":\"es\"},{\"@type\":\"Organization\",\"@id\":\"https:\\\/\\\/maestromio.org\\\/es\\\/#organization\",\"name\":\"Maestro m\u00edo - The language school\",\"alternateName\":\"Maestromio\",\"url\":\"https:\\\/\\\/maestromio.org\\\/es\\\/\",\"logo\":{\"@type\":\"ImageObject\",\"inLanguage\":\"es\",\"@id\":\"https:\\\/\\\/maestromio.org\\\/es\\\/#\\\/schema\\\/logo\\\/image\\\/\",\"url\":\"https:\\\/\\\/maestromio.org\\\/wp-content\\\/uploads\\\/cropped-logo_maestromio.png\",\"contentUrl\":\"https:\\\/\\\/maestromio.org\\\/wp-content\\\/uploads\\\/cropped-logo_maestromio.png\",\"width\":165,\"height\":165,\"caption\":\"Maestro m\u00edo - The language school\"},\"image\":{\"@id\":\"https:\\\/\\\/maestromio.org\\\/es\\\/#\\\/schema\\\/logo\\\/image\\\/\"},\"sameAs\":[\"https:\\\/\\\/www.facebook.com\\\/MaestroMioMalaga\\\/\",\"https:\\\/\\\/x.com\\\/MaestroMio_\",\"https:\\\/\\\/www.instagram.com\\\/maestromioschool\\\/\"]}]}<\/script>\n<!-- \/ Yoast SEO plugin. -->","yoast_head_json":{"title":"Aviso legal - Maestro m\u00edo - The language school","robots":{"index":"index","follow":"follow","max-snippet":"max-snippet:-1","max-image-preview":"max-image-preview:large","max-video-preview":"max-video-preview:-1"},"canonical":"https:\/\/maestromio.org\/es\/aviso-legal\/","og_locale":"es_ES","og_type":"article","og_title":"Aviso legal - Maestro m\u00edo - The language school","og_description":"De acuerdo con el Art. 10 de la Ley 34\/2002 de 11 de julio de Servicios de la Sociedad de la Informaci\u00f3n y de Comercio Electr\u00f3nico, ponemos a disposici\u00f3n los siguientes datos: El titular de la p\u00e1gina web maestromio.org es la Entidad SCHOOL BRIO, S.L., en adelante \u201cMAESTROM\u00cdO\u201d, con Cif: B93723443 y domicilio social en ... Leer m\u00e1s","og_url":"https:\/\/maestromio.org\/es\/aviso-legal\/","og_site_name":"Maestro m\u00edo - The language school","article_publisher":"https:\/\/www.facebook.com\/MaestroMioMalaga\/","article_modified_time":"2023-05-30T18:54:51+00:00","og_image":[{"width":350,"height":188,"url":"https:\/\/maestromio.org\/wp-content\/uploads\/logo_maestromio.png","type":"image\/png"}],"twitter_card":"summary_large_image","twitter_site":"@MaestroMio_","twitter_misc":{"Tiempo de lectura":"8 minutos"},"schema":{"@context":"https:\/\/schema.org","@graph":[{"@type":"WebPage","@id":"https:\/\/maestromio.org\/es\/aviso-legal\/","url":"https:\/\/maestromio.org\/es\/aviso-legal\/","name":"Aviso legal - Maestro m\u00edo - The language school","isPartOf":{"@id":"https:\/\/maestromio.org\/es\/#website"},"datePublished":"2021-07-28T10:18:59+00:00","dateModified":"2023-05-30T18:54:51+00:00","breadcrumb":{"@id":"https:\/\/maestromio.org\/es\/aviso-legal\/#breadcrumb"},"inLanguage":"es","potentialAction":[{"@type":"ReadAction","target":["https:\/\/maestromio.org\/es\/aviso-legal\/"]}]},{"@type":"BreadcrumbList","@id":"https:\/\/maestromio.org\/es\/aviso-legal\/#breadcrumb","itemListElement":[{"@type":"ListItem","position":1,"name":"Home","item":"https:\/\/maestromio.org\/es\/"},{"@type":"ListItem","position":2,"name":"Aviso legal"}]},{"@type":"WebSite","@id":"https:\/\/maestromio.org\/es\/#website","url":"https:\/\/maestromio.org\/es\/","name":"MaestroM\u00edo - The Language School","description":"Spanish Courses in Malaga","publisher":{"@id":"https:\/\/maestromio.org\/es\/#organization"},"alternateName":"MaestroM\u00edo","potentialAction":[{"@type":"SearchAction","target":{"@type":"EntryPoint","urlTemplate":"https:\/\/maestromio.org\/es\/?s={search_term_string}"},"query-input":{"@type":"PropertyValueSpecification","valueRequired":true,"valueName":"search_term_string"}}],"inLanguage":"es"},{"@type":"Organization","@id":"https:\/\/maestromio.org\/es\/#organization","name":"Maestro m\u00edo - The language school","alternateName":"Maestromio","url":"https:\/\/maestromio.org\/es\/","logo":{"@type":"ImageObject","inLanguage":"es","@id":"https:\/\/maestromio.org\/es\/#\/schema\/logo\/image\/","url":"https:\/\/maestromio.org\/wp-content\/uploads\/cropped-logo_maestromio.png","contentUrl":"https:\/\/maestromio.org\/wp-content\/uploads\/cropped-logo_maestromio.png","width":165,"height":165,"caption":"Maestro m\u00edo - The language school"},"image":{"@id":"https:\/\/maestromio.org\/es\/#\/schema\/logo\/image\/"},"sameAs":["https:\/\/www.facebook.com\/MaestroMioMalaga\/","https:\/\/x.com\/MaestroMio_","https:\/\/www.instagram.com\/maestromioschool\/"]}]}},"_links":{"self":[{"href":"https:\/\/maestromio.org\/es\/wp-json\/wp\/v2\/pages\/13431","targetHints":{"allow":["GET"]}}],"collection":[{"href":"https:\/\/maestromio.org\/es\/wp-json\/wp\/v2\/pages"}],"about":[{"href":"https:\/\/maestromio.org\/es\/wp-json\/wp\/v2\/types\/page"}],"author":[{"embeddable":true,"href":"https:\/\/maestromio.org\/es\/wp-json\/wp\/v2\/users\/2"}],"replies":[{"embeddable":true,"href":"https:\/\/maestromio.org\/es\/wp-json\/wp\/v2\/comments?post=13431"}],"version-history":[{"count":2,"href":"https:\/\/maestromio.org\/es\/wp-json\/wp\/v2\/pages\/13431\/revisions"}],"predecessor-version":[{"id":19203,"href":"https:\/\/maestromio.org\/es\/wp-json\/wp\/v2\/pages\/13431\/revisions\/19203"}],"wp:attachment":[{"href":"https:\/\/maestromio.org\/es\/wp-json\/wp\/v2\/media?parent=13431"}],"curies":[{"name":"wp","href":"https:\/\/api.w.org\/{rel}","templated":true}]}}