{"id":1298,"date":"2019-11-29T08:32:05","date_gmt":"2019-11-29T08:32:05","guid":{"rendered":"https:\/\/www.maestromio.org\/?page_id=1298"},"modified":"2020-09-11T11:45:44","modified_gmt":"2020-09-11T11:45:44","slug":"metodo-de-ensenanza","status":"publish","type":"page","link":"https:\/\/maestromio.org\/es\/metodo-de-ensenanza\/","title":{"rendered":"metodo de ense\u00f1anza"},"content":{"rendered":"\t\t<div data-elementor-type=\"wp-post\" data-elementor-id=\"1298\" class=\"elementor elementor-1298\" data-elementor-post-type=\"page\">\n\t\t\t\t\t\t<section class=\"elementor-section elementor-top-section elementor-element elementor-element-33e6e91 elementor-section-stretched elementor-section-height-min-height elementor-section-boxed elementor-section-height-default elementor-section-items-middle\" data-id=\"33e6e91\" data-element_type=\"section\" data-e-type=\"section\" data-settings=\"{&quot;stretch_section&quot;:&quot;section-stretched&quot;,&quot;background_background&quot;:&quot;classic&quot;}\">\n\t\t\t\t\t\t\t<div class=\"elementor-background-overlay\"><\/div>\n\t\t\t\t\t\t\t<div class=\"elementor-container elementor-column-gap-default\">\n\t\t\t\t\t<div class=\"elementor-column elementor-col-25 elementor-top-column elementor-element elementor-element-9e98644\" data-id=\"9e98644\" data-element_type=\"column\" data-e-type=\"column\">\n\t\t\t<div class=\"elementor-widget-wrap\">\n\t\t\t\t\t\t\t<\/div>\n\t\t<\/div>\n\t\t\t\t<div class=\"elementor-column elementor-col-50 elementor-top-column elementor-element elementor-element-abfe840\" data-id=\"abfe840\" data-element_type=\"column\" data-e-type=\"column\">\n\t\t\t<div class=\"elementor-widget-wrap elementor-element-populated\">\n\t\t\t\t\t\t<div class=\"elementor-element elementor-element-3178ae0 elementor-widget elementor-widget-heading\" data-id=\"3178ae0\" data-element_type=\"widget\" data-e-type=\"widget\" data-widget_type=\"heading.default\">\n\t\t\t\t<div class=\"elementor-widget-container\">\n\t\t\t\t\t<h2 class=\"elementor-heading-title elementor-size-default\">M\u00e9todo de ense\u00f1anza<\/h2>\t\t\t\t<\/div>\n\t\t\t\t<\/div>\n\t\t\t\t<div class=\"elementor-element elementor-element-a7e1db0 elementor-widget elementor-widget-text-editor\" data-id=\"a7e1db0\" data-element_type=\"widget\" data-e-type=\"widget\" data-widget_type=\"text-editor.default\">\n\t\t\t\t<div class=\"elementor-widget-container\">\n\t\t\t\t\t\t\t\t\t<h4>En MaestroM\u00edo nuestro objetivo es hacer que tu experiencia sea inolvidable. Nos centramos en la habilidad para que te puedas comunicar en situaciones de la vida real.<\/h4>\t\t\t\t\t\t\t\t<\/div>\n\t\t\t\t<\/div>\n\t\t\t\t\t<\/div>\n\t\t<\/div>\n\t\t\t\t<div class=\"elementor-column elementor-col-25 elementor-top-column elementor-element elementor-element-17ad577\" data-id=\"17ad577\" data-element_type=\"column\" data-e-type=\"column\">\n\t\t\t<div class=\"elementor-widget-wrap\">\n\t\t\t\t\t\t\t<\/div>\n\t\t<\/div>\n\t\t\t\t\t<\/div>\n\t\t<\/section>\n\t\t\t\t<section class=\"elementor-section elementor-top-section elementor-element elementor-element-66769b4 elementor-section-boxed elementor-section-height-default elementor-section-height-default\" data-id=\"66769b4\" data-element_type=\"section\" data-e-type=\"section\">\n\t\t\t\t\t\t<div class=\"elementor-container elementor-column-gap-default\">\n\t\t\t\t\t<div class=\"elementor-column elementor-col-50 elementor-top-column elementor-element elementor-element-cfd1250\" data-id=\"cfd1250\" data-element_type=\"column\" data-e-type=\"column\">\n\t\t\t<div class=\"elementor-widget-wrap elementor-element-populated\">\n\t\t\t\t\t\t<div class=\"elementor-element elementor-element-21f2c65 elementor-widget elementor-widget-heading\" data-id=\"21f2c65\" data-element_type=\"widget\" data-e-type=\"widget\" data-widget_type=\"heading.default\">\n\t\t\t\t<div class=\"elementor-widget-container\">\n\t\t\t\t\t<h2 class=\"elementor-heading-title elementor-size-default\">Fabricamos experiencias \u00fanicas<\/h2>\t\t\t\t<\/div>\n\t\t\t\t<\/div>\n\t\t\t\t<div class=\"elementor-element elementor-element-08e5edb elementor-widget elementor-widget-text-editor\" data-id=\"08e5edb\" data-element_type=\"widget\" data-e-type=\"widget\" data-widget_type=\"text-editor.default\">\n\t\t\t\t<div class=\"elementor-widget-container\">\n\t\t\t\t\t\t\t\t\t<div class=\"js-comment-text tb-comment-text\"><div><div><p>Por un lado te ense\u00f1amos el idioma espa\u00f1ol para que tu comunicaci\u00f3n sea cada vez m\u00e1s fluida y puedas interactuar con personas de habla hispana en cualquier contexto de comunicaci\u00f3n, pero por otro lado queremos el concepto de VIVIR EL ESPA\u00d1OL porque de esta manera conseguimos expresar una acci\u00f3n viva, en movimiento, donde, cada d\u00eda, las clases y nuestras actividades extracurriculares aumenten la capacidad de nuestros estudiantes para comunicarse y se convierta en una experiencia personal.<\/p><\/div><\/div><\/div>\t\t\t\t\t\t\t\t<\/div>\n\t\t\t\t<\/div>\n\t\t\t\t\t<\/div>\n\t\t<\/div>\n\t\t\t\t<div class=\"elementor-column elementor-col-50 elementor-top-column elementor-element elementor-element-0e1ce01\" data-id=\"0e1ce01\" data-element_type=\"column\" data-e-type=\"column\">\n\t\t\t<div class=\"elementor-widget-wrap elementor-element-populated\">\n\t\t\t\t\t\t<div class=\"elementor-element elementor-element-f3d528d elementor-widget elementor-widget-image\" data-id=\"f3d528d\" data-element_type=\"widget\" data-e-type=\"widget\" data-widget_type=\"image.default\">\n\t\t\t\t<div class=\"elementor-widget-container\">\n\t\t\t\t\t\t\t\t\t\t\t\t\t\t\t<img fetchpriority=\"high\" decoding=\"async\" width=\"490\" height=\"326\" src=\"https:\/\/maestromio.org\/wp-content\/uploads\/tapas.jpg\" class=\"attachment-large size-large wp-image-195\" alt=\"\" srcset=\"https:\/\/maestromio.org\/wp-content\/uploads\/tapas.jpg 490w, https:\/\/maestromio.org\/wp-content\/uploads\/tapas-300x200.jpg 300w\" sizes=\"(max-width: 490px) 100vw, 490px\" \/>\t\t\t\t\t\t\t\t\t\t\t\t\t\t\t<\/div>\n\t\t\t\t<\/div>\n\t\t\t\t\t<\/div>\n\t\t<\/div>\n\t\t\t\t\t<\/div>\n\t\t<\/section>\n\t\t\t\t<\/div>\n\t\t","protected":false},"excerpt":{"rendered":"<p>M\u00e9todo de ense\u00f1anza En OnSpain nuestro objetivo es hacer que tu experiencia sea inolvidable. Nos centramos en la habilidad para que te puedas comunicar en situaciones de la vida real. Fabricamos experiencias \u00fanicas Por un lado te ense\u00f1amos el idioma espa\u00f1ol para que tu comunicaci\u00f3n sea cada vez m\u00e1s fluida y puedas interactuar con personas &#8230; <a title=\"metodo de ense\u00f1anza\" class=\"read-more\" href=\"https:\/\/maestromio.org\/es\/metodo-de-ensenanza\/\" aria-label=\"Leer m\u00e1s sobre metodo de ense\u00f1anza\">Leer m\u00e1s<\/a><\/p>\n","protected":false},"author":1,"featured_media":0,"parent":0,"menu_order":0,"comment_status":"closed","ping_status":"closed","template":"","meta":{"inline_featured_image":false,"footnotes":""},"class_list":["post-1298","page","type-page","status-publish"],"yoast_head":"<!-- This site is optimized with the Yoast SEO plugin v27.3 - https:\/\/yoast.com\/product\/yoast-seo-wordpress\/ -->\n<title>metodo de ense\u00f1anza - Maestro m\u00edo - The language school<\/title>\n<meta name=\"robots\" content=\"index, follow, max-snippet:-1, max-image-preview:large, max-video-preview:-1\" \/>\n<link rel=\"canonical\" href=\"https:\/\/maestromio.org\/es\/metodo-de-ensenanza\/\" \/>\n<meta property=\"og:locale\" content=\"es_ES\" \/>\n<meta property=\"og:type\" content=\"article\" \/>\n<meta property=\"og:title\" content=\"metodo de ense\u00f1anza - Maestro m\u00edo - The language school\" \/>\n<meta property=\"og:description\" content=\"M\u00e9todo de ense\u00f1anza En OnSpain nuestro objetivo es hacer que tu experiencia sea inolvidable. Nos centramos en la habilidad para que te puedas comunicar en situaciones de la vida real. Fabricamos experiencias \u00fanicas Por un lado te ense\u00f1amos el idioma espa\u00f1ol para que tu comunicaci\u00f3n sea cada vez m\u00e1s fluida y puedas interactuar con personas ... Leer m\u00e1s\" \/>\n<meta property=\"og:url\" content=\"https:\/\/maestromio.org\/es\/metodo-de-ensenanza\/\" \/>\n<meta property=\"og:site_name\" content=\"Maestro m\u00edo - The language school\" \/>\n<meta property=\"article:publisher\" content=\"https:\/\/www.facebook.com\/MaestroMioMalaga\/\" \/>\n<meta property=\"article:modified_time\" content=\"2020-09-11T11:45:44+00:00\" \/>\n<meta property=\"og:image\" content=\"https:\/\/www.maestromio.org\/wp-content\/uploads\/tapas.jpg\" \/>\n<meta name=\"twitter:card\" content=\"summary_large_image\" \/>\n<meta name=\"twitter:site\" content=\"@MaestroMio_\" \/>\n<meta name=\"twitter:label1\" content=\"Tiempo de lectura\" \/>\n\t<meta name=\"twitter:data1\" content=\"1 minuto\" \/>\n<script type=\"application\/ld+json\" class=\"yoast-schema-graph\">{\"@context\":\"https:\\\/\\\/schema.org\",\"@graph\":[{\"@type\":\"WebPage\",\"@id\":\"https:\\\/\\\/maestromio.org\\\/es\\\/metodo-de-ensenanza\\\/\",\"url\":\"https:\\\/\\\/maestromio.org\\\/es\\\/metodo-de-ensenanza\\\/\",\"name\":\"metodo de ense\u00f1anza - Maestro m\u00edo - The language school\",\"isPartOf\":{\"@id\":\"https:\\\/\\\/maestromio.org\\\/es\\\/#website\"},\"primaryImageOfPage\":{\"@id\":\"https:\\\/\\\/maestromio.org\\\/es\\\/metodo-de-ensenanza\\\/#primaryimage\"},\"image\":{\"@id\":\"https:\\\/\\\/maestromio.org\\\/es\\\/metodo-de-ensenanza\\\/#primaryimage\"},\"thumbnailUrl\":\"https:\\\/\\\/www.maestromio.org\\\/wp-content\\\/uploads\\\/tapas.jpg\",\"datePublished\":\"2019-11-29T08:32:05+00:00\",\"dateModified\":\"2020-09-11T11:45:44+00:00\",\"breadcrumb\":{\"@id\":\"https:\\\/\\\/maestromio.org\\\/es\\\/metodo-de-ensenanza\\\/#breadcrumb\"},\"inLanguage\":\"es\",\"potentialAction\":[{\"@type\":\"ReadAction\",\"target\":[\"https:\\\/\\\/maestromio.org\\\/es\\\/metodo-de-ensenanza\\\/\"]}]},{\"@type\":\"ImageObject\",\"inLanguage\":\"es\",\"@id\":\"https:\\\/\\\/maestromio.org\\\/es\\\/metodo-de-ensenanza\\\/#primaryimage\",\"url\":\"https:\\\/\\\/www.maestromio.org\\\/wp-content\\\/uploads\\\/tapas.jpg\",\"contentUrl\":\"https:\\\/\\\/www.maestromio.org\\\/wp-content\\\/uploads\\\/tapas.jpg\"},{\"@type\":\"BreadcrumbList\",\"@id\":\"https:\\\/\\\/maestromio.org\\\/es\\\/metodo-de-ensenanza\\\/#breadcrumb\",\"itemListElement\":[{\"@type\":\"ListItem\",\"position\":1,\"name\":\"Home\",\"item\":\"https:\\\/\\\/maestromio.org\\\/es\\\/\"},{\"@type\":\"ListItem\",\"position\":2,\"name\":\"metodo de ense\u00f1anza\"}]},{\"@type\":\"WebSite\",\"@id\":\"https:\\\/\\\/maestromio.org\\\/es\\\/#website\",\"url\":\"https:\\\/\\\/maestromio.org\\\/es\\\/\",\"name\":\"MaestroM\u00edo - The Language School\",\"description\":\"Spanish Courses in Malaga\",\"publisher\":{\"@id\":\"https:\\\/\\\/maestromio.org\\\/es\\\/#organization\"},\"alternateName\":\"MaestroM\u00edo\",\"potentialAction\":[{\"@type\":\"SearchAction\",\"target\":{\"@type\":\"EntryPoint\",\"urlTemplate\":\"https:\\\/\\\/maestromio.org\\\/es\\\/?s={search_term_string}\"},\"query-input\":{\"@type\":\"PropertyValueSpecification\",\"valueRequired\":true,\"valueName\":\"search_term_string\"}}],\"inLanguage\":\"es\"},{\"@type\":\"Organization\",\"@id\":\"https:\\\/\\\/maestromio.org\\\/es\\\/#organization\",\"name\":\"Maestro m\u00edo - The language school\",\"alternateName\":\"Maestromio\",\"url\":\"https:\\\/\\\/maestromio.org\\\/es\\\/\",\"logo\":{\"@type\":\"ImageObject\",\"inLanguage\":\"es\",\"@id\":\"https:\\\/\\\/maestromio.org\\\/es\\\/#\\\/schema\\\/logo\\\/image\\\/\",\"url\":\"https:\\\/\\\/maestromio.org\\\/wp-content\\\/uploads\\\/cropped-logo_maestromio.png\",\"contentUrl\":\"https:\\\/\\\/maestromio.org\\\/wp-content\\\/uploads\\\/cropped-logo_maestromio.png\",\"width\":165,\"height\":165,\"caption\":\"Maestro m\u00edo - The language school\"},\"image\":{\"@id\":\"https:\\\/\\\/maestromio.org\\\/es\\\/#\\\/schema\\\/logo\\\/image\\\/\"},\"sameAs\":[\"https:\\\/\\\/www.facebook.com\\\/MaestroMioMalaga\\\/\",\"https:\\\/\\\/x.com\\\/MaestroMio_\",\"https:\\\/\\\/www.instagram.com\\\/maestromioschool\\\/\"]}]}<\/script>\n<!-- \/ Yoast SEO plugin. -->","yoast_head_json":{"title":"metodo de ense\u00f1anza - Maestro m\u00edo - The language school","robots":{"index":"index","follow":"follow","max-snippet":"max-snippet:-1","max-image-preview":"max-image-preview:large","max-video-preview":"max-video-preview:-1"},"canonical":"https:\/\/maestromio.org\/es\/metodo-de-ensenanza\/","og_locale":"es_ES","og_type":"article","og_title":"metodo de ense\u00f1anza - Maestro m\u00edo - The language school","og_description":"M\u00e9todo de ense\u00f1anza En OnSpain nuestro objetivo es hacer que tu experiencia sea inolvidable. Nos centramos en la habilidad para que te puedas comunicar en situaciones de la vida real. Fabricamos experiencias \u00fanicas Por un lado te ense\u00f1amos el idioma espa\u00f1ol para que tu comunicaci\u00f3n sea cada vez m\u00e1s fluida y puedas interactuar con personas ... Leer m\u00e1s","og_url":"https:\/\/maestromio.org\/es\/metodo-de-ensenanza\/","og_site_name":"Maestro m\u00edo - The language school","article_publisher":"https:\/\/www.facebook.com\/MaestroMioMalaga\/","article_modified_time":"2020-09-11T11:45:44+00:00","og_image":[{"url":"https:\/\/www.maestromio.org\/wp-content\/uploads\/tapas.jpg","type":"","width":"","height":""}],"twitter_card":"summary_large_image","twitter_site":"@MaestroMio_","twitter_misc":{"Tiempo de lectura":"1 minuto"},"schema":{"@context":"https:\/\/schema.org","@graph":[{"@type":"WebPage","@id":"https:\/\/maestromio.org\/es\/metodo-de-ensenanza\/","url":"https:\/\/maestromio.org\/es\/metodo-de-ensenanza\/","name":"metodo de ense\u00f1anza - Maestro m\u00edo - The language school","isPartOf":{"@id":"https:\/\/maestromio.org\/es\/#website"},"primaryImageOfPage":{"@id":"https:\/\/maestromio.org\/es\/metodo-de-ensenanza\/#primaryimage"},"image":{"@id":"https:\/\/maestromio.org\/es\/metodo-de-ensenanza\/#primaryimage"},"thumbnailUrl":"https:\/\/www.maestromio.org\/wp-content\/uploads\/tapas.jpg","datePublished":"2019-11-29T08:32:05+00:00","dateModified":"2020-09-11T11:45:44+00:00","breadcrumb":{"@id":"https:\/\/maestromio.org\/es\/metodo-de-ensenanza\/#breadcrumb"},"inLanguage":"es","potentialAction":[{"@type":"ReadAction","target":["https:\/\/maestromio.org\/es\/metodo-de-ensenanza\/"]}]},{"@type":"ImageObject","inLanguage":"es","@id":"https:\/\/maestromio.org\/es\/metodo-de-ensenanza\/#primaryimage","url":"https:\/\/www.maestromio.org\/wp-content\/uploads\/tapas.jpg","contentUrl":"https:\/\/www.maestromio.org\/wp-content\/uploads\/tapas.jpg"},{"@type":"BreadcrumbList","@id":"https:\/\/maestromio.org\/es\/metodo-de-ensenanza\/#breadcrumb","itemListElement":[{"@type":"ListItem","position":1,"name":"Home","item":"https:\/\/maestromio.org\/es\/"},{"@type":"ListItem","position":2,"name":"metodo de ense\u00f1anza"}]},{"@type":"WebSite","@id":"https:\/\/maestromio.org\/es\/#website","url":"https:\/\/maestromio.org\/es\/","name":"MaestroM\u00edo - The Language School","description":"Spanish Courses in Malaga","publisher":{"@id":"https:\/\/maestromio.org\/es\/#organization"},"alternateName":"MaestroM\u00edo","potentialAction":[{"@type":"SearchAction","target":{"@type":"EntryPoint","urlTemplate":"https:\/\/maestromio.org\/es\/?s={search_term_string}"},"query-input":{"@type":"PropertyValueSpecification","valueRequired":true,"valueName":"search_term_string"}}],"inLanguage":"es"},{"@type":"Organization","@id":"https:\/\/maestromio.org\/es\/#organization","name":"Maestro m\u00edo - The language school","alternateName":"Maestromio","url":"https:\/\/maestromio.org\/es\/","logo":{"@type":"ImageObject","inLanguage":"es","@id":"https:\/\/maestromio.org\/es\/#\/schema\/logo\/image\/","url":"https:\/\/maestromio.org\/wp-content\/uploads\/cropped-logo_maestromio.png","contentUrl":"https:\/\/maestromio.org\/wp-content\/uploads\/cropped-logo_maestromio.png","width":165,"height":165,"caption":"Maestro m\u00edo - The language school"},"image":{"@id":"https:\/\/maestromio.org\/es\/#\/schema\/logo\/image\/"},"sameAs":["https:\/\/www.facebook.com\/MaestroMioMalaga\/","https:\/\/x.com\/MaestroMio_","https:\/\/www.instagram.com\/maestromioschool\/"]}]}},"_links":{"self":[{"href":"https:\/\/maestromio.org\/es\/wp-json\/wp\/v2\/pages\/1298","targetHints":{"allow":["GET"]}}],"collection":[{"href":"https:\/\/maestromio.org\/es\/wp-json\/wp\/v2\/pages"}],"about":[{"href":"https:\/\/maestromio.org\/es\/wp-json\/wp\/v2\/types\/page"}],"author":[{"embeddable":true,"href":"https:\/\/maestromio.org\/es\/wp-json\/wp\/v2\/users\/1"}],"replies":[{"embeddable":true,"href":"https:\/\/maestromio.org\/es\/wp-json\/wp\/v2\/comments?post=1298"}],"version-history":[{"count":5,"href":"https:\/\/maestromio.org\/es\/wp-json\/wp\/v2\/pages\/1298\/revisions"}],"predecessor-version":[{"id":3052,"href":"https:\/\/maestromio.org\/es\/wp-json\/wp\/v2\/pages\/1298\/revisions\/3052"}],"wp:attachment":[{"href":"https:\/\/maestromio.org\/es\/wp-json\/wp\/v2\/media?parent=1298"}],"curies":[{"name":"wp","href":"https:\/\/api.w.org\/{rel}","templated":true}]}}