{"id":1272,"date":"2019-11-29T07:14:01","date_gmt":"2019-11-29T07:14:01","guid":{"rendered":"https:\/\/www.maestromio.org\/?page_id=1272"},"modified":"2024-12-09T16:52:20","modified_gmt":"2024-12-09T15:52:20","slug":"blog","status":"publish","type":"page","link":"https:\/\/maestromio.org\/es\/blog\/","title":{"rendered":"Blog"},"content":{"rendered":"\t\t<div data-elementor-type=\"wp-post\" data-elementor-id=\"1272\" class=\"elementor elementor-1272\" data-elementor-post-type=\"page\">\n\t\t\t\t\t\t<section class=\"elementor-section elementor-top-section elementor-element elementor-element-33e6e91 elementor-section-stretched elementor-section-height-min-height elementor-section-boxed elementor-section-height-default elementor-section-items-middle\" data-id=\"33e6e91\" data-element_type=\"section\" data-e-type=\"section\" data-settings=\"{&quot;stretch_section&quot;:&quot;section-stretched&quot;,&quot;background_background&quot;:&quot;classic&quot;}\">\n\t\t\t\t\t\t\t<div class=\"elementor-background-overlay\"><\/div>\n\t\t\t\t\t\t\t<div class=\"elementor-container elementor-column-gap-default\">\n\t\t\t\t\t<div class=\"elementor-column elementor-col-25 elementor-top-column elementor-element elementor-element-9e98644\" data-id=\"9e98644\" data-element_type=\"column\" data-e-type=\"column\">\n\t\t\t<div class=\"elementor-widget-wrap\">\n\t\t\t\t\t\t\t<\/div>\n\t\t<\/div>\n\t\t\t\t<div class=\"elementor-column elementor-col-50 elementor-top-column elementor-element elementor-element-abfe840\" data-id=\"abfe840\" data-element_type=\"column\" data-e-type=\"column\">\n\t\t\t<div class=\"elementor-widget-wrap elementor-element-populated\">\n\t\t\t\t\t\t<div class=\"elementor-element elementor-element-3178ae0 elementor-widget elementor-widget-heading\" data-id=\"3178ae0\" data-element_type=\"widget\" data-e-type=\"widget\" data-widget_type=\"heading.default\">\n\t\t\t\t<div class=\"elementor-widget-container\">\n\t\t\t\t\t<h2 class=\"elementor-heading-title elementor-size-default\">Blog<\/h2>\t\t\t\t<\/div>\n\t\t\t\t<\/div>\n\t\t\t\t<div class=\"elementor-element elementor-element-a7e1db0 elementor-widget elementor-widget-text-editor\" data-id=\"a7e1db0\" data-element_type=\"widget\" data-e-type=\"widget\" data-widget_type=\"text-editor.default\">\n\t\t\t\t<div class=\"elementor-widget-container\">\n\t\t\t\t\t\t\t\t\t<h4>\u00a1Mantente al d\u00eda con nuestros \u00faltimos consejos!<\/h4>\t\t\t\t\t\t\t\t<\/div>\n\t\t\t\t<\/div>\n\t\t\t\t\t<\/div>\n\t\t<\/div>\n\t\t\t\t<div class=\"elementor-column elementor-col-25 elementor-top-column elementor-element elementor-element-17ad577\" data-id=\"17ad577\" data-element_type=\"column\" data-e-type=\"column\">\n\t\t\t<div class=\"elementor-widget-wrap\">\n\t\t\t\t\t\t\t<\/div>\n\t\t<\/div>\n\t\t\t\t\t<\/div>\n\t\t<\/section>\n\t\t\t\t<section class=\"elementor-section elementor-top-section elementor-element elementor-element-37a569e elementor-section-boxed elementor-section-height-default elementor-section-height-default\" data-id=\"37a569e\" data-element_type=\"section\" data-e-type=\"section\">\n\t\t\t\t\t\t<div class=\"elementor-container elementor-column-gap-default\">\n\t\t\t\t\t<div class=\"elementor-column elementor-col-100 elementor-top-column elementor-element elementor-element-6825b15\" data-id=\"6825b15\" data-element_type=\"column\" data-e-type=\"column\">\n\t\t\t<div class=\"elementor-widget-wrap elementor-element-populated\">\n\t\t\t\t\t\t<div class=\"elementor-element elementor-element-06f9836 elementor-align-left elementor-widget elementor-widget-breadcrumbs\" data-id=\"06f9836\" data-element_type=\"widget\" data-e-type=\"widget\" data-widget_type=\"breadcrumbs.default\">\n\t\t\t\t<div class=\"elementor-widget-container\">\n\t\t\t\t\t<p id=\"breadcrumbs\"><span><span><a href=\"https:\/\/maestromio.org\/es\/\">Home<\/a><\/span><\/span><\/p>\t\t\t\t<\/div>\n\t\t\t\t<\/div>\n\t\t\t\t<div class=\"elementor-element elementor-element-83a495b elementor-grid-2 elementor-grid-tablet-2 elementor-grid-mobile-1 elementor-posts--thumbnail-top elementor-widget elementor-widget-posts\" data-id=\"83a495b\" data-element_type=\"widget\" data-e-type=\"widget\" data-settings=\"{&quot;classic_columns&quot;:&quot;2&quot;,&quot;pagination_type&quot;:&quot;load_more_infinite_scroll&quot;,&quot;classic_columns_tablet&quot;:&quot;2&quot;,&quot;classic_columns_mobile&quot;:&quot;1&quot;,&quot;classic_row_gap&quot;:{&quot;unit&quot;:&quot;px&quot;,&quot;size&quot;:35,&quot;sizes&quot;:[]},&quot;classic_row_gap_tablet&quot;:{&quot;unit&quot;:&quot;px&quot;,&quot;size&quot;:&quot;&quot;,&quot;sizes&quot;:[]},&quot;classic_row_gap_mobile&quot;:{&quot;unit&quot;:&quot;px&quot;,&quot;size&quot;:&quot;&quot;,&quot;sizes&quot;:[]},&quot;load_more_spinner&quot;:{&quot;value&quot;:&quot;fas fa-spinner&quot;,&quot;library&quot;:&quot;fa-solid&quot;}}\" data-widget_type=\"posts.classic\">\n\t\t\t\t<div class=\"elementor-widget-container\">\n\t\t\t\t\t\t\t<div class=\"elementor-posts-container elementor-posts elementor-posts--skin-classic elementor-grid\" role=\"list\">\n\t\t\t\t<article class=\"elementor-post elementor-grid-item post-44029 post type-post status-publish format-standard has-post-thumbnail hentry category-que-hacer-en-malaga\" role=\"listitem\">\n\t\t\t\t<a class=\"elementor-post__thumbnail__link\" href=\"https:\/\/maestromio.org\/es\/la-feria-de-abril-en-madrid-flamenco-gastronomia-y-tradiciones-andaluzas-en-el-corazon-de-la-capital\/\" tabindex=\"-1\" >\n\t\t\t<div class=\"elementor-post__thumbnail\"><img fetchpriority=\"high\" decoding=\"async\" width=\"1024\" height=\"678\" src=\"https:\/\/maestromio.org\/wp-content\/uploads\/17401532982_c1e3546763_o_feria_de_abril_2012-1024x678.jpg\" class=\"attachment-large size-large wp-image-43968\" alt=\"\" srcset=\"https:\/\/maestromio.org\/wp-content\/uploads\/17401532982_c1e3546763_o_feria_de_abril_2012-1024x678.jpg 1024w, https:\/\/maestromio.org\/wp-content\/uploads\/17401532982_c1e3546763_o_feria_de_abril_2012-300x199.jpg 300w, https:\/\/maestromio.org\/wp-content\/uploads\/17401532982_c1e3546763_o_feria_de_abril_2012-768x509.jpg 768w, https:\/\/maestromio.org\/wp-content\/uploads\/17401532982_c1e3546763_o_feria_de_abril_2012.jpg 1200w\" sizes=\"(max-width: 1024px) 100vw, 1024px\" \/><\/div>\n\t\t<\/a>\n\t\t\t\t<div class=\"elementor-post__text\">\n\t\t\t\t<h2 class=\"elementor-post__title\">\n\t\t\t<a href=\"https:\/\/maestromio.org\/es\/la-feria-de-abril-en-madrid-flamenco-gastronomia-y-tradiciones-andaluzas-en-el-corazon-de-la-capital\/\" >\n\t\t\t\tLa Feria de Abril en Madrid: Flamenco, gastronom\u00eda y tradiciones andaluzas en el coraz\u00f3n de la capital\t\t\t<\/a>\n\t\t<\/h2>\n\t\t\t\t<div class=\"elementor-post__meta-data\">\n\t\t\t\t\t<span class=\"elementor-post-date\">\n\t\t\t14\/04\/2026\t\t<\/span>\n\t\t\t\t<\/div>\n\t\t\t\t<div class=\"elementor-post__excerpt\">\n\t\t\t<p>Si hay algo que realmente destaca en la cultura espa\u00f1ola\u2014adem\u00e1s de sus fiestas populares, gastronom\u00eda y su animada vida en las calles\u2014es la manera en que Madrid celebra la Feria<\/p>\n\t\t<\/div>\n\t\t\n\t\t<a class=\"elementor-post__read-more\" href=\"https:\/\/maestromio.org\/es\/la-feria-de-abril-en-madrid-flamenco-gastronomia-y-tradiciones-andaluzas-en-el-corazon-de-la-capital\/\" aria-label=\"Read more about La Feria de Abril en Madrid: Flamenco, gastronom\u00eda y tradiciones andaluzas en el coraz\u00f3n de la capital\" tabindex=\"-1\" >\n\t\t\tLeer art\u00edculo\u00bb\t\t<\/a>\n\n\t\t\t\t<\/div>\n\t\t\t\t<\/article>\n\t\t\t\t<article class=\"elementor-post elementor-grid-item post-43862 post type-post status-publish format-standard has-post-thumbnail hentry category-que-hacer-en-malaga\" role=\"listitem\">\n\t\t\t\t<a class=\"elementor-post__thumbnail__link\" href=\"https:\/\/maestromio.org\/es\/43862\/\" tabindex=\"-1\" >\n\t\t\t<div class=\"elementor-post__thumbnail\"><img decoding=\"async\" width=\"1024\" height=\"683\" src=\"https:\/\/maestromio.org\/wp-content\/uploads\/8607408760_efa44d0787_b.jpg\" class=\"attachment-large size-large wp-image-43885\" alt=\"\" srcset=\"https:\/\/maestromio.org\/wp-content\/uploads\/8607408760_efa44d0787_b.jpg 1024w, https:\/\/maestromio.org\/wp-content\/uploads\/8607408760_efa44d0787_b-300x200.jpg 300w, https:\/\/maestromio.org\/wp-content\/uploads\/8607408760_efa44d0787_b-768x512.jpg 768w\" sizes=\"(max-width: 1024px) 100vw, 1024px\" \/><\/div>\n\t\t<\/a>\n\t\t\t\t<div class=\"elementor-post__text\">\n\t\t\t\t<h2 class=\"elementor-post__title\">\n\t\t\t<a href=\"https:\/\/maestromio.org\/es\/43862\/\" >\n\t\t\t\tSemana Santa en Espa\u00f1a: Fe, Sabores, M\u00fasica y Tradiciones Vivas\t\t\t<\/a>\n\t\t<\/h2>\n\t\t\t\t<div class=\"elementor-post__meta-data\">\n\t\t\t\t\t<span class=\"elementor-post-date\">\n\t\t\t07\/04\/2026\t\t<\/span>\n\t\t\t\t<\/div>\n\t\t\t\t<div class=\"elementor-post__excerpt\">\n\t\t\t<p>Semana Santa en Espa\u00f1a: Fe, Sabores, M\u00fasica y Tradiciones Vivas Si hay una celebraci\u00f3n que define profundamente la identidad cultural de Espa\u00f1a, esa es la Semana Santa. Cada a\u00f1o, entre<\/p>\n\t\t<\/div>\n\t\t\n\t\t<a class=\"elementor-post__read-more\" href=\"https:\/\/maestromio.org\/es\/43862\/\" aria-label=\"Read more about Semana Santa en Espa\u00f1a: Fe, Sabores, M\u00fasica y Tradiciones Vivas\" tabindex=\"-1\" >\n\t\t\tLeer art\u00edculo\u00bb\t\t<\/a>\n\n\t\t\t\t<\/div>\n\t\t\t\t<\/article>\n\t\t\t\t<article class=\"elementor-post elementor-grid-item post-43558 post type-post status-publish format-standard has-post-thumbnail hentry category-que-hacer-en-malaga\" role=\"listitem\">\n\t\t\t\t<a class=\"elementor-post__thumbnail__link\" href=\"https:\/\/maestromio.org\/es\/cuales-son-los-nombres-de-persona-mas-comunes-en-espana\/\" tabindex=\"-1\" >\n\t\t\t<div class=\"elementor-post__thumbnail\"><img decoding=\"async\" width=\"1024\" height=\"576\" src=\"https:\/\/maestromio.org\/wp-content\/uploads\/96bb5ba0-1588-4b09-b4d8-0cd9bc0f2ae6_16-9-aspect-ratio_default_1010205-1024x576.jpg\" class=\"attachment-large size-large wp-image-43686\" alt=\"\" srcset=\"https:\/\/maestromio.org\/wp-content\/uploads\/96bb5ba0-1588-4b09-b4d8-0cd9bc0f2ae6_16-9-aspect-ratio_default_1010205-1024x576.jpg 1024w, https:\/\/maestromio.org\/wp-content\/uploads\/96bb5ba0-1588-4b09-b4d8-0cd9bc0f2ae6_16-9-aspect-ratio_default_1010205-300x169.jpg 300w, https:\/\/maestromio.org\/wp-content\/uploads\/96bb5ba0-1588-4b09-b4d8-0cd9bc0f2ae6_16-9-aspect-ratio_default_1010205-768x432.jpg 768w, https:\/\/maestromio.org\/wp-content\/uploads\/96bb5ba0-1588-4b09-b4d8-0cd9bc0f2ae6_16-9-aspect-ratio_default_1010205-1536x864.jpg 1536w, https:\/\/maestromio.org\/wp-content\/uploads\/96bb5ba0-1588-4b09-b4d8-0cd9bc0f2ae6_16-9-aspect-ratio_default_1010205.jpg 1600w\" sizes=\"(max-width: 1024px) 100vw, 1024px\" \/><\/div>\n\t\t<\/a>\n\t\t\t\t<div class=\"elementor-post__text\">\n\t\t\t\t<h2 class=\"elementor-post__title\">\n\t\t\t<a href=\"https:\/\/maestromio.org\/es\/cuales-son-los-nombres-de-persona-mas-comunes-en-espana\/\" >\n\t\t\t\t\u00bfCu\u00e1les son los nombres de persona m\u00e1s comunes en Espa\u00f1a?\t\t\t<\/a>\n\t\t<\/h2>\n\t\t\t\t<div class=\"elementor-post__meta-data\">\n\t\t\t\t\t<span class=\"elementor-post-date\">\n\t\t\t31\/03\/2026\t\t<\/span>\n\t\t\t\t<\/div>\n\t\t\t\t<div class=\"elementor-post__excerpt\">\n\t\t\t<p>En Espa\u00f1a, los nombres de las personas reflejan historia, cultura y tradiciones familiares. Algunos se transmiten de generaci\u00f3n en generaci\u00f3n, mientras que otros se han popularizado recientemente gracias a la<\/p>\n\t\t<\/div>\n\t\t\n\t\t<a class=\"elementor-post__read-more\" href=\"https:\/\/maestromio.org\/es\/cuales-son-los-nombres-de-persona-mas-comunes-en-espana\/\" aria-label=\"Read more about \u00bfCu\u00e1les son los nombres de persona m\u00e1s comunes en Espa\u00f1a?\" tabindex=\"-1\" >\n\t\t\tLeer art\u00edculo\u00bb\t\t<\/a>\n\n\t\t\t\t<\/div>\n\t\t\t\t<\/article>\n\t\t\t\t<article class=\"elementor-post elementor-grid-item post-42918 post type-post status-publish format-standard has-post-thumbnail hentry category-que-hacer-en-malaga\" role=\"listitem\">\n\t\t\t\t<a class=\"elementor-post__thumbnail__link\" href=\"https:\/\/maestromio.org\/es\/que-es-ser-capillita\/\" tabindex=\"-1\" >\n\t\t\t<div class=\"elementor-post__thumbnail\"><img loading=\"lazy\" decoding=\"async\" width=\"960\" height=\"638\" src=\"https:\/\/maestromio.org\/wp-content\/uploads\/Semana_Santa_procession_in_Granada_Spain_6925805480.jpg\" class=\"attachment-large size-large wp-image-42919\" alt=\"\" srcset=\"https:\/\/maestromio.org\/wp-content\/uploads\/Semana_Santa_procession_in_Granada_Spain_6925805480.jpg 960w, https:\/\/maestromio.org\/wp-content\/uploads\/Semana_Santa_procession_in_Granada_Spain_6925805480-300x199.jpg 300w, https:\/\/maestromio.org\/wp-content\/uploads\/Semana_Santa_procession_in_Granada_Spain_6925805480-768x510.jpg 768w\" sizes=\"(max-width: 960px) 100vw, 960px\" \/><\/div>\n\t\t<\/a>\n\t\t\t\t<div class=\"elementor-post__text\">\n\t\t\t\t<h2 class=\"elementor-post__title\">\n\t\t\t<a href=\"https:\/\/maestromio.org\/es\/que-es-ser-capillita\/\" >\n\t\t\t\t\u00bfQu\u00e9 es ser capillita? Semana Santa en Espa\u00f1a\t\t\t<\/a>\n\t\t<\/h2>\n\t\t\t\t<div class=\"elementor-post__meta-data\">\n\t\t\t\t\t<span class=\"elementor-post-date\">\n\t\t\t24\/03\/2026\t\t<\/span>\n\t\t\t\t<\/div>\n\t\t\t\t<div class=\"elementor-post__excerpt\">\n\t\t\t<p>Semana Santa en Espa\u00f1a La Semana Santa en Espa\u00f1a es una de las tradiciones religiosas y culturales m\u00e1s importantes del pa\u00eds. Cada a\u00f1o, durante la semana previa a la Pascua,<\/p>\n\t\t<\/div>\n\t\t\n\t\t<a class=\"elementor-post__read-more\" href=\"https:\/\/maestromio.org\/es\/que-es-ser-capillita\/\" aria-label=\"Read more about \u00bfQu\u00e9 es ser capillita? Semana Santa en Espa\u00f1a\" tabindex=\"-1\" >\n\t\t\tLeer art\u00edculo\u00bb\t\t<\/a>\n\n\t\t\t\t<\/div>\n\t\t\t\t<\/article>\n\t\t\t\t<article class=\"elementor-post elementor-grid-item post-43501 post type-post status-publish format-standard has-post-thumbnail hentry category-que-hacer-en-malaga\" role=\"listitem\">\n\t\t\t\t<a class=\"elementor-post__thumbnail__link\" href=\"https:\/\/maestromio.org\/es\/cuando-se-usa-la-coma-2\/\" tabindex=\"-1\" >\n\t\t\t<div class=\"elementor-post__thumbnail\"><img loading=\"lazy\" decoding=\"async\" width=\"320\" height=\"265\" src=\"https:\/\/maestromio.org\/wp-content\/uploads\/la-coma.png\" class=\"attachment-large size-large wp-image-42981\" alt=\"\" srcset=\"https:\/\/maestromio.org\/wp-content\/uploads\/la-coma.png 320w, https:\/\/maestromio.org\/wp-content\/uploads\/la-coma-300x248.png 300w\" sizes=\"(max-width: 320px) 100vw, 320px\" \/><\/div>\n\t\t<\/a>\n\t\t\t\t<div class=\"elementor-post__text\">\n\t\t\t\t<h2 class=\"elementor-post__title\">\n\t\t\t<a href=\"https:\/\/maestromio.org\/es\/cuando-se-usa-la-coma-2\/\" >\n\t\t\t\t\u00bfCu\u00e1ndo se usa la coma?\t\t\t<\/a>\n\t\t<\/h2>\n\t\t\t\t<div class=\"elementor-post__meta-data\">\n\t\t\t\t\t<span class=\"elementor-post-date\">\n\t\t\t17\/03\/2026\t\t<\/span>\n\t\t\t\t<\/div>\n\t\t\t\t<div class=\"elementor-post__excerpt\">\n\t\t\t<p>La coma es uno de los signos de puntuaci\u00f3n m\u00e1s importantes en espa\u00f1ol. Aunque muchas veces se subestime, su correcto uso marca la diferencia entre un texto claro y uno<\/p>\n\t\t<\/div>\n\t\t\n\t\t<a class=\"elementor-post__read-more\" href=\"https:\/\/maestromio.org\/es\/cuando-se-usa-la-coma-2\/\" aria-label=\"Read more about \u00bfCu\u00e1ndo se usa la coma?\" tabindex=\"-1\" >\n\t\t\tLeer art\u00edculo\u00bb\t\t<\/a>\n\n\t\t\t\t<\/div>\n\t\t\t\t<\/article>\n\t\t\t\t<article class=\"elementor-post elementor-grid-item post-43108 post type-post status-publish format-standard has-post-thumbnail hentry category-que-hacer-en-malaga\" role=\"listitem\">\n\t\t\t\t<a class=\"elementor-post__thumbnail__link\" href=\"https:\/\/maestromio.org\/es\/por-que-en-espana-se-cena-tan-tarde\/\" tabindex=\"-1\" >\n\t\t\t<div class=\"elementor-post__thumbnail\"><img loading=\"lazy\" decoding=\"async\" width=\"1024\" height=\"595\" src=\"https:\/\/maestromio.org\/wp-content\/uploads\/7892935092_40fcd30e91_o.jpg\" class=\"attachment-large size-large wp-image-43148\" alt=\"\" srcset=\"https:\/\/maestromio.org\/wp-content\/uploads\/7892935092_40fcd30e91_o.jpg 1024w, https:\/\/maestromio.org\/wp-content\/uploads\/7892935092_40fcd30e91_o-300x174.jpg 300w, https:\/\/maestromio.org\/wp-content\/uploads\/7892935092_40fcd30e91_o-768x446.jpg 768w\" sizes=\"(max-width: 1024px) 100vw, 1024px\" \/><\/div>\n\t\t<\/a>\n\t\t\t\t<div class=\"elementor-post__text\">\n\t\t\t\t<h2 class=\"elementor-post__title\">\n\t\t\t<a href=\"https:\/\/maestromio.org\/es\/por-que-en-espana-se-cena-tan-tarde\/\" >\n\t\t\t\t\u00bfPor qu\u00e9 en Espa\u00f1a se cena tan tarde?\t\t\t<\/a>\n\t\t<\/h2>\n\t\t\t\t<div class=\"elementor-post__meta-data\">\n\t\t\t\t\t<span class=\"elementor-post-date\">\n\t\t\t10\/03\/2026\t\t<\/span>\n\t\t\t\t<\/div>\n\t\t\t\t<div class=\"elementor-post__excerpt\">\n\t\t\t<p>En toda Espa\u00f1a, cada noche, las calles, los caf\u00e9s y los restaurantes se llenan de un ritmo muy particular: el de la cena tard\u00eda. A diferencia de otros pa\u00edses europeos,<\/p>\n\t\t<\/div>\n\t\t\n\t\t<a class=\"elementor-post__read-more\" href=\"https:\/\/maestromio.org\/es\/por-que-en-espana-se-cena-tan-tarde\/\" aria-label=\"Read more about \u00bfPor qu\u00e9 en Espa\u00f1a se cena tan tarde?\" tabindex=\"-1\" >\n\t\t\tLeer art\u00edculo\u00bb\t\t<\/a>\n\n\t\t\t\t<\/div>\n\t\t\t\t<\/article>\n\t\t\t\t<\/div>\n\t\t\t\t\t<span class=\"e-load-more-spinner\">\n\t\t\t\t<i aria-hidden=\"true\" class=\"fas fa-spinner\"><\/i>\t\t\t<\/span>\n\t\t\n\t\t\t\t<div class=\"e-load-more-anchor\" data-page=\"1\" data-max-page=\"3\" data-next-page=\"https:\/\/maestromio.org\/es\/wp-json\/wp\/v2\/pages\/1272\/page\/2\/\"><\/div>\n\t\t\t\t<div class=\"e-load-more-message\"><\/div>\n\t\t\t\t\t\t<\/div>\n\t\t\t\t<\/div>\n\t\t\t\t\t<\/div>\n\t\t<\/div>\n\t\t\t\t\t<\/div>\n\t\t<\/section>\n\t\t\t\t<\/div>\n\t\t","protected":false},"excerpt":{"rendered":"<p>Blog \u00a1Mantente al d\u00eda con nuestros \u00faltimos consejos!<\/p>\n","protected":false},"author":1,"featured_media":24624,"parent":0,"menu_order":0,"comment_status":"closed","ping_status":"closed","template":"","meta":{"inline_featured_image":false,"footnotes":""},"class_list":["post-1272","page","type-page","status-publish","has-post-thumbnail","hentry"],"yoast_head":"<!-- This site is optimized with the Yoast SEO plugin v27.4 - https:\/\/yoast.com\/product\/yoast-seo-wordpress\/ -->\n<title>Blog - Maestro m\u00edo - The language school<\/title>\n<meta name=\"robots\" content=\"index, follow, max-snippet:-1, max-image-preview:large, max-video-preview:-1\" \/>\n<link rel=\"canonical\" href=\"https:\/\/maestromio.org\/es\/blog\/\" \/>\n<meta property=\"og:locale\" content=\"es_ES\" \/>\n<meta property=\"og:type\" content=\"article\" \/>\n<meta property=\"og:title\" content=\"Blog - Maestro m\u00edo - The language school\" \/>\n<meta property=\"og:description\" content=\"Blog \u00a1Mantente al d\u00eda con nuestros \u00faltimos consejos!\" \/>\n<meta property=\"og:url\" content=\"https:\/\/maestromio.org\/es\/blog\/\" \/>\n<meta property=\"og:site_name\" content=\"Maestro m\u00edo - The language school\" \/>\n<meta property=\"article:publisher\" content=\"https:\/\/www.facebook.com\/MaestroMioMalaga\/\" \/>\n<meta property=\"article:modified_time\" content=\"2024-12-09T15:52:20+00:00\" \/>\n<meta property=\"og:image\" content=\"https:\/\/maestromio.org\/wp-content\/uploads\/89c87f45-city-5309-163ef64517d.jpg\" \/>\n\t<meta property=\"og:image:width\" content=\"1366\" \/>\n\t<meta property=\"og:image:height\" content=\"768\" \/>\n\t<meta property=\"og:image:type\" content=\"image\/jpeg\" \/>\n<meta name=\"twitter:card\" content=\"summary_large_image\" \/>\n<meta name=\"twitter:site\" content=\"@MaestroMio_\" \/>\n<script type=\"application\/ld+json\" class=\"yoast-schema-graph\">{\"@context\":\"https:\\\/\\\/schema.org\",\"@graph\":[{\"@type\":\"WebPage\",\"@id\":\"https:\\\/\\\/maestromio.org\\\/es\\\/blog\\\/\",\"url\":\"https:\\\/\\\/maestromio.org\\\/es\\\/blog\\\/\",\"name\":\"Blog - Maestro m\u00edo - The language school\",\"isPartOf\":{\"@id\":\"https:\\\/\\\/maestromio.org\\\/es\\\/#website\"},\"primaryImageOfPage\":{\"@id\":\"https:\\\/\\\/maestromio.org\\\/es\\\/blog\\\/#primaryimage\"},\"image\":{\"@id\":\"https:\\\/\\\/maestromio.org\\\/es\\\/blog\\\/#primaryimage\"},\"thumbnailUrl\":\"https:\\\/\\\/maestromio.org\\\/wp-content\\\/uploads\\\/89c87f45-city-5309-163ef64517d.jpg\",\"datePublished\":\"2019-11-29T07:14:01+00:00\",\"dateModified\":\"2024-12-09T15:52:20+00:00\",\"breadcrumb\":{\"@id\":\"https:\\\/\\\/maestromio.org\\\/es\\\/blog\\\/#breadcrumb\"},\"inLanguage\":\"es\",\"potentialAction\":[{\"@type\":\"ReadAction\",\"target\":[\"https:\\\/\\\/maestromio.org\\\/es\\\/blog\\\/\"]}]},{\"@type\":\"ImageObject\",\"inLanguage\":\"es\",\"@id\":\"https:\\\/\\\/maestromio.org\\\/es\\\/blog\\\/#primaryimage\",\"url\":\"https:\\\/\\\/maestromio.org\\\/wp-content\\\/uploads\\\/89c87f45-city-5309-163ef64517d.jpg\",\"contentUrl\":\"https:\\\/\\\/maestromio.org\\\/wp-content\\\/uploads\\\/89c87f45-city-5309-163ef64517d.jpg\",\"width\":1366,\"height\":768},{\"@type\":\"BreadcrumbList\",\"@id\":\"https:\\\/\\\/maestromio.org\\\/es\\\/blog\\\/#breadcrumb\",\"itemListElement\":[{\"@type\":\"ListItem\",\"position\":1,\"name\":\"Home\",\"item\":\"https:\\\/\\\/maestromio.org\\\/es\\\/\"},{\"@type\":\"ListItem\",\"position\":2,\"name\":\"Blog\"}]},{\"@type\":\"WebSite\",\"@id\":\"https:\\\/\\\/maestromio.org\\\/es\\\/#website\",\"url\":\"https:\\\/\\\/maestromio.org\\\/es\\\/\",\"name\":\"MaestroM\u00edo - The Language School\",\"description\":\"Spanish Courses in Malaga\",\"publisher\":{\"@id\":\"https:\\\/\\\/maestromio.org\\\/es\\\/#organization\"},\"alternateName\":\"MaestroM\u00edo\",\"potentialAction\":[{\"@type\":\"SearchAction\",\"target\":{\"@type\":\"EntryPoint\",\"urlTemplate\":\"https:\\\/\\\/maestromio.org\\\/es\\\/?s={search_term_string}\"},\"query-input\":{\"@type\":\"PropertyValueSpecification\",\"valueRequired\":true,\"valueName\":\"search_term_string\"}}],\"inLanguage\":\"es\"},{\"@type\":\"Organization\",\"@id\":\"https:\\\/\\\/maestromio.org\\\/es\\\/#organization\",\"name\":\"Maestro m\u00edo - The language school\",\"alternateName\":\"Maestromio\",\"url\":\"https:\\\/\\\/maestromio.org\\\/es\\\/\",\"logo\":{\"@type\":\"ImageObject\",\"inLanguage\":\"es\",\"@id\":\"https:\\\/\\\/maestromio.org\\\/es\\\/#\\\/schema\\\/logo\\\/image\\\/\",\"url\":\"https:\\\/\\\/maestromio.org\\\/wp-content\\\/uploads\\\/cropped-logo_maestromio.png\",\"contentUrl\":\"https:\\\/\\\/maestromio.org\\\/wp-content\\\/uploads\\\/cropped-logo_maestromio.png\",\"width\":165,\"height\":165,\"caption\":\"Maestro m\u00edo - The language school\"},\"image\":{\"@id\":\"https:\\\/\\\/maestromio.org\\\/es\\\/#\\\/schema\\\/logo\\\/image\\\/\"},\"sameAs\":[\"https:\\\/\\\/www.facebook.com\\\/MaestroMioMalaga\\\/\",\"https:\\\/\\\/x.com\\\/MaestroMio_\",\"https:\\\/\\\/www.instagram.com\\\/maestromioschool\\\/\"]}]}<\/script>\n<!-- \/ Yoast SEO plugin. -->","yoast_head_json":{"title":"Blog - Maestro m\u00edo - The language school","robots":{"index":"index","follow":"follow","max-snippet":"max-snippet:-1","max-image-preview":"max-image-preview:large","max-video-preview":"max-video-preview:-1"},"canonical":"https:\/\/maestromio.org\/es\/blog\/","og_locale":"es_ES","og_type":"article","og_title":"Blog - Maestro m\u00edo - The language school","og_description":"Blog \u00a1Mantente al d\u00eda con nuestros \u00faltimos consejos!","og_url":"https:\/\/maestromio.org\/es\/blog\/","og_site_name":"Maestro m\u00edo - The language school","article_publisher":"https:\/\/www.facebook.com\/MaestroMioMalaga\/","article_modified_time":"2024-12-09T15:52:20+00:00","og_image":[{"width":1366,"height":768,"url":"https:\/\/maestromio.org\/wp-content\/uploads\/89c87f45-city-5309-163ef64517d.jpg","type":"image\/jpeg"}],"twitter_card":"summary_large_image","twitter_site":"@MaestroMio_","schema":{"@context":"https:\/\/schema.org","@graph":[{"@type":"WebPage","@id":"https:\/\/maestromio.org\/es\/blog\/","url":"https:\/\/maestromio.org\/es\/blog\/","name":"Blog - Maestro m\u00edo - The language school","isPartOf":{"@id":"https:\/\/maestromio.org\/es\/#website"},"primaryImageOfPage":{"@id":"https:\/\/maestromio.org\/es\/blog\/#primaryimage"},"image":{"@id":"https:\/\/maestromio.org\/es\/blog\/#primaryimage"},"thumbnailUrl":"https:\/\/maestromio.org\/wp-content\/uploads\/89c87f45-city-5309-163ef64517d.jpg","datePublished":"2019-11-29T07:14:01+00:00","dateModified":"2024-12-09T15:52:20+00:00","breadcrumb":{"@id":"https:\/\/maestromio.org\/es\/blog\/#breadcrumb"},"inLanguage":"es","potentialAction":[{"@type":"ReadAction","target":["https:\/\/maestromio.org\/es\/blog\/"]}]},{"@type":"ImageObject","inLanguage":"es","@id":"https:\/\/maestromio.org\/es\/blog\/#primaryimage","url":"https:\/\/maestromio.org\/wp-content\/uploads\/89c87f45-city-5309-163ef64517d.jpg","contentUrl":"https:\/\/maestromio.org\/wp-content\/uploads\/89c87f45-city-5309-163ef64517d.jpg","width":1366,"height":768},{"@type":"BreadcrumbList","@id":"https:\/\/maestromio.org\/es\/blog\/#breadcrumb","itemListElement":[{"@type":"ListItem","position":1,"name":"Home","item":"https:\/\/maestromio.org\/es\/"},{"@type":"ListItem","position":2,"name":"Blog"}]},{"@type":"WebSite","@id":"https:\/\/maestromio.org\/es\/#website","url":"https:\/\/maestromio.org\/es\/","name":"MaestroM\u00edo - The Language School","description":"Spanish Courses in Malaga","publisher":{"@id":"https:\/\/maestromio.org\/es\/#organization"},"alternateName":"MaestroM\u00edo","potentialAction":[{"@type":"SearchAction","target":{"@type":"EntryPoint","urlTemplate":"https:\/\/maestromio.org\/es\/?s={search_term_string}"},"query-input":{"@type":"PropertyValueSpecification","valueRequired":true,"valueName":"search_term_string"}}],"inLanguage":"es"},{"@type":"Organization","@id":"https:\/\/maestromio.org\/es\/#organization","name":"Maestro m\u00edo - The language school","alternateName":"Maestromio","url":"https:\/\/maestromio.org\/es\/","logo":{"@type":"ImageObject","inLanguage":"es","@id":"https:\/\/maestromio.org\/es\/#\/schema\/logo\/image\/","url":"https:\/\/maestromio.org\/wp-content\/uploads\/cropped-logo_maestromio.png","contentUrl":"https:\/\/maestromio.org\/wp-content\/uploads\/cropped-logo_maestromio.png","width":165,"height":165,"caption":"Maestro m\u00edo - The language school"},"image":{"@id":"https:\/\/maestromio.org\/es\/#\/schema\/logo\/image\/"},"sameAs":["https:\/\/www.facebook.com\/MaestroMioMalaga\/","https:\/\/x.com\/MaestroMio_","https:\/\/www.instagram.com\/maestromioschool\/"]}]}},"_links":{"self":[{"href":"https:\/\/maestromio.org\/es\/wp-json\/wp\/v2\/pages\/1272","targetHints":{"allow":["GET"]}}],"collection":[{"href":"https:\/\/maestromio.org\/es\/wp-json\/wp\/v2\/pages"}],"about":[{"href":"https:\/\/maestromio.org\/es\/wp-json\/wp\/v2\/types\/page"}],"author":[{"embeddable":true,"href":"https:\/\/maestromio.org\/es\/wp-json\/wp\/v2\/users\/1"}],"replies":[{"embeddable":true,"href":"https:\/\/maestromio.org\/es\/wp-json\/wp\/v2\/comments?post=1272"}],"version-history":[{"count":5,"href":"https:\/\/maestromio.org\/es\/wp-json\/wp\/v2\/pages\/1272\/revisions"}],"predecessor-version":[{"id":25828,"href":"https:\/\/maestromio.org\/es\/wp-json\/wp\/v2\/pages\/1272\/revisions\/25828"}],"wp:featuredmedia":[{"embeddable":true,"href":"https:\/\/maestromio.org\/es\/wp-json\/wp\/v2\/media\/24624"}],"wp:attachment":[{"href":"https:\/\/maestromio.org\/es\/wp-json\/wp\/v2\/media?parent=1272"}],"curies":[{"name":"wp","href":"https:\/\/api.w.org\/{rel}","templated":true}]}}