{"id":12518,"date":"2021-05-24T12:29:26","date_gmt":"2021-05-24T11:29:26","guid":{"rendered":"https:\/\/www.maestromio.org\/?page_id=12518"},"modified":"2023-06-02T19:57:45","modified_gmt":"2023-06-02T18:57:45","slug":"la-filosofia-maestromio","status":"publish","type":"page","link":"https:\/\/maestromio.org\/es\/la-filosofia-maestromio\/","title":{"rendered":"La filosof\u00eda MaestroM\u00edo"},"content":{"rendered":"<p>MaestroM\u00edo es un lugar donde convertimos tus sue\u00f1os en realidad, porque para nosotros son m\u00e1s importantes los hechos que las palabras.<\/p>\n<p>En MaestroM\u00edo no vas a aprender espa\u00f1ol, vas a VIVIRLO. Nuestra filosof\u00eda es la de compartir contigo la trayectoria de tu aprendizaje, haciendo de ella una experiencia \u00fanica, porque para nosotros t\u00fa eres \u00fanico. Por este motivo, contamos con un equipo humano donde el trato personal con el estudiante es lo m\u00e1s importante, atendiendo, en todo momento, a sus necesidades. Haremos que su inmersi\u00f3n ling\u00fc\u00edstica sea completa y no s\u00f3lo le lleve a profundizar y usar correctamente nuestra lengua, sino a intimar con nuestra cultura, nuestra gastronom\u00eda, nuestras ra\u00edces.<\/p>\n<p>Para ello, adem\u00e1s de las clases, donde podr\u00e1 vivir todo esto desde muy cerca, con continuos supuestos pr\u00e1cticos, contamos con un programa de actividades de lo m\u00e1s variado, donde nuestros monitores har\u00e1n que descubra historias, an\u00e9cdotas, costumbres, lugares\u2026 de una forma tan grata que siempre permanecer\u00e1 en su memoria como un recuerdo inolvidable.<\/p>\n<p><strong>Misi\u00f3n: <\/strong><\/p>\n<p>Somos un equipo internacional, motivado, creativo y flexible, y nuestra misi\u00f3n es ofrecer a nuestros clientes un producto de calidad y personalizado, para que pueda sentirse parte integrante de nuestra gran familia, y viva una estancia y un aprendizaje ling\u00fc\u00edstico profesional y al mismo tiempo divertido.<\/p>\n<p><strong>Visi\u00f3n:<\/strong><\/p>\n<p>Queremos ser una empresa de referencia internacional ofreciendo cursos de idiomas para grupos e individuales extranjeros combinados con actividades creativas en un ambiente familiar y divertido.<\/p>\n<p>Desde el \u00e1rea de administraci\u00f3n tambi\u00e9n es importante que se refleje la filosof\u00eda de la empresa d\u00e1ndole al estudiante un trato totalmente personalizado y ayud\u00e1ndole en todo lo que necesite.<\/p>\n<p>&nbsp;<\/p>\n","protected":false},"excerpt":{"rendered":"<p>MaestroM\u00edo es un lugar donde convertimos tus sue\u00f1os en realidad, porque para nosotros son m\u00e1s importantes los hechos que las palabras. En MaestroM\u00edo no vas a aprender espa\u00f1ol, vas a VIVIRLO. Nuestra filosof\u00eda es la de compartir contigo la trayectoria de tu aprendizaje, haciendo de ella una experiencia \u00fanica, porque para nosotros t\u00fa eres \u00fanico. &#8230; <a title=\"La filosof\u00eda MaestroM\u00edo\" class=\"read-more\" href=\"https:\/\/maestromio.org\/es\/la-filosofia-maestromio\/\" aria-label=\"Leer m\u00e1s sobre La filosof\u00eda MaestroM\u00edo\">Leer m\u00e1s<\/a><\/p>\n","protected":false},"author":2,"featured_media":0,"parent":0,"menu_order":0,"comment_status":"closed","ping_status":"closed","template":"","meta":{"inline_featured_image":false,"footnotes":""},"class_list":["post-12518","page","type-page","status-publish"],"yoast_head":"<!-- This site is optimized with the Yoast SEO plugin v27.4 - https:\/\/yoast.com\/product\/yoast-seo-wordpress\/ -->\n<title>La filosof\u00eda MaestroM\u00edo - Maestro m\u00edo - The language school<\/title>\n<meta name=\"robots\" content=\"index, follow, max-snippet:-1, max-image-preview:large, max-video-preview:-1\" \/>\n<link rel=\"canonical\" href=\"https:\/\/maestromio.org\/es\/la-filosofia-maestromio\/\" \/>\n<meta property=\"og:locale\" content=\"es_ES\" \/>\n<meta property=\"og:type\" content=\"article\" \/>\n<meta property=\"og:title\" content=\"La filosof\u00eda MaestroM\u00edo - Maestro m\u00edo - The language school\" \/>\n<meta property=\"og:description\" content=\"MaestroM\u00edo es un lugar donde convertimos tus sue\u00f1os en realidad, porque para nosotros son m\u00e1s importantes los hechos que las palabras. En MaestroM\u00edo no vas a aprender espa\u00f1ol, vas a VIVIRLO. Nuestra filosof\u00eda es la de compartir contigo la trayectoria de tu aprendizaje, haciendo de ella una experiencia \u00fanica, porque para nosotros t\u00fa eres \u00fanico. ... Leer m\u00e1s\" \/>\n<meta property=\"og:url\" content=\"https:\/\/maestromio.org\/es\/la-filosofia-maestromio\/\" \/>\n<meta property=\"og:site_name\" content=\"Maestro m\u00edo - The language school\" \/>\n<meta property=\"article:publisher\" content=\"https:\/\/www.facebook.com\/MaestroMioMalaga\/\" \/>\n<meta property=\"article:modified_time\" content=\"2023-06-02T18:57:45+00:00\" \/>\n<meta property=\"og:image\" content=\"https:\/\/maestromio.org\/wp-content\/uploads\/logo_maestromio.png\" \/>\n\t<meta property=\"og:image:width\" content=\"350\" \/>\n\t<meta property=\"og:image:height\" content=\"188\" \/>\n\t<meta property=\"og:image:type\" content=\"image\/png\" \/>\n<meta name=\"twitter:card\" content=\"summary_large_image\" \/>\n<meta name=\"twitter:site\" content=\"@MaestroMio_\" \/>\n<meta name=\"twitter:label1\" content=\"Tiempo de lectura\" \/>\n\t<meta name=\"twitter:data1\" content=\"2 minutos\" \/>\n<script type=\"application\/ld+json\" class=\"yoast-schema-graph\">{\"@context\":\"https:\\\/\\\/schema.org\",\"@graph\":[{\"@type\":\"WebPage\",\"@id\":\"https:\\\/\\\/maestromio.org\\\/es\\\/la-filosofia-maestromio\\\/\",\"url\":\"https:\\\/\\\/maestromio.org\\\/es\\\/la-filosofia-maestromio\\\/\",\"name\":\"La filosof\u00eda MaestroM\u00edo - Maestro m\u00edo - The language school\",\"isPartOf\":{\"@id\":\"https:\\\/\\\/maestromio.org\\\/es\\\/#website\"},\"datePublished\":\"2021-05-24T11:29:26+00:00\",\"dateModified\":\"2023-06-02T18:57:45+00:00\",\"breadcrumb\":{\"@id\":\"https:\\\/\\\/maestromio.org\\\/es\\\/la-filosofia-maestromio\\\/#breadcrumb\"},\"inLanguage\":\"es\",\"potentialAction\":[{\"@type\":\"ReadAction\",\"target\":[\"https:\\\/\\\/maestromio.org\\\/es\\\/la-filosofia-maestromio\\\/\"]}]},{\"@type\":\"BreadcrumbList\",\"@id\":\"https:\\\/\\\/maestromio.org\\\/es\\\/la-filosofia-maestromio\\\/#breadcrumb\",\"itemListElement\":[{\"@type\":\"ListItem\",\"position\":1,\"name\":\"Home\",\"item\":\"https:\\\/\\\/maestromio.org\\\/es\\\/\"},{\"@type\":\"ListItem\",\"position\":2,\"name\":\"La filosof\u00eda MaestroM\u00edo\"}]},{\"@type\":\"WebSite\",\"@id\":\"https:\\\/\\\/maestromio.org\\\/es\\\/#website\",\"url\":\"https:\\\/\\\/maestromio.org\\\/es\\\/\",\"name\":\"MaestroM\u00edo - The Language School\",\"description\":\"Spanish Courses in Malaga\",\"publisher\":{\"@id\":\"https:\\\/\\\/maestromio.org\\\/es\\\/#organization\"},\"alternateName\":\"MaestroM\u00edo\",\"potentialAction\":[{\"@type\":\"SearchAction\",\"target\":{\"@type\":\"EntryPoint\",\"urlTemplate\":\"https:\\\/\\\/maestromio.org\\\/es\\\/?s={search_term_string}\"},\"query-input\":{\"@type\":\"PropertyValueSpecification\",\"valueRequired\":true,\"valueName\":\"search_term_string\"}}],\"inLanguage\":\"es\"},{\"@type\":\"Organization\",\"@id\":\"https:\\\/\\\/maestromio.org\\\/es\\\/#organization\",\"name\":\"Maestro m\u00edo - The language school\",\"alternateName\":\"Maestromio\",\"url\":\"https:\\\/\\\/maestromio.org\\\/es\\\/\",\"logo\":{\"@type\":\"ImageObject\",\"inLanguage\":\"es\",\"@id\":\"https:\\\/\\\/maestromio.org\\\/es\\\/#\\\/schema\\\/logo\\\/image\\\/\",\"url\":\"https:\\\/\\\/maestromio.org\\\/wp-content\\\/uploads\\\/cropped-logo_maestromio.png\",\"contentUrl\":\"https:\\\/\\\/maestromio.org\\\/wp-content\\\/uploads\\\/cropped-logo_maestromio.png\",\"width\":165,\"height\":165,\"caption\":\"Maestro m\u00edo - The language school\"},\"image\":{\"@id\":\"https:\\\/\\\/maestromio.org\\\/es\\\/#\\\/schema\\\/logo\\\/image\\\/\"},\"sameAs\":[\"https:\\\/\\\/www.facebook.com\\\/MaestroMioMalaga\\\/\",\"https:\\\/\\\/x.com\\\/MaestroMio_\",\"https:\\\/\\\/www.instagram.com\\\/maestromioschool\\\/\"]}]}<\/script>\n<!-- \/ Yoast SEO plugin. -->","yoast_head_json":{"title":"La filosof\u00eda MaestroM\u00edo - Maestro m\u00edo - The language school","robots":{"index":"index","follow":"follow","max-snippet":"max-snippet:-1","max-image-preview":"max-image-preview:large","max-video-preview":"max-video-preview:-1"},"canonical":"https:\/\/maestromio.org\/es\/la-filosofia-maestromio\/","og_locale":"es_ES","og_type":"article","og_title":"La filosof\u00eda MaestroM\u00edo - Maestro m\u00edo - The language school","og_description":"MaestroM\u00edo es un lugar donde convertimos tus sue\u00f1os en realidad, porque para nosotros son m\u00e1s importantes los hechos que las palabras. En MaestroM\u00edo no vas a aprender espa\u00f1ol, vas a VIVIRLO. Nuestra filosof\u00eda es la de compartir contigo la trayectoria de tu aprendizaje, haciendo de ella una experiencia \u00fanica, porque para nosotros t\u00fa eres \u00fanico. ... Leer m\u00e1s","og_url":"https:\/\/maestromio.org\/es\/la-filosofia-maestromio\/","og_site_name":"Maestro m\u00edo - The language school","article_publisher":"https:\/\/www.facebook.com\/MaestroMioMalaga\/","article_modified_time":"2023-06-02T18:57:45+00:00","og_image":[{"width":350,"height":188,"url":"https:\/\/maestromio.org\/wp-content\/uploads\/logo_maestromio.png","type":"image\/png"}],"twitter_card":"summary_large_image","twitter_site":"@MaestroMio_","twitter_misc":{"Tiempo de lectura":"2 minutos"},"schema":{"@context":"https:\/\/schema.org","@graph":[{"@type":"WebPage","@id":"https:\/\/maestromio.org\/es\/la-filosofia-maestromio\/","url":"https:\/\/maestromio.org\/es\/la-filosofia-maestromio\/","name":"La filosof\u00eda MaestroM\u00edo - Maestro m\u00edo - The language school","isPartOf":{"@id":"https:\/\/maestromio.org\/es\/#website"},"datePublished":"2021-05-24T11:29:26+00:00","dateModified":"2023-06-02T18:57:45+00:00","breadcrumb":{"@id":"https:\/\/maestromio.org\/es\/la-filosofia-maestromio\/#breadcrumb"},"inLanguage":"es","potentialAction":[{"@type":"ReadAction","target":["https:\/\/maestromio.org\/es\/la-filosofia-maestromio\/"]}]},{"@type":"BreadcrumbList","@id":"https:\/\/maestromio.org\/es\/la-filosofia-maestromio\/#breadcrumb","itemListElement":[{"@type":"ListItem","position":1,"name":"Home","item":"https:\/\/maestromio.org\/es\/"},{"@type":"ListItem","position":2,"name":"La filosof\u00eda MaestroM\u00edo"}]},{"@type":"WebSite","@id":"https:\/\/maestromio.org\/es\/#website","url":"https:\/\/maestromio.org\/es\/","name":"MaestroM\u00edo - The Language School","description":"Spanish Courses in Malaga","publisher":{"@id":"https:\/\/maestromio.org\/es\/#organization"},"alternateName":"MaestroM\u00edo","potentialAction":[{"@type":"SearchAction","target":{"@type":"EntryPoint","urlTemplate":"https:\/\/maestromio.org\/es\/?s={search_term_string}"},"query-input":{"@type":"PropertyValueSpecification","valueRequired":true,"valueName":"search_term_string"}}],"inLanguage":"es"},{"@type":"Organization","@id":"https:\/\/maestromio.org\/es\/#organization","name":"Maestro m\u00edo - The language school","alternateName":"Maestromio","url":"https:\/\/maestromio.org\/es\/","logo":{"@type":"ImageObject","inLanguage":"es","@id":"https:\/\/maestromio.org\/es\/#\/schema\/logo\/image\/","url":"https:\/\/maestromio.org\/wp-content\/uploads\/cropped-logo_maestromio.png","contentUrl":"https:\/\/maestromio.org\/wp-content\/uploads\/cropped-logo_maestromio.png","width":165,"height":165,"caption":"Maestro m\u00edo - The language school"},"image":{"@id":"https:\/\/maestromio.org\/es\/#\/schema\/logo\/image\/"},"sameAs":["https:\/\/www.facebook.com\/MaestroMioMalaga\/","https:\/\/x.com\/MaestroMio_","https:\/\/www.instagram.com\/maestromioschool\/"]}]}},"_links":{"self":[{"href":"https:\/\/maestromio.org\/es\/wp-json\/wp\/v2\/pages\/12518","targetHints":{"allow":["GET"]}}],"collection":[{"href":"https:\/\/maestromio.org\/es\/wp-json\/wp\/v2\/pages"}],"about":[{"href":"https:\/\/maestromio.org\/es\/wp-json\/wp\/v2\/types\/page"}],"author":[{"embeddable":true,"href":"https:\/\/maestromio.org\/es\/wp-json\/wp\/v2\/users\/2"}],"replies":[{"embeddable":true,"href":"https:\/\/maestromio.org\/es\/wp-json\/wp\/v2\/comments?post=12518"}],"version-history":[{"count":5,"href":"https:\/\/maestromio.org\/es\/wp-json\/wp\/v2\/pages\/12518\/revisions"}],"predecessor-version":[{"id":19268,"href":"https:\/\/maestromio.org\/es\/wp-json\/wp\/v2\/pages\/12518\/revisions\/19268"}],"wp:attachment":[{"href":"https:\/\/maestromio.org\/es\/wp-json\/wp\/v2\/media?parent=12518"}],"curies":[{"name":"wp","href":"https:\/\/api.w.org\/{rel}","templated":true}]}}