{"id":43018,"date":"2024-07-04T11:12:07","date_gmt":"2024-07-04T10:12:07","guid":{"rendered":"https:\/\/maestromio.org\/combined-205\/"},"modified":"2026-03-04T08:35:24","modified_gmt":"2026-03-04T07:35:24","slug":"combined-205","status":"publish","type":"page","link":"https:\/\/maestromio.org\/de\/spanischkurse-in-malaga-spanien\/combined-205\/","title":{"rendered":"Curso combinado 20+5"},"content":{"rendered":"\t\t<div data-elementor-type=\"wp-page\" data-elementor-id=\"43018\" class=\"elementor elementor-43018 elementor-22774\" data-elementor-post-type=\"page\">\n\t\t\t\t\t\t<section class=\"elementor-section elementor-top-section elementor-element elementor-element-9d4a7a8 elementor-section-boxed elementor-section-height-default elementor-section-height-default\" data-id=\"9d4a7a8\" data-element_type=\"section\" data-e-type=\"section\">\n\t\t\t\t\t\t<div class=\"elementor-container elementor-column-gap-default\">\n\t\t\t\t\t<div class=\"elementor-column elementor-col-100 elementor-top-column elementor-element elementor-element-be02268\" data-id=\"be02268\" data-element_type=\"column\" data-e-type=\"column\">\n\t\t\t<div class=\"elementor-widget-wrap elementor-element-populated\">\n\t\t\t\t\t\t<div class=\"elementor-element elementor-element-3e283fc elementor-align-left elementor-widget elementor-widget-breadcrumbs\" data-id=\"3e283fc\" data-element_type=\"widget\" data-e-type=\"widget\" data-widget_type=\"breadcrumbs.default\">\n\t\t\t\t<div class=\"elementor-widget-container\">\n\t\t\t\t\t<p id=\"breadcrumbs\"><span><span><a href=\"https:\/\/maestromio.org\/de\/\">Home<\/a><\/span><\/span><\/p>\t\t\t\t<\/div>\n\t\t\t\t<\/div>\n\t\t\t\t<div class=\"elementor-element elementor-element-bd10a2c elementor-align-center elementor-widget elementor-widget-button\" data-id=\"bd10a2c\" data-element_type=\"widget\" data-e-type=\"widget\" data-widget_type=\"button.default\">\n\t\t\t\t<div class=\"elementor-widget-container\">\n\t\t\t\t\t\t\t\t\t<div class=\"elementor-button-wrapper\">\n\t\t\t\t\t<a class=\"elementor-button elementor-button-link elementor-size-sm\" href=\"#book_and_pay\">\n\t\t\t\t\t\t<span class=\"elementor-button-content-wrapper\">\n\t\t\t\t\t\t\t\t\t<span class=\"elementor-button-text\">Buchen und bezahlen!<\/span>\n\t\t\t\t\t<\/span>\n\t\t\t\t\t<\/a>\n\t\t\t\t<\/div>\n\t\t\t\t\t\t\t\t<\/div>\n\t\t\t\t<\/div>\n\t\t\t\t<div class=\"elementor-element elementor-element-2f6a411 elementor-widget elementor-widget-text-editor\" data-id=\"2f6a411\" data-element_type=\"widget\" data-e-type=\"widget\" data-widget_type=\"text-editor.default\">\n\t\t\t\t<div class=\"elementor-widget-container\">\n\t\t\t\t\t\t\t\t\t<p>Unsere Kurse sind sehr praxisorientiert. Sie werden in einer freundlichen und unterhaltsamen Umgebung lernen. Unser Hauptziel ist es, Ihnen dabei zu helfen, Spanisch zu verstehen und selbstbewusst zu kommunizieren.<\/p><p>Dieser Kurs erg\u00e4nzt den Intensivkurs 20 um 5 Privatstunden, die der Verbesserung der Kommunikation dienen\u00a0 und an die Bed\u00fcrfnisse des Sch\u00fclers angepasst werden k\u00f6nnen.<\/p>\t\t\t\t\t\t\t\t<\/div>\n\t\t\t\t<\/div>\n\t\t\t\t<div class=\"elementor-element elementor-element-93e9f10 eael-table-align-center eael-dt-th-align-left elementor-widget elementor-widget-eael-data-table\" data-id=\"93e9f10\" data-element_type=\"widget\" data-e-type=\"widget\" data-widget_type=\"eael-data-table.default\">\n\t\t\t\t<div class=\"elementor-widget-container\">\n\t\t\t\t\t\t\t<div class=\"eael-data-table-wrap\" data-table_id=\"93e9f10\" id=\"eael-data-table-wrapper-93e9f10\" data-custom_responsive=\"false\">\n\t\t\t<table class=\"tablesorter eael-data-table center\" id=\"eael-data-table-93e9f10\">\n\t\t\t    <thead>\n\t\t\t        <tr class=\"table-header\">\n\t\t\t\t\t\t\t\t\t            <th class=\"\" id=\"\" colspan=\"2\">\n\t\t\t\t\t\t\t\t\t\t\t\t\t\t<span class=\"data-table-header-text\">Zusammenfassung des Kurses<\/span><\/th>\n\t\t\t        \t\t\t\t        <\/tr>\n\t\t\t    <\/thead>\n\t\t\t  \t<tbody>\n\t\t\t\t\t\t\t\t\t\t\t<tr>\n\t\t\t\t\t\t\t\t\t\t\t\t\t\t\t\t   \t\t\t\t\t\t\t\t\t\t\t<td colspan=\"\" rowspan=\"\" class=\"\" id=\"\">\n\t\t\t\t\t\t\t\t\t\t\t\t<div class=\"td-content-wrapper\"><div class=\"td-content\">\n\t\t\t\t\t\t\t\t\t\t\t\t\tUnterrichtsstunden pro Woche:\t\t\t\t\t\t\t\t\t\t\t\t<\/div><\/div>\n\t\t\t\t\t\t\t\t\t\t\t<\/td>\n\t\t\t\t\t\t\t\t\t\t\t\t\t\t\t\t\t\t\t\t\t\t\t\t\t\t\t\t\t   \t\t\t\t\t\t\t\t\t\t\t<td colspan=\"\" rowspan=\"\" class=\"\" id=\"\">\n\t\t\t\t\t\t\t\t\t\t\t\t<div class=\"td-content-wrapper\"><div class=\"td-content\">\n\t\t\t\t\t\t\t\t\t\t\t\t\t4 Gruppenstunden + 1 Privatstunde pro Tag\t\t\t\t\t\t\t\t\t\t\t\t<\/div><\/div>\n\t\t\t\t\t\t\t\t\t\t\t<\/td>\n\t\t\t\t\t\t\t\t\t\t\t\t\t\t\t\t\t\t\t\t\t\t\t\t\t\t<\/tr>\n\t\t\t        \t\t\t\t\t\t<tr>\n\t\t\t\t\t\t\t\t\t\t\t\t\t\t\t\t   \t\t\t\t\t\t\t\t\t\t\t<td colspan=\"\" rowspan=\"\" class=\"\" id=\"\">\n\t\t\t\t\t\t\t\t\t\t\t\t<div class=\"td-content-wrapper\"><div class=\"td-content\">\n\t\t\t\t\t\t\t\t\t\t\t\t\tL\u00e4nge des Kurses:\t\t\t\t\t\t\t\t\t\t\t\t<\/div><\/div>\n\t\t\t\t\t\t\t\t\t\t\t<\/td>\n\t\t\t\t\t\t\t\t\t\t\t\t\t\t\t\t\t\t\t\t\t\t\t\t\t\t\t\t\t   \t\t\t\t\t\t\t\t\t\t\t<td colspan=\"\" rowspan=\"\" class=\"\" id=\"\">\n\t\t\t\t\t\t\t\t\t\t\t\t<div class=\"td-content-wrapper\"><div class=\"td-content\">\n\t\t\t\t\t\t\t\t\t\t\t\t\t1 bis 52 Wochen\t\t\t\t\t\t\t\t\t\t\t\t<\/div><\/div>\n\t\t\t\t\t\t\t\t\t\t\t<\/td>\n\t\t\t\t\t\t\t\t\t\t\t\t\t\t\t\t\t\t\t\t\t\t\t\t\t\t<\/tr>\n\t\t\t        \t\t\t\t\t\t<tr>\n\t\t\t\t\t\t\t\t\t\t\t\t\t\t\t\t   \t\t\t\t\t\t\t\t\t\t\t<td colspan=\"\" rowspan=\"\" class=\"\" id=\"\">\n\t\t\t\t\t\t\t\t\t\t\t\t<div class=\"td-content-wrapper\"><div class=\"td-content\">\n\t\t\t\t\t\t\t\t\t\t\t\t\tDauer der Unterrichtsstunde:\t\t\t\t\t\t\t\t\t\t\t\t<\/div><\/div>\n\t\t\t\t\t\t\t\t\t\t\t<\/td>\n\t\t\t\t\t\t\t\t\t\t\t\t\t\t\t\t\t\t\t\t\t\t\t\t\t\t\t\t\t   \t\t\t\t\t\t\t\t\t\t\t<td colspan=\"\" rowspan=\"\" class=\"\" id=\"\">\n\t\t\t\t\t\t\t\t\t\t\t\t<div class=\"td-content-wrapper\"><div class=\"td-content\">\n\t\t\t\t\t\t\t\t\t\t\t\t\t55 Minuten\t\t\t\t\t\t\t\t\t\t\t\t<\/div><\/div>\n\t\t\t\t\t\t\t\t\t\t\t<\/td>\n\t\t\t\t\t\t\t\t\t\t\t\t\t\t\t\t\t\t\t\t\t\t\t\t\t\t<\/tr>\n\t\t\t        \t\t\t\t\t\t<tr>\n\t\t\t\t\t\t\t\t\t\t\t\t\t\t\t\t   \t\t\t\t\t\t\t\t\t\t\t<td colspan=\"\" rowspan=\"\" class=\"\" id=\"\">\n\t\t\t\t\t\t\t\t\t\t\t\t<div class=\"td-content-wrapper\"><div class=\"td-content\">\n\t\t\t\t\t\t\t\t\t\t\t\t\tUnterrichtszeiten:\t\t\t\t\t\t\t\t\t\t\t\t<\/div><\/div>\n\t\t\t\t\t\t\t\t\t\t\t<\/td>\n\t\t\t\t\t\t\t\t\t\t\t\t\t\t\t\t\t\t\t\t\t\t\t\t\t\t\t\t\t   \t\t\t\t\t\t\t\t\t\t\t<td colspan=\"\" rowspan=\"\" class=\"\" id=\"\">\n\t\t\t\t\t\t\t\t\t\t\t\t<div class=\"td-content-wrapper\"><div class=\"td-content\">\n\t\t\t\t\t\t\t\t\t\t\t\t\tmorgens und nachmittags\t\t\t\t\t\t\t\t\t\t\t\t<\/div><\/div>\n\t\t\t\t\t\t\t\t\t\t\t<\/td>\n\t\t\t\t\t\t\t\t\t\t\t\t\t\t\t\t\t\t\t\t\t\t\t\t\t\t<\/tr>\n\t\t\t        \t\t\t\t\t\t<tr>\n\t\t\t\t\t\t\t\t\t\t\t\t\t\t\t\t   \t\t\t\t\t\t\t\t\t\t\t<td colspan=\"\" rowspan=\"\" class=\"\" id=\"\">\n\t\t\t\t\t\t\t\t\t\t\t\t<div class=\"td-content-wrapper\"><div class=\"td-content\">\n\t\t\t\t\t\t\t\t\t\t\t\t\tMaximale Anzahl an Sch\u00fclern:\t\t\t\t\t\t\t\t\t\t\t\t<\/div><\/div>\n\t\t\t\t\t\t\t\t\t\t\t<\/td>\n\t\t\t\t\t\t\t\t\t\t\t\t\t\t\t\t\t\t\t\t\t\t\t\t\t\t\t\t\t   \t\t\t\t\t\t\t\t\t\t\t<td colspan=\"\" rowspan=\"\" class=\"\" id=\"\">\n\t\t\t\t\t\t\t\t\t\t\t\t<div class=\"td-content-wrapper\"><div class=\"td-content\">\n\t\t\t\t\t\t\t\t\t\t\t\t\t12 Sch\u00fcler\t\t\t\t\t\t\t\t\t\t\t\t<\/div><\/div>\n\t\t\t\t\t\t\t\t\t\t\t<\/td>\n\t\t\t\t\t\t\t\t\t\t\t\t\t\t\t\t\t\t\t\t\t\t\t\t\t\t<\/tr>\n\t\t\t        \t\t\t\t\t\t<tr>\n\t\t\t\t\t\t\t\t\t\t\t\t\t\t\t\t   \t\t\t\t\t\t\t\t\t\t\t<td colspan=\"\" rowspan=\"\" class=\"\" id=\"\">\n\t\t\t\t\t\t\t\t\t\t\t\t<div class=\"td-content-wrapper\"><div class=\"td-content\">\n\t\t\t\t\t\t\t\t\t\t\t\t\tLevel:\t\t\t\t\t\t\t\t\t\t\t\t<\/div><\/div>\n\t\t\t\t\t\t\t\t\t\t\t<\/td>\n\t\t\t\t\t\t\t\t\t\t\t\t\t\t\t\t\t\t\t\t\t\t\t\t\t\t\t\t\t   \t\t\t\t\t\t\t\t\t\t\t<td colspan=\"\" rowspan=\"\" class=\"\" id=\"\">\n\t\t\t\t\t\t\t\t\t\t\t\t<div class=\"td-content-wrapper\"><div class=\"td-content\">\n\t\t\t\t\t\t\t\t\t\t\t\t\tAnf\u00e4nger (<a href=\"\/planes-clase\/plan-clase-a1.pdf\" target=\"_blank\">A1<\/a>, <a href=\"\/planes-clase\/plan-clase-a2.pdf\" target=\"_blank\">A2<\/a>); Mittelstufe (<a href=\"\/planes-clase\/plan-clase-b1.pdf\" target=\"_blank\">B1<\/a>, <a href=\"\/planes-clase\/plan-clase-b2.pdf\" target=\"_blank\">B2<\/a>); Fortgeschrittene (<a href=\"\/planes-clase\/plan-clase-c1.pdf\" target=\"_blank\">C1<\/a>, <a href=\"\/planes-clase\/plan-clase-c2.pdf\" target=\"_blank\">C2<\/a>)\t\t\t\t\t\t\t\t\t\t\t\t<\/div><\/div>\n\t\t\t\t\t\t\t\t\t\t\t<\/td>\n\t\t\t\t\t\t\t\t\t\t\t\t\t\t\t\t\t\t\t\t\t\t\t\t\t\t<\/tr>\n\t\t\t        \t\t\t\t\t\t<tr>\n\t\t\t\t\t\t\t\t\t\t\t\t\t\t\t\t   \t\t\t\t\t\t\t\t\t\t\t<td colspan=\"\" rowspan=\"\" class=\"\" id=\"\">\n\t\t\t\t\t\t\t\t\t\t\t\t<div class=\"td-content-wrapper\"><div class=\"td-content\">\n\t\t\t\t\t\t\t\t\t\t\t\t\tMindestalter:\t\t\t\t\t\t\t\t\t\t\t\t<\/div><\/div>\n\t\t\t\t\t\t\t\t\t\t\t<\/td>\n\t\t\t\t\t\t\t\t\t\t\t\t\t\t\t\t\t\t\t\t\t\t\t\t\t\t\t\t\t   \t\t\t\t\t\t\t\t\t\t\t<td colspan=\"\" rowspan=\"\" class=\"\" id=\"\">\n\t\t\t\t\t\t\t\t\t\t\t\t<div class=\"td-content-wrapper\"><div class=\"td-content\">\n\t\t\t\t\t\t\t\t\t\t\t\t\t16 Jahre alt\t\t\t\t\t\t\t\t\t\t\t\t<\/div><\/div>\n\t\t\t\t\t\t\t\t\t\t\t<\/td>\n\t\t\t\t\t\t\t\t\t\t\t\t\t\t\t\t\t\t\t\t\t\t\t\t\t\t<\/tr>\n\t\t\t        \t\t\t    <\/tbody>\n\t\t\t<\/table>\n\t\t<\/div>\n\t  \t\t\t\t\t<\/div>\n\t\t\t\t<\/div>\n\t\t\t\t\t<\/div>\n\t\t<\/div>\n\t\t\t\t\t<\/div>\n\t\t<\/section>\n\t\t\t\t<section class=\"elementor-section elementor-top-section elementor-element elementor-element-793814d elementor-section-boxed elementor-section-height-default elementor-section-height-default\" data-id=\"793814d\" data-element_type=\"section\" data-e-type=\"section\">\n\t\t\t\t\t\t<div class=\"elementor-container elementor-column-gap-default\">\n\t\t\t\t\t<div class=\"elementor-column elementor-col-100 elementor-top-column elementor-element elementor-element-2b75dce\" data-id=\"2b75dce\" data-element_type=\"column\" data-e-type=\"column\">\n\t\t\t<div class=\"elementor-widget-wrap elementor-element-populated\">\n\t\t\t\t\t\t<div class=\"elementor-element elementor-element-4643e42 elementor-widget elementor-widget-heading\" data-id=\"4643e42\" data-element_type=\"widget\" data-e-type=\"widget\" data-widget_type=\"heading.default\">\n\t\t\t\t<div class=\"elementor-widget-container\">\n\t\t\t\t\t<h2 class=\"elementor-heading-title elementor-size-default\">Buchen und bezahlen!<\/h2>\t\t\t\t<\/div>\n\t\t\t\t<\/div>\n\t\t\t\t\t<\/div>\n\t\t<\/div>\n\t\t\t\t\t<\/div>\n\t\t<\/section>\n\t\t\t\t<\/div>\n\t\t","protected":false},"excerpt":{"rendered":"<p>Buchen und bezahlen! Unsere Kurse sind sehr praxisorientiert. Sie werden in einer freundlichen und unterhaltsamen Umgebung lernen. Unser Hauptziel ist es, Ihnen dabei zu helfen, Spanisch zu verstehen und selbstbewusst zu kommunizieren. Dieser Kurs erg\u00e4nzt den Intensivkurs 20 um 5 Privatstunden, die der Verbesserung der Kommunikation dienen\u00a0 und an die Bed\u00fcrfnisse des Sch\u00fclers angepasst werden &#8230; <a title=\"Curso combinado 20+5\" class=\"read-more\" href=\"https:\/\/maestromio.org\/de\/spanischkurse-in-malaga-spanien\/combined-205\/\" aria-label=\"Mehr Informationen \u00fcber Curso combinado 20+5\">Weiterlesen<\/a><\/p>\n","protected":false},"author":2,"featured_media":0,"parent":24016,"menu_order":0,"comment_status":"closed","ping_status":"closed","template":"calculadora_1_curso20_5_de.php","meta":{"inline_featured_image":false,"footnotes":""},"class_list":["post-43018","page","type-page","status-publish"],"yoast_head":"<!-- This site is optimized with the Yoast SEO plugin v27.4 - https:\/\/yoast.com\/product\/yoast-seo-wordpress\/ -->\n<title>Curso combinado 20+5 - Maestro m\u00edo - The language school<\/title>\n<meta name=\"robots\" content=\"index, follow, max-snippet:-1, max-image-preview:large, max-video-preview:-1\" \/>\n<link rel=\"canonical\" href=\"https:\/\/maestromio.org\/de\/spanischkurse-in-malaga-spanien\/combined-205\/\" \/>\n<meta property=\"og:locale\" content=\"de_DE\" \/>\n<meta property=\"og:type\" content=\"article\" \/>\n<meta property=\"og:title\" content=\"Curso combinado 20+5 - Maestro m\u00edo - The language school\" \/>\n<meta property=\"og:description\" content=\"Buchen und bezahlen! Unsere Kurse sind sehr praxisorientiert. Sie werden in einer freundlichen und unterhaltsamen Umgebung lernen. Unser Hauptziel ist es, Ihnen dabei zu helfen, Spanisch zu verstehen und selbstbewusst zu kommunizieren. Dieser Kurs erg\u00e4nzt den Intensivkurs 20 um 5 Privatstunden, die der Verbesserung der Kommunikation dienen\u00a0 und an die Bed\u00fcrfnisse des Sch\u00fclers angepasst werden ... Weiterlesen\" \/>\n<meta property=\"og:url\" content=\"https:\/\/maestromio.org\/de\/spanischkurse-in-malaga-spanien\/combined-205\/\" \/>\n<meta property=\"og:site_name\" content=\"Maestro m\u00edo - The language school\" \/>\n<meta property=\"article:publisher\" content=\"https:\/\/www.facebook.com\/MaestroMioMalaga\/\" \/>\n<meta property=\"article:modified_time\" content=\"2026-03-04T07:35:24+00:00\" \/>\n<meta property=\"og:image\" content=\"https:\/\/maestromio.org\/wp-content\/uploads\/logo_maestromio.png\" \/>\n\t<meta property=\"og:image:width\" content=\"350\" \/>\n\t<meta property=\"og:image:height\" content=\"188\" \/>\n\t<meta property=\"og:image:type\" content=\"image\/png\" \/>\n<meta name=\"twitter:card\" content=\"summary_large_image\" \/>\n<meta name=\"twitter:site\" content=\"@MaestroMio_\" \/>\n<meta name=\"twitter:label1\" content=\"Gesch\u00e4tzte Lesezeit\" \/>\n\t<meta name=\"twitter:data1\" content=\"1\u00a0Minute\" \/>\n<script type=\"application\/ld+json\" class=\"yoast-schema-graph\">{\"@context\":\"https:\\\/\\\/schema.org\",\"@graph\":[{\"@type\":\"WebPage\",\"@id\":\"https:\\\/\\\/maestromio.org\\\/de\\\/spanischkurse-in-malaga-spanien\\\/combined-205\\\/\",\"url\":\"https:\\\/\\\/maestromio.org\\\/de\\\/spanischkurse-in-malaga-spanien\\\/combined-205\\\/\",\"name\":\"Curso combinado 20+5 - Maestro m\u00edo - The language school\",\"isPartOf\":{\"@id\":\"https:\\\/\\\/maestromio.org\\\/de\\\/#website\"},\"datePublished\":\"2024-07-04T10:12:07+00:00\",\"dateModified\":\"2026-03-04T07:35:24+00:00\",\"breadcrumb\":{\"@id\":\"https:\\\/\\\/maestromio.org\\\/de\\\/spanischkurse-in-malaga-spanien\\\/combined-205\\\/#breadcrumb\"},\"inLanguage\":\"de\",\"potentialAction\":[{\"@type\":\"ReadAction\",\"target\":[\"https:\\\/\\\/maestromio.org\\\/de\\\/spanischkurse-in-malaga-spanien\\\/combined-205\\\/\"]}]},{\"@type\":\"BreadcrumbList\",\"@id\":\"https:\\\/\\\/maestromio.org\\\/de\\\/spanischkurse-in-malaga-spanien\\\/combined-205\\\/#breadcrumb\",\"itemListElement\":[{\"@type\":\"ListItem\",\"position\":1,\"name\":\"Home\",\"item\":\"https:\\\/\\\/maestromio.org\\\/de\\\/\"},{\"@type\":\"ListItem\",\"position\":2,\"name\":\"Spanischkurse in Malaga, Spanien\",\"item\":\"https:\\\/\\\/maestromio.org\\\/de\\\/spanischkurse-in-malaga-spanien\\\/\"},{\"@type\":\"ListItem\",\"position\":3,\"name\":\"Curso combinado 20+5\"}]},{\"@type\":\"WebSite\",\"@id\":\"https:\\\/\\\/maestromio.org\\\/de\\\/#website\",\"url\":\"https:\\\/\\\/maestromio.org\\\/de\\\/\",\"name\":\"MaestroM\u00edo - The Language School\",\"description\":\"Spanish Courses in Malaga\",\"publisher\":{\"@id\":\"https:\\\/\\\/maestromio.org\\\/de\\\/#organization\"},\"alternateName\":\"MaestroM\u00edo\",\"potentialAction\":[{\"@type\":\"SearchAction\",\"target\":{\"@type\":\"EntryPoint\",\"urlTemplate\":\"https:\\\/\\\/maestromio.org\\\/de\\\/?s={search_term_string}\"},\"query-input\":{\"@type\":\"PropertyValueSpecification\",\"valueRequired\":true,\"valueName\":\"search_term_string\"}}],\"inLanguage\":\"de\"},{\"@type\":\"Organization\",\"@id\":\"https:\\\/\\\/maestromio.org\\\/de\\\/#organization\",\"name\":\"Maestro m\u00edo - The language school\",\"alternateName\":\"Maestromio\",\"url\":\"https:\\\/\\\/maestromio.org\\\/de\\\/\",\"logo\":{\"@type\":\"ImageObject\",\"inLanguage\":\"de\",\"@id\":\"https:\\\/\\\/maestromio.org\\\/de\\\/#\\\/schema\\\/logo\\\/image\\\/\",\"url\":\"https:\\\/\\\/maestromio.org\\\/wp-content\\\/uploads\\\/cropped-logo_maestromio.png\",\"contentUrl\":\"https:\\\/\\\/maestromio.org\\\/wp-content\\\/uploads\\\/cropped-logo_maestromio.png\",\"width\":165,\"height\":165,\"caption\":\"Maestro m\u00edo - The language school\"},\"image\":{\"@id\":\"https:\\\/\\\/maestromio.org\\\/de\\\/#\\\/schema\\\/logo\\\/image\\\/\"},\"sameAs\":[\"https:\\\/\\\/www.facebook.com\\\/MaestroMioMalaga\\\/\",\"https:\\\/\\\/x.com\\\/MaestroMio_\",\"https:\\\/\\\/www.instagram.com\\\/maestromioschool\\\/\"]}]}<\/script>\n<!-- \/ Yoast SEO plugin. -->","yoast_head_json":{"title":"Curso combinado 20+5 - Maestro m\u00edo - The language school","robots":{"index":"index","follow":"follow","max-snippet":"max-snippet:-1","max-image-preview":"max-image-preview:large","max-video-preview":"max-video-preview:-1"},"canonical":"https:\/\/maestromio.org\/de\/spanischkurse-in-malaga-spanien\/combined-205\/","og_locale":"de_DE","og_type":"article","og_title":"Curso combinado 20+5 - Maestro m\u00edo - The language school","og_description":"Buchen und bezahlen! Unsere Kurse sind sehr praxisorientiert. Sie werden in einer freundlichen und unterhaltsamen Umgebung lernen. Unser Hauptziel ist es, Ihnen dabei zu helfen, Spanisch zu verstehen und selbstbewusst zu kommunizieren. Dieser Kurs erg\u00e4nzt den Intensivkurs 20 um 5 Privatstunden, die der Verbesserung der Kommunikation dienen\u00a0 und an die Bed\u00fcrfnisse des Sch\u00fclers angepasst werden ... Weiterlesen","og_url":"https:\/\/maestromio.org\/de\/spanischkurse-in-malaga-spanien\/combined-205\/","og_site_name":"Maestro m\u00edo - The language school","article_publisher":"https:\/\/www.facebook.com\/MaestroMioMalaga\/","article_modified_time":"2026-03-04T07:35:24+00:00","og_image":[{"width":350,"height":188,"url":"https:\/\/maestromio.org\/wp-content\/uploads\/logo_maestromio.png","type":"image\/png"}],"twitter_card":"summary_large_image","twitter_site":"@MaestroMio_","twitter_misc":{"Gesch\u00e4tzte Lesezeit":"1\u00a0Minute"},"schema":{"@context":"https:\/\/schema.org","@graph":[{"@type":"WebPage","@id":"https:\/\/maestromio.org\/de\/spanischkurse-in-malaga-spanien\/combined-205\/","url":"https:\/\/maestromio.org\/de\/spanischkurse-in-malaga-spanien\/combined-205\/","name":"Curso combinado 20+5 - Maestro m\u00edo - The language school","isPartOf":{"@id":"https:\/\/maestromio.org\/de\/#website"},"datePublished":"2024-07-04T10:12:07+00:00","dateModified":"2026-03-04T07:35:24+00:00","breadcrumb":{"@id":"https:\/\/maestromio.org\/de\/spanischkurse-in-malaga-spanien\/combined-205\/#breadcrumb"},"inLanguage":"de","potentialAction":[{"@type":"ReadAction","target":["https:\/\/maestromio.org\/de\/spanischkurse-in-malaga-spanien\/combined-205\/"]}]},{"@type":"BreadcrumbList","@id":"https:\/\/maestromio.org\/de\/spanischkurse-in-malaga-spanien\/combined-205\/#breadcrumb","itemListElement":[{"@type":"ListItem","position":1,"name":"Home","item":"https:\/\/maestromio.org\/de\/"},{"@type":"ListItem","position":2,"name":"Spanischkurse in Malaga, Spanien","item":"https:\/\/maestromio.org\/de\/spanischkurse-in-malaga-spanien\/"},{"@type":"ListItem","position":3,"name":"Curso combinado 20+5"}]},{"@type":"WebSite","@id":"https:\/\/maestromio.org\/de\/#website","url":"https:\/\/maestromio.org\/de\/","name":"MaestroM\u00edo - The Language School","description":"Spanish Courses in Malaga","publisher":{"@id":"https:\/\/maestromio.org\/de\/#organization"},"alternateName":"MaestroM\u00edo","potentialAction":[{"@type":"SearchAction","target":{"@type":"EntryPoint","urlTemplate":"https:\/\/maestromio.org\/de\/?s={search_term_string}"},"query-input":{"@type":"PropertyValueSpecification","valueRequired":true,"valueName":"search_term_string"}}],"inLanguage":"de"},{"@type":"Organization","@id":"https:\/\/maestromio.org\/de\/#organization","name":"Maestro m\u00edo - The language school","alternateName":"Maestromio","url":"https:\/\/maestromio.org\/de\/","logo":{"@type":"ImageObject","inLanguage":"de","@id":"https:\/\/maestromio.org\/de\/#\/schema\/logo\/image\/","url":"https:\/\/maestromio.org\/wp-content\/uploads\/cropped-logo_maestromio.png","contentUrl":"https:\/\/maestromio.org\/wp-content\/uploads\/cropped-logo_maestromio.png","width":165,"height":165,"caption":"Maestro m\u00edo - The language school"},"image":{"@id":"https:\/\/maestromio.org\/de\/#\/schema\/logo\/image\/"},"sameAs":["https:\/\/www.facebook.com\/MaestroMioMalaga\/","https:\/\/x.com\/MaestroMio_","https:\/\/www.instagram.com\/maestromioschool\/"]}]}},"_links":{"self":[{"href":"https:\/\/maestromio.org\/de\/wp-json\/wp\/v2\/pages\/43018","targetHints":{"allow":["GET"]}}],"collection":[{"href":"https:\/\/maestromio.org\/de\/wp-json\/wp\/v2\/pages"}],"about":[{"href":"https:\/\/maestromio.org\/de\/wp-json\/wp\/v2\/types\/page"}],"author":[{"embeddable":true,"href":"https:\/\/maestromio.org\/de\/wp-json\/wp\/v2\/users\/2"}],"replies":[{"embeddable":true,"href":"https:\/\/maestromio.org\/de\/wp-json\/wp\/v2\/comments?post=43018"}],"version-history":[{"count":4,"href":"https:\/\/maestromio.org\/de\/wp-json\/wp\/v2\/pages\/43018\/revisions"}],"predecessor-version":[{"id":43022,"href":"https:\/\/maestromio.org\/de\/wp-json\/wp\/v2\/pages\/43018\/revisions\/43022"}],"up":[{"embeddable":true,"href":"https:\/\/maestromio.org\/de\/wp-json\/wp\/v2\/pages\/24016"}],"wp:attachment":[{"href":"https:\/\/maestromio.org\/de\/wp-json\/wp\/v2\/media?parent=43018"}],"curies":[{"name":"wp","href":"https:\/\/api.w.org\/{rel}","templated":true}]}}