{"id":42720,"date":"2026-02-25T10:18:37","date_gmt":"2026-02-25T09:18:37","guid":{"rendered":"https:\/\/maestromio.org\/?page_id=42720"},"modified":"2026-02-25T10:18:37","modified_gmt":"2026-02-25T09:18:37","slug":"level-test","status":"publish","type":"page","link":"https:\/\/maestromio.org\/de\/level-test\/","title":{"rendered":"Test \u00fcber dein Sprachniveau"},"content":{"rendered":"<div><\/div>\n<div>M\u00f6chtest du mit uns Spanisch lernen?<\/div>\n<div>Dann laden wir dich dazu ein, diesen schnellen Test zu absolvieren. Dadurch erlangen wir einen \u00dcberblick \u00fcber deinen aktuellen Kenntnisstand und k\u00f6nnen dich einem passenden Kurs zuteilen.<\/div>\n<div><\/div>\n<div>Der Test ist schnell, einfach und unverbindlich. Du brauchst nicht besorgt zu sein, wenn du nicht alle Antworten wei\u00dft. Das Wichtigste ist, dass wir dein Sprachlevel herausfinden, um dir die beste Lernerfahrung erm\u00f6glichen zu k\u00f6nnen.<\/div>\n<div><\/div>\n<div>Los geht&#8217;s? <img decoding=\"async\" class=\"an1 alignnone\" draggable=\"false\" src=\"https:\/\/fonts.gstatic.com\/s\/e\/notoemoji\/17.0\/1f609\/72.png\" alt=\"\ud83d\ude09\" width=\"23\" height=\"23\" data-emoji=\"\ud83d\ude09\" aria-label=\"\ud83d\ude09\" \/><\/div>\n<div style=\"text-align: center;\"><iframe src=\"https:\/\/docs.google.com\/forms\/d\/e\/1FAIpQLSesoNyMcOSgrRyv48Sm4-HoImLVckKkxWQo9NzOpoaJLxdmZg\/viewform?embedded=true\" width=\"640\" height=\"2000\" frameborder=\"0\" marginwidth=\"0\" marginheight=\"0\" data-mce-fragment=\"1\">Cargando\u2026<\/iframe><\/div>\n","protected":false},"excerpt":{"rendered":"<p>M\u00f6chtest du mit uns Spanisch lernen? Dann laden wir dich dazu ein, diesen schnellen Test zu absolvieren. Dadurch erlangen wir einen \u00dcberblick \u00fcber deinen aktuellen Kenntnisstand und k\u00f6nnen dich einem passenden Kurs zuteilen. Der Test ist schnell, einfach und unverbindlich. Du brauchst nicht besorgt zu sein, wenn du nicht alle Antworten wei\u00dft. Das Wichtigste ist, &#8230; <a title=\"Test \u00fcber dein Sprachniveau\" class=\"read-more\" href=\"https:\/\/maestromio.org\/de\/level-test\/\" aria-label=\"Mehr Informationen \u00fcber Test \u00fcber dein Sprachniveau\">Weiterlesen<\/a><\/p>\n","protected":false},"author":23,"featured_media":0,"parent":0,"menu_order":0,"comment_status":"closed","ping_status":"closed","template":"","meta":{"inline_featured_image":false,"footnotes":""},"class_list":["post-42720","page","type-page","status-publish"],"yoast_head":"<!-- This site is optimized with the Yoast SEO plugin v27.3 - https:\/\/yoast.com\/product\/yoast-seo-wordpress\/ -->\n<title>Test \u00fcber dein Sprachniveau - Maestro m\u00edo - The language school<\/title>\n<meta name=\"robots\" content=\"index, follow, max-snippet:-1, max-image-preview:large, max-video-preview:-1\" \/>\n<link rel=\"canonical\" href=\"https:\/\/maestromio.org\/de\/level-test\/\" \/>\n<meta property=\"og:locale\" content=\"de_DE\" \/>\n<meta property=\"og:type\" content=\"article\" \/>\n<meta property=\"og:title\" content=\"Test \u00fcber dein Sprachniveau - Maestro m\u00edo - The language school\" \/>\n<meta property=\"og:description\" content=\"M\u00f6chtest du mit uns Spanisch lernen? Dann laden wir dich dazu ein, diesen schnellen Test zu absolvieren. Dadurch erlangen wir einen \u00dcberblick \u00fcber deinen aktuellen Kenntnisstand und k\u00f6nnen dich einem passenden Kurs zuteilen. Der Test ist schnell, einfach und unverbindlich. Du brauchst nicht besorgt zu sein, wenn du nicht alle Antworten wei\u00dft. Das Wichtigste ist, ... Weiterlesen\" \/>\n<meta property=\"og:url\" content=\"https:\/\/maestromio.org\/de\/level-test\/\" \/>\n<meta property=\"og:site_name\" content=\"Maestro m\u00edo - The language school\" \/>\n<meta property=\"article:publisher\" content=\"https:\/\/www.facebook.com\/MaestroMioMalaga\/\" \/>\n<meta property=\"og:image\" content=\"https:\/\/fonts.gstatic.com\/s\/e\/notoemoji\/17.0\/1f609\/72.png\" \/>\n<meta name=\"twitter:card\" content=\"summary_large_image\" \/>\n<meta name=\"twitter:site\" content=\"@MaestroMio_\" \/>\n<meta name=\"twitter:label1\" content=\"Gesch\u00e4tzte Lesezeit\" \/>\n\t<meta name=\"twitter:data1\" content=\"1\u00a0Minute\" \/>\n<script type=\"application\/ld+json\" class=\"yoast-schema-graph\">{\"@context\":\"https:\\\/\\\/schema.org\",\"@graph\":[{\"@type\":\"WebPage\",\"@id\":\"https:\\\/\\\/maestromio.org\\\/de\\\/level-test\\\/\",\"url\":\"https:\\\/\\\/maestromio.org\\\/de\\\/level-test\\\/\",\"name\":\"Test \u00fcber dein Sprachniveau - Maestro m\u00edo - The language school\",\"isPartOf\":{\"@id\":\"https:\\\/\\\/maestromio.org\\\/de\\\/#website\"},\"primaryImageOfPage\":{\"@id\":\"https:\\\/\\\/maestromio.org\\\/de\\\/level-test\\\/#primaryimage\"},\"image\":{\"@id\":\"https:\\\/\\\/maestromio.org\\\/de\\\/level-test\\\/#primaryimage\"},\"thumbnailUrl\":\"https:\\\/\\\/fonts.gstatic.com\\\/s\\\/e\\\/notoemoji\\\/17.0\\\/1f609\\\/72.png\",\"datePublished\":\"2026-02-25T09:18:37+00:00\",\"breadcrumb\":{\"@id\":\"https:\\\/\\\/maestromio.org\\\/de\\\/level-test\\\/#breadcrumb\"},\"inLanguage\":\"de\",\"potentialAction\":[{\"@type\":\"ReadAction\",\"target\":[\"https:\\\/\\\/maestromio.org\\\/de\\\/level-test\\\/\"]}]},{\"@type\":\"ImageObject\",\"inLanguage\":\"de\",\"@id\":\"https:\\\/\\\/maestromio.org\\\/de\\\/level-test\\\/#primaryimage\",\"url\":\"https:\\\/\\\/fonts.gstatic.com\\\/s\\\/e\\\/notoemoji\\\/17.0\\\/1f609\\\/72.png\",\"contentUrl\":\"https:\\\/\\\/fonts.gstatic.com\\\/s\\\/e\\\/notoemoji\\\/17.0\\\/1f609\\\/72.png\"},{\"@type\":\"BreadcrumbList\",\"@id\":\"https:\\\/\\\/maestromio.org\\\/de\\\/level-test\\\/#breadcrumb\",\"itemListElement\":[{\"@type\":\"ListItem\",\"position\":1,\"name\":\"Home\",\"item\":\"https:\\\/\\\/maestromio.org\\\/de\\\/\"},{\"@type\":\"ListItem\",\"position\":2,\"name\":\"Test \u00fcber dein Sprachniveau\"}]},{\"@type\":\"WebSite\",\"@id\":\"https:\\\/\\\/maestromio.org\\\/de\\\/#website\",\"url\":\"https:\\\/\\\/maestromio.org\\\/de\\\/\",\"name\":\"MaestroM\u00edo - The Language School\",\"description\":\"Spanish Courses in Malaga\",\"publisher\":{\"@id\":\"https:\\\/\\\/maestromio.org\\\/de\\\/#organization\"},\"alternateName\":\"MaestroM\u00edo\",\"potentialAction\":[{\"@type\":\"SearchAction\",\"target\":{\"@type\":\"EntryPoint\",\"urlTemplate\":\"https:\\\/\\\/maestromio.org\\\/de\\\/?s={search_term_string}\"},\"query-input\":{\"@type\":\"PropertyValueSpecification\",\"valueRequired\":true,\"valueName\":\"search_term_string\"}}],\"inLanguage\":\"de\"},{\"@type\":\"Organization\",\"@id\":\"https:\\\/\\\/maestromio.org\\\/de\\\/#organization\",\"name\":\"Maestro m\u00edo - The language school\",\"alternateName\":\"Maestromio\",\"url\":\"https:\\\/\\\/maestromio.org\\\/de\\\/\",\"logo\":{\"@type\":\"ImageObject\",\"inLanguage\":\"de\",\"@id\":\"https:\\\/\\\/maestromio.org\\\/de\\\/#\\\/schema\\\/logo\\\/image\\\/\",\"url\":\"https:\\\/\\\/maestromio.org\\\/wp-content\\\/uploads\\\/cropped-logo_maestromio.png\",\"contentUrl\":\"https:\\\/\\\/maestromio.org\\\/wp-content\\\/uploads\\\/cropped-logo_maestromio.png\",\"width\":165,\"height\":165,\"caption\":\"Maestro m\u00edo - The language school\"},\"image\":{\"@id\":\"https:\\\/\\\/maestromio.org\\\/de\\\/#\\\/schema\\\/logo\\\/image\\\/\"},\"sameAs\":[\"https:\\\/\\\/www.facebook.com\\\/MaestroMioMalaga\\\/\",\"https:\\\/\\\/x.com\\\/MaestroMio_\",\"https:\\\/\\\/www.instagram.com\\\/maestromioschool\\\/\"]}]}<\/script>\n<!-- \/ Yoast SEO plugin. -->","yoast_head_json":{"title":"Test \u00fcber dein Sprachniveau - Maestro m\u00edo - The language school","robots":{"index":"index","follow":"follow","max-snippet":"max-snippet:-1","max-image-preview":"max-image-preview:large","max-video-preview":"max-video-preview:-1"},"canonical":"https:\/\/maestromio.org\/de\/level-test\/","og_locale":"de_DE","og_type":"article","og_title":"Test \u00fcber dein Sprachniveau - Maestro m\u00edo - The language school","og_description":"M\u00f6chtest du mit uns Spanisch lernen? Dann laden wir dich dazu ein, diesen schnellen Test zu absolvieren. Dadurch erlangen wir einen \u00dcberblick \u00fcber deinen aktuellen Kenntnisstand und k\u00f6nnen dich einem passenden Kurs zuteilen. Der Test ist schnell, einfach und unverbindlich. Du brauchst nicht besorgt zu sein, wenn du nicht alle Antworten wei\u00dft. Das Wichtigste ist, ... Weiterlesen","og_url":"https:\/\/maestromio.org\/de\/level-test\/","og_site_name":"Maestro m\u00edo - The language school","article_publisher":"https:\/\/www.facebook.com\/MaestroMioMalaga\/","og_image":[{"url":"https:\/\/fonts.gstatic.com\/s\/e\/notoemoji\/17.0\/1f609\/72.png","type":"","width":"","height":""}],"twitter_card":"summary_large_image","twitter_site":"@MaestroMio_","twitter_misc":{"Gesch\u00e4tzte Lesezeit":"1\u00a0Minute"},"schema":{"@context":"https:\/\/schema.org","@graph":[{"@type":"WebPage","@id":"https:\/\/maestromio.org\/de\/level-test\/","url":"https:\/\/maestromio.org\/de\/level-test\/","name":"Test \u00fcber dein Sprachniveau - Maestro m\u00edo - The language school","isPartOf":{"@id":"https:\/\/maestromio.org\/de\/#website"},"primaryImageOfPage":{"@id":"https:\/\/maestromio.org\/de\/level-test\/#primaryimage"},"image":{"@id":"https:\/\/maestromio.org\/de\/level-test\/#primaryimage"},"thumbnailUrl":"https:\/\/fonts.gstatic.com\/s\/e\/notoemoji\/17.0\/1f609\/72.png","datePublished":"2026-02-25T09:18:37+00:00","breadcrumb":{"@id":"https:\/\/maestromio.org\/de\/level-test\/#breadcrumb"},"inLanguage":"de","potentialAction":[{"@type":"ReadAction","target":["https:\/\/maestromio.org\/de\/level-test\/"]}]},{"@type":"ImageObject","inLanguage":"de","@id":"https:\/\/maestromio.org\/de\/level-test\/#primaryimage","url":"https:\/\/fonts.gstatic.com\/s\/e\/notoemoji\/17.0\/1f609\/72.png","contentUrl":"https:\/\/fonts.gstatic.com\/s\/e\/notoemoji\/17.0\/1f609\/72.png"},{"@type":"BreadcrumbList","@id":"https:\/\/maestromio.org\/de\/level-test\/#breadcrumb","itemListElement":[{"@type":"ListItem","position":1,"name":"Home","item":"https:\/\/maestromio.org\/de\/"},{"@type":"ListItem","position":2,"name":"Test \u00fcber dein Sprachniveau"}]},{"@type":"WebSite","@id":"https:\/\/maestromio.org\/de\/#website","url":"https:\/\/maestromio.org\/de\/","name":"MaestroM\u00edo - The Language School","description":"Spanish Courses in Malaga","publisher":{"@id":"https:\/\/maestromio.org\/de\/#organization"},"alternateName":"MaestroM\u00edo","potentialAction":[{"@type":"SearchAction","target":{"@type":"EntryPoint","urlTemplate":"https:\/\/maestromio.org\/de\/?s={search_term_string}"},"query-input":{"@type":"PropertyValueSpecification","valueRequired":true,"valueName":"search_term_string"}}],"inLanguage":"de"},{"@type":"Organization","@id":"https:\/\/maestromio.org\/de\/#organization","name":"Maestro m\u00edo - The language school","alternateName":"Maestromio","url":"https:\/\/maestromio.org\/de\/","logo":{"@type":"ImageObject","inLanguage":"de","@id":"https:\/\/maestromio.org\/de\/#\/schema\/logo\/image\/","url":"https:\/\/maestromio.org\/wp-content\/uploads\/cropped-logo_maestromio.png","contentUrl":"https:\/\/maestromio.org\/wp-content\/uploads\/cropped-logo_maestromio.png","width":165,"height":165,"caption":"Maestro m\u00edo - The language school"},"image":{"@id":"https:\/\/maestromio.org\/de\/#\/schema\/logo\/image\/"},"sameAs":["https:\/\/www.facebook.com\/MaestroMioMalaga\/","https:\/\/x.com\/MaestroMio_","https:\/\/www.instagram.com\/maestromioschool\/"]}]}},"_links":{"self":[{"href":"https:\/\/maestromio.org\/de\/wp-json\/wp\/v2\/pages\/42720","targetHints":{"allow":["GET"]}}],"collection":[{"href":"https:\/\/maestromio.org\/de\/wp-json\/wp\/v2\/pages"}],"about":[{"href":"https:\/\/maestromio.org\/de\/wp-json\/wp\/v2\/types\/page"}],"author":[{"embeddable":true,"href":"https:\/\/maestromio.org\/de\/wp-json\/wp\/v2\/users\/23"}],"replies":[{"embeddable":true,"href":"https:\/\/maestromio.org\/de\/wp-json\/wp\/v2\/comments?post=42720"}],"version-history":[{"count":1,"href":"https:\/\/maestromio.org\/de\/wp-json\/wp\/v2\/pages\/42720\/revisions"}],"predecessor-version":[{"id":42721,"href":"https:\/\/maestromio.org\/de\/wp-json\/wp\/v2\/pages\/42720\/revisions\/42721"}],"wp:attachment":[{"href":"https:\/\/maestromio.org\/de\/wp-json\/wp\/v2\/media?parent=42720"}],"curies":[{"name":"wp","href":"https:\/\/api.w.org\/{rel}","templated":true}]}}