{"id":15843,"date":"2020-11-16T14:01:39","date_gmt":"2020-11-16T13:01:39","guid":{"rendered":"https:\/\/www.maestromio.org\/privacy-policy\/"},"modified":"2023-05-30T19:41:00","modified_gmt":"2023-05-30T18:41:00","slug":"datenschutzbestimmungen","status":"publish","type":"page","link":"https:\/\/maestromio.org\/de\/datenschutzbestimmungen\/","title":{"rendered":"Datenschutzbestimmungen"},"content":{"rendered":"<p>Jeder Nutzer, der seine pers\u00f6nlichen Daten \u00fcber diese Website angeben m\u00f6chte, muss vollj\u00e4hrig sein.<\/p>\n<p>Aus rechtlichen Gr\u00fcnden werden die Nutzer dar\u00fcber informiert, dass alle Daten, die durch das Ausf\u00fcllen der verschiedenen Formulare auf der Webseite erhoben werden, einer automatisierten Verarbeitung unterliegen und in eine automatisierte Datei aufgenommen werden, die ordnungsgem\u00e4\u00df im Allgemeinen Datenschutzregister registriert ist, dessen Verwalter und Empf\u00e4nger SCHOOL BRIO, SL, im Folgenden &#8222;MAESTROM\u00cdO&#8220;, mit CIF: B93723443, mit Sitz in der Calle Calle Mart\u00ednez, 12, 1\u00ba C, 29005, M\u00e1laga (Spanien) und der E-Mail Adresse protecciondedatos@maestromio.org.<\/p>\n<p>Der Zweck der Verarbeitung h\u00e4ngt von der Art des ausgef\u00fcllten Formulars ab. In jedem Fall werden derzeit die folgenden Zwecke verfolgt:<\/p>\n<p>1 &#8211; Erfassung der notwendigen Daten des Nutzers f\u00fcr die Zusendung von Informationen \u00fcber die von den Nutzern angeforderten Dienstleistungen<\/p>\n<p>Bei den in den Kontaktformularen erfassten Daten handelt es sich um den Namen des Antragstellers, die Kontakt-E-Mail-Adresse, die Nationalit\u00e4t und die Daten, die f\u00fcr die \u00dcbermittlung von Informationen \u00fcber die angefragte Dienstleistung ben\u00f6tigt werden.<\/p>\n<p>2 &#8211; Erfassung der notwendigen Daten des Nutzers f\u00fcr die Einschreibung in unsere Kurse und andere Dienstleistungen.<\/p>\n<p>Bei den im Anmeldeformular und im Tarifrechner erfassten Daten handelt es sich um den Vor- und Nachnamen des Anmelders, die E-Mail-Adresse und die Kontakttelefonnummer sowie um die Daten, die angegeben werden, um Informationen \u00fcber den in Anspruch genommenen und reservierten Dienst bereitstellen zu k\u00f6nnen.<\/p>\n<p>Der Nutzer gibt seine ausdr\u00fcckliche Zustimmung zur Verarbeitung seiner pers\u00f6nlichen Daten durch MAESTROM\u00cdO gem\u00e4\u00df den in diesem Abschnitt beschriebenen Bedingungen, wenn er auf &#8222;Ich akzeptiere&#8220; im Formular klickt und sp\u00e4ter auf &#8222;Senden&#8220; geht.<\/p>\n<p><strong>DATEN\u00dcBERTRAGUNG<\/strong><\/p>\n<p>Die in diesen Formularen erhobenen Daten werden nicht weitergegeben.<\/p>\n<p><strong>WIE LANGE WERDEN WIR IHRE PERS\u00d6NLICHEN DATEN AUFBEWAHREN?\u00a0<\/strong><\/p>\n<p>Wir bewahren Ihre Daten so lange auf, wie der Zweck, f\u00fcr den sie erhoben wurden, aufrechterhalten wird und Sie nicht die L\u00f6schung der Daten aus unseren Dateien verlangen. Wenn sie f\u00fcr diesen Zweck nicht mehr erforderlich sind oder Sie uns bitten, sie zu l\u00f6schen, bewahren wir die Daten, die f\u00fcr die Beantwortung von Fragen im Zusammenhang mit Ihrer Behandlung erforderlich sind, w\u00e4hrend der gesetzlich festgelegten Fristen bis zu maximal einem Jahr gesperrt auf. Nach Ablauf der gesetzlichen Fristen werden die personenbezogenen Daten unter Anwendung geeigneter Sicherheitsma\u00dfnahmen, die ihre vollst\u00e4ndige Vernichtung gew\u00e4hrleisten, gel\u00f6scht.<\/p>\n<p><strong>SICHERHEITSMA\u00dfNAHMEN<\/strong><\/p>\n<p>Der Verantwortliche f\u00fcr die Datei hat die gesetzlich vorgeschriebenen Sicherheitsma\u00dfnahmen zum Schutz personenbezogener Daten ergriffen und alle nach dem Stand der Technik verf\u00fcgbaren Mittel und technischen Ma\u00dfnahmen ergriffen, um den Verlust, den Missbrauch, die Ver\u00e4nderung, den unbefugten Zugriff und den Diebstahl der \u00fcbermittelten personenbezogenen Daten zu verhindern.<\/p>\n<p><strong>WELCHE RECHTE HABEN SIE IN BEZUG AUF IHRE DATEN UND WIE K\u00d6NNEN SIE DIESE AUS\u00dcBEN?\u00a0<\/strong><\/p>\n<p>Neben dem Recht, \u00fcber die Art und Weise informiert zu werden, wie wir in dieser Klausel vorgehen, haben Sie die folgenden Rechte:<\/p>\n<p>-Sie haben das Recht zu erfahren, welche Ihrer Daten verarbeitet werden, zu welchen Zwecken sie verwendet werden, woher sie stammen und ob wir sie an Dritte weitergeben oder weitergegeben haben.<\/p>\n<p>-das Recht, Ihre Daten zu \u00e4ndern, wenn sie unvollst\u00e4ndig oder unrichtig sind;<\/p>\n<p>-das Recht, Ihre Daten zu l\u00f6schen, wenn der Zweck, zu dem Sie sie uns zur Verf\u00fcgung gestellt haben, weggefallen ist, wenn die Verarbeitung nicht rechtm\u00e4\u00dfig ist, oder Ihre Einwilligung zu widerrufen sowie in anderen gesetzlich geregelten F\u00e4llen<\/p>\n<p>-Recht auf Widerspruch, um zu verhindern, dass wir Ihre Daten f\u00fcr bestimmte Zwecke verarbeiten, oder um zu verlangen, dass wir die Verarbeitung einstellen, obwohl dies nur in den gesetzlich festgelegten F\u00e4llen m\u00f6glich ist<\/p>\n<p>-Recht, die Einschr\u00e4nkung der Verarbeitung zu verlangen, w\u00e4hrend die Anfechtung der Richtigkeit derselben \u00fcberpr\u00fcft wird, oder zu verstehen, dass die Verarbeitung rechtswidrig ist, und sich der L\u00f6schung der Daten zu widersetzen, oder MAESTROM\u00cdO die Daten nicht mehr ben\u00f6tigt, sondern sie f\u00fcr die Formulierung, Aus\u00fcbung oder Verteidigung von Anspr\u00fcchen ben\u00f6tigt, oder sich ihrer Verarbeitung zur Befriedigung eines berechtigten Interesses widersetzt hat, w\u00e4hrend das Vorhandensein des genannten Interesses und sein \u00dcberwiegen gegen\u00fcber Ihrem Interesse \u00fcberpr\u00fcft wird<\/p>\n<p>-Recht auf \u00dcbertragbarkeit, um Ihre Daten in einem strukturierten und g\u00e4ngigen elektronischen Format zu erhalten und sie einem anderen Verantwortlichen \u00fcbermitteln zu k\u00f6nnen<\/p>\n<p>-Recht, keinen automatisierten Einzelentscheidungen unterworfen zu werden, so dass wir keine Entscheidung \u00fcber Sie treffen, die nur auf der Verarbeitung Ihrer Daten beruht und die Rechtswirkungen in Ihrer pers\u00f6nlichen Sph\u00e4re entfaltet oder Sie in \u00e4hnlicher Weise betrifft.<\/p>\n<p>Um eines dieser Rechte auszu\u00fcben, k\u00f6nnen Sie sich schriftlich oder per E-Mail an die im Abschnitt &#8222;Rechtliche Hinweise&#8220; genannte Adresse von MAESTROM\u00cdO wenden.<\/p>\n<p>, M\u00e1laga (Spanien) und der E-Mail Adresse protecciondedatos@maestromio.org.<\/p>\n<p>Der Zweck der Verarbeitung h\u00e4ngt von der Art des ausgef\u00fcllten Formulars ab. In jedem Fall werden derzeit die folgenden Zwecke verfolgt:<\/p>\n<p>1 &#8211; Erfassung der notwendigen Daten des Nutzers f\u00fcr die Zusendung von Informationen \u00fcber die von den Nutzern angeforderten Dienstleistungen<\/p>\n<p>Bei den in den Kontaktformularen erfassten Daten handelt es sich um den Namen des Antragstellers, die Kontakt-E-Mail-Adresse, die Nationalit\u00e4t und die Daten, die f\u00fcr die \u00dcbermittlung von Informationen \u00fcber die angefragte Dienstleistung ben\u00f6tigt werden.<\/p>\n<p>2 &#8211; Erfassung der notwendigen Daten des Nutzers f\u00fcr die Einschreibung in unsere Kurse und andere Dienstleistungen.<\/p>\n<p>Bei den im Anmeldeformular und im Tarifrechner erfassten Daten handelt es sich um den Vor- und Nachnamen des Anmelders, die E-Mail-Adresse und die Kontakttelefonnummer sowie um die Daten, die angegeben werden, um Informationen \u00fcber den in Anspruch genommenen und reservierten Dienst bereitstellen zu k\u00f6nnen.<\/p>\n<p>Der Nutzer gibt seine ausdr\u00fcckliche Zustimmung zur Verarbeitung seiner pers\u00f6nlichen Daten durch MAESTROM\u00cdO gem\u00e4\u00df den in diesem Abschnitt beschriebenen Bedingungen, wenn er auf &#8222;Ich akzeptiere&#8220; im Formular klickt und sp\u00e4ter auf &#8222;Senden&#8220; geht.<\/p>\n<p><strong>DATEN\u00dcBERTRAGUNG<\/strong><\/p>\n<p>Die in diesen Formularen erhobenen Daten werden nicht weitergegeben.<\/p>\n<p><strong>WIE LANGE WERDEN WIR IHRE PERS\u00d6NLICHEN DATEN AUFBEWAHREN?\u00a0<\/strong><\/p>\n<p>Wir bewahren Ihre Daten so lange auf, wie der Zweck, f\u00fcr den sie erhoben wurden, aufrechterhalten wird und Sie nicht die L\u00f6schung der Daten aus unseren Dateien verlangen. Wenn sie f\u00fcr diesen Zweck nicht mehr erforderlich sind oder Sie uns bitten, sie zu l\u00f6schen, bewahren wir die Daten, die f\u00fcr die Beantwortung von Fragen im Zusammenhang mit Ihrer Behandlung erforderlich sind, w\u00e4hrend der gesetzlich festgelegten Fristen bis zu maximal einem Jahr gesperrt auf. Nach Ablauf der gesetzlichen Fristen werden die personenbezogenen Daten unter Anwendung geeigneter Sicherheitsma\u00dfnahmen, die ihre vollst\u00e4ndige Vernichtung gew\u00e4hrleisten, gel\u00f6scht.<\/p>\n<p><strong>SICHERHEITSMA\u00dfNAHMEN<\/strong><\/p>\n<p>Der Verantwortliche f\u00fcr die Datei hat die gesetzlich vorgeschriebenen Sicherheitsma\u00dfnahmen zum Schutz personenbezogener Daten ergriffen und alle nach dem Stand der Technik verf\u00fcgbaren Mittel und technischen Ma\u00dfnahmen ergriffen, um den Verlust, den Missbrauch, die Ver\u00e4nderung, den unbefugten Zugriff und den Diebstahl der \u00fcbermittelten personenbezogenen Daten zu verhindern.<\/p>\n<p><strong>WELCHE RECHTE HABEN SIE IN BEZUG AUF IHRE DATEN UND WIE K\u00d6NNEN SIE DIESE AUS\u00dcBEN?\u00a0<\/strong><\/p>\n<p>Neben dem Recht, \u00fcber die Art und Weise informiert zu werden, wie wir in dieser Klausel vorgehen, haben Sie die folgenden Rechte:<\/p>\n<p>-Sie haben das Recht zu erfahren, welche Ihrer Daten verarbeitet werden, zu welchen Zwecken sie verwendet werden, woher sie stammen und ob wir sie an Dritte weitergeben oder weitergegeben haben.<\/p>\n<p>-das Recht, Ihre Daten zu \u00e4ndern, wenn sie unvollst\u00e4ndig oder unrichtig sind;<\/p>\n<p>-das Recht, Ihre Daten zu l\u00f6schen, wenn der Zweck, zu dem Sie sie uns zur Verf\u00fcgung gestellt haben, weggefallen ist, wenn die Verarbeitung nicht rechtm\u00e4\u00dfig ist, oder Ihre Einwilligung zu widerrufen sowie in anderen gesetzlich geregelten F\u00e4llen<\/p>\n<p>-Recht auf Widerspruch, um zu verhindern, dass wir Ihre Daten f\u00fcr bestimmte Zwecke verarbeiten, oder um zu verlangen, dass wir die Verarbeitung einstellen, obwohl dies nur in den gesetzlich festgelegten F\u00e4llen m\u00f6glich ist<\/p>\n<p>-Recht, die Einschr\u00e4nkung der Verarbeitung zu verlangen, w\u00e4hrend die Anfechtung der Richtigkeit derselben \u00fcberpr\u00fcft wird, oder zu verstehen, dass die Verarbeitung rechtswidrig ist, und sich der L\u00f6schung der Daten zu widersetzen, oder MAESTROM\u00cdO die Daten nicht mehr ben\u00f6tigt, sondern sie f\u00fcr die Formulierung, Aus\u00fcbung oder Verteidigung von Anspr\u00fcchen ben\u00f6tigt, oder sich ihrer Verarbeitung zur Befriedigung eines berechtigten Interesses widersetzt hat, w\u00e4hrend das Vorhandensein des genannten Interesses und sein \u00dcberwiegen gegen\u00fcber Ihrem Interesse \u00fcberpr\u00fcft wird<\/p>\n<p>-Recht auf \u00dcbertragbarkeit, um Ihre Daten in einem strukturierten und g\u00e4ngigen elektronischen Format zu erhalten und sie einem anderen Verantwortlichen \u00fcbermitteln zu k\u00f6nnen<\/p>\n<p>-Recht, keinen automatisierten Einzelentscheidungen unterworfen zu werden, so dass wir keine Entscheidung \u00fcber Sie treffen, die nur auf der Verarbeitung Ihrer Daten beruht und die Rechtswirkungen in Ihrer pers\u00f6nlichen Sph\u00e4re entfaltet oder Sie in \u00e4hnlicher Weise betrifft.<\/p>\n<p>Um eines dieser Rechte auszu\u00fcben, k\u00f6nnen Sie sich schriftlich oder per E-Mail an die im Abschnitt &#8222;Rechtliche Hinweise&#8220; genannte Adresse von MAESTROM\u00cdO wenden.<\/p>\n<p>&nbsp;<\/p>\n","protected":false},"excerpt":{"rendered":"<p>Jeder Nutzer, der seine pers\u00f6nlichen Daten \u00fcber diese Website angeben m\u00f6chte, muss vollj\u00e4hrig sein. Aus rechtlichen Gr\u00fcnden werden die Nutzer dar\u00fcber informiert, dass alle Daten, die durch das Ausf\u00fcllen der verschiedenen Formulare auf der Webseite erhoben werden, einer automatisierten Verarbeitung unterliegen und in eine automatisierte Datei aufgenommen werden, die ordnungsgem\u00e4\u00df im Allgemeinen Datenschutzregister registriert ist, &#8230; <a title=\"Datenschutzbestimmungen\" class=\"read-more\" href=\"https:\/\/maestromio.org\/de\/datenschutzbestimmungen\/\" aria-label=\"Mehr Informationen \u00fcber Datenschutzbestimmungen\">Weiterlesen<\/a><\/p>\n","protected":false},"author":2,"featured_media":0,"parent":0,"menu_order":0,"comment_status":"closed","ping_status":"closed","template":"","meta":{"inline_featured_image":false,"footnotes":""},"class_list":["post-15843","page","type-page","status-publish"],"yoast_head":"<!-- This site is optimized with the Yoast SEO plugin v27.3 - https:\/\/yoast.com\/product\/yoast-seo-wordpress\/ -->\n<title>Datenschutzbestimmungen - Maestro m\u00edo - The language school<\/title>\n<meta name=\"robots\" content=\"index, follow, max-snippet:-1, max-image-preview:large, max-video-preview:-1\" \/>\n<link rel=\"canonical\" href=\"https:\/\/maestromio.org\/de\/datenschutzbestimmungen\/\" \/>\n<meta property=\"og:locale\" content=\"de_DE\" \/>\n<meta property=\"og:type\" content=\"article\" \/>\n<meta property=\"og:title\" content=\"Datenschutzbestimmungen - Maestro m\u00edo - The language school\" \/>\n<meta property=\"og:description\" content=\"Jeder Nutzer, der seine pers\u00f6nlichen Daten \u00fcber diese Website angeben m\u00f6chte, muss vollj\u00e4hrig sein. Aus rechtlichen Gr\u00fcnden werden die Nutzer dar\u00fcber informiert, dass alle Daten, die durch das Ausf\u00fcllen der verschiedenen Formulare auf der Webseite erhoben werden, einer automatisierten Verarbeitung unterliegen und in eine automatisierte Datei aufgenommen werden, die ordnungsgem\u00e4\u00df im Allgemeinen Datenschutzregister registriert ist, ... Weiterlesen\" \/>\n<meta property=\"og:url\" content=\"https:\/\/maestromio.org\/de\/datenschutzbestimmungen\/\" \/>\n<meta property=\"og:site_name\" content=\"Maestro m\u00edo - The language school\" \/>\n<meta property=\"article:publisher\" content=\"https:\/\/www.facebook.com\/MaestroMioMalaga\/\" \/>\n<meta property=\"article:modified_time\" content=\"2023-05-30T18:41:00+00:00\" \/>\n<meta property=\"og:image\" content=\"https:\/\/maestromio.org\/wp-content\/uploads\/logo_maestromio.png\" \/>\n\t<meta property=\"og:image:width\" content=\"350\" \/>\n\t<meta property=\"og:image:height\" content=\"188\" \/>\n\t<meta property=\"og:image:type\" content=\"image\/png\" \/>\n<meta name=\"twitter:card\" content=\"summary_large_image\" \/>\n<meta name=\"twitter:site\" content=\"@MaestroMio_\" \/>\n<meta name=\"twitter:label1\" content=\"Gesch\u00e4tzte Lesezeit\" \/>\n\t<meta name=\"twitter:data1\" content=\"7\u00a0Minuten\" \/>\n<script type=\"application\/ld+json\" class=\"yoast-schema-graph\">{\"@context\":\"https:\\\/\\\/schema.org\",\"@graph\":[{\"@type\":\"WebPage\",\"@id\":\"https:\\\/\\\/maestromio.org\\\/de\\\/datenschutzbestimmungen\\\/\",\"url\":\"https:\\\/\\\/maestromio.org\\\/de\\\/datenschutzbestimmungen\\\/\",\"name\":\"Datenschutzbestimmungen - Maestro m\u00edo - The language school\",\"isPartOf\":{\"@id\":\"https:\\\/\\\/maestromio.org\\\/de\\\/#website\"},\"datePublished\":\"2020-11-16T13:01:39+00:00\",\"dateModified\":\"2023-05-30T18:41:00+00:00\",\"breadcrumb\":{\"@id\":\"https:\\\/\\\/maestromio.org\\\/de\\\/datenschutzbestimmungen\\\/#breadcrumb\"},\"inLanguage\":\"de\",\"potentialAction\":[{\"@type\":\"ReadAction\",\"target\":[\"https:\\\/\\\/maestromio.org\\\/de\\\/datenschutzbestimmungen\\\/\"]}]},{\"@type\":\"BreadcrumbList\",\"@id\":\"https:\\\/\\\/maestromio.org\\\/de\\\/datenschutzbestimmungen\\\/#breadcrumb\",\"itemListElement\":[{\"@type\":\"ListItem\",\"position\":1,\"name\":\"Home\",\"item\":\"https:\\\/\\\/maestromio.org\\\/de\\\/\"},{\"@type\":\"ListItem\",\"position\":2,\"name\":\"Datenschutzbestimmungen\"}]},{\"@type\":\"WebSite\",\"@id\":\"https:\\\/\\\/maestromio.org\\\/de\\\/#website\",\"url\":\"https:\\\/\\\/maestromio.org\\\/de\\\/\",\"name\":\"MaestroM\u00edo - The Language School\",\"description\":\"Spanish Courses in Malaga\",\"publisher\":{\"@id\":\"https:\\\/\\\/maestromio.org\\\/de\\\/#organization\"},\"alternateName\":\"MaestroM\u00edo\",\"potentialAction\":[{\"@type\":\"SearchAction\",\"target\":{\"@type\":\"EntryPoint\",\"urlTemplate\":\"https:\\\/\\\/maestromio.org\\\/de\\\/?s={search_term_string}\"},\"query-input\":{\"@type\":\"PropertyValueSpecification\",\"valueRequired\":true,\"valueName\":\"search_term_string\"}}],\"inLanguage\":\"de\"},{\"@type\":\"Organization\",\"@id\":\"https:\\\/\\\/maestromio.org\\\/de\\\/#organization\",\"name\":\"Maestro m\u00edo - The language school\",\"alternateName\":\"Maestromio\",\"url\":\"https:\\\/\\\/maestromio.org\\\/de\\\/\",\"logo\":{\"@type\":\"ImageObject\",\"inLanguage\":\"de\",\"@id\":\"https:\\\/\\\/maestromio.org\\\/de\\\/#\\\/schema\\\/logo\\\/image\\\/\",\"url\":\"https:\\\/\\\/maestromio.org\\\/wp-content\\\/uploads\\\/cropped-logo_maestromio.png\",\"contentUrl\":\"https:\\\/\\\/maestromio.org\\\/wp-content\\\/uploads\\\/cropped-logo_maestromio.png\",\"width\":165,\"height\":165,\"caption\":\"Maestro m\u00edo - The language school\"},\"image\":{\"@id\":\"https:\\\/\\\/maestromio.org\\\/de\\\/#\\\/schema\\\/logo\\\/image\\\/\"},\"sameAs\":[\"https:\\\/\\\/www.facebook.com\\\/MaestroMioMalaga\\\/\",\"https:\\\/\\\/x.com\\\/MaestroMio_\",\"https:\\\/\\\/www.instagram.com\\\/maestromioschool\\\/\"]}]}<\/script>\n<!-- \/ Yoast SEO plugin. -->","yoast_head_json":{"title":"Datenschutzbestimmungen - Maestro m\u00edo - The language school","robots":{"index":"index","follow":"follow","max-snippet":"max-snippet:-1","max-image-preview":"max-image-preview:large","max-video-preview":"max-video-preview:-1"},"canonical":"https:\/\/maestromio.org\/de\/datenschutzbestimmungen\/","og_locale":"de_DE","og_type":"article","og_title":"Datenschutzbestimmungen - Maestro m\u00edo - The language school","og_description":"Jeder Nutzer, der seine pers\u00f6nlichen Daten \u00fcber diese Website angeben m\u00f6chte, muss vollj\u00e4hrig sein. Aus rechtlichen Gr\u00fcnden werden die Nutzer dar\u00fcber informiert, dass alle Daten, die durch das Ausf\u00fcllen der verschiedenen Formulare auf der Webseite erhoben werden, einer automatisierten Verarbeitung unterliegen und in eine automatisierte Datei aufgenommen werden, die ordnungsgem\u00e4\u00df im Allgemeinen Datenschutzregister registriert ist, ... Weiterlesen","og_url":"https:\/\/maestromio.org\/de\/datenschutzbestimmungen\/","og_site_name":"Maestro m\u00edo - The language school","article_publisher":"https:\/\/www.facebook.com\/MaestroMioMalaga\/","article_modified_time":"2023-05-30T18:41:00+00:00","og_image":[{"width":350,"height":188,"url":"https:\/\/maestromio.org\/wp-content\/uploads\/logo_maestromio.png","type":"image\/png"}],"twitter_card":"summary_large_image","twitter_site":"@MaestroMio_","twitter_misc":{"Gesch\u00e4tzte Lesezeit":"7\u00a0Minuten"},"schema":{"@context":"https:\/\/schema.org","@graph":[{"@type":"WebPage","@id":"https:\/\/maestromio.org\/de\/datenschutzbestimmungen\/","url":"https:\/\/maestromio.org\/de\/datenschutzbestimmungen\/","name":"Datenschutzbestimmungen - Maestro m\u00edo - The language school","isPartOf":{"@id":"https:\/\/maestromio.org\/de\/#website"},"datePublished":"2020-11-16T13:01:39+00:00","dateModified":"2023-05-30T18:41:00+00:00","breadcrumb":{"@id":"https:\/\/maestromio.org\/de\/datenschutzbestimmungen\/#breadcrumb"},"inLanguage":"de","potentialAction":[{"@type":"ReadAction","target":["https:\/\/maestromio.org\/de\/datenschutzbestimmungen\/"]}]},{"@type":"BreadcrumbList","@id":"https:\/\/maestromio.org\/de\/datenschutzbestimmungen\/#breadcrumb","itemListElement":[{"@type":"ListItem","position":1,"name":"Home","item":"https:\/\/maestromio.org\/de\/"},{"@type":"ListItem","position":2,"name":"Datenschutzbestimmungen"}]},{"@type":"WebSite","@id":"https:\/\/maestromio.org\/de\/#website","url":"https:\/\/maestromio.org\/de\/","name":"MaestroM\u00edo - The Language School","description":"Spanish Courses in Malaga","publisher":{"@id":"https:\/\/maestromio.org\/de\/#organization"},"alternateName":"MaestroM\u00edo","potentialAction":[{"@type":"SearchAction","target":{"@type":"EntryPoint","urlTemplate":"https:\/\/maestromio.org\/de\/?s={search_term_string}"},"query-input":{"@type":"PropertyValueSpecification","valueRequired":true,"valueName":"search_term_string"}}],"inLanguage":"de"},{"@type":"Organization","@id":"https:\/\/maestromio.org\/de\/#organization","name":"Maestro m\u00edo - The language school","alternateName":"Maestromio","url":"https:\/\/maestromio.org\/de\/","logo":{"@type":"ImageObject","inLanguage":"de","@id":"https:\/\/maestromio.org\/de\/#\/schema\/logo\/image\/","url":"https:\/\/maestromio.org\/wp-content\/uploads\/cropped-logo_maestromio.png","contentUrl":"https:\/\/maestromio.org\/wp-content\/uploads\/cropped-logo_maestromio.png","width":165,"height":165,"caption":"Maestro m\u00edo - The language school"},"image":{"@id":"https:\/\/maestromio.org\/de\/#\/schema\/logo\/image\/"},"sameAs":["https:\/\/www.facebook.com\/MaestroMioMalaga\/","https:\/\/x.com\/MaestroMio_","https:\/\/www.instagram.com\/maestromioschool\/"]}]}},"_links":{"self":[{"href":"https:\/\/maestromio.org\/de\/wp-json\/wp\/v2\/pages\/15843","targetHints":{"allow":["GET"]}}],"collection":[{"href":"https:\/\/maestromio.org\/de\/wp-json\/wp\/v2\/pages"}],"about":[{"href":"https:\/\/maestromio.org\/de\/wp-json\/wp\/v2\/types\/page"}],"author":[{"embeddable":true,"href":"https:\/\/maestromio.org\/de\/wp-json\/wp\/v2\/users\/2"}],"replies":[{"embeddable":true,"href":"https:\/\/maestromio.org\/de\/wp-json\/wp\/v2\/comments?post=15843"}],"version-history":[{"count":5,"href":"https:\/\/maestromio.org\/de\/wp-json\/wp\/v2\/pages\/15843\/revisions"}],"predecessor-version":[{"id":19196,"href":"https:\/\/maestromio.org\/de\/wp-json\/wp\/v2\/pages\/15843\/revisions\/19196"}],"wp:attachment":[{"href":"https:\/\/maestromio.org\/de\/wp-json\/wp\/v2\/media?parent=15843"}],"curies":[{"name":"wp","href":"https:\/\/api.w.org\/{rel}","templated":true}]}}