{"id":15836,"date":"2021-08-23T12:28:05","date_gmt":"2021-08-23T11:28:05","guid":{"rendered":"https:\/\/www.maestromio.org\/legal-notice\/"},"modified":"2023-05-30T19:55:48","modified_gmt":"2023-05-30T18:55:48","slug":"rechtliche-hinweise","status":"publish","type":"page","link":"https:\/\/maestromio.org\/de\/rechtliche-hinweise\/","title":{"rendered":"Rechtliche Hinweise"},"content":{"rendered":"<p>In \u00dcbereinstimmung mit Art. 10 des Gesetzes 34\/2002 vom 11. Juli \u00fcber die Dienstleistungen der Informationsgesellschaft und den E-Commerce, stellen wir die folgenden Informationen zur Verf\u00fcgung:<\/p>\n<p>Der Eigent\u00fcmer der Website maestromio.org ist die Gesellschaft SCHOOL BRIO, SL, im Folgenden &#8222;MAESTROM\u00cdO&#8220;, mit Cif: B93723443 und eingetragenem Firmensitz in der Calle Mart\u00ednez 12, 1\u00ba C, 29005, M\u00e1laga (Spanien) und der Email-Adresse protecciondedatos@maestromio.org<\/p>\n<p>MAESTROM\u00cdO informiert die Nutzer der Website, dass sie die geltende spanische Gesetzgebung und insbesondere die VERORDNUNG (EU) 2016\/679 DES EUROP\u00c4ISCHEN PARLAMENTS UND DES RATES vom 27. April 2016 \u00fcber den Schutz personenbezogener Daten und das Organgesetz zum Schutz personenbezogener Daten (im Folgenden LOPD) sowie das Gesetz 34\/2002 vom 11. Juli \u00fcber Dienstleistungen der Informationsgesellschaft und des E-Commerce (im Folgenden LSSICE) beachtet.<\/p>\n<p>Folglich wird der Nutzer \u00fcber die Bedingungen f\u00fcr den Zugang und die Nutzung der Website informiert.<\/p>\n<p><strong>Allgemeine Regeln<\/strong><\/p>\n<p>Die Nutzung dieser Website setzt die Zuweisung der Eigenschaft &#8222;Nutzer&#8220; und gegebenenfalls die vollst\u00e4ndige Annahme aller in diesem &#8222;Rechtlichen Hinweis&#8220; enthaltenen Bestimmungen ab dem Zeitpunkt des Zugriffs auf die Website voraus.<\/p>\n<p>Die vorliegenden Bedingungen sind diejenigen, die zum Zeitpunkt ihrer letzten Aktualisierung gelten. MAESTROM\u00cdO beh\u00e4lt sich das Recht vor, sie jederzeit und ohne Vorank\u00fcndigung zu \u00e4ndern. In diesem Fall treten sie mit ihrer Ver\u00f6ffentlichung in Kraft und gelten ab diesem Datum f\u00fcr alle Portalnutzer. Aus diesem Grund empfiehlt MAESTROM\u00cdO den Nutzern, den Inhalt des vorliegenden &#8222;Rechtlichen Hinweises&#8220; jedes Mal sorgf\u00e4ltig zu lesen, wenn sie die Website betreten und nutzen wollen.<\/p>\n<p>Alle Dienstleistungen im Zusammenhang mit dieser Website sind \u00f6ffentlich und kostenlos, mit Ausnahme der Kosten f\u00fcr die Verbindung \u00fcber das Telekommunikationsnetz, die von dem von ihm beauftragten Provider bereitgestellt werden.<\/p>\n<p>Der Zugang und\/oder die Nutzung dieses Portals MAESTROM\u00cdO setzt voraus, dass der NUTZER mit diesem Zugang und\/oder dieser Nutzung die hier aufgef\u00fchrten Allgemeinen Nutzungsbedingungen akzeptiert. Die vorgenannten Bedingungen gelten unabh\u00e4ngig von den Allgemeinen Vertragsbedingungen, die in ihrem Fall zwingend sind.<\/p>\n<p><strong>Datenschutzpolitik<\/strong><\/p>\n<p>Sie k\u00f6nnen unsere Datenschutzrichtlinien einsehen unter: https:\/\/www.maestromio.org\/privacy-policy\/<\/p>\n<p><strong>Kommerzielle Emails<\/strong><\/p>\n<p>In \u00dcbereinstimmung mit dem LSSICE f\u00fchrt MAESTROM\u00cdO keine Spamming-Praktiken durch und versendet daher keine kommerziellen E-Mails, die nicht zuvor vom Benutzer angefordert oder genehmigt wurden. Folglich hat der Benutzer in jedem der Formulare auf der Website die M\u00f6glichkeit, seine ausdr\u00fcckliche Zustimmung zum Erhalt von Werbe-E-Mails mit Informationen \u00fcber neue Dienstleistungen zu geben, unabh\u00e4ngig von den rechtzeitig angeforderten kommerziellen Informationen.<\/p>\n<p>Die erteilte Zustimmung kann vom Nutzer jederzeit \u00fcber das auf der Website selbst festgelegte Verfahren widerrufen werden.<\/p>\n<p><strong>Cookies und Links<\/strong><\/p>\n<p>Diese Website verwendet Cookies f\u00fcr statistische Zwecke der Nutzung. Diese Cookies speichern nur die IP-Adressen der Nutzer und niemals pers\u00f6nliche Informationen, wie z. B. die E-Mail-Adresse selbst. Andererseits k\u00f6nnen die auf der Festplatte enthaltenen Informationen niemals durch ein Cookie extrahiert werden. Cookies sind in der Regel zeitlich begrenzt, und der Nutzer kann seinen Browser gegebenenfalls so konfigurieren, dass er die empfangenen Cookies akzeptiert oder nicht akzeptiert bzw. dass er \u00fcber deren Empfang informiert wird. In diesem Fall wenden Sie sich bitte an Ihren Provider.<\/p>\n<p>Andererseits ist MAESTROM\u00cdO nicht Eigent\u00fcmer der anderen Websites, auf die \u00fcber Links oder Hyperlinks zugegriffen werden kann. Infolgedessen greift der Nutzer auf deren jeweilige Inhalte und Nutzungsbedingungen unter seiner alleinigen Verantwortung zu.<\/p>\n<p><strong>Gewerbliches und geistiges Eigentum<\/strong><\/p>\n<p>Die Marken, Handelsnamen oder Unterscheidungszeichen sind Eigentum von MAESTROM\u00cdO oder gegebenenfalls von Dritten. Gleichzeitig ist MAESTROM\u00cdO auch Eigent\u00fcmer aller Inhalte der Website, sofern nicht anders angegeben, worunter lediglich illustrative Texte, Grafiken und Icons, Video- und\/oder Audioelemente, Quellcodes usw. verstanden werden.<\/p>\n<p>Folglich verleiht der Zugang zur Website dem Benutzer keinerlei Rechte an diesen Inhalten, und ihre Nutzung und Vervielf\u00e4ltigung, ganz oder teilweise, ist ohne die ausdr\u00fcckliche Genehmigung von MAESTROM\u00cdO verboten.<\/p>\n<p>Der Nutzer ist jedoch berechtigt, Links zu setzen, die auf die Website f\u00fchren, sofern: 1) Die Identit\u00e4t des Eigent\u00fcmers nachgewiesen wird. 2) Der Link nur auf die Haupt- oder Startseite verweisen darf, ohne diese in irgendeiner Weise zu vervielf\u00e4ltigen. 3) Er weder die Marke MAESTROM\u00cdO noch ein anderes Unterscheidungsmerkmal verwendet 4) Die Seiten oder Websites des Netzes, \u00fcber die der Link hergestellt wird, nicht gegen Moral, \u00f6ffentliche Ordnung und gute Gewohnheiten versto\u00dfen d\u00fcrfen und sie m\u00fcssen die Grunds\u00e4tze der Gleichbehandlung und der Achtung der Menschenw\u00fcrde, des Jugendschutzes und des Schutzes der Minderj\u00e4hrigen und im Allgemeinen alle in Artikel 8 des LSSICE enthaltenen Grunds\u00e4tze respektieren.<\/p>\n<p>In jedem Fall ist jede \u00c4nderung der Website, die ihre aktuelle Gestaltung und ihren Inhalt beeintr\u00e4chtigen k\u00f6nnte, verboten.<\/p>\n<p>MAESTROM\u00cdO wird den Versto\u00df gegen diesen &#8222;Rechtlichen Hinweis&#8220; sowie jede missbr\u00e4uchliche Verwendung von gesch\u00fctztem gewerblichen oder geistigen Eigentum verfolgen.<\/p>\n<p><strong>Verantwortung<\/strong><\/p>\n<p>MAESTROM\u00cdO haftet unter keinen Umst\u00e4nden f\u00fcr Sch\u00e4den, die aus der illegalen oder unsachgem\u00e4\u00dfen Nutzung dieser Website entstehen k\u00f6nnen.<\/p>\n<p>Gleichzeitig ist MAESTROM\u00cdO von jeglicher Verantwortung f\u00fcr Sch\u00e4den befreit, die durch den Zugang, die Vervielf\u00e4ltigung, die Erfassung und die \u00dcbertragung von Inhalten und Diensten der Website durch Dritte verursacht werden k\u00f6nnen.<\/p>\n<p>MAESTROM\u00cdO \u00fcbernimmt keine Garantie f\u00fcr die Eignung, Verf\u00fcgbarkeit, Aktualit\u00e4t oder Genauigkeit der auf der Website enthaltenen Informationen, und diese k\u00f6nnen ohne vorherige Ank\u00fcndigung aktualisiert, ge\u00e4ndert oder gel\u00f6scht werden. In jedem Fall weisen wir den BENUTZER darauf hin, die Informationen auf der Website nicht f\u00fcr private Zwecke zu verwenden, ohne den Rat oder die Aufsicht eines Fachmanns einzuholen.<\/p>\n<p>Der NUTZER \u00fcbernimmt die Verantwortung f\u00fcr die Nutzung des Portals. Diese Verantwortung erstreckt sich auch auf die Registrierung, die f\u00fcr den Zugang zu bestimmten Dienstleistungen (falls zutreffend) erforderlich ist. Bei dieser Registrierung ist der NUTZER daf\u00fcr verantwortlich, wahrheitsgem\u00e4\u00dfe und rechtm\u00e4\u00dfige Angaben zu machen. Als Ergebnis dieser Registrierung kann dem NUTZER ein Passwort zugeteilt werden, f\u00fcr das er verantwortlich ist und mit dem er sich verpflichtet, es sorgf\u00e4ltig und vertraulich zu verwenden. Der NUTZER verpflichtet sich, die Inhalte und Dienste (wie z.B. Chat-Dienste, Diskussionsforen oder Newsgroups), die MAESTROM\u00cdO \u00fcber sein Portal anbieten kann, in angemessener Weise zu nutzen und sie nicht zu verwenden, um (i) illegale, rechtswidrige oder gegen Treu und Glauben und die \u00f6ffentliche Ordnung versto\u00dfende Aktivit\u00e4ten zu begehen; (ii) Inhalte oder Propaganda rassistischer, fremdenfeindlicher, pornografisch-rechtswidriger Art, zur Verteidigung des Terrorismus oder eines Angriffs auf die Menschenrechte zu verbreiten; (iii) Sch\u00e4den an den physischen und logischen Systemen von MAESTROM\u00cdO, seinen Lieferanten oder Dritten zu verursachen, Computerviren oder andere physische oder logische Systeme einzuf\u00fchren oder zu verbreiten, die geeignet sind, die oben genannten Sch\u00e4den zu verursachen; (iv) zu versuchen, auf die E-Mail-Konten anderer Nutzer zuzugreifen und diese gegebenenfalls zu nutzen und deren Nachrichten zu ver\u00e4ndern oder zu manipulieren. MAESTROM\u00cdO beh\u00e4lt sich das Recht vor, alle Kommentare und Beitr\u00e4ge zur\u00fcckzuziehen, die die Achtung der Menschenw\u00fcrde verletzen, diskriminierend, fremdenfeindlich, rassistisch oder pornografisch sind, die Jugend oder das Kindeswohl, die \u00f6ffentliche Ordnung oder Sicherheit bedrohen oder die nach Ansicht von MAESTROM\u00cdO nicht zur Ver\u00f6ffentlichung geeignet sind. In jedem Fall ist MAESTROM\u00cdO nicht verantwortlich f\u00fcr die von den Nutzern in Foren, Chats oder anderen Beteiligungsinstrumenten ge\u00e4u\u00dferten Meinungen.<\/p>\n<p>F\u00fcr den Fall, dass maestromio.org Links oder Hyperlinks zu anderen Internetseiten enth\u00e4lt, \u00fcbt MAESTROM\u00cdO keinerlei Kontrolle \u00fcber diese Seiten und Inhalte aus. In keinem Fall \u00fcbernimmt MAESTROM\u00cdO die Verantwortung f\u00fcr den Inhalt eines Links, der zu einer Website eines Dritten geh\u00f6rt, noch garantiert es die technische Verf\u00fcgbarkeit, Qualit\u00e4t, Zuverl\u00e4ssigkeit, Genauigkeit, Breite, Wahrhaftigkeit, G\u00fcltigkeit und Verfassungsm\u00e4\u00dfigkeit des Materials oder der Informationen, die in einem dieser Hyperlinks oder anderen Internetseiten enthalten sind. Ebenso wenig bedeutet die Aufnahme dieser externen Verbindungen irgendeine Art von Assoziation, Fusion oder Beteiligung mit den verbundenen Einrichtungen.<\/p>\n<p>Schlie\u00dflich beh\u00e4lt sich MAESTROM\u00cdO das Recht vor, die \u00fcber die Website erbrachten Dienstleistungen vor\u00fcbergehend oder dauerhaft zu unterbrechen, wobei dies, wenn m\u00f6glich, durch eine Ank\u00fcndigung auf dem Portal selbst angek\u00fcndigt wird.<\/p>\n<p><strong>\u00c4nderung der Bestimmungen<\/strong><\/p>\n<p>MAESTROM\u00cdO beh\u00e4lt sich das Recht vor, den vorliegenden &#8222;Rechtlichen Hinweis&#8220;, einschlie\u00dflich seiner Datenschutz- und Gesch\u00e4ftspolitik, zu \u00e4ndern, um ihn an neue Gesetzgebung oder Rechtsprechung anzupassen.<\/p>\n<p>Anwendbare Gesetzgebung und Rechtsprechung<\/p>\n<p>Die vorliegenden Bedingungen f\u00fcr den Zugang und die Nutzung der Website unterliegen der spanischen Rechtsordnung.<\/p>\n<p>F\u00fcr die Kl\u00e4rung etwaiger Differenzen bei der Auslegung und\/oder Einhaltung der vorliegenden Bedingungen f\u00fcr den Zugang und die Nutzung der Website unterwerfen sich der Nutzer und MAESTROM\u00cdO unter Verzicht auf ihre eigene Zust\u00e4ndigkeit der Gerichtsbarkeit und Kompetenz der Gerichte von M\u00e1laga, Spanien.<\/p>\n<p>&nbsp;<\/p>\n","protected":false},"excerpt":{"rendered":"<p>In \u00dcbereinstimmung mit Art. 10 des Gesetzes 34\/2002 vom 11. Juli \u00fcber die Dienstleistungen der Informationsgesellschaft und den E-Commerce, stellen wir die folgenden Informationen zur Verf\u00fcgung: Der Eigent\u00fcmer der Website maestromio.org ist die Gesellschaft SCHOOL BRIO, SL, im Folgenden &#8222;MAESTROM\u00cdO&#8220;, mit Cif: B93723443 und eingetragenem Firmensitz in der Calle Mart\u00ednez 12, 1\u00ba C, 29005, M\u00e1laga &#8230; <a title=\"Rechtliche Hinweise\" class=\"read-more\" href=\"https:\/\/maestromio.org\/de\/rechtliche-hinweise\/\" aria-label=\"Mehr Informationen \u00fcber Rechtliche Hinweise\">Weiterlesen<\/a><\/p>\n","protected":false},"author":2,"featured_media":0,"parent":0,"menu_order":0,"comment_status":"closed","ping_status":"closed","template":"","meta":{"inline_featured_image":false,"footnotes":""},"class_list":["post-15836","page","type-page","status-publish"],"yoast_head":"<!-- This site is optimized with the Yoast SEO plugin v27.3 - https:\/\/yoast.com\/product\/yoast-seo-wordpress\/ -->\n<title>Rechtliche Hinweise - Maestro m\u00edo - The language school<\/title>\n<meta name=\"robots\" content=\"index, follow, max-snippet:-1, max-image-preview:large, max-video-preview:-1\" \/>\n<link rel=\"canonical\" href=\"https:\/\/maestromio.org\/de\/rechtliche-hinweise\/\" \/>\n<meta property=\"og:locale\" content=\"de_DE\" \/>\n<meta property=\"og:type\" content=\"article\" \/>\n<meta property=\"og:title\" content=\"Rechtliche Hinweise - Maestro m\u00edo - The language school\" \/>\n<meta property=\"og:description\" content=\"In \u00dcbereinstimmung mit Art. 10 des Gesetzes 34\/2002 vom 11. Juli \u00fcber die Dienstleistungen der Informationsgesellschaft und den E-Commerce, stellen wir die folgenden Informationen zur Verf\u00fcgung: Der Eigent\u00fcmer der Website maestromio.org ist die Gesellschaft SCHOOL BRIO, SL, im Folgenden &#8222;MAESTROM\u00cdO&#8220;, mit Cif: B93723443 und eingetragenem Firmensitz in der Calle Mart\u00ednez 12, 1\u00ba C, 29005, M\u00e1laga ... Weiterlesen\" \/>\n<meta property=\"og:url\" content=\"https:\/\/maestromio.org\/de\/rechtliche-hinweise\/\" \/>\n<meta property=\"og:site_name\" content=\"Maestro m\u00edo - The language school\" \/>\n<meta property=\"article:publisher\" content=\"https:\/\/www.facebook.com\/MaestroMioMalaga\/\" \/>\n<meta property=\"article:modified_time\" content=\"2023-05-30T18:55:48+00:00\" \/>\n<meta property=\"og:image\" content=\"https:\/\/maestromio.org\/wp-content\/uploads\/logo_maestromio.png\" \/>\n\t<meta property=\"og:image:width\" content=\"350\" \/>\n\t<meta property=\"og:image:height\" content=\"188\" \/>\n\t<meta property=\"og:image:type\" content=\"image\/png\" \/>\n<meta name=\"twitter:card\" content=\"summary_large_image\" \/>\n<meta name=\"twitter:site\" content=\"@MaestroMio_\" \/>\n<meta name=\"twitter:label1\" content=\"Gesch\u00e4tzte Lesezeit\" \/>\n\t<meta name=\"twitter:data1\" content=\"6\u00a0Minuten\" \/>\n<script type=\"application\/ld+json\" class=\"yoast-schema-graph\">{\"@context\":\"https:\\\/\\\/schema.org\",\"@graph\":[{\"@type\":\"WebPage\",\"@id\":\"https:\\\/\\\/maestromio.org\\\/de\\\/rechtliche-hinweise\\\/\",\"url\":\"https:\\\/\\\/maestromio.org\\\/de\\\/rechtliche-hinweise\\\/\",\"name\":\"Rechtliche Hinweise - Maestro m\u00edo - The language school\",\"isPartOf\":{\"@id\":\"https:\\\/\\\/maestromio.org\\\/de\\\/#website\"},\"datePublished\":\"2021-08-23T11:28:05+00:00\",\"dateModified\":\"2023-05-30T18:55:48+00:00\",\"breadcrumb\":{\"@id\":\"https:\\\/\\\/maestromio.org\\\/de\\\/rechtliche-hinweise\\\/#breadcrumb\"},\"inLanguage\":\"de\",\"potentialAction\":[{\"@type\":\"ReadAction\",\"target\":[\"https:\\\/\\\/maestromio.org\\\/de\\\/rechtliche-hinweise\\\/\"]}]},{\"@type\":\"BreadcrumbList\",\"@id\":\"https:\\\/\\\/maestromio.org\\\/de\\\/rechtliche-hinweise\\\/#breadcrumb\",\"itemListElement\":[{\"@type\":\"ListItem\",\"position\":1,\"name\":\"Home\",\"item\":\"https:\\\/\\\/maestromio.org\\\/de\\\/\"},{\"@type\":\"ListItem\",\"position\":2,\"name\":\"Rechtliche Hinweise\"}]},{\"@type\":\"WebSite\",\"@id\":\"https:\\\/\\\/maestromio.org\\\/de\\\/#website\",\"url\":\"https:\\\/\\\/maestromio.org\\\/de\\\/\",\"name\":\"MaestroM\u00edo - The Language School\",\"description\":\"Spanish Courses in Malaga\",\"publisher\":{\"@id\":\"https:\\\/\\\/maestromio.org\\\/de\\\/#organization\"},\"alternateName\":\"MaestroM\u00edo\",\"potentialAction\":[{\"@type\":\"SearchAction\",\"target\":{\"@type\":\"EntryPoint\",\"urlTemplate\":\"https:\\\/\\\/maestromio.org\\\/de\\\/?s={search_term_string}\"},\"query-input\":{\"@type\":\"PropertyValueSpecification\",\"valueRequired\":true,\"valueName\":\"search_term_string\"}}],\"inLanguage\":\"de\"},{\"@type\":\"Organization\",\"@id\":\"https:\\\/\\\/maestromio.org\\\/de\\\/#organization\",\"name\":\"Maestro m\u00edo - The language school\",\"alternateName\":\"Maestromio\",\"url\":\"https:\\\/\\\/maestromio.org\\\/de\\\/\",\"logo\":{\"@type\":\"ImageObject\",\"inLanguage\":\"de\",\"@id\":\"https:\\\/\\\/maestromio.org\\\/de\\\/#\\\/schema\\\/logo\\\/image\\\/\",\"url\":\"https:\\\/\\\/maestromio.org\\\/wp-content\\\/uploads\\\/cropped-logo_maestromio.png\",\"contentUrl\":\"https:\\\/\\\/maestromio.org\\\/wp-content\\\/uploads\\\/cropped-logo_maestromio.png\",\"width\":165,\"height\":165,\"caption\":\"Maestro m\u00edo - The language school\"},\"image\":{\"@id\":\"https:\\\/\\\/maestromio.org\\\/de\\\/#\\\/schema\\\/logo\\\/image\\\/\"},\"sameAs\":[\"https:\\\/\\\/www.facebook.com\\\/MaestroMioMalaga\\\/\",\"https:\\\/\\\/x.com\\\/MaestroMio_\",\"https:\\\/\\\/www.instagram.com\\\/maestromioschool\\\/\"]}]}<\/script>\n<!-- \/ Yoast SEO plugin. -->","yoast_head_json":{"title":"Rechtliche Hinweise - Maestro m\u00edo - The language school","robots":{"index":"index","follow":"follow","max-snippet":"max-snippet:-1","max-image-preview":"max-image-preview:large","max-video-preview":"max-video-preview:-1"},"canonical":"https:\/\/maestromio.org\/de\/rechtliche-hinweise\/","og_locale":"de_DE","og_type":"article","og_title":"Rechtliche Hinweise - Maestro m\u00edo - The language school","og_description":"In \u00dcbereinstimmung mit Art. 10 des Gesetzes 34\/2002 vom 11. Juli \u00fcber die Dienstleistungen der Informationsgesellschaft und den E-Commerce, stellen wir die folgenden Informationen zur Verf\u00fcgung: Der Eigent\u00fcmer der Website maestromio.org ist die Gesellschaft SCHOOL BRIO, SL, im Folgenden &#8222;MAESTROM\u00cdO&#8220;, mit Cif: B93723443 und eingetragenem Firmensitz in der Calle Mart\u00ednez 12, 1\u00ba C, 29005, M\u00e1laga ... Weiterlesen","og_url":"https:\/\/maestromio.org\/de\/rechtliche-hinweise\/","og_site_name":"Maestro m\u00edo - The language school","article_publisher":"https:\/\/www.facebook.com\/MaestroMioMalaga\/","article_modified_time":"2023-05-30T18:55:48+00:00","og_image":[{"width":350,"height":188,"url":"https:\/\/maestromio.org\/wp-content\/uploads\/logo_maestromio.png","type":"image\/png"}],"twitter_card":"summary_large_image","twitter_site":"@MaestroMio_","twitter_misc":{"Gesch\u00e4tzte Lesezeit":"6\u00a0Minuten"},"schema":{"@context":"https:\/\/schema.org","@graph":[{"@type":"WebPage","@id":"https:\/\/maestromio.org\/de\/rechtliche-hinweise\/","url":"https:\/\/maestromio.org\/de\/rechtliche-hinweise\/","name":"Rechtliche Hinweise - Maestro m\u00edo - The language school","isPartOf":{"@id":"https:\/\/maestromio.org\/de\/#website"},"datePublished":"2021-08-23T11:28:05+00:00","dateModified":"2023-05-30T18:55:48+00:00","breadcrumb":{"@id":"https:\/\/maestromio.org\/de\/rechtliche-hinweise\/#breadcrumb"},"inLanguage":"de","potentialAction":[{"@type":"ReadAction","target":["https:\/\/maestromio.org\/de\/rechtliche-hinweise\/"]}]},{"@type":"BreadcrumbList","@id":"https:\/\/maestromio.org\/de\/rechtliche-hinweise\/#breadcrumb","itemListElement":[{"@type":"ListItem","position":1,"name":"Home","item":"https:\/\/maestromio.org\/de\/"},{"@type":"ListItem","position":2,"name":"Rechtliche Hinweise"}]},{"@type":"WebSite","@id":"https:\/\/maestromio.org\/de\/#website","url":"https:\/\/maestromio.org\/de\/","name":"MaestroM\u00edo - The Language School","description":"Spanish Courses in Malaga","publisher":{"@id":"https:\/\/maestromio.org\/de\/#organization"},"alternateName":"MaestroM\u00edo","potentialAction":[{"@type":"SearchAction","target":{"@type":"EntryPoint","urlTemplate":"https:\/\/maestromio.org\/de\/?s={search_term_string}"},"query-input":{"@type":"PropertyValueSpecification","valueRequired":true,"valueName":"search_term_string"}}],"inLanguage":"de"},{"@type":"Organization","@id":"https:\/\/maestromio.org\/de\/#organization","name":"Maestro m\u00edo - The language school","alternateName":"Maestromio","url":"https:\/\/maestromio.org\/de\/","logo":{"@type":"ImageObject","inLanguage":"de","@id":"https:\/\/maestromio.org\/de\/#\/schema\/logo\/image\/","url":"https:\/\/maestromio.org\/wp-content\/uploads\/cropped-logo_maestromio.png","contentUrl":"https:\/\/maestromio.org\/wp-content\/uploads\/cropped-logo_maestromio.png","width":165,"height":165,"caption":"Maestro m\u00edo - The language school"},"image":{"@id":"https:\/\/maestromio.org\/de\/#\/schema\/logo\/image\/"},"sameAs":["https:\/\/www.facebook.com\/MaestroMioMalaga\/","https:\/\/x.com\/MaestroMio_","https:\/\/www.instagram.com\/maestromioschool\/"]}]}},"_links":{"self":[{"href":"https:\/\/maestromio.org\/de\/wp-json\/wp\/v2\/pages\/15836","targetHints":{"allow":["GET"]}}],"collection":[{"href":"https:\/\/maestromio.org\/de\/wp-json\/wp\/v2\/pages"}],"about":[{"href":"https:\/\/maestromio.org\/de\/wp-json\/wp\/v2\/types\/page"}],"author":[{"embeddable":true,"href":"https:\/\/maestromio.org\/de\/wp-json\/wp\/v2\/users\/2"}],"replies":[{"embeddable":true,"href":"https:\/\/maestromio.org\/de\/wp-json\/wp\/v2\/comments?post=15836"}],"version-history":[{"count":4,"href":"https:\/\/maestromio.org\/de\/wp-json\/wp\/v2\/pages\/15836\/revisions"}],"predecessor-version":[{"id":19204,"href":"https:\/\/maestromio.org\/de\/wp-json\/wp\/v2\/pages\/15836\/revisions\/19204"}],"wp:attachment":[{"href":"https:\/\/maestromio.org\/de\/wp-json\/wp\/v2\/media?parent=15836"}],"curies":[{"name":"wp","href":"https:\/\/api.w.org\/{rel}","templated":true}]}}