{"id":14804,"date":"2022-03-01T11:09:32","date_gmt":"2022-03-01T10:09:32","guid":{"rendered":"https:\/\/www.maestromio.org\/?page_id=14804"},"modified":"2024-10-09T10:32:18","modified_gmt":"2024-10-09T09:32:18","slug":"die-philosophie-von-maestromio","status":"publish","type":"page","link":"https:\/\/maestromio.org\/de\/die-philosophie-von-maestromio\/","title":{"rendered":"Die Philosophie von MaestroM\u00edo"},"content":{"rendered":"<p>MaestroM\u00edo ist ein Ort, an dem wir Ihre Tr\u00e4ume wahr werden lassen, denn f\u00fcr uns sprechen Taten lauter als Worte.<\/p>\n<p>Bei MaestroM\u00edo werden Sie nicht nur Spanisch lernen, sondern es leben. Unsere Philosophie ist es, Ihre Lernreise zu teilen und sie zu einer einzigartigen Erfahrung zu machen, weil Sie f\u00fcr uns einzigartig sind. Aus diesem Grund besch\u00e4ftigen wir ein Team, f\u00fcr das der Erfolg unserer Sch\u00fcler der motivierende Faktor ist, wobei wir die Bed\u00fcrfnisse jedes Einzelnen ber\u00fccksichtigen. Wir vervollst\u00e4ndigen Ihre Kompetenzen, indem wir nicht nur den Gebrauch unserer Sprache vertiefen, sondern Sie auch mit unserer Gastronomie und unseren kulturellen Wurzeln vertraut machen.<\/p>\n<p>Zu diesem Zweck k\u00f6nnen Sie die Sprache durch st\u00e4ndiges \u00dcben erforschen, aber auch durch eine Vielzahl von Aktivit\u00e4ten, bei denen unsere Reisef\u00fchrer Sie durch Geschichten, Anekdoten, Br\u00e4uche und interessante Orte f\u00fchren&#8230; in einer Form, die so unterhaltsam ist, dass sie eine unvergessliche Erinnerung bleibt.<\/p>\n<p>Unser Auftrag:<\/p>\n<p>Wir sind ein internationales Team, das motiviert, kreativ und flexibel ist. Unser Ziel ist es, unseren Kunden eine qualitativ hochwertige und pers\u00f6nliche Erfahrung zu bieten. Sie sollen sich als Teil unserer gro\u00dfen Familie f\u00fchlen und Ihren Aufenthalt sowie eine gro\u00dfartige Lernerfahrung genie\u00dfen k\u00f6nnen, die professionell ist und gleichzeitig viel Spa\u00df macht.<\/p>\n<p>Vision:<\/p>\n<p>Wir wollen ein Unternehmen sein, das ein internationaler Bezugspunkt f\u00fcr Sprachkurse ist, die sowohl f\u00fcr Gruppen als auch f\u00fcr Einzelreisende angeboten werden, mit kreativen Aktivit\u00e4ten, die in einer unterhaltsamen und freundlichen Atmosph\u00e4re durchgef\u00fchrt werden.<\/p>\n<p>Aus Sicht der Schulleitung ist es wichtig, dass sich diese Philosophie widerspiegelt, um dem Sch\u00fcler eine ganz pers\u00f6nliche Erfahrung zu bieten, die ihm bei allem, was er braucht, hilft.<\/p>\n<p>&nbsp;<\/p>\n","protected":false},"excerpt":{"rendered":"<p>MaestroM\u00edo ist ein Ort, an dem wir Ihre Tr\u00e4ume wahr werden lassen, denn f\u00fcr uns sprechen Taten lauter als Worte. Bei MaestroM\u00edo werden Sie nicht nur Spanisch lernen, sondern es leben. Unsere Philosophie ist es, Ihre Lernreise zu teilen und sie zu einer einzigartigen Erfahrung zu machen, weil Sie f\u00fcr uns einzigartig sind. Aus diesem &#8230; <a title=\"Die Philosophie von MaestroM\u00edo\" class=\"read-more\" href=\"https:\/\/maestromio.org\/de\/die-philosophie-von-maestromio\/\" aria-label=\"Mehr Informationen \u00fcber Die Philosophie von MaestroM\u00edo\">Weiterlesen<\/a><\/p>\n","protected":false},"author":2,"featured_media":0,"parent":0,"menu_order":0,"comment_status":"closed","ping_status":"closed","template":"","meta":{"inline_featured_image":false,"footnotes":""},"class_list":["post-14804","page","type-page","status-publish"],"yoast_head":"<!-- This site is optimized with the Yoast SEO plugin v27.3 - https:\/\/yoast.com\/product\/yoast-seo-wordpress\/ -->\n<title>Die Philosophie von MaestroM\u00edo - Maestro m\u00edo - The language school<\/title>\n<meta name=\"robots\" content=\"index, follow, max-snippet:-1, max-image-preview:large, max-video-preview:-1\" \/>\n<link rel=\"canonical\" href=\"https:\/\/maestromio.org\/de\/die-philosophie-von-maestromio\/\" \/>\n<meta property=\"og:locale\" content=\"de_DE\" \/>\n<meta property=\"og:type\" content=\"article\" \/>\n<meta property=\"og:title\" content=\"Die Philosophie von MaestroM\u00edo - Maestro m\u00edo - The language school\" \/>\n<meta property=\"og:description\" content=\"MaestroM\u00edo ist ein Ort, an dem wir Ihre Tr\u00e4ume wahr werden lassen, denn f\u00fcr uns sprechen Taten lauter als Worte. Bei MaestroM\u00edo werden Sie nicht nur Spanisch lernen, sondern es leben. Unsere Philosophie ist es, Ihre Lernreise zu teilen und sie zu einer einzigartigen Erfahrung zu machen, weil Sie f\u00fcr uns einzigartig sind. Aus diesem ... Weiterlesen\" \/>\n<meta property=\"og:url\" content=\"https:\/\/maestromio.org\/de\/die-philosophie-von-maestromio\/\" \/>\n<meta property=\"og:site_name\" content=\"Maestro m\u00edo - The language school\" \/>\n<meta property=\"article:publisher\" content=\"https:\/\/www.facebook.com\/MaestroMioMalaga\/\" \/>\n<meta property=\"article:modified_time\" content=\"2024-10-09T09:32:18+00:00\" \/>\n<meta property=\"og:image\" content=\"https:\/\/maestromio.org\/wp-content\/uploads\/logo_maestromio.png\" \/>\n\t<meta property=\"og:image:width\" content=\"350\" \/>\n\t<meta property=\"og:image:height\" content=\"188\" \/>\n\t<meta property=\"og:image:type\" content=\"image\/png\" \/>\n<meta name=\"twitter:card\" content=\"summary_large_image\" \/>\n<meta name=\"twitter:site\" content=\"@MaestroMio_\" \/>\n<meta name=\"twitter:label1\" content=\"Gesch\u00e4tzte Lesezeit\" \/>\n\t<meta name=\"twitter:data1\" content=\"2\u00a0Minuten\" \/>\n<script type=\"application\/ld+json\" class=\"yoast-schema-graph\">{\"@context\":\"https:\\\/\\\/schema.org\",\"@graph\":[{\"@type\":\"WebPage\",\"@id\":\"https:\\\/\\\/maestromio.org\\\/de\\\/die-philosophie-von-maestromio\\\/\",\"url\":\"https:\\\/\\\/maestromio.org\\\/de\\\/die-philosophie-von-maestromio\\\/\",\"name\":\"Die Philosophie von MaestroM\u00edo - Maestro m\u00edo - The language school\",\"isPartOf\":{\"@id\":\"https:\\\/\\\/maestromio.org\\\/de\\\/#website\"},\"datePublished\":\"2022-03-01T10:09:32+00:00\",\"dateModified\":\"2024-10-09T09:32:18+00:00\",\"breadcrumb\":{\"@id\":\"https:\\\/\\\/maestromio.org\\\/de\\\/die-philosophie-von-maestromio\\\/#breadcrumb\"},\"inLanguage\":\"de\",\"potentialAction\":[{\"@type\":\"ReadAction\",\"target\":[\"https:\\\/\\\/maestromio.org\\\/de\\\/die-philosophie-von-maestromio\\\/\"]}]},{\"@type\":\"BreadcrumbList\",\"@id\":\"https:\\\/\\\/maestromio.org\\\/de\\\/die-philosophie-von-maestromio\\\/#breadcrumb\",\"itemListElement\":[{\"@type\":\"ListItem\",\"position\":1,\"name\":\"Home\",\"item\":\"https:\\\/\\\/maestromio.org\\\/de\\\/\"},{\"@type\":\"ListItem\",\"position\":2,\"name\":\"Die Philosophie von MaestroM\u00edo\"}]},{\"@type\":\"WebSite\",\"@id\":\"https:\\\/\\\/maestromio.org\\\/de\\\/#website\",\"url\":\"https:\\\/\\\/maestromio.org\\\/de\\\/\",\"name\":\"MaestroM\u00edo - The Language School\",\"description\":\"Spanish Courses in Malaga\",\"publisher\":{\"@id\":\"https:\\\/\\\/maestromio.org\\\/de\\\/#organization\"},\"alternateName\":\"MaestroM\u00edo\",\"potentialAction\":[{\"@type\":\"SearchAction\",\"target\":{\"@type\":\"EntryPoint\",\"urlTemplate\":\"https:\\\/\\\/maestromio.org\\\/de\\\/?s={search_term_string}\"},\"query-input\":{\"@type\":\"PropertyValueSpecification\",\"valueRequired\":true,\"valueName\":\"search_term_string\"}}],\"inLanguage\":\"de\"},{\"@type\":\"Organization\",\"@id\":\"https:\\\/\\\/maestromio.org\\\/de\\\/#organization\",\"name\":\"Maestro m\u00edo - The language school\",\"alternateName\":\"Maestromio\",\"url\":\"https:\\\/\\\/maestromio.org\\\/de\\\/\",\"logo\":{\"@type\":\"ImageObject\",\"inLanguage\":\"de\",\"@id\":\"https:\\\/\\\/maestromio.org\\\/de\\\/#\\\/schema\\\/logo\\\/image\\\/\",\"url\":\"https:\\\/\\\/maestromio.org\\\/wp-content\\\/uploads\\\/cropped-logo_maestromio.png\",\"contentUrl\":\"https:\\\/\\\/maestromio.org\\\/wp-content\\\/uploads\\\/cropped-logo_maestromio.png\",\"width\":165,\"height\":165,\"caption\":\"Maestro m\u00edo - The language school\"},\"image\":{\"@id\":\"https:\\\/\\\/maestromio.org\\\/de\\\/#\\\/schema\\\/logo\\\/image\\\/\"},\"sameAs\":[\"https:\\\/\\\/www.facebook.com\\\/MaestroMioMalaga\\\/\",\"https:\\\/\\\/x.com\\\/MaestroMio_\",\"https:\\\/\\\/www.instagram.com\\\/maestromioschool\\\/\"]}]}<\/script>\n<!-- \/ Yoast SEO plugin. -->","yoast_head_json":{"title":"Die Philosophie von MaestroM\u00edo - Maestro m\u00edo - The language school","robots":{"index":"index","follow":"follow","max-snippet":"max-snippet:-1","max-image-preview":"max-image-preview:large","max-video-preview":"max-video-preview:-1"},"canonical":"https:\/\/maestromio.org\/de\/die-philosophie-von-maestromio\/","og_locale":"de_DE","og_type":"article","og_title":"Die Philosophie von MaestroM\u00edo - Maestro m\u00edo - The language school","og_description":"MaestroM\u00edo ist ein Ort, an dem wir Ihre Tr\u00e4ume wahr werden lassen, denn f\u00fcr uns sprechen Taten lauter als Worte. Bei MaestroM\u00edo werden Sie nicht nur Spanisch lernen, sondern es leben. Unsere Philosophie ist es, Ihre Lernreise zu teilen und sie zu einer einzigartigen Erfahrung zu machen, weil Sie f\u00fcr uns einzigartig sind. Aus diesem ... Weiterlesen","og_url":"https:\/\/maestromio.org\/de\/die-philosophie-von-maestromio\/","og_site_name":"Maestro m\u00edo - The language school","article_publisher":"https:\/\/www.facebook.com\/MaestroMioMalaga\/","article_modified_time":"2024-10-09T09:32:18+00:00","og_image":[{"width":350,"height":188,"url":"https:\/\/maestromio.org\/wp-content\/uploads\/logo_maestromio.png","type":"image\/png"}],"twitter_card":"summary_large_image","twitter_site":"@MaestroMio_","twitter_misc":{"Gesch\u00e4tzte Lesezeit":"2\u00a0Minuten"},"schema":{"@context":"https:\/\/schema.org","@graph":[{"@type":"WebPage","@id":"https:\/\/maestromio.org\/de\/die-philosophie-von-maestromio\/","url":"https:\/\/maestromio.org\/de\/die-philosophie-von-maestromio\/","name":"Die Philosophie von MaestroM\u00edo - Maestro m\u00edo - The language school","isPartOf":{"@id":"https:\/\/maestromio.org\/de\/#website"},"datePublished":"2022-03-01T10:09:32+00:00","dateModified":"2024-10-09T09:32:18+00:00","breadcrumb":{"@id":"https:\/\/maestromio.org\/de\/die-philosophie-von-maestromio\/#breadcrumb"},"inLanguage":"de","potentialAction":[{"@type":"ReadAction","target":["https:\/\/maestromio.org\/de\/die-philosophie-von-maestromio\/"]}]},{"@type":"BreadcrumbList","@id":"https:\/\/maestromio.org\/de\/die-philosophie-von-maestromio\/#breadcrumb","itemListElement":[{"@type":"ListItem","position":1,"name":"Home","item":"https:\/\/maestromio.org\/de\/"},{"@type":"ListItem","position":2,"name":"Die Philosophie von MaestroM\u00edo"}]},{"@type":"WebSite","@id":"https:\/\/maestromio.org\/de\/#website","url":"https:\/\/maestromio.org\/de\/","name":"MaestroM\u00edo - The Language School","description":"Spanish Courses in Malaga","publisher":{"@id":"https:\/\/maestromio.org\/de\/#organization"},"alternateName":"MaestroM\u00edo","potentialAction":[{"@type":"SearchAction","target":{"@type":"EntryPoint","urlTemplate":"https:\/\/maestromio.org\/de\/?s={search_term_string}"},"query-input":{"@type":"PropertyValueSpecification","valueRequired":true,"valueName":"search_term_string"}}],"inLanguage":"de"},{"@type":"Organization","@id":"https:\/\/maestromio.org\/de\/#organization","name":"Maestro m\u00edo - The language school","alternateName":"Maestromio","url":"https:\/\/maestromio.org\/de\/","logo":{"@type":"ImageObject","inLanguage":"de","@id":"https:\/\/maestromio.org\/de\/#\/schema\/logo\/image\/","url":"https:\/\/maestromio.org\/wp-content\/uploads\/cropped-logo_maestromio.png","contentUrl":"https:\/\/maestromio.org\/wp-content\/uploads\/cropped-logo_maestromio.png","width":165,"height":165,"caption":"Maestro m\u00edo - The language school"},"image":{"@id":"https:\/\/maestromio.org\/de\/#\/schema\/logo\/image\/"},"sameAs":["https:\/\/www.facebook.com\/MaestroMioMalaga\/","https:\/\/x.com\/MaestroMio_","https:\/\/www.instagram.com\/maestromioschool\/"]}]}},"_links":{"self":[{"href":"https:\/\/maestromio.org\/de\/wp-json\/wp\/v2\/pages\/14804","targetHints":{"allow":["GET"]}}],"collection":[{"href":"https:\/\/maestromio.org\/de\/wp-json\/wp\/v2\/pages"}],"about":[{"href":"https:\/\/maestromio.org\/de\/wp-json\/wp\/v2\/types\/page"}],"author":[{"embeddable":true,"href":"https:\/\/maestromio.org\/de\/wp-json\/wp\/v2\/users\/2"}],"replies":[{"embeddable":true,"href":"https:\/\/maestromio.org\/de\/wp-json\/wp\/v2\/comments?post=14804"}],"version-history":[{"count":5,"href":"https:\/\/maestromio.org\/de\/wp-json\/wp\/v2\/pages\/14804\/revisions"}],"predecessor-version":[{"id":24603,"href":"https:\/\/maestromio.org\/de\/wp-json\/wp\/v2\/pages\/14804\/revisions\/24603"}],"wp:attachment":[{"href":"https:\/\/maestromio.org\/de\/wp-json\/wp\/v2\/media?parent=14804"}],"curies":[{"name":"wp","href":"https:\/\/api.w.org\/{rel}","templated":true}]}}