{"id":38459,"date":"2023-03-22T13:56:44","date_gmt":"2023-03-22T12:56:44","guid":{"rendered":"https:\/\/maestromio.org\/summer-camp-2025\/"},"modified":"2025-09-19T14:45:35","modified_gmt":"2025-09-19T12:45:35","slug":"summer-camp-2025","status":"publish","type":"page","link":"https:\/\/maestromio.org\/cs\/summer-camp-2025\/","title":{"rendered":"Summer Camp 2025"},"content":{"rendered":"<p style=\"text-align: left;\"><img fetchpriority=\"high\" decoding=\"async\" class=\"size-medium wp-image-37399 alignleft\" src=\"https:\/\/maestromio.org\/wp-content\/uploads\/image-300x200.png\" alt=\"\" width=\"300\" height=\"200\" srcset=\"https:\/\/maestromio.org\/wp-content\/uploads\/image-300x200.png 300w, https:\/\/maestromio.org\/wp-content\/uploads\/image.png 669w\" sizes=\"(max-width: 300px) 100vw, 300px\" \/><\/p>\n<p data-start=\"53\" data-end=\"191\"><strong data-start=\"53\" data-end=\"85\">Mezin\u00e1rodn\u00ed letn\u00ed t\u00e1bor 2025<\/strong> je ur\u010den\u00fd pro mlad\u00e9 lidi od 13 do 17 let, kte\u0159\u00ed cht\u011bj\u00ed spojit pr\u00e1zdninovou z\u00e1bavu s u\u010den\u00edm \u0161pan\u011bl\u0161tiny.<\/p>\n<p data-start=\"193\" data-end=\"561\">Bl\u00ed\u017e\u00ed se l\u00e9to a spousta rodi\u010d\u016f hled\u00e1 vhodn\u00fd t\u00e1bor ve \u0160pan\u011blsku \u2013 a\u0165 u\u017e proto, aby jejich d\u011bti m\u011bly b\u011bhem dlouh\u00fdch pr\u00e1zdnin smyslupln\u00fd program, nebo jednodu\u0161e proto, aby si u\u017eily dovolenou s kamar\u00e1dy naplno. Proto po\u0159\u00e1d\u00e1me Letn\u00ed t\u00e1bor 2025 v M\u00e1laze a Madridu, kde na \u00fa\u010dastn\u00edky \u010dek\u00e1 v\u00fduka \u0161pan\u011bl\u0161tiny, spousta aktivit a objevov\u00e1n\u00ed kr\u00e1s t\u011bchto dvou m\u011bst i jejich okol\u00ed.<\/p>\n<p data-start=\"563\" data-end=\"701\">\u00da\u010dastn\u00edci za\u017eij\u00ed nezapomenuteln\u00e9 pr\u00e1zdniny v mezin\u00e1rodn\u00edm prost\u0159ed\u00ed, poznaj\u00ed \u0161pan\u011blskou kulturu, z\u00edskaj\u00ed nov\u00e9 p\u0159\u00e1tele a spoustu z\u00e1\u017eitk\u016f.<\/p>\n<p data-start=\"703\" data-end=\"782\"><strong>Term\u00edn: 29. \u010dervna \u2013 12. \u010dervence<\/strong><br data-start=\"740\" data-end=\"743\" \/><strong>D\u00e9lka: 2 t\u00fddny<\/strong><br data-start=\"761\" data-end=\"764\" \/><strong>Cena: 1495 \u20ac<\/strong><\/p>\n<p style=\"text-align: left;\"><img decoding=\"async\" class=\"size-medium wp-image-37412 alignright\" src=\"https:\/\/maestromio.org\/wp-content\/uploads\/image-1-300x200.png\" alt=\"\" width=\"300\" height=\"200\" srcset=\"https:\/\/maestromio.org\/wp-content\/uploads\/image-1-300x200.png 300w, https:\/\/maestromio.org\/wp-content\/uploads\/image-1.png 450w\" sizes=\"(max-width: 300px) 100vw, 300px\" \/><span style=\"font-family: Georgia, Palatino;\">V cen\u011b je zahrnuto: ubytov\u00e1n\u00ed ve dvou- nebo t\u0159\u00edl\u016f\u017ekov\u00fdch pokoj\u00edch ve studentsk\u00e9 rezidenci, 20 lekc\u00ed \u0161pan\u011bl\u0161tiny t\u00fddn\u011b, studijn\u00ed materi\u00e1ly, organizovan\u00e9 ve\u010dern\u00ed aktivity, jeden celodenn\u00ed v\u00fdlet, transfer z\/na leti\u0161t\u011b.<\/span><\/p>\n<p style=\"text-align: left;\"><span style=\"font-family: Georgia, Palatino;\">Podm\u00ednky \u00fa\u010dasti: nejsou \u017e\u00e1dn\u00e9 \u2013 na za\u010d\u00e1tku kurzu ka\u017ed\u00fd ud\u011bl\u00e1 roz\u0159azovac\u00ed test a bude za\u0159azen do skupiny podle sv\u00e9 \u00farovn\u011b \u0161pan\u011bl\u0161tiny.<\/span><br \/>\n<span style=\"font-family: Georgia, Palatino;\">Maxim\u00e1ln\u00ed po\u010det student\u016f ve t\u0159\u00edd\u011b: 15.<\/span><\/p>\n<p>&nbsp;<\/p>\n","protected":false},"excerpt":{"rendered":"<p>Mezin\u00e1rodn\u00ed letn\u00ed t\u00e1bor 2025 je ur\u010den\u00fd pro mlad\u00e9 lidi od 13 do 17 let, kte\u0159\u00ed cht\u011bj\u00ed spojit pr\u00e1zdninovou z\u00e1bavu s u\u010den\u00edm \u0161pan\u011bl\u0161tiny. Bl\u00ed\u017e\u00ed se l\u00e9to a spousta rodi\u010d\u016f hled\u00e1 vhodn\u00fd t\u00e1bor ve \u0160pan\u011blsku \u2013 a\u0165 u\u017e proto, aby jejich d\u011bti m\u011bly b\u011bhem dlouh\u00fdch pr\u00e1zdnin smyslupln\u00fd program, nebo jednodu\u0161e proto, aby si u\u017eily dovolenou s kamar\u00e1dy &#8230; <a title=\"Summer Camp 2025\" class=\"read-more\" href=\"https:\/\/maestromio.org\/cs\/summer-camp-2025\/\" aria-label=\"\u010c\u00edst v\u00edce o Summer Camp 2025\">\u010c\u00edst d\u00e1l<\/a><\/p>\n","protected":false},"author":1,"featured_media":0,"parent":0,"menu_order":0,"comment_status":"closed","ping_status":"closed","template":"","meta":{"inline_featured_image":false,"footnotes":""},"class_list":["post-38459","page","type-page","status-publish"],"yoast_head":"<!-- This site is optimized with the Yoast SEO plugin v27.3 - https:\/\/yoast.com\/product\/yoast-seo-wordpress\/ -->\n<title>Summer Camp 2025 - Maestro m\u00edo - The language school<\/title>\n<meta name=\"description\" content=\"All inclusive summer camp in Spain, Malaga 2023 for teenagers with Spanish and tennis instructions! Learn spanish and enjoy activities!\" \/>\n<meta name=\"robots\" content=\"index, follow, max-snippet:-1, max-image-preview:large, max-video-preview:-1\" \/>\n<link rel=\"canonical\" href=\"https:\/\/maestromio.org\/cs\/summer-camp-2025\/\" \/>\n<meta property=\"og:locale\" content=\"cs_CZ\" \/>\n<meta property=\"og:type\" content=\"article\" \/>\n<meta property=\"og:title\" content=\"Summer Camp 2025 - Maestro m\u00edo - The language school\" \/>\n<meta property=\"og:description\" content=\"All inclusive summer camp in Spain, Malaga 2023 for teenagers with Spanish and tennis instructions! Learn spanish and enjoy activities!\" \/>\n<meta property=\"og:url\" content=\"https:\/\/maestromio.org\/cs\/summer-camp-2025\/\" \/>\n<meta property=\"og:site_name\" content=\"Maestro m\u00edo - The language school\" \/>\n<meta property=\"article:publisher\" content=\"https:\/\/www.facebook.com\/MaestroMioMalaga\/\" \/>\n<meta property=\"article:modified_time\" content=\"2025-09-19T12:45:35+00:00\" \/>\n<meta property=\"og:image\" content=\"https:\/\/maestromio.org\/wp-content\/uploads\/image.png\" \/>\n\t<meta property=\"og:image:width\" content=\"669\" \/>\n\t<meta property=\"og:image:height\" content=\"446\" \/>\n\t<meta property=\"og:image:type\" content=\"image\/png\" \/>\n<meta name=\"twitter:card\" content=\"summary_large_image\" \/>\n<meta name=\"twitter:site\" content=\"@MaestroMio_\" \/>\n<meta name=\"twitter:label1\" content=\"Odhadovan\u00e1 doba \u010dten\u00ed\" \/>\n\t<meta name=\"twitter:data1\" content=\"2 minuty\" \/>\n<script type=\"application\/ld+json\" class=\"yoast-schema-graph\">{\"@context\":\"https:\\\/\\\/schema.org\",\"@graph\":[{\"@type\":\"WebPage\",\"@id\":\"https:\\\/\\\/maestromio.org\\\/cs\\\/summer-camp-2025\\\/\",\"url\":\"https:\\\/\\\/maestromio.org\\\/cs\\\/summer-camp-2025\\\/\",\"name\":\"Summer Camp 2025 - Maestro m\u00edo - The language school\",\"isPartOf\":{\"@id\":\"https:\\\/\\\/maestromio.org\\\/cs\\\/#website\"},\"primaryImageOfPage\":{\"@id\":\"https:\\\/\\\/maestromio.org\\\/cs\\\/summer-camp-2025\\\/#primaryimage\"},\"image\":{\"@id\":\"https:\\\/\\\/maestromio.org\\\/cs\\\/summer-camp-2025\\\/#primaryimage\"},\"thumbnailUrl\":\"https:\\\/\\\/maestromio.org\\\/wp-content\\\/uploads\\\/image-300x200.png\",\"datePublished\":\"2023-03-22T12:56:44+00:00\",\"dateModified\":\"2025-09-19T12:45:35+00:00\",\"description\":\"All inclusive summer camp in Spain, Malaga 2023 for teenagers with Spanish and tennis instructions! Learn spanish and enjoy activities!\",\"breadcrumb\":{\"@id\":\"https:\\\/\\\/maestromio.org\\\/cs\\\/summer-camp-2025\\\/#breadcrumb\"},\"inLanguage\":\"cs\",\"potentialAction\":[{\"@type\":\"ReadAction\",\"target\":[\"https:\\\/\\\/maestromio.org\\\/cs\\\/summer-camp-2025\\\/\"]}]},{\"@type\":\"ImageObject\",\"inLanguage\":\"cs\",\"@id\":\"https:\\\/\\\/maestromio.org\\\/cs\\\/summer-camp-2025\\\/#primaryimage\",\"url\":\"https:\\\/\\\/maestromio.org\\\/wp-content\\\/uploads\\\/image-300x200.png\",\"contentUrl\":\"https:\\\/\\\/maestromio.org\\\/wp-content\\\/uploads\\\/image-300x200.png\"},{\"@type\":\"BreadcrumbList\",\"@id\":\"https:\\\/\\\/maestromio.org\\\/cs\\\/summer-camp-2025\\\/#breadcrumb\",\"itemListElement\":[{\"@type\":\"ListItem\",\"position\":1,\"name\":\"Home\",\"item\":\"https:\\\/\\\/maestromio.org\\\/cs\\\/\"},{\"@type\":\"ListItem\",\"position\":2,\"name\":\"Summer Camp 2025\"}]},{\"@type\":\"WebSite\",\"@id\":\"https:\\\/\\\/maestromio.org\\\/cs\\\/#website\",\"url\":\"https:\\\/\\\/maestromio.org\\\/cs\\\/\",\"name\":\"MaestroM\u00edo - The Language School\",\"description\":\"Spanish Courses in Malaga\",\"alternateName\":\"MaestroM\u00edo\",\"potentialAction\":[{\"@type\":\"SearchAction\",\"target\":{\"@type\":\"EntryPoint\",\"urlTemplate\":\"https:\\\/\\\/maestromio.org\\\/cs\\\/?s={search_term_string}\"},\"query-input\":{\"@type\":\"PropertyValueSpecification\",\"valueRequired\":true,\"valueName\":\"search_term_string\"}}],\"inLanguage\":\"cs\"}]}<\/script>\n<!-- \/ Yoast SEO plugin. -->","yoast_head_json":{"title":"Summer Camp 2025 - Maestro m\u00edo - The language school","description":"All inclusive summer camp in Spain, Malaga 2023 for teenagers with Spanish and tennis instructions! Learn spanish and enjoy activities!","robots":{"index":"index","follow":"follow","max-snippet":"max-snippet:-1","max-image-preview":"max-image-preview:large","max-video-preview":"max-video-preview:-1"},"canonical":"https:\/\/maestromio.org\/cs\/summer-camp-2025\/","og_locale":"cs_CZ","og_type":"article","og_title":"Summer Camp 2025 - Maestro m\u00edo - The language school","og_description":"All inclusive summer camp in Spain, Malaga 2023 for teenagers with Spanish and tennis instructions! Learn spanish and enjoy activities!","og_url":"https:\/\/maestromio.org\/cs\/summer-camp-2025\/","og_site_name":"Maestro m\u00edo - The language school","article_publisher":"https:\/\/www.facebook.com\/MaestroMioMalaga\/","article_modified_time":"2025-09-19T12:45:35+00:00","og_image":[{"width":669,"height":446,"url":"https:\/\/maestromio.org\/wp-content\/uploads\/image.png","type":"image\/png"}],"twitter_card":"summary_large_image","twitter_site":"@MaestroMio_","twitter_misc":{"Odhadovan\u00e1 doba \u010dten\u00ed":"2 minuty"},"schema":{"@context":"https:\/\/schema.org","@graph":[{"@type":"WebPage","@id":"https:\/\/maestromio.org\/cs\/summer-camp-2025\/","url":"https:\/\/maestromio.org\/cs\/summer-camp-2025\/","name":"Summer Camp 2025 - Maestro m\u00edo - The language school","isPartOf":{"@id":"https:\/\/maestromio.org\/cs\/#website"},"primaryImageOfPage":{"@id":"https:\/\/maestromio.org\/cs\/summer-camp-2025\/#primaryimage"},"image":{"@id":"https:\/\/maestromio.org\/cs\/summer-camp-2025\/#primaryimage"},"thumbnailUrl":"https:\/\/maestromio.org\/wp-content\/uploads\/image-300x200.png","datePublished":"2023-03-22T12:56:44+00:00","dateModified":"2025-09-19T12:45:35+00:00","description":"All inclusive summer camp in Spain, Malaga 2023 for teenagers with Spanish and tennis instructions! Learn spanish and enjoy activities!","breadcrumb":{"@id":"https:\/\/maestromio.org\/cs\/summer-camp-2025\/#breadcrumb"},"inLanguage":"cs","potentialAction":[{"@type":"ReadAction","target":["https:\/\/maestromio.org\/cs\/summer-camp-2025\/"]}]},{"@type":"ImageObject","inLanguage":"cs","@id":"https:\/\/maestromio.org\/cs\/summer-camp-2025\/#primaryimage","url":"https:\/\/maestromio.org\/wp-content\/uploads\/image-300x200.png","contentUrl":"https:\/\/maestromio.org\/wp-content\/uploads\/image-300x200.png"},{"@type":"BreadcrumbList","@id":"https:\/\/maestromio.org\/cs\/summer-camp-2025\/#breadcrumb","itemListElement":[{"@type":"ListItem","position":1,"name":"Home","item":"https:\/\/maestromio.org\/cs\/"},{"@type":"ListItem","position":2,"name":"Summer Camp 2025"}]},{"@type":"WebSite","@id":"https:\/\/maestromio.org\/cs\/#website","url":"https:\/\/maestromio.org\/cs\/","name":"MaestroM\u00edo - The Language School","description":"Spanish Courses in Malaga","alternateName":"MaestroM\u00edo","potentialAction":[{"@type":"SearchAction","target":{"@type":"EntryPoint","urlTemplate":"https:\/\/maestromio.org\/cs\/?s={search_term_string}"},"query-input":{"@type":"PropertyValueSpecification","valueRequired":true,"valueName":"search_term_string"}}],"inLanguage":"cs"}]}},"_links":{"self":[{"href":"https:\/\/maestromio.org\/cs\/wp-json\/wp\/v2\/pages\/38459","targetHints":{"allow":["GET"]}}],"collection":[{"href":"https:\/\/maestromio.org\/cs\/wp-json\/wp\/v2\/pages"}],"about":[{"href":"https:\/\/maestromio.org\/cs\/wp-json\/wp\/v2\/types\/page"}],"author":[{"embeddable":true,"href":"https:\/\/maestromio.org\/cs\/wp-json\/wp\/v2\/users\/1"}],"replies":[{"embeddable":true,"href":"https:\/\/maestromio.org\/cs\/wp-json\/wp\/v2\/comments?post=38459"}],"version-history":[{"count":2,"href":"https:\/\/maestromio.org\/cs\/wp-json\/wp\/v2\/pages\/38459\/revisions"}],"predecessor-version":[{"id":38461,"href":"https:\/\/maestromio.org\/cs\/wp-json\/wp\/v2\/pages\/38459\/revisions\/38461"}],"wp:attachment":[{"href":"https:\/\/maestromio.org\/cs\/wp-json\/wp\/v2\/media?parent=38459"}],"curies":[{"name":"wp","href":"https:\/\/api.w.org\/{rel}","templated":true}]}}