{"id":34853,"date":"2023-06-07T15:56:01","date_gmt":"2023-06-07T14:56:01","guid":{"rendered":"https:\/\/maestromio.org\/internshipmio\/"},"modified":"2025-06-25T08:23:46","modified_gmt":"2025-06-25T07:23:46","slug":"internshipmio","status":"publish","type":"page","link":"https:\/\/maestromio.org\/cs\/internshipmio\/","title":{"rendered":"InternshipM\u00edo"},"content":{"rendered":"<hr data-sourcepos=\"1:1-1:3\" \/>\n<h2 data-sourcepos=\"2:1-2:8\"><span style=\"color: #000000; font-family: Terminal, Monaco;\">St\u00e1\u017ee<\/span><\/h2>\n<p data-sourcepos=\"4:1-4:149\"><span style=\"color: #000000; font-family: Terminal, Monaco;\">Nab\u00edz\u00edme jak <strong>Erasmus+ st\u00e1\u017ee<\/strong>, tak <strong>mezin\u00e1rodn\u00ed st\u00e1\u017ee<\/strong> pro studenty, kte\u0159\u00ed cht\u011bj\u00ed z\u00edskat cenn\u00e9 pracovn\u00ed zku\u0161enosti ve firm\u00e1ch se s\u00eddlem v Malaze\/Madridu.<\/span><\/p>\n<p data-start=\"98\" data-end=\"268\"><span style=\"font-family: Terminal, Monaco;\">M\u00e1me bohat\u00e9 zku\u0161enosti s podporou student\u016f, kte\u0159\u00ed cht\u011bj\u00ed zlep\u0161it sv\u00e9 pracovn\u00ed vyhl\u00eddky prost\u0159ednictv\u00edm st\u00e1\u017e\u00ed ve firm\u00e1ch z odv\u011btv\u00ed, je\u017e se dob\u0159e dopl\u0148uj\u00ed s jejich studiem.<\/span><\/p>\n<p data-sourcepos=\"8:1-8:171\"><span style=\"color: #000000; font-family: Terminal, Monaco;\">Pe\u010dliv\u011b vyb\u00edr\u00e1me spole\u010dnosti, kter\u00e9 jsou sou\u010d\u00e1st\u00ed na\u0161\u00ed s\u00edt\u011b, a v\u011bnujeme \u010das tomu, abychom porozum\u011bli pot\u0159eb\u00e1m ka\u017ed\u00e9ho studenta \u2013 jen tak dok\u00e1\u017eeme naj\u00edt vhodn\u00e9 propojen\u00ed, kter\u00e9 p\u0159inese p\u0159\u00ednos ob\u011bma stran\u00e1m. <\/span><\/p>\n<p data-sourcepos=\"8:1-8:171\"><span style=\"color: #000000; font-family: Terminal, Monaco;\"><span style=\"font-family: Terminal, Monaco;\">B\u011bhem st\u00e1\u017ee sledujeme pokrok studenta a po jej\u00edm ukon\u010den\u00ed se ujist\u00edme, \u017ee splnila ve\u0161ker\u00e1 o\u010dek\u00e1v\u00e1n\u00ed. <\/span><\/span><\/p>\n<p data-sourcepos=\"8:1-8:171\"><span style=\"color: #000000; font-family: Terminal, Monaco;\"><span style=\"font-family: Terminal, Monaco;\">Krom\u011b toho nab\u00edz\u00edme r\u016fzn\u00e9 mo\u017enosti ubytov\u00e1n\u00ed a zaj\u00edmav\u00fd v\u00fdb\u011br sportovn\u00edch \u010di kulturn\u00edch aktivit a exkurz\u00ed, d\u00edky nim\u017e se st\u00e1\u017e stane <strong>nezapomenutelnou \u017eivotn\u00ed zku\u0161enost\u00ed.<\/strong><\/span><\/span><\/p>\n<h3 data-sourcepos=\"14:1-14:32\"><span style=\"color: #000000; font-family: Terminal, Monaco;\">Kr\u00e1tkodob\u00e9 projekty Erasmus+<\/span><\/h3>\n<p data-sourcepos=\"16:1-16:124\"><span style=\"color: #000000; font-family: Terminal, Monaco;\">Organizujeme <strong>projekty Erasmus+ na m\u00edru pro skupiny<\/strong>, kter\u00e9 trvaj\u00ed 5 a\u017e 21 dn\u00ed. Obvykl\u00fd program se skl\u00e1d\u00e1 z n\u00e1sleduj\u00edc\u00edho:<\/span><\/p>\n<ul data-sourcepos=\"18:1-23:0\">\n<li data-sourcepos=\"18:1-18:46\"><span style=\"color: #000000; font-family: Terminal, Monaco;\">Kurz \u0161pan\u011bl\u0161tiny a\/nebo angli\u010dtiny dopoledne<\/span><\/li>\n<li data-sourcepos=\"19:1-19:51\"><span style=\"color: #000000; font-family: Terminal, Monaco;\">St\u00e1\u017e \/ projekt ve \u0161pan\u011blsk\u00e9 spole\u010dnosti odpoledne<\/span><\/li>\n<li data-sourcepos=\"20:1-20:19\"><span style=\"color: #000000; font-family: Terminal, Monaco;\">Kulturn\u00ed aktivity<\/span><\/li>\n<li data-sourcepos=\"21:1-21:11\"><span style=\"color: #000000; font-family: Terminal, Monaco;\">Ubytov\u00e1n\u00ed<\/span><\/li>\n<li data-sourcepos=\"22:1-23:0\"><span style=\"color: #000000; font-family: Terminal, Monaco;\">Transfer z leti\u0161t\u011b<\/span><\/li>\n<\/ul>\n<h3 data-sourcepos=\"24:1-24:16\"><span style=\"color: #000000; font-family: Terminal, Monaco;\">Pro\u010d M\u00e1laga?<\/span><\/h3>\n<p data-sourcepos=\"26:1-26:268\"><span style=\"color: #000000; font-family: Terminal, Monaco;\">M\u00e1laga je fantastick\u00e9 m\u00edsto pro st\u00e1\u017e s mnoha m\u00edstn\u00edmi a mezin\u00e1rodn\u00edmi subjekty, kter\u00e9 cht\u011bj\u00ed spolupracovat s mezin\u00e1rodn\u00edmi studenty v oblastech <strong>cestovn\u00edho ruchu, pohostinstv\u00ed, IT, maloobchodu, kancel\u00e1\u0159sk\u00fdch prac\u00ed, voln\u00e9ho \u010dasu, exportu, marketingu<\/strong> a mnoha dal\u0161\u00edch.<\/span><\/p>\n<p data-sourcepos=\"28:1-28:58\"><span style=\"color: #000000; font-family: Terminal, Monaco;\">Pro v\u00edce informac\u00ed n\u00e1s kontaktujte na <a style=\"color: #000000;\" href=\"mailto:hola@maestromio.org\">hola@maestromio.org<\/a>.<\/span><\/p>\n<p>&nbsp;<\/p>\n","protected":false},"excerpt":{"rendered":"<p>St\u00e1\u017ee Nab\u00edz\u00edme jak Erasmus+ st\u00e1\u017ee, tak mezin\u00e1rodn\u00ed st\u00e1\u017ee pro studenty, kte\u0159\u00ed cht\u011bj\u00ed z\u00edskat cenn\u00e9 pracovn\u00ed zku\u0161enosti ve firm\u00e1ch se s\u00eddlem v Malaze\/Madridu. M\u00e1me bohat\u00e9 zku\u0161enosti s podporou student\u016f, kte\u0159\u00ed cht\u011bj\u00ed zlep\u0161it sv\u00e9 pracovn\u00ed vyhl\u00eddky prost\u0159ednictv\u00edm st\u00e1\u017e\u00ed ve firm\u00e1ch z odv\u011btv\u00ed, je\u017e se dob\u0159e dopl\u0148uj\u00ed s jejich studiem. Pe\u010dliv\u011b vyb\u00edr\u00e1me spole\u010dnosti, kter\u00e9 jsou sou\u010d\u00e1st\u00ed na\u0161\u00ed s\u00edt\u011b, &#8230; <a title=\"InternshipM\u00edo\" class=\"read-more\" href=\"https:\/\/maestromio.org\/cs\/internshipmio\/\" aria-label=\"\u010c\u00edst v\u00edce o InternshipM\u00edo\">\u010c\u00edst d\u00e1l<\/a><\/p>\n","protected":false},"author":2,"featured_media":0,"parent":0,"menu_order":0,"comment_status":"closed","ping_status":"closed","template":"","meta":{"inline_featured_image":false,"footnotes":""},"class_list":["post-34853","page","type-page","status-publish"],"yoast_head":"<!-- This site is optimized with the Yoast SEO plugin v27.3 - https:\/\/yoast.com\/product\/yoast-seo-wordpress\/ -->\n<title>InternshipM\u00edo - Maestro m\u00edo - The language school<\/title>\n<meta name=\"robots\" content=\"index, follow, max-snippet:-1, max-image-preview:large, max-video-preview:-1\" \/>\n<link rel=\"canonical\" href=\"https:\/\/maestromio.org\/cs\/internshipmio\/\" \/>\n<meta property=\"og:locale\" content=\"cs_CZ\" \/>\n<meta property=\"og:type\" content=\"article\" \/>\n<meta property=\"og:title\" content=\"InternshipM\u00edo - Maestro m\u00edo - The language school\" \/>\n<meta property=\"og:description\" content=\"St\u00e1\u017ee Nab\u00edz\u00edme jak Erasmus+ st\u00e1\u017ee, tak mezin\u00e1rodn\u00ed st\u00e1\u017ee pro studenty, kte\u0159\u00ed cht\u011bj\u00ed z\u00edskat cenn\u00e9 pracovn\u00ed zku\u0161enosti ve firm\u00e1ch se s\u00eddlem v Malaze\/Madridu. M\u00e1me bohat\u00e9 zku\u0161enosti s podporou student\u016f, kte\u0159\u00ed cht\u011bj\u00ed zlep\u0161it sv\u00e9 pracovn\u00ed vyhl\u00eddky prost\u0159ednictv\u00edm st\u00e1\u017e\u00ed ve firm\u00e1ch z odv\u011btv\u00ed, je\u017e se dob\u0159e dopl\u0148uj\u00ed s jejich studiem. Pe\u010dliv\u011b vyb\u00edr\u00e1me spole\u010dnosti, kter\u00e9 jsou sou\u010d\u00e1st\u00ed na\u0161\u00ed s\u00edt\u011b, ... \u010c\u00edst d\u00e1l\" \/>\n<meta property=\"og:url\" content=\"https:\/\/maestromio.org\/cs\/internshipmio\/\" \/>\n<meta property=\"og:site_name\" content=\"Maestro m\u00edo - The language school\" \/>\n<meta property=\"article:publisher\" content=\"https:\/\/www.facebook.com\/MaestroMioMalaga\/\" \/>\n<meta property=\"article:modified_time\" content=\"2025-06-25T07:23:46+00:00\" \/>\n<meta property=\"og:image\" content=\"https:\/\/maestromio.org\/wp-content\/uploads\/logo_maestromio.png\" \/>\n\t<meta property=\"og:image:width\" content=\"350\" \/>\n\t<meta property=\"og:image:height\" content=\"188\" \/>\n\t<meta property=\"og:image:type\" content=\"image\/png\" \/>\n<meta name=\"twitter:card\" content=\"summary_large_image\" \/>\n<meta name=\"twitter:site\" content=\"@MaestroMio_\" \/>\n<meta name=\"twitter:label1\" content=\"Odhadovan\u00e1 doba \u010dten\u00ed\" \/>\n\t<meta name=\"twitter:data1\" content=\"1 minuta\" \/>\n<script type=\"application\/ld+json\" class=\"yoast-schema-graph\">{\"@context\":\"https:\\\/\\\/schema.org\",\"@graph\":[{\"@type\":\"WebPage\",\"@id\":\"https:\\\/\\\/maestromio.org\\\/cs\\\/internshipmio\\\/\",\"url\":\"https:\\\/\\\/maestromio.org\\\/cs\\\/internshipmio\\\/\",\"name\":\"InternshipM\u00edo - Maestro m\u00edo - The language school\",\"isPartOf\":{\"@id\":\"https:\\\/\\\/maestromio.org\\\/cs\\\/#website\"},\"datePublished\":\"2023-06-07T14:56:01+00:00\",\"dateModified\":\"2025-06-25T07:23:46+00:00\",\"breadcrumb\":{\"@id\":\"https:\\\/\\\/maestromio.org\\\/cs\\\/internshipmio\\\/#breadcrumb\"},\"inLanguage\":\"cs\",\"potentialAction\":[{\"@type\":\"ReadAction\",\"target\":[\"https:\\\/\\\/maestromio.org\\\/cs\\\/internshipmio\\\/\"]}]},{\"@type\":\"BreadcrumbList\",\"@id\":\"https:\\\/\\\/maestromio.org\\\/cs\\\/internshipmio\\\/#breadcrumb\",\"itemListElement\":[{\"@type\":\"ListItem\",\"position\":1,\"name\":\"Home\",\"item\":\"https:\\\/\\\/maestromio.org\\\/cs\\\/\"},{\"@type\":\"ListItem\",\"position\":2,\"name\":\"InternshipM\u00edo\"}]},{\"@type\":\"WebSite\",\"@id\":\"https:\\\/\\\/maestromio.org\\\/cs\\\/#website\",\"url\":\"https:\\\/\\\/maestromio.org\\\/cs\\\/\",\"name\":\"MaestroM\u00edo - The Language School\",\"description\":\"Spanish Courses in Malaga\",\"alternateName\":\"MaestroM\u00edo\",\"potentialAction\":[{\"@type\":\"SearchAction\",\"target\":{\"@type\":\"EntryPoint\",\"urlTemplate\":\"https:\\\/\\\/maestromio.org\\\/cs\\\/?s={search_term_string}\"},\"query-input\":{\"@type\":\"PropertyValueSpecification\",\"valueRequired\":true,\"valueName\":\"search_term_string\"}}],\"inLanguage\":\"cs\"}]}<\/script>\n<!-- \/ Yoast SEO plugin. -->","yoast_head_json":{"title":"InternshipM\u00edo - Maestro m\u00edo - The language school","robots":{"index":"index","follow":"follow","max-snippet":"max-snippet:-1","max-image-preview":"max-image-preview:large","max-video-preview":"max-video-preview:-1"},"canonical":"https:\/\/maestromio.org\/cs\/internshipmio\/","og_locale":"cs_CZ","og_type":"article","og_title":"InternshipM\u00edo - Maestro m\u00edo - The language school","og_description":"St\u00e1\u017ee Nab\u00edz\u00edme jak Erasmus+ st\u00e1\u017ee, tak mezin\u00e1rodn\u00ed st\u00e1\u017ee pro studenty, kte\u0159\u00ed cht\u011bj\u00ed z\u00edskat cenn\u00e9 pracovn\u00ed zku\u0161enosti ve firm\u00e1ch se s\u00eddlem v Malaze\/Madridu. M\u00e1me bohat\u00e9 zku\u0161enosti s podporou student\u016f, kte\u0159\u00ed cht\u011bj\u00ed zlep\u0161it sv\u00e9 pracovn\u00ed vyhl\u00eddky prost\u0159ednictv\u00edm st\u00e1\u017e\u00ed ve firm\u00e1ch z odv\u011btv\u00ed, je\u017e se dob\u0159e dopl\u0148uj\u00ed s jejich studiem. Pe\u010dliv\u011b vyb\u00edr\u00e1me spole\u010dnosti, kter\u00e9 jsou sou\u010d\u00e1st\u00ed na\u0161\u00ed s\u00edt\u011b, ... \u010c\u00edst d\u00e1l","og_url":"https:\/\/maestromio.org\/cs\/internshipmio\/","og_site_name":"Maestro m\u00edo - The language school","article_publisher":"https:\/\/www.facebook.com\/MaestroMioMalaga\/","article_modified_time":"2025-06-25T07:23:46+00:00","og_image":[{"width":350,"height":188,"url":"https:\/\/maestromio.org\/wp-content\/uploads\/logo_maestromio.png","type":"image\/png"}],"twitter_card":"summary_large_image","twitter_site":"@MaestroMio_","twitter_misc":{"Odhadovan\u00e1 doba \u010dten\u00ed":"1 minuta"},"schema":{"@context":"https:\/\/schema.org","@graph":[{"@type":"WebPage","@id":"https:\/\/maestromio.org\/cs\/internshipmio\/","url":"https:\/\/maestromio.org\/cs\/internshipmio\/","name":"InternshipM\u00edo - Maestro m\u00edo - The language school","isPartOf":{"@id":"https:\/\/maestromio.org\/cs\/#website"},"datePublished":"2023-06-07T14:56:01+00:00","dateModified":"2025-06-25T07:23:46+00:00","breadcrumb":{"@id":"https:\/\/maestromio.org\/cs\/internshipmio\/#breadcrumb"},"inLanguage":"cs","potentialAction":[{"@type":"ReadAction","target":["https:\/\/maestromio.org\/cs\/internshipmio\/"]}]},{"@type":"BreadcrumbList","@id":"https:\/\/maestromio.org\/cs\/internshipmio\/#breadcrumb","itemListElement":[{"@type":"ListItem","position":1,"name":"Home","item":"https:\/\/maestromio.org\/cs\/"},{"@type":"ListItem","position":2,"name":"InternshipM\u00edo"}]},{"@type":"WebSite","@id":"https:\/\/maestromio.org\/cs\/#website","url":"https:\/\/maestromio.org\/cs\/","name":"MaestroM\u00edo - The Language School","description":"Spanish Courses in Malaga","alternateName":"MaestroM\u00edo","potentialAction":[{"@type":"SearchAction","target":{"@type":"EntryPoint","urlTemplate":"https:\/\/maestromio.org\/cs\/?s={search_term_string}"},"query-input":{"@type":"PropertyValueSpecification","valueRequired":true,"valueName":"search_term_string"}}],"inLanguage":"cs"}]}},"_links":{"self":[{"href":"https:\/\/maestromio.org\/cs\/wp-json\/wp\/v2\/pages\/34853","targetHints":{"allow":["GET"]}}],"collection":[{"href":"https:\/\/maestromio.org\/cs\/wp-json\/wp\/v2\/pages"}],"about":[{"href":"https:\/\/maestromio.org\/cs\/wp-json\/wp\/v2\/types\/page"}],"author":[{"embeddable":true,"href":"https:\/\/maestromio.org\/cs\/wp-json\/wp\/v2\/users\/2"}],"replies":[{"embeddable":true,"href":"https:\/\/maestromio.org\/cs\/wp-json\/wp\/v2\/comments?post=34853"}],"version-history":[{"count":3,"href":"https:\/\/maestromio.org\/cs\/wp-json\/wp\/v2\/pages\/34853\/revisions"}],"predecessor-version":[{"id":35541,"href":"https:\/\/maestromio.org\/cs\/wp-json\/wp\/v2\/pages\/34853\/revisions\/35541"}],"wp:attachment":[{"href":"https:\/\/maestromio.org\/cs\/wp-json\/wp\/v2\/media?parent=34853"}],"curies":[{"name":"wp","href":"https:\/\/api.w.org\/{rel}","templated":true}]}}