{"id":34822,"date":"2023-08-24T12:33:29","date_gmt":"2023-08-24T11:33:29","guid":{"rendered":"https:\/\/maestromio.org\/in-company-classes\/"},"modified":"2025-06-24T15:48:22","modified_gmt":"2025-06-24T14:48:22","slug":"in-company-classes","status":"publish","type":"page","link":"https:\/\/maestromio.org\/cs\/in-company-classes\/","title":{"rendered":"In-company classes"},"content":{"rendered":"<div id=\"model-response-message-contentr_2c6f83fd88931341\" class=\"markdown markdown-main-panel enable-updated-hr-color\" dir=\"ltr\">\n<hr data-sourcepos=\"1:1-1:3\" \/>\n<h2 data-sourcepos=\"2:1-2:46\">Nau\u010dte se obchodn\u00ed \u0161pan\u011bl\u0161tinu s MaestroM\u00edo<\/h2>\n<p data-sourcepos=\"4:1-4:43\"><strong>Firemn\u00ed kurzy pro skupiny i jednotlivce<\/strong><\/p>\n<p data-sourcepos=\"6:1-6:226\">Nab\u00edz\u00edme exkluzivn\u00ed kurzy obchodn\u00ed \u0161pan\u011bl\u0161tiny p\u0159\u00edmo ve firm\u00e1ch. A\u0165 u\u017e si vyberete skupinovou dynamiku, nebo individu\u00e1ln\u00ed kou\u010dink, na\u0161e kurzy na m\u00edru jsou navr\u017eeny tak, aby z jazykov\u00fdch dovednost\u00ed va\u0161eho t\u00fdmu vyt\u011b\u017eily maximum.<\/p>\n<h3 data-sourcepos=\"8:1-8:30\">Pro\u010d si vybrat MaestroM\u00edo?<\/h3>\n<p data-sourcepos=\"10:1-10:301\">V MaestroM\u00edo ch\u00e1peme, \u017ee efektivn\u00ed komunikace je z\u00e1kladn\u00edm kamenem \u00fasp\u011b\u0161n\u00fdch obchodn\u00edch vztah\u016f. Na\u0161e kurzy p\u0159esahuj\u00ed tradi\u010dn\u00ed jazykovou v\u00fduku t\u00edm, \u017ee se zam\u011b\u0159uj\u00ed na specifick\u00e9 pot\u0159eby a v\u00fdzvy, kter\u00fdm \u010del\u00ed profesion\u00e1lov\u00e9 v r\u016fzn\u00fdch odv\u011btv\u00edch. Zde je d\u016fvod, pro\u010d na\u0161e kurzy obchodn\u00ed \u0161pan\u011bl\u0161tiny vynikaj\u00ed:<\/p>\n<ol data-sourcepos=\"12:1-21:0\">\n<li data-sourcepos=\"12:1-13:0\">\n<p data-sourcepos=\"12:5-12:307\"><strong>U\u010debn\u00ed pl\u00e1n na m\u00edru: <\/strong>N\u00e1\u0161 zku\u0161en\u00fd t\u00fdm p\u0159iprav\u00ed u\u010debn\u00ed pl\u00e1n, kter\u00fd odpov\u00edd\u00e1 odv\u011btv\u00ed va\u0161\u00ed spole\u010dnosti, jej\u00edm c\u00edl\u016fm i aktu\u00e1ln\u00ed \u00farovni jazykov\u00fdch znalost\u00ed va\u0161ich zam\u011bstnanc\u016f. A\u0165 u\u017e p\u016fsob\u00edte ve financ\u00edch, zdravotnictv\u00ed, technologi\u00edch nebo jin\u00e9m sektoru, obsah kurzu bude v\u017edy p\u0159izp\u016fsoben va\u0161im konkr\u00e9tn\u00edm pot\u0159eb\u00e1m.<\/p>\n<\/li>\n<li data-sourcepos=\"14:1-15:0\">\n<p data-sourcepos=\"14:5-14:230\"><strong>Obsah relevantn\u00ed pro dan\u00e9 odv\u011btv\u00ed: <\/strong>Do v\u00fduky za\u0159azujeme odbornou slovn\u00ed z\u00e1sobu, re\u00e1ln\u00e9 sc\u00e9n\u00e1\u0159e a p\u0159\u00edpadov\u00e9 studie z va\u0161eho oboru. D\u00edky tomu z\u00edsk\u00e1te jazykov\u00e9 dovednosti pot\u0159ebn\u00e9 pro veden\u00ed obchodn\u00edch jedn\u00e1n\u00ed, prezentac\u00ed a ka\u017edodenn\u00ed profesn\u00ed komunikace.<\/p>\n<\/li>\n<li data-sourcepos=\"16:1-17:0\">\n<p data-sourcepos=\"16:5-16:258\"><strong>Kulturn\u00ed poznatky: <\/strong>Porozum\u011bn\u00ed kulturn\u00edm odli\u0161nostem je kl\u00ed\u010dov\u00e9 pro budov\u00e1n\u00ed pevn\u00fdch vztah\u016f. Na\u0161e kurzy nab\u00edzej\u00ed vhled do kulturn\u00edch norem, etikety a obchodn\u00edch zvyklost\u00ed \u0161pan\u011blsky mluv\u00edc\u00edch zem\u00ed \u2013 pomohou v\u00e1m tak l\u00e9pe komunikovat s klienty i partnery.<\/p>\n<\/li>\n<li data-sourcepos=\"18:1-19:0\">\n<p data-sourcepos=\"18:5-18:144\"><strong>Flexibiln\u00ed rozvrh:<\/strong> Ch\u00e1peme, \u017ee v\u00e1\u0161 \u010das je cenn\u00fd. Proto nab\u00edz\u00edme flexibiln\u00ed rozvrh, kter\u00fd se p\u0159izp\u016fsob\u00ed pracovn\u00ed dob\u011b va\u0161ich zam\u011bstnanc\u016f.<\/p>\n<\/li>\n<li data-sourcepos=\"20:1-21:0\">\n<p data-sourcepos=\"20:5-20:229\"><strong>Zku\u0161en\u00ed u\u010ditel\u00e9: <\/strong>Na\u0161i rodil\u00ed mluv\u010d\u00ed maj\u00ed nejen bohat\u00e9 zku\u0161enosti s v\u00fdukou jazyk\u016f, ale tak\u00e9 znalosti z r\u016fzn\u00fdch obor\u016f. Tato kombinace zaru\u010duje prakticky zam\u011b\u0159enou v\u00fduku, kter\u00e1 skute\u010dn\u011b podpo\u0159\u00ed profesn\u00ed r\u016fst va\u0161ich zam\u011bstnanc\u016f.<\/p>\n<\/li>\n<\/ol>\n<hr data-sourcepos=\"22:1-22:3\" \/>\n<h3 data-sourcepos=\"23:1-23:34\">Dotace od Fundaci\u00f3n Tripartita<\/h3>\n<p data-sourcepos=\"25:1-25:277\">&#8222;Fundaci\u00f3n Tripartita&#8220; je \u0161pan\u011blsk\u00e1 organizace ofici\u00e1ln\u011b zn\u00e1m\u00e1 jako FUNDAE (Fundaci\u00f3n Estatal para la Formaci\u00f3n en el Empleo \u2013 St\u00e1tn\u00ed nadace pro vzd\u011bl\u00e1v\u00e1n\u00ed v zam\u011bstnanosti). FUNDAE nab\u00edz\u00ed granty a dotace na podporu firem a zam\u011bstnanc\u016f p\u0159i p\u0159\u00edstupu ke vzd\u011bl\u00e1vac\u00edm p\u0159\u00edle\u017eitostem.<\/p>\n<p data-sourcepos=\"27:1-27:130\">V MaestroM\u00edo se postar\u00e1me o proces dokumentace pro FUNDAE a pom\u016f\u017eeme v\u00e1m z\u00edskat vhodn\u00e9 finan\u010dn\u00ed prost\u0159edky na na\u0161e jazykov\u00e9 kurzy.<\/p>\n<h3 data-sourcepos=\"29:1-29:12\">Poplatky<\/h3>\n<p data-sourcepos=\"31:1-31:81\">Pro personalizovanou cenovou nab\u00eddku n\u00e1s kontaktujte na marketing@maestromio.org.<\/p>\n<p data-sourcepos=\"33:1-33:46\"><strong>Ve\u010dern\u00ed kurzy v na\u0161\u00ed \u0161kole: Zjist\u011bte v\u00edce.<\/strong><\/p>\n<\/div>\n","protected":false},"excerpt":{"rendered":"<p>Nau\u010dte se obchodn\u00ed \u0161pan\u011bl\u0161tinu s MaestroM\u00edo Firemn\u00ed kurzy pro skupiny i jednotlivce Nab\u00edz\u00edme exkluzivn\u00ed kurzy obchodn\u00ed \u0161pan\u011bl\u0161tiny p\u0159\u00edmo ve firm\u00e1ch. A\u0165 u\u017e si vyberete skupinovou dynamiku, nebo individu\u00e1ln\u00ed kou\u010dink, na\u0161e kurzy na m\u00edru jsou navr\u017eeny tak, aby z jazykov\u00fdch dovednost\u00ed va\u0161eho t\u00fdmu vyt\u011b\u017eily maximum. Pro\u010d si vybrat MaestroM\u00edo? V MaestroM\u00edo ch\u00e1peme, \u017ee efektivn\u00ed komunikace je &#8230; <a title=\"In-company classes\" class=\"read-more\" href=\"https:\/\/maestromio.org\/cs\/in-company-classes\/\" aria-label=\"\u010c\u00edst v\u00edce o In-company classes\">\u010c\u00edst d\u00e1l<\/a><\/p>\n","protected":false},"author":2,"featured_media":0,"parent":0,"menu_order":0,"comment_status":"closed","ping_status":"closed","template":"","meta":{"inline_featured_image":false,"footnotes":""},"class_list":["post-34822","page","type-page","status-publish"],"yoast_head":"<!-- This site is optimized with the Yoast SEO plugin v27.3 - https:\/\/yoast.com\/product\/yoast-seo-wordpress\/ -->\n<title>In-company classes - Maestro m\u00edo - The language school<\/title>\n<meta name=\"robots\" content=\"index, follow, max-snippet:-1, max-image-preview:large, max-video-preview:-1\" \/>\n<link rel=\"canonical\" href=\"https:\/\/maestromio.org\/cs\/in-company-classes\/\" \/>\n<meta property=\"og:locale\" content=\"cs_CZ\" \/>\n<meta property=\"og:type\" content=\"article\" \/>\n<meta property=\"og:title\" content=\"In-company classes - Maestro m\u00edo - The language school\" \/>\n<meta property=\"og:description\" content=\"Nau\u010dte se obchodn\u00ed \u0161pan\u011bl\u0161tinu s MaestroM\u00edo Firemn\u00ed kurzy pro skupiny i jednotlivce Nab\u00edz\u00edme exkluzivn\u00ed kurzy obchodn\u00ed \u0161pan\u011bl\u0161tiny p\u0159\u00edmo ve firm\u00e1ch. A\u0165 u\u017e si vyberete skupinovou dynamiku, nebo individu\u00e1ln\u00ed kou\u010dink, na\u0161e kurzy na m\u00edru jsou navr\u017eeny tak, aby z jazykov\u00fdch dovednost\u00ed va\u0161eho t\u00fdmu vyt\u011b\u017eily maximum. Pro\u010d si vybrat MaestroM\u00edo? V MaestroM\u00edo ch\u00e1peme, \u017ee efektivn\u00ed komunikace je ... \u010c\u00edst d\u00e1l\" \/>\n<meta property=\"og:url\" content=\"https:\/\/maestromio.org\/cs\/in-company-classes\/\" \/>\n<meta property=\"og:site_name\" content=\"Maestro m\u00edo - The language school\" \/>\n<meta property=\"article:publisher\" content=\"https:\/\/www.facebook.com\/MaestroMioMalaga\/\" \/>\n<meta property=\"article:modified_time\" content=\"2025-06-24T14:48:22+00:00\" \/>\n<meta property=\"og:image\" content=\"https:\/\/maestromio.org\/wp-content\/uploads\/logo_maestromio.png\" \/>\n\t<meta property=\"og:image:width\" content=\"350\" \/>\n\t<meta property=\"og:image:height\" content=\"188\" \/>\n\t<meta property=\"og:image:type\" content=\"image\/png\" \/>\n<meta name=\"twitter:card\" content=\"summary_large_image\" \/>\n<meta name=\"twitter:site\" content=\"@MaestroMio_\" \/>\n<meta name=\"twitter:label1\" content=\"Odhadovan\u00e1 doba \u010dten\u00ed\" \/>\n\t<meta name=\"twitter:data1\" content=\"2 minuty\" \/>\n<script type=\"application\/ld+json\" class=\"yoast-schema-graph\">{\"@context\":\"https:\\\/\\\/schema.org\",\"@graph\":[{\"@type\":\"WebPage\",\"@id\":\"https:\\\/\\\/maestromio.org\\\/cs\\\/in-company-classes\\\/\",\"url\":\"https:\\\/\\\/maestromio.org\\\/cs\\\/in-company-classes\\\/\",\"name\":\"In-company classes - Maestro m\u00edo - The language school\",\"isPartOf\":{\"@id\":\"https:\\\/\\\/maestromio.org\\\/cs\\\/#website\"},\"datePublished\":\"2023-08-24T11:33:29+00:00\",\"dateModified\":\"2025-06-24T14:48:22+00:00\",\"breadcrumb\":{\"@id\":\"https:\\\/\\\/maestromio.org\\\/cs\\\/in-company-classes\\\/#breadcrumb\"},\"inLanguage\":\"cs\",\"potentialAction\":[{\"@type\":\"ReadAction\",\"target\":[\"https:\\\/\\\/maestromio.org\\\/cs\\\/in-company-classes\\\/\"]}]},{\"@type\":\"BreadcrumbList\",\"@id\":\"https:\\\/\\\/maestromio.org\\\/cs\\\/in-company-classes\\\/#breadcrumb\",\"itemListElement\":[{\"@type\":\"ListItem\",\"position\":1,\"name\":\"Home\",\"item\":\"https:\\\/\\\/maestromio.org\\\/cs\\\/\"},{\"@type\":\"ListItem\",\"position\":2,\"name\":\"In-company classes\"}]},{\"@type\":\"WebSite\",\"@id\":\"https:\\\/\\\/maestromio.org\\\/cs\\\/#website\",\"url\":\"https:\\\/\\\/maestromio.org\\\/cs\\\/\",\"name\":\"MaestroM\u00edo - The Language School\",\"description\":\"Spanish Courses in Malaga\",\"alternateName\":\"MaestroM\u00edo\",\"potentialAction\":[{\"@type\":\"SearchAction\",\"target\":{\"@type\":\"EntryPoint\",\"urlTemplate\":\"https:\\\/\\\/maestromio.org\\\/cs\\\/?s={search_term_string}\"},\"query-input\":{\"@type\":\"PropertyValueSpecification\",\"valueRequired\":true,\"valueName\":\"search_term_string\"}}],\"inLanguage\":\"cs\"}]}<\/script>\n<!-- \/ Yoast SEO plugin. -->","yoast_head_json":{"title":"In-company classes - Maestro m\u00edo - The language school","robots":{"index":"index","follow":"follow","max-snippet":"max-snippet:-1","max-image-preview":"max-image-preview:large","max-video-preview":"max-video-preview:-1"},"canonical":"https:\/\/maestromio.org\/cs\/in-company-classes\/","og_locale":"cs_CZ","og_type":"article","og_title":"In-company classes - Maestro m\u00edo - The language school","og_description":"Nau\u010dte se obchodn\u00ed \u0161pan\u011bl\u0161tinu s MaestroM\u00edo Firemn\u00ed kurzy pro skupiny i jednotlivce Nab\u00edz\u00edme exkluzivn\u00ed kurzy obchodn\u00ed \u0161pan\u011bl\u0161tiny p\u0159\u00edmo ve firm\u00e1ch. A\u0165 u\u017e si vyberete skupinovou dynamiku, nebo individu\u00e1ln\u00ed kou\u010dink, na\u0161e kurzy na m\u00edru jsou navr\u017eeny tak, aby z jazykov\u00fdch dovednost\u00ed va\u0161eho t\u00fdmu vyt\u011b\u017eily maximum. Pro\u010d si vybrat MaestroM\u00edo? V MaestroM\u00edo ch\u00e1peme, \u017ee efektivn\u00ed komunikace je ... \u010c\u00edst d\u00e1l","og_url":"https:\/\/maestromio.org\/cs\/in-company-classes\/","og_site_name":"Maestro m\u00edo - The language school","article_publisher":"https:\/\/www.facebook.com\/MaestroMioMalaga\/","article_modified_time":"2025-06-24T14:48:22+00:00","og_image":[{"width":350,"height":188,"url":"https:\/\/maestromio.org\/wp-content\/uploads\/logo_maestromio.png","type":"image\/png"}],"twitter_card":"summary_large_image","twitter_site":"@MaestroMio_","twitter_misc":{"Odhadovan\u00e1 doba \u010dten\u00ed":"2 minuty"},"schema":{"@context":"https:\/\/schema.org","@graph":[{"@type":"WebPage","@id":"https:\/\/maestromio.org\/cs\/in-company-classes\/","url":"https:\/\/maestromio.org\/cs\/in-company-classes\/","name":"In-company classes - Maestro m\u00edo - The language school","isPartOf":{"@id":"https:\/\/maestromio.org\/cs\/#website"},"datePublished":"2023-08-24T11:33:29+00:00","dateModified":"2025-06-24T14:48:22+00:00","breadcrumb":{"@id":"https:\/\/maestromio.org\/cs\/in-company-classes\/#breadcrumb"},"inLanguage":"cs","potentialAction":[{"@type":"ReadAction","target":["https:\/\/maestromio.org\/cs\/in-company-classes\/"]}]},{"@type":"BreadcrumbList","@id":"https:\/\/maestromio.org\/cs\/in-company-classes\/#breadcrumb","itemListElement":[{"@type":"ListItem","position":1,"name":"Home","item":"https:\/\/maestromio.org\/cs\/"},{"@type":"ListItem","position":2,"name":"In-company classes"}]},{"@type":"WebSite","@id":"https:\/\/maestromio.org\/cs\/#website","url":"https:\/\/maestromio.org\/cs\/","name":"MaestroM\u00edo - The Language School","description":"Spanish Courses in Malaga","alternateName":"MaestroM\u00edo","potentialAction":[{"@type":"SearchAction","target":{"@type":"EntryPoint","urlTemplate":"https:\/\/maestromio.org\/cs\/?s={search_term_string}"},"query-input":{"@type":"PropertyValueSpecification","valueRequired":true,"valueName":"search_term_string"}}],"inLanguage":"cs"}]}},"_links":{"self":[{"href":"https:\/\/maestromio.org\/cs\/wp-json\/wp\/v2\/pages\/34822","targetHints":{"allow":["GET"]}}],"collection":[{"href":"https:\/\/maestromio.org\/cs\/wp-json\/wp\/v2\/pages"}],"about":[{"href":"https:\/\/maestromio.org\/cs\/wp-json\/wp\/v2\/types\/page"}],"author":[{"embeddable":true,"href":"https:\/\/maestromio.org\/cs\/wp-json\/wp\/v2\/users\/2"}],"replies":[{"embeddable":true,"href":"https:\/\/maestromio.org\/cs\/wp-json\/wp\/v2\/comments?post=34822"}],"version-history":[{"count":3,"href":"https:\/\/maestromio.org\/cs\/wp-json\/wp\/v2\/pages\/34822\/revisions"}],"predecessor-version":[{"id":35519,"href":"https:\/\/maestromio.org\/cs\/wp-json\/wp\/v2\/pages\/34822\/revisions\/35519"}],"wp:attachment":[{"href":"https:\/\/maestromio.org\/cs\/wp-json\/wp\/v2\/media?parent=34822"}],"curies":[{"name":"wp","href":"https:\/\/api.w.org\/{rel}","templated":true}]}}