{"id":34814,"date":"2024-03-07T17:28:49","date_gmt":"2024-03-07T16:28:49","guid":{"rendered":"https:\/\/maestromio.org\/pathway-course\/"},"modified":"2025-06-24T15:54:26","modified_gmt":"2025-06-24T14:54:26","slug":"pathway-course","status":"publish","type":"page","link":"https:\/\/maestromio.org\/cs\/pathway-course\/","title":{"rendered":"Pathway Course"},"content":{"rendered":"\t\t<div data-elementor-type=\"wp-page\" data-elementor-id=\"34814\" class=\"elementor elementor-34814 elementor-20551\" data-elementor-post-type=\"page\">\n\t\t\t\t\t\t<section class=\"elementor-section elementor-top-section elementor-element elementor-element-31049711 elementor-section-boxed elementor-section-height-default elementor-section-height-default\" data-id=\"31049711\" data-element_type=\"section\" data-e-type=\"section\">\n\t\t\t\t\t\t<div class=\"elementor-container elementor-column-gap-default\">\n\t\t\t\t\t<div class=\"elementor-column elementor-col-100 elementor-top-column elementor-element elementor-element-58ec8224\" data-id=\"58ec8224\" data-element_type=\"column\" data-e-type=\"column\">\n\t\t\t<div class=\"elementor-widget-wrap elementor-element-populated\">\n\t\t\t\t\t\t<div class=\"elementor-element elementor-element-65985271 elementor-widget elementor-widget-text-editor\" data-id=\"65985271\" data-element_type=\"widget\" data-e-type=\"widget\" data-widget_type=\"text-editor.default\">\n\t\t\t\t<div class=\"elementor-widget-container\">\n\t\t\t\t\t\t\t\t\t<div id=\"model-response-message-contentr_e53e67c6994cf2c7\" class=\"markdown markdown-main-panel enable-updated-hr-color\" dir=\"ltr\"><p data-sourcepos=\"1:1-1:267\"><span style=\"font-family: Terminal, Monaco;\">Zaj\u00edm\u00e1 v\u00e1s studium na \u0161pan\u011blsk\u00e9 ve\u0159ejn\u00e9 univerzit\u011b? \u0160pan\u011blsk\u00e9 univerzity pat\u0159\u00ed mezi nejl\u00e9pe hodnocen\u00e9 v Evrop\u011b a \u0161koln\u00e9 na ve\u0159ejn\u00fdch univerzit\u00e1ch je obzvl\u00e1\u0161t\u011b velmi konkurenceschopn\u00e9. Nab\u00edz\u00edme p\u0159\u00edpravn\u00fd kurz pro vstup do \u0161pan\u011blsk\u00e9ho univerzitn\u00edho syst\u00e9mu.<\/span><\/p><p data-sourcepos=\"3:1-3:253\"><span style=\"font-family: Terminal, Monaco;\">Aby byli mezin\u00e1rodn\u00ed studenti p\u0159ijati na \u0161pan\u011blsk\u00e9 ve\u0159ejn\u00e9 univerzity, obvykle mus\u00ed slo\u017eit p\u0159ij\u00edmac\u00ed zkou\u0161ku, hovorov\u011b zn\u00e1mou jako Selectividad. Existuj\u00ed dva typy Selectividad, zn\u00e1m\u00e9 pod zkratkami PCE a EBAU. M\u016f\u017eeme v\u00e1m zajistit p\u0159\u00edstup k ob\u011bma.<\/span><\/p><p data-sourcepos=\"5:1-5:383\"><span style=\"font-family: Terminal, Monaco;\">Tento kurz je 34t\u00fddenn\u00ed program, skl\u00e1daj\u00edc\u00ed se ze 14 t\u00fddn\u016f v\u00fduky \u0161pan\u011blsk\u00e9ho jazyka, po nich\u017e n\u00e1sleduje 20 t\u00fddn\u016f p\u0159\u00edpravy na Selectividad. Kurz je velmi intenzivn\u00ed, ale na\u0161im student\u016fm p\u0159inesl vynikaj\u00edc\u00ed v\u00fdsledky. Sou\u010d\u00e1st\u00ed kurzu je individu\u00e1ln\u00ed pomoc p\u0159i v\u00fdb\u011bru vhodn\u00fdch p\u0159edm\u011bt\u016f a n\u00e1sledn\u00e9 sestaven\u00ed individu\u00e1ln\u00edho studijn\u00edho programu, kter\u00fd spln\u00ed va\u0161e studijn\u00ed pot\u0159eby.<\/span><\/p><p data-sourcepos=\"7:1-7:123\"><span style=\"font-family: Terminal, Monaco;\">Ceny kurz\u016f se mohou li\u0161it v z\u00e1vislosti na specifik\u00e1ch kurzu, kter\u00fd je pro v\u00e1s ten prav\u00fd, ale budou k dispozici na vy\u017e\u00e1d\u00e1n\u00ed.<\/span><\/p><\/div>\t\t\t\t\t\t\t\t<\/div>\n\t\t\t\t<\/div>\n\t\t\t\t\t<\/div>\n\t\t<\/div>\n\t\t\t\t\t<\/div>\n\t\t<\/section>\n\t\t\t\t<\/div>\n\t\t","protected":false},"excerpt":{"rendered":"<p>Zaj\u00edm\u00e1 v\u00e1s studium na \u0161pan\u011blsk\u00e9 ve\u0159ejn\u00e9 univerzit\u011b? \u0160pan\u011blsk\u00e9 univerzity pat\u0159\u00ed mezi nejl\u00e9pe hodnocen\u00e9 v Evrop\u011b a \u0161koln\u00e9 na ve\u0159ejn\u00fdch univerzit\u00e1ch je obzvl\u00e1\u0161t\u011b velmi konkurenceschopn\u00e9. Nab\u00edz\u00edme p\u0159\u00edpravn\u00fd kurz pro vstup do \u0161pan\u011blsk\u00e9ho univerzitn\u00edho syst\u00e9mu. Aby byli mezin\u00e1rodn\u00ed studenti p\u0159ijati na \u0161pan\u011blsk\u00e9 ve\u0159ejn\u00e9 univerzity, obvykle mus\u00ed slo\u017eit p\u0159ij\u00edmac\u00ed zkou\u0161ku, hovorov\u011b zn\u00e1mou jako Selectividad. Existuj\u00ed dva typy Selectividad, &#8230; <a title=\"Pathway Course\" class=\"read-more\" href=\"https:\/\/maestromio.org\/cs\/pathway-course\/\" aria-label=\"\u010c\u00edst v\u00edce o Pathway Course\">\u010c\u00edst d\u00e1l<\/a><\/p>\n","protected":false},"author":2,"featured_media":0,"parent":0,"menu_order":0,"comment_status":"closed","ping_status":"closed","template":"","meta":{"inline_featured_image":false,"footnotes":""},"class_list":["post-34814","page","type-page","status-publish"],"yoast_head":"<!-- This site is optimized with the Yoast SEO plugin v27.3 - https:\/\/yoast.com\/product\/yoast-seo-wordpress\/ -->\n<title>Pathway Course - Maestro m\u00edo - The language school<\/title>\n<meta name=\"robots\" content=\"index, follow, max-snippet:-1, max-image-preview:large, max-video-preview:-1\" \/>\n<link rel=\"canonical\" href=\"https:\/\/maestromio.org\/cs\/pathway-course\/\" \/>\n<meta property=\"og:locale\" content=\"cs_CZ\" \/>\n<meta property=\"og:type\" content=\"article\" \/>\n<meta property=\"og:title\" content=\"Pathway Course - Maestro m\u00edo - The language school\" \/>\n<meta property=\"og:description\" content=\"Zaj\u00edm\u00e1 v\u00e1s studium na \u0161pan\u011blsk\u00e9 ve\u0159ejn\u00e9 univerzit\u011b? \u0160pan\u011blsk\u00e9 univerzity pat\u0159\u00ed mezi nejl\u00e9pe hodnocen\u00e9 v Evrop\u011b a \u0161koln\u00e9 na ve\u0159ejn\u00fdch univerzit\u00e1ch je obzvl\u00e1\u0161t\u011b velmi konkurenceschopn\u00e9. Nab\u00edz\u00edme p\u0159\u00edpravn\u00fd kurz pro vstup do \u0161pan\u011blsk\u00e9ho univerzitn\u00edho syst\u00e9mu. Aby byli mezin\u00e1rodn\u00ed studenti p\u0159ijati na \u0161pan\u011blsk\u00e9 ve\u0159ejn\u00e9 univerzity, obvykle mus\u00ed slo\u017eit p\u0159ij\u00edmac\u00ed zkou\u0161ku, hovorov\u011b zn\u00e1mou jako Selectividad. Existuj\u00ed dva typy Selectividad, ... \u010c\u00edst d\u00e1l\" \/>\n<meta property=\"og:url\" content=\"https:\/\/maestromio.org\/cs\/pathway-course\/\" \/>\n<meta property=\"og:site_name\" content=\"Maestro m\u00edo - The language school\" \/>\n<meta property=\"article:publisher\" content=\"https:\/\/www.facebook.com\/MaestroMioMalaga\/\" \/>\n<meta property=\"article:modified_time\" content=\"2025-06-24T14:54:26+00:00\" \/>\n<meta property=\"og:image\" content=\"https:\/\/maestromio.org\/wp-content\/uploads\/logo_maestromio.png\" \/>\n\t<meta property=\"og:image:width\" content=\"350\" \/>\n\t<meta property=\"og:image:height\" content=\"188\" \/>\n\t<meta property=\"og:image:type\" content=\"image\/png\" \/>\n<meta name=\"twitter:card\" content=\"summary_large_image\" \/>\n<meta name=\"twitter:site\" content=\"@MaestroMio_\" \/>\n<meta name=\"twitter:label1\" content=\"Odhadovan\u00e1 doba \u010dten\u00ed\" \/>\n\t<meta name=\"twitter:data1\" content=\"1 minuta\" \/>\n<script type=\"application\/ld+json\" class=\"yoast-schema-graph\">{\"@context\":\"https:\\\/\\\/schema.org\",\"@graph\":[{\"@type\":\"WebPage\",\"@id\":\"https:\\\/\\\/maestromio.org\\\/cs\\\/pathway-course\\\/\",\"url\":\"https:\\\/\\\/maestromio.org\\\/cs\\\/pathway-course\\\/\",\"name\":\"Pathway Course - Maestro m\u00edo - The language school\",\"isPartOf\":{\"@id\":\"https:\\\/\\\/maestromio.org\\\/cs\\\/#website\"},\"datePublished\":\"2024-03-07T16:28:49+00:00\",\"dateModified\":\"2025-06-24T14:54:26+00:00\",\"breadcrumb\":{\"@id\":\"https:\\\/\\\/maestromio.org\\\/cs\\\/pathway-course\\\/#breadcrumb\"},\"inLanguage\":\"cs\",\"potentialAction\":[{\"@type\":\"ReadAction\",\"target\":[\"https:\\\/\\\/maestromio.org\\\/cs\\\/pathway-course\\\/\"]}]},{\"@type\":\"BreadcrumbList\",\"@id\":\"https:\\\/\\\/maestromio.org\\\/cs\\\/pathway-course\\\/#breadcrumb\",\"itemListElement\":[{\"@type\":\"ListItem\",\"position\":1,\"name\":\"Home\",\"item\":\"https:\\\/\\\/maestromio.org\\\/cs\\\/\"},{\"@type\":\"ListItem\",\"position\":2,\"name\":\"Pathway Course\"}]},{\"@type\":\"WebSite\",\"@id\":\"https:\\\/\\\/maestromio.org\\\/cs\\\/#website\",\"url\":\"https:\\\/\\\/maestromio.org\\\/cs\\\/\",\"name\":\"MaestroM\u00edo - The Language School\",\"description\":\"Spanish Courses in Malaga\",\"alternateName\":\"MaestroM\u00edo\",\"potentialAction\":[{\"@type\":\"SearchAction\",\"target\":{\"@type\":\"EntryPoint\",\"urlTemplate\":\"https:\\\/\\\/maestromio.org\\\/cs\\\/?s={search_term_string}\"},\"query-input\":{\"@type\":\"PropertyValueSpecification\",\"valueRequired\":true,\"valueName\":\"search_term_string\"}}],\"inLanguage\":\"cs\"}]}<\/script>\n<!-- \/ Yoast SEO plugin. -->","yoast_head_json":{"title":"Pathway Course - Maestro m\u00edo - The language school","robots":{"index":"index","follow":"follow","max-snippet":"max-snippet:-1","max-image-preview":"max-image-preview:large","max-video-preview":"max-video-preview:-1"},"canonical":"https:\/\/maestromio.org\/cs\/pathway-course\/","og_locale":"cs_CZ","og_type":"article","og_title":"Pathway Course - Maestro m\u00edo - The language school","og_description":"Zaj\u00edm\u00e1 v\u00e1s studium na \u0161pan\u011blsk\u00e9 ve\u0159ejn\u00e9 univerzit\u011b? \u0160pan\u011blsk\u00e9 univerzity pat\u0159\u00ed mezi nejl\u00e9pe hodnocen\u00e9 v Evrop\u011b a \u0161koln\u00e9 na ve\u0159ejn\u00fdch univerzit\u00e1ch je obzvl\u00e1\u0161t\u011b velmi konkurenceschopn\u00e9. Nab\u00edz\u00edme p\u0159\u00edpravn\u00fd kurz pro vstup do \u0161pan\u011blsk\u00e9ho univerzitn\u00edho syst\u00e9mu. Aby byli mezin\u00e1rodn\u00ed studenti p\u0159ijati na \u0161pan\u011blsk\u00e9 ve\u0159ejn\u00e9 univerzity, obvykle mus\u00ed slo\u017eit p\u0159ij\u00edmac\u00ed zkou\u0161ku, hovorov\u011b zn\u00e1mou jako Selectividad. Existuj\u00ed dva typy Selectividad, ... \u010c\u00edst d\u00e1l","og_url":"https:\/\/maestromio.org\/cs\/pathway-course\/","og_site_name":"Maestro m\u00edo - The language school","article_publisher":"https:\/\/www.facebook.com\/MaestroMioMalaga\/","article_modified_time":"2025-06-24T14:54:26+00:00","og_image":[{"width":350,"height":188,"url":"https:\/\/maestromio.org\/wp-content\/uploads\/logo_maestromio.png","type":"image\/png"}],"twitter_card":"summary_large_image","twitter_site":"@MaestroMio_","twitter_misc":{"Odhadovan\u00e1 doba \u010dten\u00ed":"1 minuta"},"schema":{"@context":"https:\/\/schema.org","@graph":[{"@type":"WebPage","@id":"https:\/\/maestromio.org\/cs\/pathway-course\/","url":"https:\/\/maestromio.org\/cs\/pathway-course\/","name":"Pathway Course - Maestro m\u00edo - The language school","isPartOf":{"@id":"https:\/\/maestromio.org\/cs\/#website"},"datePublished":"2024-03-07T16:28:49+00:00","dateModified":"2025-06-24T14:54:26+00:00","breadcrumb":{"@id":"https:\/\/maestromio.org\/cs\/pathway-course\/#breadcrumb"},"inLanguage":"cs","potentialAction":[{"@type":"ReadAction","target":["https:\/\/maestromio.org\/cs\/pathway-course\/"]}]},{"@type":"BreadcrumbList","@id":"https:\/\/maestromio.org\/cs\/pathway-course\/#breadcrumb","itemListElement":[{"@type":"ListItem","position":1,"name":"Home","item":"https:\/\/maestromio.org\/cs\/"},{"@type":"ListItem","position":2,"name":"Pathway Course"}]},{"@type":"WebSite","@id":"https:\/\/maestromio.org\/cs\/#website","url":"https:\/\/maestromio.org\/cs\/","name":"MaestroM\u00edo - The Language School","description":"Spanish Courses in Malaga","alternateName":"MaestroM\u00edo","potentialAction":[{"@type":"SearchAction","target":{"@type":"EntryPoint","urlTemplate":"https:\/\/maestromio.org\/cs\/?s={search_term_string}"},"query-input":{"@type":"PropertyValueSpecification","valueRequired":true,"valueName":"search_term_string"}}],"inLanguage":"cs"}]}},"_links":{"self":[{"href":"https:\/\/maestromio.org\/cs\/wp-json\/wp\/v2\/pages\/34814","targetHints":{"allow":["GET"]}}],"collection":[{"href":"https:\/\/maestromio.org\/cs\/wp-json\/wp\/v2\/pages"}],"about":[{"href":"https:\/\/maestromio.org\/cs\/wp-json\/wp\/v2\/types\/page"}],"author":[{"embeddable":true,"href":"https:\/\/maestromio.org\/cs\/wp-json\/wp\/v2\/users\/2"}],"replies":[{"embeddable":true,"href":"https:\/\/maestromio.org\/cs\/wp-json\/wp\/v2\/comments?post=34814"}],"version-history":[{"count":5,"href":"https:\/\/maestromio.org\/cs\/wp-json\/wp\/v2\/pages\/34814\/revisions"}],"predecessor-version":[{"id":35521,"href":"https:\/\/maestromio.org\/cs\/wp-json\/wp\/v2\/pages\/34814\/revisions\/35521"}],"wp:attachment":[{"href":"https:\/\/maestromio.org\/cs\/wp-json\/wp\/v2\/media?parent=34814"}],"curies":[{"name":"wp","href":"https:\/\/api.w.org\/{rel}","templated":true}]}}