{"id":34777,"date":"2021-05-27T12:50:57","date_gmt":"2021-05-27T11:50:57","guid":{"rendered":"https:\/\/maestromio.org\/the-philosophy-of-maestromio\/"},"modified":"2025-06-19T11:29:27","modified_gmt":"2025-06-19T10:29:27","slug":"the-philosophy-of-maestromio","status":"publish","type":"page","link":"https:\/\/maestromio.org\/cs\/the-philosophy-of-maestromio\/","title":{"rendered":"The Philosophy of MaestroM\u00edo"},"content":{"rendered":"<p>MaestroM\u00edo je m\u00edsto, kde prom\u011bn\u00edme va\u0161e sny ve skute\u010dnost, proto\u017ee \u010diny jsou pro n\u00e1s d\u016fle\u017eit\u011bj\u0161\u00ed ne\u017e slova.<\/p>\n<p>V MaestroM\u00edo se nebudete jen u\u010dit \u0161pan\u011blsky, budete \u0161pan\u011bl\u0161tinou opravdu \u017e\u00edt. Na\u0161\u00ed filozofi\u00ed je, \u017ee se s v\u00e1mi vyd\u00e1me na cestu, kter\u00e1 z va\u0161eho u\u010den\u00ed ud\u011bl\u00e1 jedine\u010dn\u00fd z\u00e1\u017eitek, proto\u017ee ka\u017ed\u00fd student je pro n\u00e1s v\u00fdjime\u010dn\u00fd. Pr\u00e1v\u011b proto m\u00e1me t\u00fdm, kter\u00fd se soust\u0159ed\u00ed na osobn\u00ed p\u0159\u00edstup ke ka\u017ed\u00e9mu studentovi a v\u017edy db\u00e1 na jeho individu\u00e1ln\u00ed pot\u0159eby. S n\u00e1mi se pono\u0159\u00edte do jazyka naplno a nau\u010d\u00edte se nejen \u0161pan\u011blsky, ale tak\u00e9 se bl\u00ed\u017ee sezn\u00e1m\u00edte s na\u0161\u00ed kulturou, gastronomi\u00ed a tradicemi.<\/p>\n<p>K tomu v\u0161emu nab\u00edz\u00edme nejen hodiny, kde m\u016f\u017eete v\u0161e za\u017e\u00edt p\u0159\u00edmo na vlastn\u00ed k\u016f\u017ei, s neust\u00e1l\u00fdmi praktick\u00fdmi aktivitami, ale tak\u00e9 bohat\u00fd program mimo\u0161koln\u00edch \u010dinnost\u00ed. Na\u0161i lekto\u0159i v\u00e1s zavedou do sv\u011bta p\u0159\u00edb\u011bh\u016f, anekdot, tradic a zaj\u00edmav\u00fdch m\u00edst. V\u0161e prob\u00edh\u00e1 tak p\u0159irozen\u011b a z\u00e1bavn\u011b, \u017ee si to budete pamatovat jako nezapomenutelnou zku\u0161enost, kter\u00e1 ve v\u00e1s z\u016fstane nav\u017edy.<\/p>\n<p><strong>\u00a0<\/strong><\/p>\n<p><strong>Mise:<\/strong><\/p>\n<p>Jsme mezin\u00e1rodn\u00ed, motivovan\u00fd, kreativn\u00ed a flexibiln\u00ed t\u00fdm. Na\u0161\u00edm posl\u00e1n\u00edm je nab\u00edzet na\u0161im klient\u016fm kvalitn\u00ed a personalizovan\u00fd produkt, aby se c\u00edtili ned\u00edlnou sou\u010d\u00e1st\u00ed na\u0161\u00ed velk\u00e9 rodiny a za\u017eili profesion\u00e1ln\u00ed a z\u00e1rove\u0148 z\u00e1bavn\u00fd pobyt a v\u00fduku jazyk\u016f.<\/p>\n<p><strong>Vize:<\/strong><\/p>\n<p>Na\u0161\u00edm c\u00edlem je st\u00e1t se mezin\u00e1rodn\u00ed spole\u010dnost\u00ed, kter\u00e1 nab\u00edz\u00ed jazykov\u00e9 kurzy pro zahrani\u010dn\u00ed skupiny i jednotlivce. Kurzy jsou spojen\u00e9 s kreativn\u00edmi aktivitami v rodinn\u00e9m a z\u00e1bavn\u00e9m prost\u0159ed\u00ed. V oblasti administrativy se tato filozofie odr\u00e1\u017e\u00ed ve zp\u016fsobu, jak\u00fdm p\u0159istupujeme k na\u0161im student\u016fm \u2013 poskytujeme jim zcela personalizovanou p\u00e9\u010di a v\u017edy jim pom\u00e1h\u00e1me se v\u0161\u00edm, co pot\u0159ebuj\u00ed. Chceme, aby se c\u00edtili pohodln\u011b a podporovan\u00ed na ka\u017ed\u00e9m kroku.<\/p>\n","protected":false},"excerpt":{"rendered":"<p>MaestroM\u00edo je m\u00edsto, kde prom\u011bn\u00edme va\u0161e sny ve skute\u010dnost, proto\u017ee \u010diny jsou pro n\u00e1s d\u016fle\u017eit\u011bj\u0161\u00ed ne\u017e slova. V MaestroM\u00edo se nebudete jen u\u010dit \u0161pan\u011blsky, budete \u0161pan\u011bl\u0161tinou opravdu \u017e\u00edt. Na\u0161\u00ed filozofi\u00ed je, \u017ee se s v\u00e1mi vyd\u00e1me na cestu, kter\u00e1 z va\u0161eho u\u010den\u00ed ud\u011bl\u00e1 jedine\u010dn\u00fd z\u00e1\u017eitek, proto\u017ee ka\u017ed\u00fd student je pro n\u00e1s v\u00fdjime\u010dn\u00fd. Pr\u00e1v\u011b proto m\u00e1me &#8230; <a title=\"The Philosophy of MaestroM\u00edo\" class=\"read-more\" href=\"https:\/\/maestromio.org\/cs\/the-philosophy-of-maestromio\/\" aria-label=\"\u010c\u00edst v\u00edce o The Philosophy of MaestroM\u00edo\">\u010c\u00edst d\u00e1l<\/a><\/p>\n","protected":false},"author":2,"featured_media":0,"parent":0,"menu_order":0,"comment_status":"closed","ping_status":"closed","template":"","meta":{"inline_featured_image":false,"footnotes":""},"class_list":["post-34777","page","type-page","status-publish"],"yoast_head":"<!-- This site is optimized with the Yoast SEO plugin v27.3 - https:\/\/yoast.com\/product\/yoast-seo-wordpress\/ -->\n<title>The Philosophy of MaestroM\u00edo - Maestro m\u00edo - The language school<\/title>\n<meta name=\"robots\" content=\"index, follow, max-snippet:-1, max-image-preview:large, max-video-preview:-1\" \/>\n<link rel=\"canonical\" href=\"https:\/\/maestromio.org\/cs\/the-philosophy-of-maestromio\/\" \/>\n<meta property=\"og:locale\" content=\"cs_CZ\" \/>\n<meta property=\"og:type\" content=\"article\" \/>\n<meta property=\"og:title\" content=\"The Philosophy of MaestroM\u00edo - Maestro m\u00edo - The language school\" \/>\n<meta property=\"og:description\" content=\"MaestroM\u00edo je m\u00edsto, kde prom\u011bn\u00edme va\u0161e sny ve skute\u010dnost, proto\u017ee \u010diny jsou pro n\u00e1s d\u016fle\u017eit\u011bj\u0161\u00ed ne\u017e slova. V MaestroM\u00edo se nebudete jen u\u010dit \u0161pan\u011blsky, budete \u0161pan\u011bl\u0161tinou opravdu \u017e\u00edt. Na\u0161\u00ed filozofi\u00ed je, \u017ee se s v\u00e1mi vyd\u00e1me na cestu, kter\u00e1 z va\u0161eho u\u010den\u00ed ud\u011bl\u00e1 jedine\u010dn\u00fd z\u00e1\u017eitek, proto\u017ee ka\u017ed\u00fd student je pro n\u00e1s v\u00fdjime\u010dn\u00fd. Pr\u00e1v\u011b proto m\u00e1me ... \u010c\u00edst d\u00e1l\" \/>\n<meta property=\"og:url\" content=\"https:\/\/maestromio.org\/cs\/the-philosophy-of-maestromio\/\" \/>\n<meta property=\"og:site_name\" content=\"Maestro m\u00edo - The language school\" \/>\n<meta property=\"article:publisher\" content=\"https:\/\/www.facebook.com\/MaestroMioMalaga\/\" \/>\n<meta property=\"article:modified_time\" content=\"2025-06-19T10:29:27+00:00\" \/>\n<meta property=\"og:image\" content=\"https:\/\/maestromio.org\/wp-content\/uploads\/logo_maestromio.png\" \/>\n\t<meta property=\"og:image:width\" content=\"350\" \/>\n\t<meta property=\"og:image:height\" content=\"188\" \/>\n\t<meta property=\"og:image:type\" content=\"image\/png\" \/>\n<meta name=\"twitter:card\" content=\"summary_large_image\" \/>\n<meta name=\"twitter:site\" content=\"@MaestroMio_\" \/>\n<meta name=\"twitter:label1\" content=\"Odhadovan\u00e1 doba \u010dten\u00ed\" \/>\n\t<meta name=\"twitter:data1\" content=\"2 minuty\" \/>\n<script type=\"application\/ld+json\" class=\"yoast-schema-graph\">{\"@context\":\"https:\\\/\\\/schema.org\",\"@graph\":[{\"@type\":\"WebPage\",\"@id\":\"https:\\\/\\\/maestromio.org\\\/cs\\\/the-philosophy-of-maestromio\\\/\",\"url\":\"https:\\\/\\\/maestromio.org\\\/cs\\\/the-philosophy-of-maestromio\\\/\",\"name\":\"The Philosophy of MaestroM\u00edo - Maestro m\u00edo - The language school\",\"isPartOf\":{\"@id\":\"https:\\\/\\\/maestromio.org\\\/cs\\\/#website\"},\"datePublished\":\"2021-05-27T11:50:57+00:00\",\"dateModified\":\"2025-06-19T10:29:27+00:00\",\"breadcrumb\":{\"@id\":\"https:\\\/\\\/maestromio.org\\\/cs\\\/the-philosophy-of-maestromio\\\/#breadcrumb\"},\"inLanguage\":\"cs\",\"potentialAction\":[{\"@type\":\"ReadAction\",\"target\":[\"https:\\\/\\\/maestromio.org\\\/cs\\\/the-philosophy-of-maestromio\\\/\"]}]},{\"@type\":\"BreadcrumbList\",\"@id\":\"https:\\\/\\\/maestromio.org\\\/cs\\\/the-philosophy-of-maestromio\\\/#breadcrumb\",\"itemListElement\":[{\"@type\":\"ListItem\",\"position\":1,\"name\":\"Home\",\"item\":\"https:\\\/\\\/maestromio.org\\\/cs\\\/\"},{\"@type\":\"ListItem\",\"position\":2,\"name\":\"The Philosophy of MaestroM\u00edo\"}]},{\"@type\":\"WebSite\",\"@id\":\"https:\\\/\\\/maestromio.org\\\/cs\\\/#website\",\"url\":\"https:\\\/\\\/maestromio.org\\\/cs\\\/\",\"name\":\"MaestroM\u00edo - The Language School\",\"description\":\"Spanish Courses in Malaga\",\"alternateName\":\"MaestroM\u00edo\",\"potentialAction\":[{\"@type\":\"SearchAction\",\"target\":{\"@type\":\"EntryPoint\",\"urlTemplate\":\"https:\\\/\\\/maestromio.org\\\/cs\\\/?s={search_term_string}\"},\"query-input\":{\"@type\":\"PropertyValueSpecification\",\"valueRequired\":true,\"valueName\":\"search_term_string\"}}],\"inLanguage\":\"cs\"}]}<\/script>\n<!-- \/ Yoast SEO plugin. -->","yoast_head_json":{"title":"The Philosophy of MaestroM\u00edo - Maestro m\u00edo - The language school","robots":{"index":"index","follow":"follow","max-snippet":"max-snippet:-1","max-image-preview":"max-image-preview:large","max-video-preview":"max-video-preview:-1"},"canonical":"https:\/\/maestromio.org\/cs\/the-philosophy-of-maestromio\/","og_locale":"cs_CZ","og_type":"article","og_title":"The Philosophy of MaestroM\u00edo - Maestro m\u00edo - The language school","og_description":"MaestroM\u00edo je m\u00edsto, kde prom\u011bn\u00edme va\u0161e sny ve skute\u010dnost, proto\u017ee \u010diny jsou pro n\u00e1s d\u016fle\u017eit\u011bj\u0161\u00ed ne\u017e slova. V MaestroM\u00edo se nebudete jen u\u010dit \u0161pan\u011blsky, budete \u0161pan\u011bl\u0161tinou opravdu \u017e\u00edt. Na\u0161\u00ed filozofi\u00ed je, \u017ee se s v\u00e1mi vyd\u00e1me na cestu, kter\u00e1 z va\u0161eho u\u010den\u00ed ud\u011bl\u00e1 jedine\u010dn\u00fd z\u00e1\u017eitek, proto\u017ee ka\u017ed\u00fd student je pro n\u00e1s v\u00fdjime\u010dn\u00fd. Pr\u00e1v\u011b proto m\u00e1me ... \u010c\u00edst d\u00e1l","og_url":"https:\/\/maestromio.org\/cs\/the-philosophy-of-maestromio\/","og_site_name":"Maestro m\u00edo - The language school","article_publisher":"https:\/\/www.facebook.com\/MaestroMioMalaga\/","article_modified_time":"2025-06-19T10:29:27+00:00","og_image":[{"width":350,"height":188,"url":"https:\/\/maestromio.org\/wp-content\/uploads\/logo_maestromio.png","type":"image\/png"}],"twitter_card":"summary_large_image","twitter_site":"@MaestroMio_","twitter_misc":{"Odhadovan\u00e1 doba \u010dten\u00ed":"2 minuty"},"schema":{"@context":"https:\/\/schema.org","@graph":[{"@type":"WebPage","@id":"https:\/\/maestromio.org\/cs\/the-philosophy-of-maestromio\/","url":"https:\/\/maestromio.org\/cs\/the-philosophy-of-maestromio\/","name":"The Philosophy of MaestroM\u00edo - Maestro m\u00edo - The language school","isPartOf":{"@id":"https:\/\/maestromio.org\/cs\/#website"},"datePublished":"2021-05-27T11:50:57+00:00","dateModified":"2025-06-19T10:29:27+00:00","breadcrumb":{"@id":"https:\/\/maestromio.org\/cs\/the-philosophy-of-maestromio\/#breadcrumb"},"inLanguage":"cs","potentialAction":[{"@type":"ReadAction","target":["https:\/\/maestromio.org\/cs\/the-philosophy-of-maestromio\/"]}]},{"@type":"BreadcrumbList","@id":"https:\/\/maestromio.org\/cs\/the-philosophy-of-maestromio\/#breadcrumb","itemListElement":[{"@type":"ListItem","position":1,"name":"Home","item":"https:\/\/maestromio.org\/cs\/"},{"@type":"ListItem","position":2,"name":"The Philosophy of MaestroM\u00edo"}]},{"@type":"WebSite","@id":"https:\/\/maestromio.org\/cs\/#website","url":"https:\/\/maestromio.org\/cs\/","name":"MaestroM\u00edo - The Language School","description":"Spanish Courses in Malaga","alternateName":"MaestroM\u00edo","potentialAction":[{"@type":"SearchAction","target":{"@type":"EntryPoint","urlTemplate":"https:\/\/maestromio.org\/cs\/?s={search_term_string}"},"query-input":{"@type":"PropertyValueSpecification","valueRequired":true,"valueName":"search_term_string"}}],"inLanguage":"cs"}]}},"_links":{"self":[{"href":"https:\/\/maestromio.org\/cs\/wp-json\/wp\/v2\/pages\/34777","targetHints":{"allow":["GET"]}}],"collection":[{"href":"https:\/\/maestromio.org\/cs\/wp-json\/wp\/v2\/pages"}],"about":[{"href":"https:\/\/maestromio.org\/cs\/wp-json\/wp\/v2\/types\/page"}],"author":[{"embeddable":true,"href":"https:\/\/maestromio.org\/cs\/wp-json\/wp\/v2\/users\/2"}],"replies":[{"embeddable":true,"href":"https:\/\/maestromio.org\/cs\/wp-json\/wp\/v2\/comments?post=34777"}],"version-history":[{"count":3,"href":"https:\/\/maestromio.org\/cs\/wp-json\/wp\/v2\/pages\/34777\/revisions"}],"predecessor-version":[{"id":35159,"href":"https:\/\/maestromio.org\/cs\/wp-json\/wp\/v2\/pages\/34777\/revisions\/35159"}],"wp:attachment":[{"href":"https:\/\/maestromio.org\/cs\/wp-json\/wp\/v2\/media?parent=34777"}],"curies":[{"name":"wp","href":"https:\/\/api.w.org\/{rel}","templated":true}]}}