{"id":34773,"date":"2020-01-30T12:47:41","date_gmt":"2020-01-30T12:47:41","guid":{"rendered":"https:\/\/maestromio.org\/teaching-methodology\/"},"modified":"2025-06-19T11:25:18","modified_gmt":"2025-06-19T10:25:18","slug":"teaching-methodology","status":"publish","type":"page","link":"https:\/\/maestromio.org\/cs\/teaching-methodology\/","title":{"rendered":"Our Teaching Methodology"},"content":{"rendered":"\t\t<div data-elementor-type=\"wp-post\" data-elementor-id=\"34773\" class=\"elementor elementor-34773 elementor-1298\" data-elementor-post-type=\"page\">\n\t\t\t\t\t\t<section class=\"elementor-section elementor-top-section elementor-element elementor-element-33e6e91 elementor-section-stretched elementor-section-height-min-height elementor-section-boxed elementor-section-height-default elementor-section-items-middle\" data-id=\"33e6e91\" data-element_type=\"section\" data-e-type=\"section\" data-settings=\"{&quot;stretch_section&quot;:&quot;section-stretched&quot;,&quot;background_background&quot;:&quot;classic&quot;}\">\n\t\t\t\t\t\t\t<div class=\"elementor-background-overlay\"><\/div>\n\t\t\t\t\t\t\t<div class=\"elementor-container elementor-column-gap-default\">\n\t\t\t\t\t<div class=\"elementor-column elementor-col-25 elementor-top-column elementor-element elementor-element-9e98644\" data-id=\"9e98644\" data-element_type=\"column\" data-e-type=\"column\">\n\t\t\t<div class=\"elementor-widget-wrap\">\n\t\t\t\t\t\t\t<\/div>\n\t\t<\/div>\n\t\t\t\t<div class=\"elementor-column elementor-col-50 elementor-top-column elementor-element elementor-element-abfe840\" data-id=\"abfe840\" data-element_type=\"column\" data-e-type=\"column\">\n\t\t\t<div class=\"elementor-widget-wrap elementor-element-populated\">\n\t\t\t\t\t\t<div class=\"elementor-element elementor-element-3178ae0 elementor-widget elementor-widget-heading\" data-id=\"3178ae0\" data-element_type=\"widget\" data-e-type=\"widget\" data-widget_type=\"heading.default\">\n\t\t\t\t<div class=\"elementor-widget-container\">\n\t\t\t\t\t<h2 class=\"elementor-heading-title elementor-size-default\">Metoda v\u00fduky<\/h2>\t\t\t\t<\/div>\n\t\t\t\t<\/div>\n\t\t\t\t<div class=\"elementor-element elementor-element-a7e1db0 elementor-widget elementor-widget-text-editor\" data-id=\"a7e1db0\" data-element_type=\"widget\" data-e-type=\"widget\" data-widget_type=\"text-editor.default\">\n\t\t\t\t<div class=\"elementor-widget-container\">\n\t\t\t\t\t\t\t\t\t<p><strong><span style=\"font-family: Terminal, Monaco;\">Na\u0161\u00edm c\u00edlem v MaestroM\u00edo je u\u010dinit v\u00e1\u0161 z\u00e1\u017eitek nezapomenuteln\u00fdm. Zam\u011b\u0159ujeme se na schopnost komunikace v re\u00e1ln\u00fdch situac\u00edch.<\/span><\/strong><\/p>\t\t\t\t\t\t\t\t<\/div>\n\t\t\t\t<\/div>\n\t\t\t\t\t<\/div>\n\t\t<\/div>\n\t\t\t\t<div class=\"elementor-column elementor-col-25 elementor-top-column elementor-element elementor-element-17ad577\" data-id=\"17ad577\" data-element_type=\"column\" data-e-type=\"column\">\n\t\t\t<div class=\"elementor-widget-wrap\">\n\t\t\t\t\t\t\t<\/div>\n\t\t<\/div>\n\t\t\t\t\t<\/div>\n\t\t<\/section>\n\t\t\t\t<section class=\"elementor-section elementor-top-section elementor-element elementor-element-66769b4 elementor-section-boxed elementor-section-height-default elementor-section-height-default\" data-id=\"66769b4\" data-element_type=\"section\" data-e-type=\"section\">\n\t\t\t\t\t\t<div class=\"elementor-container elementor-column-gap-default\">\n\t\t\t\t\t<div class=\"elementor-column elementor-col-50 elementor-top-column elementor-element elementor-element-cfd1250\" data-id=\"cfd1250\" data-element_type=\"column\" data-e-type=\"column\">\n\t\t\t<div class=\"elementor-widget-wrap elementor-element-populated\">\n\t\t\t\t\t\t<div class=\"elementor-element elementor-element-21f2c65 elementor-widget elementor-widget-heading\" data-id=\"21f2c65\" data-element_type=\"widget\" data-e-type=\"widget\" data-widget_type=\"heading.default\">\n\t\t\t\t<div class=\"elementor-widget-container\">\n\t\t\t\t\t<h2 class=\"elementor-heading-title elementor-size-default\">Vytv\u00e1\u0159\u00edme jedine\u010dn\u00e9 z\u00e1\u017eitky<\/h2>\t\t\t\t<\/div>\n\t\t\t\t<\/div>\n\t\t\t\t<div class=\"elementor-element elementor-element-08e5edb elementor-widget elementor-widget-text-editor\" data-id=\"08e5edb\" data-element_type=\"widget\" data-e-type=\"widget\" data-widget_type=\"text-editor.default\">\n\t\t\t\t<div class=\"elementor-widget-container\">\n\t\t\t\t\t\t\t\t\t<p><span style=\"font-family: Terminal, Monaco; font-size: 14pt;\">Na jedn\u00e9 stran\u011b v\u00e1s u\u010d\u00edme \u0161pan\u011blsky, aby va\u0161e komunikace byla st\u00e1le plynulej\u0161\u00ed a abyste se dok\u00e1zali domluvit s rodil\u00fdmi mluv\u010d\u00edmi v jak\u00e9koliv situaci. Na stran\u011b druh\u00e9 ale klademe d\u016fraz na koncept \u017dIJ \u0160PAN\u011aLSKY, proto\u017ee pr\u00e1v\u011b t\u00edmto zp\u016fsobem ukazujeme, \u017ee jazyk je \u017eiv\u00fd a v pohybu. Ka\u017ed\u00fd den na\u0161e hodiny a mimo\u0161koln\u00ed aktivity pom\u00e1haj\u00ed na\u0161im student\u016fm zlep\u0161it jejich komunika\u010dn\u00ed dovednosti a cel\u00fd proces se st\u00e1v\u00e1 osobn\u00ed a autentickou zku\u0161enost\u00ed.<\/span><\/p>\t\t\t\t\t\t\t\t<\/div>\n\t\t\t\t<\/div>\n\t\t\t\t\t<\/div>\n\t\t<\/div>\n\t\t\t\t<div class=\"elementor-column elementor-col-50 elementor-top-column elementor-element elementor-element-0e1ce01\" data-id=\"0e1ce01\" data-element_type=\"column\" data-e-type=\"column\">\n\t\t\t<div class=\"elementor-widget-wrap elementor-element-populated\">\n\t\t\t\t\t\t<div class=\"elementor-element elementor-element-f3d528d elementor-widget elementor-widget-image\" data-id=\"f3d528d\" data-element_type=\"widget\" data-e-type=\"widget\" data-widget_type=\"image.default\">\n\t\t\t\t<div class=\"elementor-widget-container\">\n\t\t\t\t\t\t\t\t\t\t\t\t\t\t\t<img fetchpriority=\"high\" decoding=\"async\" width=\"490\" height=\"326\" src=\"https:\/\/maestromio.org\/wp-content\/uploads\/tapas.jpg\" class=\"attachment-large size-large wp-image-34612\" alt=\"\" srcset=\"https:\/\/maestromio.org\/wp-content\/uploads\/tapas.jpg 490w, https:\/\/maestromio.org\/wp-content\/uploads\/tapas-300x200.jpg 300w\" sizes=\"(max-width: 490px) 100vw, 490px\" \/>\t\t\t\t\t\t\t\t\t\t\t\t\t\t\t<\/div>\n\t\t\t\t<\/div>\n\t\t\t\t\t<\/div>\n\t\t<\/div>\n\t\t\t\t\t<\/div>\n\t\t<\/section>\n\t\t\t\t<\/div>\n\t\t","protected":false},"excerpt":{"rendered":"<p>Metoda v\u00fduky Na\u0161\u00edm c\u00edlem v MaestroM\u00edo je u\u010dinit v\u00e1\u0161 z\u00e1\u017eitek nezapomenuteln\u00fdm. Zam\u011b\u0159ujeme se na schopnost komunikace v re\u00e1ln\u00fdch situac\u00edch. Vytv\u00e1\u0159\u00edme jedine\u010dn\u00e9 z\u00e1\u017eitky Na jedn\u00e9 stran\u011b v\u00e1s u\u010d\u00edme \u0161pan\u011blsky, aby va\u0161e komunikace byla st\u00e1le plynulej\u0161\u00ed a abyste se dok\u00e1zali domluvit s rodil\u00fdmi mluv\u010d\u00edmi v jak\u00e9koliv situaci. Na stran\u011b druh\u00e9 ale klademe d\u016fraz na koncept \u017dIJ \u0160PAN\u011aLSKY, &#8230; <a title=\"Our Teaching Methodology\" class=\"read-more\" href=\"https:\/\/maestromio.org\/cs\/teaching-methodology\/\" aria-label=\"\u010c\u00edst v\u00edce o Our Teaching Methodology\">\u010c\u00edst d\u00e1l<\/a><\/p>\n","protected":false},"author":1,"featured_media":0,"parent":0,"menu_order":0,"comment_status":"closed","ping_status":"closed","template":"","meta":{"inline_featured_image":false,"footnotes":""},"class_list":["post-34773","page","type-page","status-publish"],"yoast_head":"<!-- This site is optimized with the Yoast SEO plugin v27.3 - https:\/\/yoast.com\/product\/yoast-seo-wordpress\/ -->\n<title>Our Teaching Methodology - Maestro m\u00edo - The language school<\/title>\n<meta name=\"robots\" content=\"index, follow, max-snippet:-1, max-image-preview:large, max-video-preview:-1\" \/>\n<link rel=\"canonical\" href=\"https:\/\/maestromio.org\/cs\/teaching-methodology\/\" \/>\n<meta property=\"og:locale\" content=\"cs_CZ\" \/>\n<meta property=\"og:type\" content=\"article\" \/>\n<meta property=\"og:title\" content=\"Our Teaching Methodology - Maestro m\u00edo - The language school\" \/>\n<meta property=\"og:description\" content=\"Metoda v\u00fduky Na\u0161\u00edm c\u00edlem v MaestroM\u00edo je u\u010dinit v\u00e1\u0161 z\u00e1\u017eitek nezapomenuteln\u00fdm. Zam\u011b\u0159ujeme se na schopnost komunikace v re\u00e1ln\u00fdch situac\u00edch. Vytv\u00e1\u0159\u00edme jedine\u010dn\u00e9 z\u00e1\u017eitky Na jedn\u00e9 stran\u011b v\u00e1s u\u010d\u00edme \u0161pan\u011blsky, aby va\u0161e komunikace byla st\u00e1le plynulej\u0161\u00ed a abyste se dok\u00e1zali domluvit s rodil\u00fdmi mluv\u010d\u00edmi v jak\u00e9koliv situaci. Na stran\u011b druh\u00e9 ale klademe d\u016fraz na koncept \u017dIJ \u0160PAN\u011aLSKY, ... \u010c\u00edst d\u00e1l\" \/>\n<meta property=\"og:url\" content=\"https:\/\/maestromio.org\/cs\/teaching-methodology\/\" \/>\n<meta property=\"og:site_name\" content=\"Maestro m\u00edo - The language school\" \/>\n<meta property=\"article:publisher\" content=\"https:\/\/www.facebook.com\/MaestroMioMalaga\/\" \/>\n<meta property=\"article:modified_time\" content=\"2025-06-19T10:25:18+00:00\" \/>\n<meta property=\"og:image\" content=\"https:\/\/maestromio.org\/wp-content\/uploads\/tapas.jpg\" \/>\n\t<meta property=\"og:image:width\" content=\"490\" \/>\n\t<meta property=\"og:image:height\" content=\"326\" \/>\n\t<meta property=\"og:image:type\" content=\"image\/jpeg\" \/>\n<meta name=\"twitter:card\" content=\"summary_large_image\" \/>\n<meta name=\"twitter:site\" content=\"@MaestroMio_\" \/>\n<meta name=\"twitter:label1\" content=\"Odhadovan\u00e1 doba \u010dten\u00ed\" \/>\n\t<meta name=\"twitter:data1\" content=\"1 minuta\" \/>\n<script type=\"application\/ld+json\" class=\"yoast-schema-graph\">{\"@context\":\"https:\\\/\\\/schema.org\",\"@graph\":[{\"@type\":\"WebPage\",\"@id\":\"https:\\\/\\\/maestromio.org\\\/cs\\\/teaching-methodology\\\/\",\"url\":\"https:\\\/\\\/maestromio.org\\\/cs\\\/teaching-methodology\\\/\",\"name\":\"Our Teaching Methodology - Maestro m\u00edo - The language school\",\"isPartOf\":{\"@id\":\"https:\\\/\\\/maestromio.org\\\/cs\\\/#website\"},\"primaryImageOfPage\":{\"@id\":\"https:\\\/\\\/maestromio.org\\\/cs\\\/teaching-methodology\\\/#primaryimage\"},\"image\":{\"@id\":\"https:\\\/\\\/maestromio.org\\\/cs\\\/teaching-methodology\\\/#primaryimage\"},\"thumbnailUrl\":\"https:\\\/\\\/maestromio.org\\\/wp-content\\\/uploads\\\/tapas.jpg\",\"datePublished\":\"2020-01-30T12:47:41+00:00\",\"dateModified\":\"2025-06-19T10:25:18+00:00\",\"breadcrumb\":{\"@id\":\"https:\\\/\\\/maestromio.org\\\/cs\\\/teaching-methodology\\\/#breadcrumb\"},\"inLanguage\":\"cs\",\"potentialAction\":[{\"@type\":\"ReadAction\",\"target\":[\"https:\\\/\\\/maestromio.org\\\/cs\\\/teaching-methodology\\\/\"]}]},{\"@type\":\"ImageObject\",\"inLanguage\":\"cs\",\"@id\":\"https:\\\/\\\/maestromio.org\\\/cs\\\/teaching-methodology\\\/#primaryimage\",\"url\":\"https:\\\/\\\/maestromio.org\\\/wp-content\\\/uploads\\\/tapas.jpg\",\"contentUrl\":\"https:\\\/\\\/maestromio.org\\\/wp-content\\\/uploads\\\/tapas.jpg\"},{\"@type\":\"BreadcrumbList\",\"@id\":\"https:\\\/\\\/maestromio.org\\\/cs\\\/teaching-methodology\\\/#breadcrumb\",\"itemListElement\":[{\"@type\":\"ListItem\",\"position\":1,\"name\":\"Home\",\"item\":\"https:\\\/\\\/maestromio.org\\\/cs\\\/\"},{\"@type\":\"ListItem\",\"position\":2,\"name\":\"Our Teaching Methodology\"}]},{\"@type\":\"WebSite\",\"@id\":\"https:\\\/\\\/maestromio.org\\\/cs\\\/#website\",\"url\":\"https:\\\/\\\/maestromio.org\\\/cs\\\/\",\"name\":\"MaestroM\u00edo - The Language School\",\"description\":\"Spanish Courses in Malaga\",\"alternateName\":\"MaestroM\u00edo\",\"potentialAction\":[{\"@type\":\"SearchAction\",\"target\":{\"@type\":\"EntryPoint\",\"urlTemplate\":\"https:\\\/\\\/maestromio.org\\\/cs\\\/?s={search_term_string}\"},\"query-input\":{\"@type\":\"PropertyValueSpecification\",\"valueRequired\":true,\"valueName\":\"search_term_string\"}}],\"inLanguage\":\"cs\"}]}<\/script>\n<!-- \/ Yoast SEO plugin. -->","yoast_head_json":{"title":"Our Teaching Methodology - Maestro m\u00edo - The language school","robots":{"index":"index","follow":"follow","max-snippet":"max-snippet:-1","max-image-preview":"max-image-preview:large","max-video-preview":"max-video-preview:-1"},"canonical":"https:\/\/maestromio.org\/cs\/teaching-methodology\/","og_locale":"cs_CZ","og_type":"article","og_title":"Our Teaching Methodology - Maestro m\u00edo - The language school","og_description":"Metoda v\u00fduky Na\u0161\u00edm c\u00edlem v MaestroM\u00edo je u\u010dinit v\u00e1\u0161 z\u00e1\u017eitek nezapomenuteln\u00fdm. Zam\u011b\u0159ujeme se na schopnost komunikace v re\u00e1ln\u00fdch situac\u00edch. Vytv\u00e1\u0159\u00edme jedine\u010dn\u00e9 z\u00e1\u017eitky Na jedn\u00e9 stran\u011b v\u00e1s u\u010d\u00edme \u0161pan\u011blsky, aby va\u0161e komunikace byla st\u00e1le plynulej\u0161\u00ed a abyste se dok\u00e1zali domluvit s rodil\u00fdmi mluv\u010d\u00edmi v jak\u00e9koliv situaci. Na stran\u011b druh\u00e9 ale klademe d\u016fraz na koncept \u017dIJ \u0160PAN\u011aLSKY, ... \u010c\u00edst d\u00e1l","og_url":"https:\/\/maestromio.org\/cs\/teaching-methodology\/","og_site_name":"Maestro m\u00edo - The language school","article_publisher":"https:\/\/www.facebook.com\/MaestroMioMalaga\/","article_modified_time":"2025-06-19T10:25:18+00:00","og_image":[{"width":490,"height":326,"url":"https:\/\/maestromio.org\/wp-content\/uploads\/tapas.jpg","type":"image\/jpeg"}],"twitter_card":"summary_large_image","twitter_site":"@MaestroMio_","twitter_misc":{"Odhadovan\u00e1 doba \u010dten\u00ed":"1 minuta"},"schema":{"@context":"https:\/\/schema.org","@graph":[{"@type":"WebPage","@id":"https:\/\/maestromio.org\/cs\/teaching-methodology\/","url":"https:\/\/maestromio.org\/cs\/teaching-methodology\/","name":"Our Teaching Methodology - Maestro m\u00edo - The language school","isPartOf":{"@id":"https:\/\/maestromio.org\/cs\/#website"},"primaryImageOfPage":{"@id":"https:\/\/maestromio.org\/cs\/teaching-methodology\/#primaryimage"},"image":{"@id":"https:\/\/maestromio.org\/cs\/teaching-methodology\/#primaryimage"},"thumbnailUrl":"https:\/\/maestromio.org\/wp-content\/uploads\/tapas.jpg","datePublished":"2020-01-30T12:47:41+00:00","dateModified":"2025-06-19T10:25:18+00:00","breadcrumb":{"@id":"https:\/\/maestromio.org\/cs\/teaching-methodology\/#breadcrumb"},"inLanguage":"cs","potentialAction":[{"@type":"ReadAction","target":["https:\/\/maestromio.org\/cs\/teaching-methodology\/"]}]},{"@type":"ImageObject","inLanguage":"cs","@id":"https:\/\/maestromio.org\/cs\/teaching-methodology\/#primaryimage","url":"https:\/\/maestromio.org\/wp-content\/uploads\/tapas.jpg","contentUrl":"https:\/\/maestromio.org\/wp-content\/uploads\/tapas.jpg"},{"@type":"BreadcrumbList","@id":"https:\/\/maestromio.org\/cs\/teaching-methodology\/#breadcrumb","itemListElement":[{"@type":"ListItem","position":1,"name":"Home","item":"https:\/\/maestromio.org\/cs\/"},{"@type":"ListItem","position":2,"name":"Our Teaching Methodology"}]},{"@type":"WebSite","@id":"https:\/\/maestromio.org\/cs\/#website","url":"https:\/\/maestromio.org\/cs\/","name":"MaestroM\u00edo - The Language School","description":"Spanish Courses in Malaga","alternateName":"MaestroM\u00edo","potentialAction":[{"@type":"SearchAction","target":{"@type":"EntryPoint","urlTemplate":"https:\/\/maestromio.org\/cs\/?s={search_term_string}"},"query-input":{"@type":"PropertyValueSpecification","valueRequired":true,"valueName":"search_term_string"}}],"inLanguage":"cs"}]}},"_links":{"self":[{"href":"https:\/\/maestromio.org\/cs\/wp-json\/wp\/v2\/pages\/34773","targetHints":{"allow":["GET"]}}],"collection":[{"href":"https:\/\/maestromio.org\/cs\/wp-json\/wp\/v2\/pages"}],"about":[{"href":"https:\/\/maestromio.org\/cs\/wp-json\/wp\/v2\/types\/page"}],"author":[{"embeddable":true,"href":"https:\/\/maestromio.org\/cs\/wp-json\/wp\/v2\/users\/1"}],"replies":[{"embeddable":true,"href":"https:\/\/maestromio.org\/cs\/wp-json\/wp\/v2\/comments?post=34773"}],"version-history":[{"count":9,"href":"https:\/\/maestromio.org\/cs\/wp-json\/wp\/v2\/pages\/34773\/revisions"}],"predecessor-version":[{"id":35158,"href":"https:\/\/maestromio.org\/cs\/wp-json\/wp\/v2\/pages\/34773\/revisions\/35158"}],"wp:attachment":[{"href":"https:\/\/maestromio.org\/cs\/wp-json\/wp\/v2\/media?parent=34773"}],"curies":[{"name":"wp","href":"https:\/\/api.w.org\/{rel}","templated":true}]}}