{"id":34579,"date":"2024-12-13T12:44:00","date_gmt":"2024-12-13T11:44:00","guid":{"rendered":"https:\/\/maestromio.org\/cultural-activities-in-malaga\/"},"modified":"2025-06-24T16:08:27","modified_gmt":"2025-06-24T15:08:27","slug":"cultural-activities-in-malaga","status":"publish","type":"page","link":"https:\/\/maestromio.org\/cs\/cultural-activities-in-malaga\/","title":{"rendered":"Cultural activities in Malaga"},"content":{"rendered":"<p><strong><em>Jazyk je mapou kultury. Ukazuje v\u00e1m, odkud jej\u00ed lid\u00e9 p\u0159i\u0161li a kam sm\u011b\u0159uj\u00ed.\u00a0Rita Mae Brown<\/em><\/strong><\/p>\n<p data-sourcepos=\"7:1-7:238\">V MaestroM\u00edo v\u011b\u0159\u00edme, \u017ee pro v\u00fduku \u0161pan\u011blsk\u00e9ho jazyka je nezbytn\u00e9 porozum\u011bt \u0161pan\u011blsk\u00e9 kultu\u0159e, jej\u00edmu historick\u00e9mu odkazu a jej\u00edm ko\u0159en\u016fm. Proto na\u0161e studenty povzbuzujeme, aby se k n\u00e1m p\u0159ipojili na na\u0161ich kulturn\u00edch z\u00e1\u017eitc\u00edch mimo u\u010debnu.<\/p>\n<p data-sourcepos=\"9:1-9:308\">Na\u0161e mimo\u0161koln\u00ed aktivity maj\u00ed za c\u00edl roz\u0161\u00ed\u0159it v\u00fduku jazyka za hranice t\u0159\u00eddy a vystavit studenty rozmanit\u00fdm situac\u00edm. Hlavn\u00edm \u00fa\u010delem je vytvo\u0159it vhodn\u00e9 prost\u0159ed\u00ed, kter\u00e9 poskytuje ide\u00e1ln\u00ed podm\u00ednky pro procvi\u010dov\u00e1n\u00ed jazyka, socializaci a sezn\u00e1men\u00ed student\u016f se sociokulturn\u00edmi aspekty zem\u011b, ve kter\u00e9 se nach\u00e1zej\u00ed.<\/p>\n<p data-sourcepos=\"11:1-11:41\">Na\u0161e \u0161kola nab\u00edz\u00ed dva r\u016fzn\u00e9 typy aktivit:<\/p>\n<p><img fetchpriority=\"high\" decoding=\"async\" class=\"wp-image-27329 size-medium alignleft\" src=\"https:\/\/maestromio.org\/wp-content\/uploads\/6-300x200.png\" alt=\"\" width=\"300\" height=\"200\" srcset=\"https:\/\/maestromio.org\/wp-content\/uploads\/6-300x200.png 300w, https:\/\/maestromio.org\/wp-content\/uploads\/6-1024x682.png 1024w, https:\/\/maestromio.org\/wp-content\/uploads\/6-768x512.png 768w, https:\/\/maestromio.org\/wp-content\/uploads\/6-1536x1024.png 1536w, https:\/\/maestromio.org\/wp-content\/uploads\/6.png 1772w\" sizes=\"(max-width: 300px) 100vw, 300px\" \/><\/p>\n<p data-sourcepos=\"13:1-13:77\">Prvn\u00ed typ se kon\u00e1 b\u011bhem b\u011b\u017en\u00e9 v\u00fduky a skl\u00e1d\u00e1 se p\u0159ev\u00e1\u017en\u011b z exkurz\u00ed a n\u00e1v\u0161t\u011bv.<\/p>\n<p data-sourcepos=\"15:1-15:77\">Druh\u00fd typ, mimo vyu\u010dovac\u00ed hodiny, je voliteln\u00fd a zahrnuje kulturn\u00ed p\u0159edn\u00e1\u0161ky.<\/p>\n<p data-sourcepos=\"17:1-17:122\">V\u0161echny aktivity organizovan\u00e9 MaestroM\u00edo byly pe\u010dliv\u011b promy\u0161leny a napl\u00e1nov\u00e1ny tak, aby zaru\u010dovaly aktivn\u00ed \u00fa\u010dast student\u016f.<\/p>\n<p data-sourcepos=\"21:1-21:191\">Organizujeme exkurze a n\u00e1v\u0161t\u011bvy historick\u00fdch m\u00edst v Malaze, jako jsou prohl\u00eddky Alcazaby a hradu Gibralfaro nebo n\u00e1v\u0161t\u011bvy proslul\u00fdch m\u011bstsk\u00fdch muze\u00ed, jako je Pompidou nebo Rodn\u00fd d\u016fm Picassa.<\/p>\n<p data-sourcepos=\"23:1-23:278\">Tyto aktivity pom\u00e1haj\u00ed student\u016fm porozum\u011bt \u0161pan\u011bl\u0161tin\u011b, kterou se mluv\u00ed v ulic\u00edch, a u\u017e\u00edvat si jazyk, kulturu, gastronomii, zvyky, hudbu a historii \u0160pan\u011blska. D\u00edky nim se studenti sezn\u00e1m\u00ed s m\u011bstem a pou\u017e\u00edvaj\u00ed jazyk v re\u00e1ln\u00fdch situac\u00edch s ostatn\u00edmi studenty i m\u00edstn\u00edmi obyvateli.<\/p>\n<p><img decoding=\"async\" class=\"size-medium wp-image-27255 alignright\" src=\"https:\/\/maestromio.org\/wp-content\/uploads\/excursion_madrid4-300x101.jpg\" alt=\"\" width=\"300\" height=\"101\" srcset=\"https:\/\/maestromio.org\/wp-content\/uploads\/excursion_madrid4-300x101.jpg 300w, https:\/\/maestromio.org\/wp-content\/uploads\/excursion_madrid4.jpg 512w\" sizes=\"(max-width: 300px) 100vw, 300px\" \/><\/p>\n<p data-sourcepos=\"25:1-25:233\">A samoz\u0159ejm\u011b nab\u00edz\u00edme i v\u00edce aktivit, v\u017edy navr\u017een\u00fdch tak, aby podporovaly procvi\u010dov\u00e1n\u00ed \u0161pan\u011bl\u0161tiny mimo u\u010debnu a podporovaly pozn\u00e1v\u00e1n\u00ed na\u0161\u00ed kultury, jako jsou kurzy \u0161pan\u011blsk\u00e9 kuchyn\u011b, lekce flamenca a sportovn\u00ed aktivity.<\/p>\n<p data-sourcepos=\"27:1-27:66\"><strong>Stru\u010dn\u011b \u0159e\u010deno, poskytujeme \u0161irokou a rozmanitou kulturn\u00ed nab\u00eddku.<\/strong><\/p>\n<p>&nbsp;<\/p>\n","protected":false},"excerpt":{"rendered":"<p>Jazyk je mapou kultury. Ukazuje v\u00e1m, odkud jej\u00ed lid\u00e9 p\u0159i\u0161li a kam sm\u011b\u0159uj\u00ed.\u00a0Rita Mae Brown V MaestroM\u00edo v\u011b\u0159\u00edme, \u017ee pro v\u00fduku \u0161pan\u011blsk\u00e9ho jazyka je nezbytn\u00e9 porozum\u011bt \u0161pan\u011blsk\u00e9 kultu\u0159e, jej\u00edmu historick\u00e9mu odkazu a jej\u00edm ko\u0159en\u016fm. Proto na\u0161e studenty povzbuzujeme, aby se k n\u00e1m p\u0159ipojili na na\u0161ich kulturn\u00edch z\u00e1\u017eitc\u00edch mimo u\u010debnu. Na\u0161e mimo\u0161koln\u00ed aktivity maj\u00ed za c\u00edl &#8230; <a title=\"Cultural activities in Malaga\" class=\"read-more\" href=\"https:\/\/maestromio.org\/cs\/cultural-activities-in-malaga\/\" aria-label=\"\u010c\u00edst v\u00edce o Cultural activities in Malaga\">\u010c\u00edst d\u00e1l<\/a><\/p>\n","protected":false},"author":2,"featured_media":34581,"parent":0,"menu_order":0,"comment_status":"closed","ping_status":"closed","template":"","meta":{"inline_featured_image":false,"footnotes":""},"class_list":["post-34579","page","type-page","status-publish","has-post-thumbnail"],"yoast_head":"<!-- This site is optimized with the Yoast SEO plugin v27.3 - https:\/\/yoast.com\/product\/yoast-seo-wordpress\/ -->\n<title>Cultural activities in Malaga - Maestro m\u00edo - The language school<\/title>\n<meta name=\"robots\" content=\"index, follow, max-snippet:-1, max-image-preview:large, max-video-preview:-1\" \/>\n<link rel=\"canonical\" href=\"https:\/\/maestromio.org\/cs\/cultural-activities-in-malaga\/\" \/>\n<meta property=\"og:locale\" content=\"cs_CZ\" \/>\n<meta property=\"og:type\" content=\"article\" \/>\n<meta property=\"og:title\" content=\"Cultural activities in Malaga - Maestro m\u00edo - The language school\" \/>\n<meta property=\"og:description\" content=\"Jazyk je mapou kultury. Ukazuje v\u00e1m, odkud jej\u00ed lid\u00e9 p\u0159i\u0161li a kam sm\u011b\u0159uj\u00ed.\u00a0Rita Mae Brown V MaestroM\u00edo v\u011b\u0159\u00edme, \u017ee pro v\u00fduku \u0161pan\u011blsk\u00e9ho jazyka je nezbytn\u00e9 porozum\u011bt \u0161pan\u011blsk\u00e9 kultu\u0159e, jej\u00edmu historick\u00e9mu odkazu a jej\u00edm ko\u0159en\u016fm. Proto na\u0161e studenty povzbuzujeme, aby se k n\u00e1m p\u0159ipojili na na\u0161ich kulturn\u00edch z\u00e1\u017eitc\u00edch mimo u\u010debnu. Na\u0161e mimo\u0161koln\u00ed aktivity maj\u00ed za c\u00edl ... \u010c\u00edst d\u00e1l\" \/>\n<meta property=\"og:url\" content=\"https:\/\/maestromio.org\/cs\/cultural-activities-in-malaga\/\" \/>\n<meta property=\"og:site_name\" content=\"Maestro m\u00edo - The language school\" \/>\n<meta property=\"article:publisher\" content=\"https:\/\/www.facebook.com\/MaestroMioMalaga\/\" \/>\n<meta property=\"article:modified_time\" content=\"2025-06-24T15:08:27+00:00\" \/>\n<meta property=\"og:image\" content=\"https:\/\/maestromio.org\/wp-content\/uploads\/3-1-1024x682.png\" \/>\n\t<meta property=\"og:image:width\" content=\"1024\" \/>\n\t<meta property=\"og:image:height\" content=\"682\" \/>\n\t<meta property=\"og:image:type\" content=\"image\/png\" \/>\n<meta name=\"twitter:card\" content=\"summary_large_image\" \/>\n<meta name=\"twitter:site\" content=\"@MaestroMio_\" \/>\n<meta name=\"twitter:label1\" content=\"Odhadovan\u00e1 doba \u010dten\u00ed\" \/>\n\t<meta name=\"twitter:data1\" content=\"2 minuty\" \/>\n<script type=\"application\/ld+json\" class=\"yoast-schema-graph\">{\"@context\":\"https:\\\/\\\/schema.org\",\"@graph\":[{\"@type\":\"WebPage\",\"@id\":\"https:\\\/\\\/maestromio.org\\\/cs\\\/cultural-activities-in-malaga\\\/\",\"url\":\"https:\\\/\\\/maestromio.org\\\/cs\\\/cultural-activities-in-malaga\\\/\",\"name\":\"Cultural activities in Malaga - Maestro m\u00edo - The language school\",\"isPartOf\":{\"@id\":\"https:\\\/\\\/maestromio.org\\\/cs\\\/#website\"},\"primaryImageOfPage\":{\"@id\":\"https:\\\/\\\/maestromio.org\\\/cs\\\/cultural-activities-in-malaga\\\/#primaryimage\"},\"image\":{\"@id\":\"https:\\\/\\\/maestromio.org\\\/cs\\\/cultural-activities-in-malaga\\\/#primaryimage\"},\"thumbnailUrl\":\"https:\\\/\\\/maestromio.org\\\/wp-content\\\/uploads\\\/3-1.png\",\"datePublished\":\"2024-12-13T11:44:00+00:00\",\"dateModified\":\"2025-06-24T15:08:27+00:00\",\"breadcrumb\":{\"@id\":\"https:\\\/\\\/maestromio.org\\\/cs\\\/cultural-activities-in-malaga\\\/#breadcrumb\"},\"inLanguage\":\"cs\",\"potentialAction\":[{\"@type\":\"ReadAction\",\"target\":[\"https:\\\/\\\/maestromio.org\\\/cs\\\/cultural-activities-in-malaga\\\/\"]}]},{\"@type\":\"ImageObject\",\"inLanguage\":\"cs\",\"@id\":\"https:\\\/\\\/maestromio.org\\\/cs\\\/cultural-activities-in-malaga\\\/#primaryimage\",\"url\":\"https:\\\/\\\/maestromio.org\\\/wp-content\\\/uploads\\\/3-1.png\",\"contentUrl\":\"https:\\\/\\\/maestromio.org\\\/wp-content\\\/uploads\\\/3-1.png\",\"width\":1772,\"height\":1181},{\"@type\":\"BreadcrumbList\",\"@id\":\"https:\\\/\\\/maestromio.org\\\/cs\\\/cultural-activities-in-malaga\\\/#breadcrumb\",\"itemListElement\":[{\"@type\":\"ListItem\",\"position\":1,\"name\":\"Home\",\"item\":\"https:\\\/\\\/maestromio.org\\\/cs\\\/\"},{\"@type\":\"ListItem\",\"position\":2,\"name\":\"Cultural activities in Malaga\"}]},{\"@type\":\"WebSite\",\"@id\":\"https:\\\/\\\/maestromio.org\\\/cs\\\/#website\",\"url\":\"https:\\\/\\\/maestromio.org\\\/cs\\\/\",\"name\":\"MaestroM\u00edo - The Language School\",\"description\":\"Spanish Courses in Malaga\",\"alternateName\":\"MaestroM\u00edo\",\"potentialAction\":[{\"@type\":\"SearchAction\",\"target\":{\"@type\":\"EntryPoint\",\"urlTemplate\":\"https:\\\/\\\/maestromio.org\\\/cs\\\/?s={search_term_string}\"},\"query-input\":{\"@type\":\"PropertyValueSpecification\",\"valueRequired\":true,\"valueName\":\"search_term_string\"}}],\"inLanguage\":\"cs\"}]}<\/script>\n<!-- \/ Yoast SEO plugin. -->","yoast_head_json":{"title":"Cultural activities in Malaga - Maestro m\u00edo - The language school","robots":{"index":"index","follow":"follow","max-snippet":"max-snippet:-1","max-image-preview":"max-image-preview:large","max-video-preview":"max-video-preview:-1"},"canonical":"https:\/\/maestromio.org\/cs\/cultural-activities-in-malaga\/","og_locale":"cs_CZ","og_type":"article","og_title":"Cultural activities in Malaga - Maestro m\u00edo - The language school","og_description":"Jazyk je mapou kultury. Ukazuje v\u00e1m, odkud jej\u00ed lid\u00e9 p\u0159i\u0161li a kam sm\u011b\u0159uj\u00ed.\u00a0Rita Mae Brown V MaestroM\u00edo v\u011b\u0159\u00edme, \u017ee pro v\u00fduku \u0161pan\u011blsk\u00e9ho jazyka je nezbytn\u00e9 porozum\u011bt \u0161pan\u011blsk\u00e9 kultu\u0159e, jej\u00edmu historick\u00e9mu odkazu a jej\u00edm ko\u0159en\u016fm. Proto na\u0161e studenty povzbuzujeme, aby se k n\u00e1m p\u0159ipojili na na\u0161ich kulturn\u00edch z\u00e1\u017eitc\u00edch mimo u\u010debnu. Na\u0161e mimo\u0161koln\u00ed aktivity maj\u00ed za c\u00edl ... \u010c\u00edst d\u00e1l","og_url":"https:\/\/maestromio.org\/cs\/cultural-activities-in-malaga\/","og_site_name":"Maestro m\u00edo - The language school","article_publisher":"https:\/\/www.facebook.com\/MaestroMioMalaga\/","article_modified_time":"2025-06-24T15:08:27+00:00","og_image":[{"width":1024,"height":682,"url":"https:\/\/maestromio.org\/wp-content\/uploads\/3-1-1024x682.png","type":"image\/png"}],"twitter_card":"summary_large_image","twitter_site":"@MaestroMio_","twitter_misc":{"Odhadovan\u00e1 doba \u010dten\u00ed":"2 minuty"},"schema":{"@context":"https:\/\/schema.org","@graph":[{"@type":"WebPage","@id":"https:\/\/maestromio.org\/cs\/cultural-activities-in-malaga\/","url":"https:\/\/maestromio.org\/cs\/cultural-activities-in-malaga\/","name":"Cultural activities in Malaga - Maestro m\u00edo - The language school","isPartOf":{"@id":"https:\/\/maestromio.org\/cs\/#website"},"primaryImageOfPage":{"@id":"https:\/\/maestromio.org\/cs\/cultural-activities-in-malaga\/#primaryimage"},"image":{"@id":"https:\/\/maestromio.org\/cs\/cultural-activities-in-malaga\/#primaryimage"},"thumbnailUrl":"https:\/\/maestromio.org\/wp-content\/uploads\/3-1.png","datePublished":"2024-12-13T11:44:00+00:00","dateModified":"2025-06-24T15:08:27+00:00","breadcrumb":{"@id":"https:\/\/maestromio.org\/cs\/cultural-activities-in-malaga\/#breadcrumb"},"inLanguage":"cs","potentialAction":[{"@type":"ReadAction","target":["https:\/\/maestromio.org\/cs\/cultural-activities-in-malaga\/"]}]},{"@type":"ImageObject","inLanguage":"cs","@id":"https:\/\/maestromio.org\/cs\/cultural-activities-in-malaga\/#primaryimage","url":"https:\/\/maestromio.org\/wp-content\/uploads\/3-1.png","contentUrl":"https:\/\/maestromio.org\/wp-content\/uploads\/3-1.png","width":1772,"height":1181},{"@type":"BreadcrumbList","@id":"https:\/\/maestromio.org\/cs\/cultural-activities-in-malaga\/#breadcrumb","itemListElement":[{"@type":"ListItem","position":1,"name":"Home","item":"https:\/\/maestromio.org\/cs\/"},{"@type":"ListItem","position":2,"name":"Cultural activities in Malaga"}]},{"@type":"WebSite","@id":"https:\/\/maestromio.org\/cs\/#website","url":"https:\/\/maestromio.org\/cs\/","name":"MaestroM\u00edo - The Language School","description":"Spanish Courses in Malaga","alternateName":"MaestroM\u00edo","potentialAction":[{"@type":"SearchAction","target":{"@type":"EntryPoint","urlTemplate":"https:\/\/maestromio.org\/cs\/?s={search_term_string}"},"query-input":{"@type":"PropertyValueSpecification","valueRequired":true,"valueName":"search_term_string"}}],"inLanguage":"cs"}]}},"_links":{"self":[{"href":"https:\/\/maestromio.org\/cs\/wp-json\/wp\/v2\/pages\/34579","targetHints":{"allow":["GET"]}}],"collection":[{"href":"https:\/\/maestromio.org\/cs\/wp-json\/wp\/v2\/pages"}],"about":[{"href":"https:\/\/maestromio.org\/cs\/wp-json\/wp\/v2\/types\/page"}],"author":[{"embeddable":true,"href":"https:\/\/maestromio.org\/cs\/wp-json\/wp\/v2\/users\/2"}],"replies":[{"embeddable":true,"href":"https:\/\/maestromio.org\/cs\/wp-json\/wp\/v2\/comments?post=34579"}],"version-history":[{"count":5,"href":"https:\/\/maestromio.org\/cs\/wp-json\/wp\/v2\/pages\/34579\/revisions"}],"predecessor-version":[{"id":35529,"href":"https:\/\/maestromio.org\/cs\/wp-json\/wp\/v2\/pages\/34579\/revisions\/35529"}],"wp:featuredmedia":[{"embeddable":true,"href":"https:\/\/maestromio.org\/cs\/wp-json\/wp\/v2\/media\/34581"}],"wp:attachment":[{"href":"https:\/\/maestromio.org\/cs\/wp-json\/wp\/v2\/media?parent=34579"}],"curies":[{"name":"wp","href":"https:\/\/api.w.org\/{rel}","templated":true}]}}